{"id":3069,"date":"2013-04-03T20:24:48","date_gmt":"2013-04-03T20:24:48","guid":{"rendered":"http:\/\/www.lambent.com\/?page_id=3069"},"modified":"2013-04-03T20:36:33","modified_gmt":"2013-04-03T20:36:33","slug":"padroes-e-codigo-de-etica","status":"publish","type":"page","link":"https:\/\/www.lambent.com\/pt-br\/padroes-e-codigo-de-etica\/","title":{"rendered":"Padr\u00f5es e c\u00f3digo de \u00e9tica"},"content":{"rendered":"<p>Estes s\u00e3o os standards e a \u00e9tica oficiais da Comunidade Internacional de Coaching. Estes Standards de Modelo de Conduta para Coaches Profissionais foram tamb\u00e9m aprovados pelo Conselho Europeu de Tutoria &amp; Coaching, pela Federa\u00e7\u00e3o Internacional de Coaches e pela Associa\u00e7\u00e3o International de Coaching.<\/p>\n<p><strong><span style=\"color: #004571;\">Introdu\u00e7\u00e3o<\/span><\/strong><\/p>\n<p>Coaching \u00e9 ter parceria com os clientes em um processo de pensamento provocante e criativo, que os inspire a maximizar o seu potencial pessoal e profissional. Existe um relacionamento profissional de coaching, quando este coaching inclui um acordo ou contrato de neg\u00f3cios, definindo as responsabilidades de cada parceiro.<\/p>\n<p>Estes Standards foram projetados para servir de diretriz \u00e9tica fundamental para pessoas que fazem coaching em todos os contextos de sua pr\u00e1tica. Eles servem para tr\u00eas metas prim\u00e1rias: para orientar a conduta dos coaches; para informar os clientes dos coaches; e para promover no p\u00fablico a confian\u00e7a de que coaching \u00e9 um processo para o desenvolvimento profissional e pessoal.<\/p>\n<h6><strong><span style=\"color: #004571;\">Nota sobre a Constru\u00e7\u00e3o<\/span><\/strong><\/h6>\n<p>Estes Standards dever\u00e3o ser lidos e interpretados em sua totalidade. N\u00e3o h\u00e1 significado de prioridade ligado \u00e0 sequ\u00eancia em que os Standards aparecem.<\/p>\n<p>V\u00e1rios aspectos do coaching, incluindo algumas das quest\u00f5es tratadas nestes Standards, poder\u00e3o ser tamb\u00e9m afetados por outras regras profissionais aplic\u00e1veis. Estas fontes poder\u00e3o criar conflitos com e sentar preced\u00eancias sobre estes Standards. Um coach, entretanto, deveria fazer todo o esfor\u00e7o para cumprir com o esp\u00edrito e a inten\u00e7\u00e3o desses Standards ao servir os seus clientes. Este esfor\u00e7o deve incluir o de honrar todos os demais Standards que n\u00e3o estejam em conflito com estas outras fontes.<\/p>\n<p>Estes Standards n\u00e3o possuem for\u00e7a de lei enquanto n\u00e3o forem adotados por uma autoridade reguladora. N\u00e3o obstante, o fato de que estes Standards foram adotados pelas respectivas entidades aprovadoras, deveria alertar os coaches para o fato de que estes Standards podem ser vistos como um estabelecedor de standards de orienta\u00e7\u00e3o para os coaches.<\/p>\n<p>&nbsp;<\/p>\n<h5 style=\"background-color: #eff3f5; padding: 8px;\"><span style=\"color: #438eb5;\"><strong>Se\u00e7\u00e3o 1. Conduta Profissional Livre<\/strong><\/span><\/h5>\n<div style=\"background-color: #eff3f5; padding: 8px;\">1) Os Coaches n\u00e3o far\u00e3o, conscientemente, qualquer declara\u00e7\u00e3o p\u00fablica falsa ou enganosa sobre o seu oferecimento como coaches, ou reivindica\u00e7\u00f5es falsas em qualquer documento impresso relacionado \u00e0 profiss\u00e3o de coaching ou de suas credenciais.2) Os coaches identificar\u00e3o corretamente suas qualifica\u00e7\u00f5es, habilidade, experi\u00eancia, certifica\u00e7\u00f5es e credenciais como coach.3) Os coaches reconhecer\u00e3o e honrar\u00e3o os esfor\u00e7os e contribui\u00e7\u00f5es de outros e n\u00e3o os apresentar\u00e3o como seus. Os Coaches entendem que, violar este standard poder\u00e1 ficar sujeito a demandas legais por parte de terceiros.<\/p>\n<p>4) Os coaches sempre se empenhar\u00e3o para identificar quest\u00f5es pessoais que possam prejudicar, conflitar ou interferir com seu desempenho de coaching ou com seus relacionamentos profissionais de coaching. Sempre que fatos e circunst\u00e2ncias o fizerem necess\u00e1rio, os coaches prontamente buscar\u00e3o assist\u00eancia profissional e determinar\u00e3o que atitude dever\u00e1 ser tomada, inclusive a de suspender ou terminar o relacionamento(s) de coaching, caso seja conveniente.<\/p>\n<p>5) Os coaches se comportar\u00e3o de acordo com estes Standards de Conduta em todas as situa\u00e7\u00f5es de treinamento, monitoramento e supervis\u00e3o.<\/p>\n<p>6) Os coaches conduzir\u00e3o e reportar\u00e3o a pesquisa com compet\u00eancia, honestidade, e dentro de padr\u00f5es cient\u00edficos reconhecidos e diretrizes de assuntos aplic\u00e1veis. As pesquisas dos coaches ser\u00e3o realizadas com a necess\u00e1ria anu\u00eancia e aprova\u00e7\u00e3o dos envolvidos e com uma abordagem que proteja os participantes de qualquer dano em potencial. Todas as atividades da pesquisa ser\u00e3o realizadas de forma que estejam de acordo com as leis do pa\u00eds no qual as mesmas forem realizadas.<\/p>\n<p>7) Os coaches manter\u00e3o, arquivar\u00e3o e dispor\u00e3o de cuidadosos registros das atividades realizadas durante seu trabalho de coaching, de maneira a proporcionar sigilo, seguran\u00e7a e privacidade, e cumprir com quaisquer leis e acordos aplic\u00e1veis.<\/p>\n<\/div>\n<p>&nbsp;<\/p>\n<h5 style=\"background-color: #eff3f5; padding: 8px;\"><span style=\"color: #438eb5;\"><strong>Se\u00e7\u00e3o 2: Conflitos de Interesse<\/strong><\/span><\/h5>\n<div style=\"background-color: #eff3f5; padding: 8px;\">8) Os coaches procurar\u00e3o evitar conflitos de interesses e conflitos de interesses em potencial e tratar abertamente qualquer um desses conflitos. Os Coaches oferecer\u00e3o retirar-se do trabalho, caso tal conflito se manifeste.9) Os coaches informar\u00e3o aos seus clientes e patrocinadores dos clientes sobre qualquer remunera\u00e7\u00e3o antecipada de terceiros que o coach possa pagar ou receber por refer\u00eancia deste cliente. O \u201cpatrocinador\u201d \u00e9 a entidade (incluindo os seus representantes) que pagam por e\/ou providenciam o fornecimento do coaching.<\/p>\n<p>10) Os coaches somente far\u00e3o permuta por servi\u00e7os, bens ou outra remunera\u00e7\u00e3o n\u00e3o monet\u00e1ria quando isto n\u00e3o for prejudicial para o relacionamento de coaching.<\/p>\n<p>11) Os coaches n\u00e3o buscar\u00e3o, intencionalmente, tirar qualquer vantagem ou benef\u00edcio pessoal, profissional ou monet\u00e1rio do relacionamento coach-cliente, excetuada a forma de compensa\u00e7\u00e3o constante do acordo ou contrato.<\/p>\n<\/div>\n<h5><\/h5>\n<p>&nbsp;<\/p>\n<h5 style=\"background-color: #eff3f5; padding: 8px;\"><span style=\"color: #438eb5;\"><strong>Se\u00e7\u00e3o 3. Conduta Profissional com os Clientes<\/strong><\/span><\/h5>\n<div style=\"background-color: #eff3f5; padding: 8px;\">12) Os coaches n\u00e3o enganar\u00e3o nem far\u00e3o alega\u00e7\u00f5es falsas, intencionalmente, sobre o que seu cliente ou patrocinador poder\u00e1 esperar receber\u00e1 do processo de coaching, ou dele, como o coach.13) Os coaches n\u00e3o dar\u00e3o aos seus clientes ou patrocinadores em perspectiva informa\u00e7\u00e3o ou recomenda\u00e7\u00f5es, que o coach sabe ou acredita serem enganosas ou falsas.<\/p>\n<p>14) Os coaches ter\u00e3o acordos ou contratos claros com seus clientes ou patrocinadores, e honrar\u00e3o todos os acordos ou contratos realizados no contexto dos relacionamentos profissionais de coaching.<\/p>\n<p>15) Os coaches explicar\u00e3o cuidadosamente e se empenhar\u00e3o para deixar claro aos seus clientes ou patrocinadores de coaching, antes ou durante a reuni\u00e3o inicial, a natureza do coaching, a natureza e limites do sigilo, arranjos financeiros, e quaisquer outros termos do acordo ou contrato de coaching.<\/p>\n<p>16) Os coaches ser\u00e3o respons\u00e1veis por fixar os limites claros, apropriados e culturalmente sens\u00edveis que controlar\u00e3o qualquer contato f\u00edsico que os coaches possam ter com seus clientes ou patrocinadores.<\/p>\n<p>17) Os coaches n\u00e3o se envolver\u00e3o sexualmente com qualquer um de seus clientes ou patrocinadores.<\/p>\n<p>18) Os coaches respeitar\u00e3o o direito do cliente de encerrar o coaching em qualquer est\u00e1gio durante o processo, sujeito \u00e0s disposi\u00e7\u00f5es do acordo ou contrato, e ficar\u00e1 atento \u00e0s indica\u00e7\u00f5es de que o cliente n\u00e3o est\u00e1 mais sendo beneficiado com o relacionamento de coaching.<\/p>\n<p>19) Os coaches incentivar\u00e3o os seus clientes ou patrocinadores a fazerem uma mudan\u00e7a, se o coach acreditar que o cliente ou patrocinador seria melhor servido por outro coach ou por outro recurso.<\/p>\n<p>20) Os coaches sugerir\u00e3o a seus clientes procurar os servi\u00e7os de outros profissionais, quando julgarem necess\u00e1rio ou apropriado.<\/p>\n<\/div>\n<p>&nbsp;<\/p>\n<h5 style=\"background-color: #eff3f5; padding: 8px;\"><strong><span style=\"color: #438eb5;\">Se\u00e7\u00e3o 4. Sigilo\/Privacidade<\/span><\/strong><\/h5>\n<div style=\"background-color: #eff3f5; padding: 8px;\">21) Os coaches manter\u00e3o os mais estritos n\u00edveis de sigilo com todas as informa\u00e7\u00f5es dos clientes e patrocinadores. Antes de liberar informa\u00e7\u00f5es a outra pessoa, os coaches dever\u00e3o ter um acordo \/contrato claro, a menos que se trate de exig\u00eancia legal.22) Os coaches dever\u00e3o ter um acordo claro a respeito da troca de informa\u00e7\u00f5es sobre coaching entre o coach, o cliente e o patrocinador.<\/p>\n<p>23) Quando atuando como treinadores de estudantes de coaching, os coaches dever\u00e3o esclarecer as pol\u00edticas de sigilo a estes estudantes.<\/p>\n<p>24) Os coaches ter\u00e3o coaches associados e outras pessoas com as quais lidam a servi\u00e7o de seus clientes e seus patrocinadores de forma paga ou volunt\u00e1ria, fazendo acordos ou contratos claros para aderir a estes standards de Sigilo\/ Privacidade e a todos os Standards de Conduta, na extens\u00e3o aplic\u00e1vel.<\/p>\n<\/div>","protected":false},"excerpt":{"rendered":"<p>Estes s\u00e3o os standards e a \u00e9tica oficiais da Comunidade Internacional de Coaching. Estes Standards de Modelo de Conduta para Coaches Profissionais foram tamb\u00e9m aprovados pelo Conselho Europeu de Tutoria &amp; Coaching, pela Federa\u00e7\u00e3o Internacional de Coaches e pela Associa\u00e7\u00e3o International de Coaching. Introdu\u00e7\u00e3o Coaching \u00e9 ter parceria com os clientes em um processo de [&hellip;]<\/p>\n","protected":false},"author":1,"featured_media":0,"parent":0,"menu_order":0,"comment_status":"open","ping_status":"open","template":"","meta":{"footnotes":""},"class_list":["post-3069","page","type-page","status-publish","hentry"],"yoast_head":"<!-- This site is optimized with the Yoast SEO plugin v26.8 - https:\/\/yoast.com\/product\/yoast-seo-wordpress\/ -->\n<title>Padr\u00f5es e c\u00f3digo de \u00e9tica  - Lambent<\/title>\n<meta name=\"robots\" content=\"index, follow, max-snippet:-1, max-image-preview:large, max-video-preview:-1\" \/>\n<link rel=\"canonical\" href=\"https:\/\/www.lambent.com\/pt-br\/padroes-e-codigo-de-etica\/\" \/>\n<meta property=\"og:locale\" content=\"pt_BR\" \/>\n<meta property=\"og:type\" content=\"article\" \/>\n<meta property=\"og:title\" content=\"Padr\u00f5es e c\u00f3digo de \u00e9tica  - Lambent\" \/>\n<meta property=\"og:description\" content=\"Estes s\u00e3o os standards e a \u00e9tica oficiais da Comunidade Internacional de Coaching. Estes Standards de Modelo de Conduta para Coaches Profissionais foram tamb\u00e9m aprovados pelo Conselho Europeu de Tutoria &amp; Coaching, pela Federa\u00e7\u00e3o Internacional de Coaches e pela Associa\u00e7\u00e3o International de Coaching. Introdu\u00e7\u00e3o Coaching \u00e9 ter parceria com os clientes em um processo de [&hellip;]\" \/>\n<meta property=\"og:url\" content=\"https:\/\/www.lambent.com\/pt-br\/padroes-e-codigo-de-etica\/\" \/>\n<meta property=\"og:site_name\" content=\"Lambent\" \/>\n<meta property=\"article:modified_time\" content=\"2013-04-03T20:36:33+00:00\" \/>\n<meta name=\"twitter:label1\" content=\"Est. tempo de leitura\" \/>\n\t<meta name=\"twitter:data1\" content=\"6 minutos\" \/>\n<script type=\"application\/ld+json\" class=\"yoast-schema-graph\">{\"@context\":\"https:\/\/schema.org\",\"@graph\":[{\"@type\":\"WebPage\",\"@id\":\"https:\/\/www.lambent.com\/pt-br\/padroes-e-codigo-de-etica\/\",\"url\":\"https:\/\/www.lambent.com\/pt-br\/padroes-e-codigo-de-etica\/\",\"name\":\"Padr\u00f5es e c\u00f3digo de \u00e9tica - Lambent\",\"isPartOf\":{\"@id\":\"https:\/\/www.lambent.com\/#website\"},\"datePublished\":\"2013-04-03T20:24:48+00:00\",\"dateModified\":\"2013-04-03T20:36:33+00:00\",\"inLanguage\":\"pt-BR\",\"potentialAction\":[{\"@type\":\"ReadAction\",\"target\":[\"https:\/\/www.lambent.com\/pt-br\/padroes-e-codigo-de-etica\/\"]}]},{\"@type\":\"WebSite\",\"@id\":\"https:\/\/www.lambent.com\/#website\",\"url\":\"https:\/\/www.lambent.com\/\",\"name\":\"Lambent\",\"description\":\"International Coaching Training\",\"potentialAction\":[{\"@type\":\"SearchAction\",\"target\":{\"@type\":\"EntryPoint\",\"urlTemplate\":\"https:\/\/www.lambent.com\/?s={search_term_string}\"},\"query-input\":{\"@type\":\"PropertyValueSpecification\",\"valueRequired\":true,\"valueName\":\"search_term_string\"}}],\"inLanguage\":\"pt-BR\"}]}<\/script>\n<!-- \/ Yoast SEO plugin. -->","yoast_head_json":{"title":"Padr\u00f5es e c\u00f3digo de \u00e9tica  - Lambent","robots":{"index":"index","follow":"follow","max-snippet":"max-snippet:-1","max-image-preview":"max-image-preview:large","max-video-preview":"max-video-preview:-1"},"canonical":"https:\/\/www.lambent.com\/pt-br\/padroes-e-codigo-de-etica\/","og_locale":"pt_BR","og_type":"article","og_title":"Padr\u00f5es e c\u00f3digo de \u00e9tica  - Lambent","og_description":"Estes s\u00e3o os standards e a \u00e9tica oficiais da Comunidade Internacional de Coaching. Estes Standards de Modelo de Conduta para Coaches Profissionais foram tamb\u00e9m aprovados pelo Conselho Europeu de Tutoria &amp; Coaching, pela Federa\u00e7\u00e3o Internacional de Coaches e pela Associa\u00e7\u00e3o International de Coaching. Introdu\u00e7\u00e3o Coaching \u00e9 ter parceria com os clientes em um processo de [&hellip;]","og_url":"https:\/\/www.lambent.com\/pt-br\/padroes-e-codigo-de-etica\/","og_site_name":"Lambent","article_modified_time":"2013-04-03T20:36:33+00:00","twitter_misc":{"Est. tempo de leitura":"6 minutos"},"schema":{"@context":"https:\/\/schema.org","@graph":[{"@type":"WebPage","@id":"https:\/\/www.lambent.com\/pt-br\/padroes-e-codigo-de-etica\/","url":"https:\/\/www.lambent.com\/pt-br\/padroes-e-codigo-de-etica\/","name":"Padr\u00f5es e c\u00f3digo de \u00e9tica - Lambent","isPartOf":{"@id":"https:\/\/www.lambent.com\/#website"},"datePublished":"2013-04-03T20:24:48+00:00","dateModified":"2013-04-03T20:36:33+00:00","inLanguage":"pt-BR","potentialAction":[{"@type":"ReadAction","target":["https:\/\/www.lambent.com\/pt-br\/padroes-e-codigo-de-etica\/"]}]},{"@type":"WebSite","@id":"https:\/\/www.lambent.com\/#website","url":"https:\/\/www.lambent.com\/","name":"Lambent","description":"International Coaching Training","potentialAction":[{"@type":"SearchAction","target":{"@type":"EntryPoint","urlTemplate":"https:\/\/www.lambent.com\/?s={search_term_string}"},"query-input":{"@type":"PropertyValueSpecification","valueRequired":true,"valueName":"search_term_string"}}],"inLanguage":"pt-BR"}]}},"_links":{"self":[{"href":"https:\/\/www.lambent.com\/pt-br\/wp-json\/wp\/v2\/pages\/3069\/"}],"collection":[{"href":"https:\/\/www.lambent.com\/pt-br\/wp-json\/wp\/v2\/pages\/"}],"about":[{"href":"https:\/\/www.lambent.com\/pt-br\/wp-json\/wp\/v2\/types\/page\/"}],"author":[{"embeddable":true,"href":"https:\/\/www.lambent.com\/pt-br\/wp-json\/wp\/v2\/users\/1\/"}],"replies":[{"embeddable":true,"href":"https:\/\/www.lambent.com\/pt-br\/wp-json\/wp\/v2\/comments\/?post=3069"}],"version-history":[{"count":3,"href":"https:\/\/www.lambent.com\/pt-br\/wp-json\/wp\/v2\/pages\/3069\/revisions\/"}],"predecessor-version":[{"id":3071,"href":"https:\/\/www.lambent.com\/pt-br\/wp-json\/wp\/v2\/pages\/3069\/revisions\/3071\/"}],"wp:attachment":[{"href":"https:\/\/www.lambent.com\/pt-br\/wp-json\/wp\/v2\/media\/?parent=3069"}],"curies":[{"name":"wp","href":"https:\/\/api.w.org\/{rel}","templated":true}]}}