{"id":2841,"date":"2013-03-06T19:00:27","date_gmt":"2013-03-06T19:00:27","guid":{"rendered":"http:\/\/www.lambent.com\/vida-treinamento-de-certificacao-de-coaching\/"},"modified":"2013-05-15T18:12:57","modified_gmt":"2013-05-15T18:12:57","slug":"vida-treinamento-de-certificacao-de-coaching","status":"publish","type":"page","link":"https:\/\/www.lambent.com\/pt-br\/vida-treinamento-de-certificacao-de-coaching\/","title":{"rendered":"Certifica\u00e7\u00e3o em Coaching de Vida"},"content":{"rendered":"<p>Este curso \u00fanico est\u00e1 orientado para treinar os coaches para ajudar as pessoas a equilibrar em sua vida. Muitos coaches executivos necessitam estas habilidades porque muitos executivos n\u00e3o t\u00eam uma vida equilibrada.<\/p>\n<p>Este curso foi desenhado para integrar-se com as habilidades de coaching executivo para ajudar os executivos a equilibrar sua vida.<\/p>\n<p>As empresas perdem milh\u00f5es de euros, libras e d\u00f3lares a cada ano porque seus empregados est\u00e3o estressados, faltam ao trabalho\u00a0 ou tomam decis\u00f5es incorretas.<\/p>\n<p>Enquanto houver menos estresse, haver\u00e1 mais felicidade.<\/p>\n<p>Este curso proporcionar\u00e1 ferramentas para trabalhar como coach com clientes que estejam sob press\u00e3o para que sejam mais felizes y livres.<\/p>\n<p>&nbsp;<\/p>\n<div style=\"background-color: #dfe7eb; padding: 8px;\"><strong>Os temas principais que aprender\u00e1 s\u00e3o os seguintes:<br \/>\n<\/strong><\/p>\n<ul>\n<li>Seucaminho de vida.<\/li>\n<li>Como encontrar seuequil\u00edbrio de vida ideal.<\/li>\n<li>A auto-observa\u00e7\u00e3o como uma poderosa ferramenta para a mudan\u00e7a.<\/li>\n<li>Como deixar de ser uma v\u00edtima e se tornar um agente que marca a diferen\u00e7a com suas a\u00e7\u00f5es.<\/li>\n<li>Como controlar o estresse.<\/li>\n<li>Como controlar os ju\u00edzos e as press\u00f5es do &#8216;dever&#8217; que ocasionam o estresse.<\/li>\n<li>Trabalho profundo sobre os valores e como vivercom base neles.<\/li>\n<li>Teoria da auto-atribui\u00e7\u00e3o.<\/li>\n<li>As tr\u00eas maneiras de pensar que ocasionam estresse e como modific\u00e1-las.<\/li>\n<li>Psicologia positiva e felicidade.<\/li>\n<li>O estado de fluxo e como atingi-lo.<\/li>\n<li>Como equilibrar compromisso e participa\u00e7\u00e3o.<\/li>\n<li>O estado de fluxo.<\/li>\n<\/ul>\n<\/div>\n<p>&nbsp;<\/p>\n<div style=\"background-color: #eff3f5; padding: 8px;\">\n<h5><span style=\"color: #438eb5;\"><strong>1. Planejamento e prepara\u00e7\u00e3o (15 horas de trabalho)<br \/>\n<\/strong><\/span><\/h5>\n<ul>\n<li>Planejar o trabalho e as metas para o curso.<\/li>\n<li>Escrever uma resenha de um livro selecionado de uma lista de leitura oferecida.<\/li>\n<li>Completar os question\u00e1rios de auto-avalia\u00e7\u00e3o para planejar o treinamento.<\/li>\n<\/ul>\n<\/div>\n<p>&nbsp;<\/p>\n<div style=\"background-color: #eff3f5; padding: 8px;\">\n<h5><strong><span style=\"color: #438eb5;\">2. Treinamento de coaching pessoal (36 horas de trabalho)<br \/>\n<\/span><\/strong><\/h5>\n<p>O treinamento de coaching pessoal \u00e9 um curso de seis dias e \u00e9 o n\u00facleo da forma\u00e7\u00e3o. Os temas mencionados acima ser\u00e3o desenvolvidos durante o treinamento.<\/p>\n<p>Cada dia haver\u00e1 um exerc\u00edcio breve designado como tarefa para refletir sobre o que foi aprendido no dia.<\/p>\n<p>O treinador o avaliar\u00e1ao longo de todo o treinamento e ficar\u00e1 dispon\u00edvel para oferecer feedback durante o curso se assim o desejar.<\/p>\n<p>A parte mais importante da avalia\u00e7\u00e3o \u00e9 a observa\u00e7\u00e3o de suas habilidades de coaching sob o olhar do treinador.<\/p>\n<p>Ter\u00e1 muitas oportunidades para praticar suas habilidades de coaching pessoal.<\/p>\n<p><strong>Todos os participantes receber\u00e3oum certificado de participa\u00e7\u00e3o.<br \/>\n<\/strong><\/p>\n<\/div>\n<p>&nbsp;<\/p>\n<div style=\"background-color: #eff3f5; padding: 8px;\">\n<h5><strong><span style=\"color: #438eb5;\">3. Atividades de certifica\u00e7\u00e3o (35 horas de trabalho)<br \/>\n<\/span><\/strong><\/h5>\n<p>Existe uma s\u00e9rie de tarefas que dever\u00e1 realizar depois do treinamento.<\/p>\n<ul>\n<li>Um question\u00e1rio de integra\u00e7\u00e3o sobre o treinamento.<\/li>\n<li>Um exame escrito.<\/li>\n<li>Um projeto de pesquisa.<\/li>\n<li>Um projeto de auto-coaching.<\/li>\n<li>20 horas de pr\u00e1tica de habilidades de coaching.<\/li>\n<\/ul>\n<\/div>\n<p>&nbsp;<\/p>\n<h5><strong><span style=\"color: #004571;\">Quais s\u00e3o os benef\u00edcios deste curso?<br \/>\n<\/span><\/strong><\/h5>\n<ul>\n<li>Maior conhecimento e confian\u00e7a no uso das ferramentas de coaching pessoal.<\/li>\n<li>Maior credibilidade no mercado executivo.<\/li>\n<li>A habilidade de ajudar os clientes a equilibrar sua vida.<\/li>\n<li>A habilidade de ajudar os clientes a serem mais felizes e estarem menos estressados.<\/li>\n<li>O curso faz parte de uma prepara\u00e7\u00e3o integral em coaching. Este \u00e9 um treinamento completo em coaching pessoal, n\u00e3o \u00e9 apenas um curso.<\/li>\n<li>O manual foi escrito por Joseph O&#8217;Connor e Andrea Lages, os exitosos autores dos livros &#8216;Coaching with NLP&#8217; (Coaching com PNL) e &#8216;How Coaching Works\u2019 (Como funciona o coaching).<\/li>\n<li>Este \u00e9 um treinamento de certifica\u00e7\u00e3o internacional, acreditado pela ICC. Os participantes receber\u00e3o um certificado internacional quando completem o curso.<\/li>\n<\/ul>","protected":false},"excerpt":{"rendered":"<p>Este curso \u00fanico est\u00e1 orientado para treinar os coaches para ajudar as pessoas a equilibrar em sua vida. Muitos coaches executivos necessitam estas habilidades porque muitos executivos n\u00e3o t\u00eam uma vida equilibrada. Este curso foi desenhado para integrar-se com as habilidades de coaching executivo para ajudar os executivos a equilibrar sua vida. As empresas perdem [&hellip;]<\/p>\n","protected":false},"author":1,"featured_media":0,"parent":0,"menu_order":0,"comment_status":"open","ping_status":"open","template":"","meta":{"footnotes":""},"class_list":["post-2841","page","type-page","status-publish","hentry"],"yoast_head":"<!-- This site is optimized with the Yoast SEO plugin v26.8 - https:\/\/yoast.com\/product\/yoast-seo-wordpress\/ -->\n<title>Certifica\u00e7\u00e3o em Coaching de Vida - Lambent<\/title>\n<meta name=\"robots\" content=\"index, follow, max-snippet:-1, max-image-preview:large, max-video-preview:-1\" \/>\n<link rel=\"canonical\" href=\"https:\/\/www.lambent.com\/pt-br\/vida-treinamento-de-certificacao-de-coaching\/\" \/>\n<meta property=\"og:locale\" content=\"pt_BR\" \/>\n<meta property=\"og:type\" content=\"article\" \/>\n<meta property=\"og:title\" content=\"Certifica\u00e7\u00e3o em Coaching de Vida - Lambent\" \/>\n<meta property=\"og:description\" content=\"Este curso \u00fanico est\u00e1 orientado para treinar os coaches para ajudar as pessoas a equilibrar em sua vida. Muitos coaches executivos necessitam estas habilidades porque muitos executivos n\u00e3o t\u00eam uma vida equilibrada. Este curso foi desenhado para integrar-se com as habilidades de coaching executivo para ajudar os executivos a equilibrar sua vida. As empresas perdem [&hellip;]\" \/>\n<meta property=\"og:url\" content=\"https:\/\/www.lambent.com\/pt-br\/vida-treinamento-de-certificacao-de-coaching\/\" \/>\n<meta property=\"og:site_name\" content=\"Lambent\" \/>\n<meta property=\"article:modified_time\" content=\"2013-05-15T18:12:57+00:00\" \/>\n<meta name=\"twitter:label1\" content=\"Est. tempo de leitura\" \/>\n\t<meta name=\"twitter:data1\" content=\"3 minutos\" \/>\n<script type=\"application\/ld+json\" class=\"yoast-schema-graph\">{\"@context\":\"https:\/\/schema.org\",\"@graph\":[{\"@type\":\"WebPage\",\"@id\":\"https:\/\/www.lambent.com\/pt-br\/vida-treinamento-de-certificacao-de-coaching\/\",\"url\":\"https:\/\/www.lambent.com\/pt-br\/vida-treinamento-de-certificacao-de-coaching\/\",\"name\":\"Certifica\u00e7\u00e3o em Coaching de Vida - Lambent\",\"isPartOf\":{\"@id\":\"https:\/\/www.lambent.com\/#website\"},\"datePublished\":\"2013-03-06T19:00:27+00:00\",\"dateModified\":\"2013-05-15T18:12:57+00:00\",\"inLanguage\":\"pt-BR\",\"potentialAction\":[{\"@type\":\"ReadAction\",\"target\":[\"https:\/\/www.lambent.com\/pt-br\/vida-treinamento-de-certificacao-de-coaching\/\"]}]},{\"@type\":\"WebSite\",\"@id\":\"https:\/\/www.lambent.com\/#website\",\"url\":\"https:\/\/www.lambent.com\/\",\"name\":\"Lambent\",\"description\":\"International Coaching Training\",\"potentialAction\":[{\"@type\":\"SearchAction\",\"target\":{\"@type\":\"EntryPoint\",\"urlTemplate\":\"https:\/\/www.lambent.com\/?s={search_term_string}\"},\"query-input\":{\"@type\":\"PropertyValueSpecification\",\"valueRequired\":true,\"valueName\":\"search_term_string\"}}],\"inLanguage\":\"pt-BR\"}]}<\/script>\n<!-- \/ Yoast SEO plugin. -->","yoast_head_json":{"title":"Certifica\u00e7\u00e3o em Coaching de Vida - Lambent","robots":{"index":"index","follow":"follow","max-snippet":"max-snippet:-1","max-image-preview":"max-image-preview:large","max-video-preview":"max-video-preview:-1"},"canonical":"https:\/\/www.lambent.com\/pt-br\/vida-treinamento-de-certificacao-de-coaching\/","og_locale":"pt_BR","og_type":"article","og_title":"Certifica\u00e7\u00e3o em Coaching de Vida - Lambent","og_description":"Este curso \u00fanico est\u00e1 orientado para treinar os coaches para ajudar as pessoas a equilibrar em sua vida. Muitos coaches executivos necessitam estas habilidades porque muitos executivos n\u00e3o t\u00eam uma vida equilibrada. Este curso foi desenhado para integrar-se com as habilidades de coaching executivo para ajudar os executivos a equilibrar sua vida. As empresas perdem [&hellip;]","og_url":"https:\/\/www.lambent.com\/pt-br\/vida-treinamento-de-certificacao-de-coaching\/","og_site_name":"Lambent","article_modified_time":"2013-05-15T18:12:57+00:00","twitter_misc":{"Est. tempo de leitura":"3 minutos"},"schema":{"@context":"https:\/\/schema.org","@graph":[{"@type":"WebPage","@id":"https:\/\/www.lambent.com\/pt-br\/vida-treinamento-de-certificacao-de-coaching\/","url":"https:\/\/www.lambent.com\/pt-br\/vida-treinamento-de-certificacao-de-coaching\/","name":"Certifica\u00e7\u00e3o em Coaching de Vida - Lambent","isPartOf":{"@id":"https:\/\/www.lambent.com\/#website"},"datePublished":"2013-03-06T19:00:27+00:00","dateModified":"2013-05-15T18:12:57+00:00","inLanguage":"pt-BR","potentialAction":[{"@type":"ReadAction","target":["https:\/\/www.lambent.com\/pt-br\/vida-treinamento-de-certificacao-de-coaching\/"]}]},{"@type":"WebSite","@id":"https:\/\/www.lambent.com\/#website","url":"https:\/\/www.lambent.com\/","name":"Lambent","description":"International Coaching Training","potentialAction":[{"@type":"SearchAction","target":{"@type":"EntryPoint","urlTemplate":"https:\/\/www.lambent.com\/?s={search_term_string}"},"query-input":{"@type":"PropertyValueSpecification","valueRequired":true,"valueName":"search_term_string"}}],"inLanguage":"pt-BR"}]}},"_links":{"self":[{"href":"https:\/\/www.lambent.com\/pt-br\/wp-json\/wp\/v2\/pages\/2841\/"}],"collection":[{"href":"https:\/\/www.lambent.com\/pt-br\/wp-json\/wp\/v2\/pages\/"}],"about":[{"href":"https:\/\/www.lambent.com\/pt-br\/wp-json\/wp\/v2\/types\/page\/"}],"author":[{"embeddable":true,"href":"https:\/\/www.lambent.com\/pt-br\/wp-json\/wp\/v2\/users\/1\/"}],"replies":[{"embeddable":true,"href":"https:\/\/www.lambent.com\/pt-br\/wp-json\/wp\/v2\/comments\/?post=2841"}],"version-history":[{"count":3,"href":"https:\/\/www.lambent.com\/pt-br\/wp-json\/wp\/v2\/pages\/2841\/revisions\/"}],"predecessor-version":[{"id":3130,"href":"https:\/\/www.lambent.com\/pt-br\/wp-json\/wp\/v2\/pages\/2841\/revisions\/3130\/"}],"wp:attachment":[{"href":"https:\/\/www.lambent.com\/pt-br\/wp-json\/wp\/v2\/media\/?parent=2841"}],"curies":[{"name":"wp","href":"https:\/\/api.w.org\/{rel}","templated":true}]}}