{"id":2821,"date":"2013-03-06T18:09:44","date_gmt":"2013-03-06T18:09:44","guid":{"rendered":"http:\/\/www.lambent.com\/equipe-de-treinamento-certificacao-em-coaching\/"},"modified":"2016-08-03T21:02:04","modified_gmt":"2016-08-03T21:02:04","slug":"equipe-de-treinamento-certificacao-em-coaching","status":"publish","type":"page","link":"https:\/\/www.lambent.com\/pt-br\/equipe-de-treinamento-certificacao-em-coaching\/","title":{"rendered":"Certifica\u00e7\u00e3o em Coaching de Equipes"},"content":{"rendered":"<p>Este treinamento \u00e9 um dos poucos que se especializa em coaching de equipes. O coaching de equipes \u00e9 um dos mercados de maior crescimento na \u00e1rea empresarial.<br \/>\nAs organiza\u00e7\u00f5es contratam coaches para que trabalhem com suas equipes e o coaching de equipes n\u00e3o \u00e9 igual ao coaching individual.<br \/>\nEste curso oferecer\u00e1 experi\u00eancia inestim\u00e1vel e supervisionada em coaching de equipes e o tornar\u00e1 um eficaz coach empresarial de equipes credenciado, capaz de ajudar as equipes a obterem seu melhor desempenho.<br \/>\nO coaching de equipes \u00e9 um dos mercados de maior crescimento na \u00e1rea empresarial e qualquer coach que trabalhar nesse \u00e2mbito necessitar\u00e1 ser um coach de equipes excelente.<br \/>\nEste treinamento \u00e9 um curso avan\u00e7ado de especializa\u00e7\u00e3o em coaching de equipes, um dos poucos treinamentos especializados em coaching de equipes dispon\u00edveis na Am\u00e9rica do Sul.<\/p>\n<p><strong>Este treinamento requer 120 horas de estudo que incluem nas etapas de planejamento e prepara\u00e7\u00e3o, o curso de coaching de equipes e as atividades de certifica\u00e7\u00e3o.<\/strong><\/p>\n<p>&nbsp;<\/p>\n<div style=\"background-color: #dfe7eb; padding: 8px;\"><strong>Durante o curso estudar\u00e1 os seguintes temas:<\/strong><\/p>\n<ul>\n<li>Defini\u00e7\u00f5es e estrutura do coaching de equipes aplicado aosneg\u00f3cios.<\/li>\n<li>As caracter\u00edsticas das equipes de alto rendimento e como desenvolv\u00ea-las.<\/li>\n<li>Os obst\u00e1culos para obterum alto rendimento e como resolv\u00ea-los.<\/li>\n<li>Habilidades de interroga\u00e7\u00e3o avan\u00e7adas para tirar o melhor proveito das equipes.<\/li>\n<li>As equipes como sistema: utiliza\u00e7\u00e3o de pontos de influ\u00eancia e feedback.<\/li>\n<li>Obte racordos e clareza nas metas das equipes.<\/li>\n<li>Trabalha com os valores das equipes.<\/li>\n<li>As diversas etapas das equipes e como gui\u00e1-las.<\/li>\n<li>Utiliza\u00e7\u00e3o da psicogeografia no coaching de equipes.<\/li>\n<li>Como medir o desempenho das equipes.<\/li>\n<li>Como lidar com os conflitos nas equipes.<\/li>\n<li>A psicogeografia das equipes e como trabalhar com ela.<\/li>\n<li>Como estruturar planos de a\u00e7\u00e3o de equipes que sejam efetivos.<\/li>\n<li>Utiliza\u00e7\u00e3o dos valores da equipe para a motiva\u00e7\u00e3o.<\/li>\n<li>Como escolher entre os diferentes modelos de coaching de equipes.<\/li>\n<\/ul>\n<\/div>\n<p>&nbsp;<br \/>\n<a class=\"button medium red\" href=\"\/cadastro-equipes\">Inicie o seu cadastro agora!<\/a><\/p>\n<div style=\"background-color: #eff3f5; padding: 8px;\">\n<h5><strong><span style=\"color: #438eb5;\">1. Planejamento e prepara\u00e7\u00e3o\u00a0(16 horas de trabalho)<\/span><\/strong><\/h5>\n<ul>\n<li>Planejar o trabalho e as metas para o curso.<\/li>\n<li>Escrever uma resenha de um livro selecionado de uma lista de leitura oferecida.<\/li>\n<li>Completar os question\u00e1rios de auto-avalia\u00e7\u00e3o para planejar o treinamento.<\/li>\n<\/ul>\n<p>Pode completar estas tarefas em linha atrav\u00e9s do campus de treinamento da Comunidade Internacional de Coaching.<\/p>\n<\/div>\n<p>&nbsp;<\/p>\n<div style=\"background-color: #eff3f5; padding: 8px;\">\n<h5><strong><span style=\"color: #438eb5;\">2. Treinamento de coaching de equipes (54 horas de trabalho)<\/span><\/strong><\/h5>\n<p>O treinamento de coaching de equipes \u00e9 um curso de seis dias e \u00e9 o n\u00facleo da forma\u00e7\u00e3o. Os temas mencionados acima ser\u00e3o desenvolvidos durante o treinamento.<\/p>\n<p>Cada dia haver\u00e1 um exerc\u00edcio breve designado como tarefa para refletir sobre o que foi aprendido no dia.<\/p>\n<p>O treinador o avaliar\u00e1 ao longo de todo o treinamento e ficar\u00e1 dispon\u00edvel para oferecer feedback durante o curso se assim o desejar.<\/p>\n<p>A parte mais importante da avalia\u00e7\u00e3o \u00e9 a observa\u00e7\u00e3o de suas habilidades de coaching sob o olhar do treinador.<\/p>\n<p>Ter\u00e1 muitas oportunidades para praticar suas habilidades de coaching de equipes.<\/p>\n<p><strong>Todos os participantes receber\u00e3o um certificado de participa\u00e7\u00e3o.<\/strong><\/p>\n<\/div>\n<p>&nbsp;<\/p>\n<div style=\"background-color: #eff3f5; padding: 8px;\">\n<h5><span style=\"color: #438eb5;\"><strong>3. Atividades\u00a0de certifica\u00e7\u00e3o (50 horas de trabalho)<\/strong><\/span><\/h5>\n<p>Os participantes que desejem receber o certificado da ICC de Coach de equipes dever\u00e3o concluir os seguintes projetos ap\u00f3s o treinamento:<\/p>\n<ul>\n<li>Um question\u00e1rio de integra\u00e7\u00e3o sobre o treinamento.<\/li>\n<li>Um exame escrito.<\/li>\n<li>Um projeto de pesquisa.<\/li>\n<li>Um projeto de auto-coaching.<\/li>\n<li>20 horas de pr\u00e1tica de habilidades de coaching (com duas equipes, no m\u00ednimo)<\/li>\n<\/ul>\n<\/div>\n<p>&nbsp;<\/p>\n<h6><span style=\"color: #004571;\"><strong>A quem est\u00e1 dirigido este curso?<br \/>\n<\/strong><\/span><\/h6>\n<h6><\/h6>\n<p>Para os coaches este curso representa a oportunidade de ampliar e potencializar os servi\u00e7os que oferecem a seus clientes, ao aumentar o impacto que seus investimentos nas equipes de neg\u00f3cios podem ter na organiza\u00e7\u00e3o.<\/p>\n<p>Gra\u00e7as a este curso, os l\u00edderes e gerentes podem descobrir uma nova forma de interatuar com as equipes, desenvolvendo processos de empoderamento necess\u00e1rios para as equipes de alto rendimento.<\/p>\n<p>Tamb\u00e9m, \u00e9 indicado para as pessoas que trabalham na \u00e1rea de recursos humanos e que est\u00e3o procurando novos modos de intervir nas organiza\u00e7\u00f5es e apoiar os clientes internos e as equipes.<\/p>\n<p><a class=\"button medium red\" href=\"\/cadastro-equipes\">Inicie o seu cadastro agora!<\/a><\/p>","protected":false},"excerpt":{"rendered":"<p>Este treinamento \u00e9 um dos poucos que se especializa em coaching de equipes. O coaching de equipes \u00e9 um dos mercados de maior crescimento na \u00e1rea empresarial. As organiza\u00e7\u00f5es contratam coaches para que trabalhem com suas equipes e o coaching de equipes n\u00e3o \u00e9 igual ao coaching individual. Este curso oferecer\u00e1 experi\u00eancia inestim\u00e1vel e supervisionada [&hellip;]<\/p>\n","protected":false},"author":1,"featured_media":0,"parent":0,"menu_order":0,"comment_status":"open","ping_status":"open","template":"","meta":{"footnotes":""},"class_list":["post-2821","page","type-page","status-publish","hentry"],"yoast_head":"<!-- This site is optimized with the Yoast SEO plugin v26.8 - https:\/\/yoast.com\/product\/yoast-seo-wordpress\/ -->\n<title>Certifica\u00e7\u00e3o em Coaching de Equipes - Lambent<\/title>\n<meta name=\"robots\" content=\"index, follow, max-snippet:-1, max-image-preview:large, max-video-preview:-1\" \/>\n<link rel=\"canonical\" href=\"https:\/\/www.lambent.com\/pt-br\/equipe-de-treinamento-certificacao-em-coaching\/\" \/>\n<meta property=\"og:locale\" content=\"pt_BR\" \/>\n<meta property=\"og:type\" content=\"article\" \/>\n<meta property=\"og:title\" content=\"Certifica\u00e7\u00e3o em Coaching de Equipes - Lambent\" \/>\n<meta property=\"og:description\" content=\"Este treinamento \u00e9 um dos poucos que se especializa em coaching de equipes. O coaching de equipes \u00e9 um dos mercados de maior crescimento na \u00e1rea empresarial. As organiza\u00e7\u00f5es contratam coaches para que trabalhem com suas equipes e o coaching de equipes n\u00e3o \u00e9 igual ao coaching individual. Este curso oferecer\u00e1 experi\u00eancia inestim\u00e1vel e supervisionada [&hellip;]\" \/>\n<meta property=\"og:url\" content=\"https:\/\/www.lambent.com\/pt-br\/equipe-de-treinamento-certificacao-em-coaching\/\" \/>\n<meta property=\"og:site_name\" content=\"Lambent\" \/>\n<meta property=\"article:modified_time\" content=\"2016-08-03T21:02:04+00:00\" \/>\n<meta name=\"twitter:label1\" content=\"Est. tempo de leitura\" \/>\n\t<meta name=\"twitter:data1\" content=\"3 minutos\" \/>\n<script type=\"application\/ld+json\" class=\"yoast-schema-graph\">{\"@context\":\"https:\/\/schema.org\",\"@graph\":[{\"@type\":\"WebPage\",\"@id\":\"https:\/\/www.lambent.com\/pt-br\/equipe-de-treinamento-certificacao-em-coaching\/\",\"url\":\"https:\/\/www.lambent.com\/pt-br\/equipe-de-treinamento-certificacao-em-coaching\/\",\"name\":\"Certifica\u00e7\u00e3o em Coaching de Equipes - Lambent\",\"isPartOf\":{\"@id\":\"https:\/\/www.lambent.com\/#website\"},\"datePublished\":\"2013-03-06T18:09:44+00:00\",\"dateModified\":\"2016-08-03T21:02:04+00:00\",\"inLanguage\":\"pt-BR\",\"potentialAction\":[{\"@type\":\"ReadAction\",\"target\":[\"https:\/\/www.lambent.com\/pt-br\/equipe-de-treinamento-certificacao-em-coaching\/\"]}]},{\"@type\":\"WebSite\",\"@id\":\"https:\/\/www.lambent.com\/#website\",\"url\":\"https:\/\/www.lambent.com\/\",\"name\":\"Lambent\",\"description\":\"International Coaching Training\",\"potentialAction\":[{\"@type\":\"SearchAction\",\"target\":{\"@type\":\"EntryPoint\",\"urlTemplate\":\"https:\/\/www.lambent.com\/?s={search_term_string}\"},\"query-input\":{\"@type\":\"PropertyValueSpecification\",\"valueRequired\":true,\"valueName\":\"search_term_string\"}}],\"inLanguage\":\"pt-BR\"}]}<\/script>\n<!-- \/ Yoast SEO plugin. -->","yoast_head_json":{"title":"Certifica\u00e7\u00e3o em Coaching de Equipes - Lambent","robots":{"index":"index","follow":"follow","max-snippet":"max-snippet:-1","max-image-preview":"max-image-preview:large","max-video-preview":"max-video-preview:-1"},"canonical":"https:\/\/www.lambent.com\/pt-br\/equipe-de-treinamento-certificacao-em-coaching\/","og_locale":"pt_BR","og_type":"article","og_title":"Certifica\u00e7\u00e3o em Coaching de Equipes - Lambent","og_description":"Este treinamento \u00e9 um dos poucos que se especializa em coaching de equipes. O coaching de equipes \u00e9 um dos mercados de maior crescimento na \u00e1rea empresarial. As organiza\u00e7\u00f5es contratam coaches para que trabalhem com suas equipes e o coaching de equipes n\u00e3o \u00e9 igual ao coaching individual. Este curso oferecer\u00e1 experi\u00eancia inestim\u00e1vel e supervisionada [&hellip;]","og_url":"https:\/\/www.lambent.com\/pt-br\/equipe-de-treinamento-certificacao-em-coaching\/","og_site_name":"Lambent","article_modified_time":"2016-08-03T21:02:04+00:00","twitter_misc":{"Est. tempo de leitura":"3 minutos"},"schema":{"@context":"https:\/\/schema.org","@graph":[{"@type":"WebPage","@id":"https:\/\/www.lambent.com\/pt-br\/equipe-de-treinamento-certificacao-em-coaching\/","url":"https:\/\/www.lambent.com\/pt-br\/equipe-de-treinamento-certificacao-em-coaching\/","name":"Certifica\u00e7\u00e3o em Coaching de Equipes - Lambent","isPartOf":{"@id":"https:\/\/www.lambent.com\/#website"},"datePublished":"2013-03-06T18:09:44+00:00","dateModified":"2016-08-03T21:02:04+00:00","inLanguage":"pt-BR","potentialAction":[{"@type":"ReadAction","target":["https:\/\/www.lambent.com\/pt-br\/equipe-de-treinamento-certificacao-em-coaching\/"]}]},{"@type":"WebSite","@id":"https:\/\/www.lambent.com\/#website","url":"https:\/\/www.lambent.com\/","name":"Lambent","description":"International Coaching Training","potentialAction":[{"@type":"SearchAction","target":{"@type":"EntryPoint","urlTemplate":"https:\/\/www.lambent.com\/?s={search_term_string}"},"query-input":{"@type":"PropertyValueSpecification","valueRequired":true,"valueName":"search_term_string"}}],"inLanguage":"pt-BR"}]}},"_links":{"self":[{"href":"https:\/\/www.lambent.com\/pt-br\/wp-json\/wp\/v2\/pages\/2821\/"}],"collection":[{"href":"https:\/\/www.lambent.com\/pt-br\/wp-json\/wp\/v2\/pages\/"}],"about":[{"href":"https:\/\/www.lambent.com\/pt-br\/wp-json\/wp\/v2\/types\/page\/"}],"author":[{"embeddable":true,"href":"https:\/\/www.lambent.com\/pt-br\/wp-json\/wp\/v2\/users\/1\/"}],"replies":[{"embeddable":true,"href":"https:\/\/www.lambent.com\/pt-br\/wp-json\/wp\/v2\/comments\/?post=2821"}],"version-history":[{"count":7,"href":"https:\/\/www.lambent.com\/pt-br\/wp-json\/wp\/v2\/pages\/2821\/revisions\/"}],"predecessor-version":[{"id":9766,"href":"https:\/\/www.lambent.com\/pt-br\/wp-json\/wp\/v2\/pages\/2821\/revisions\/9766\/"}],"wp:attachment":[{"href":"https:\/\/www.lambent.com\/pt-br\/wp-json\/wp\/v2\/media\/?parent=2821"}],"curies":[{"name":"wp","href":"https:\/\/api.w.org\/{rel}","templated":true}]}}