{"id":2814,"date":"2013-03-06T18:02:33","date_gmt":"2013-03-06T18:02:33","guid":{"rendered":"http:\/\/www.lambent.com\/?page_id=2814"},"modified":"2013-03-06T18:04:12","modified_gmt":"2013-03-06T18:04:12","slug":"ekman-avaliacao-da-veracidade-e-da-credibilidade","status":"publish","type":"page","link":"https:\/\/www.lambent.com\/pt-br\/ekman-avaliacao-da-veracidade-e-da-credibilidade\/","title":{"rendered":"Avalia\u00e7\u00e3o da Veracidade e da Credibilidade"},"content":{"rendered":"<p align=\"center\"><strong><img loading=\"lazy\" decoding=\"async\" title=\"Lambent - Paul Ekman licensed provider\" alt=\"Lambent - Paul Ekman licensed provider\" src=\"http:\/\/www.lambent.com\/wp-content\/uploads\/2012\/11\/Lambent-PEI-logo.jpg\" width=\"580\" height=\"190\" \/><\/strong><\/p>\n<p align=\"center\"><a href=\"http:\/\/www.lambent.com\/Resources\/Brochures\/ETaC_portugues.pdf\" target=\"_blank\"><img loading=\"lazy\" decoding=\"async\" alt=\"download_brochure_por\" src=\"http:\/\/www.lambent.com\/wp-content\/uploads\/2012\/11\/download_brochure_por.png\" width=\"171\" height=\"27\" \/><\/a><\/p>\n<p>[vsw id=&#8221;EXm6YbXxSYk&#8221; source=&#8221;youtube&#8221; width=&#8221;425&#8243; height=&#8221;344&#8243; autoplay=&#8221;no&#8221;]<\/p>\n<h5>Datas:<\/h5>\n<h5>27 de fevereiro a 2 de mar\u00e7o de 2013 &#8211; Centro de Londres, Reino Unido<\/h5>\n<h5>28 de fevereiro a 3 de mar\u00e7o de 2013 &#8211; Porto, Portugal<\/h5>\n<p>&nbsp;<\/p>\n<p>Nossas rela\u00e7\u00f5es, nosso trabalho, a administra\u00e7\u00e3o do dinheiro, toda a base de nossa vida se constr\u00f3i sobre a confian\u00e7a.<br \/>\nA confian\u00e7a se baseia na capacidade e na sinceridade para cumprir com as promessas e manter os acordos.<br \/>\nA capacidade de detectar quando est\u00e3o sendo enganados, de avaliar a credibilidade do que as pessoas dizem \u00e9 uma habilidade crucial.<\/p>\n<p>Este programa desenvolver\u00e1 sua aptid\u00e3o para reconhecer as emo\u00e7\u00f5es e os pensamentos que se encontram por tr\u00e1s do engano e como atuar perante eles. Oferece quarenta anos de pesquisas para os pensamentos e as emo\u00e7\u00f5es envolvidas na veracidade e no engano, e \u00e9 essencial para quem deseja y precisa ser capaz de avaliar a confian\u00e7a.<\/p>\n<p>&nbsp;<\/p>\n<h2><strong>Este \u00e9 um programa de certifica\u00e7\u00e3o internacional de quatro dias<\/strong><\/h2>\n<h4>Um curso aprovado por Paul Ekman<\/h4>\n<p>Todas nossas a\u00e7\u00f5es se baseiam em nossos pensamentos e nossas emo\u00e7\u00f5es. Desta forma, entender a veracidade e o engano \u00e9 entender as emo\u00e7\u00f5es e a maneira de pensar dos outros.<br \/>\nTem sentido?<br \/>\nS\u00e3o congruentes?<br \/>\nO programa inclui o modelo psicol\u00f3gico que subjaz \u00e0 verdade e \u00e0s mentiras, para que voc\u00ea possa identificar os &#8216;pontos de conflito&#8217;, onde existe tens\u00e3o e uma incongru\u00eancia entre as palavras, a linguagem corporal e as emo\u00e7\u00f5es por um poss\u00edvel engano.<\/p>\n<p>Aprender\u00e1 a ler as emo\u00e7\u00f5es e o poss\u00edvel engano atrav\u00e9s dos cinco canais de comunica\u00e7\u00e3o:<br \/>\n<em><strong>&#8211; express\u00f5es faciais<\/strong><\/em><br \/>\n(inclu\u00eddas as microexpress\u00f5es nas quais as emo\u00e7\u00f5es se mostram no rosto durante uma fra\u00e7\u00e3o de segundo)<br \/>\n<em><strong>&#8211; tom da voz<\/strong> <\/em>(como o tom da voz pode mudar quando se diz uma mentira)<br \/>\n<em><strong>&#8211; estilo verbal<\/strong><\/em><br \/>\n(o padr\u00e3o caracter\u00edstico do modo de falar natural das pessoas)<br \/>\n<em><strong>&#8211; conte\u00fado verbal<\/strong><\/em><br \/>\n(as palavras ditas, inclu\u00eddos os lapsos)<br \/>\n<em><strong>&#8211; linguagem corporal<\/strong><\/em><br \/>\n(o modo como a linguagem corporal reflete o pensamento e as emo\u00e7\u00f5es)<br \/>\nExiste grande quantidade de informa\u00e7\u00e3o errada e confus\u00e3o sobre estes temas, em especial sobre a linguagem corporal.<br \/>\nEste curso s\u00f3 cont\u00e9m dados cient\u00edficos, estudados e comprovados. O curso \u00e9 din\u00e2mico, divertido e interativo e muito pr\u00e1tico.<\/p>\n<p>Voc\u00ea aprender\u00e1 e praticar\u00e1 as habilidades em um ambiente seguro com um treinador aprovado por Paul Ekman.<br \/>\nAo finalizar o programa com \u00eaxito, ser\u00e1 entregue um certificado internacional com qualifica\u00e7\u00e3o.<\/p>\n<p>&nbsp;<\/p>\n<h2><strong>Metas do curso<\/strong><\/h2>\n<p>Oferecer as habilidades para avaliar a verdade e o engano, em especial em situa\u00e7\u00f5es de grande risco.<br \/>\nOferecer as informa\u00e7\u00f5es mais recentes sobre a voz e a linguagem corporal, a cogni\u00e7\u00e3o e as emo\u00e7\u00f5es, para que voc\u00ea seja capaz de ver, escutar e avaliar a confian\u00e7a e a credibilidade.<\/p>\n<h2><\/h2>\n<h2><strong>Objetivos do curso<\/strong><\/h2>\n<p>Ao realizar este curso, voc\u00ea ser\u00e1 capaz de:<\/p>\n<ul>\n<li>Aumentar suas habilidades de observa\u00e7\u00e3o nos cinco canais: saber o que se deve buscar e de que forma.<\/li>\n<li>Identificar a import\u00e2ncia dos pontos de refer\u00eancia e quando ocorrem.<\/li>\n<li>Identificar e avaliar ind\u00edcios da mentira e da verdade.<\/li>\n<li>Aumentar suas habilidades para escutar nos cinco canais: saber o que se deve escutar e de que forma.<\/li>\n<li>Aumentar as habilidades para escutar e observar ativamente e utiliz\u00e1-las para avaliar a veracidade e a credibilidade.<\/li>\n<li>Adotar um enfoque estruturado para detectar &#8216;fugas&#8217;.<\/li>\n<li>Ser capaz de reconhecer as microexpress\u00f5es em outras pessoas.<\/li>\n<li>Entender e aplicar o modelo psicol\u00f3gico da verdade e da mentira.<\/li>\n<li>Identificar e avaliar os &#8216;pontos de conflito&#8217;.<\/li>\n<li>Criar e provar hip\u00f3teses sobre a verdade e o engano em contexto.<\/li>\n<li>Entender o papel da mem\u00f3ria na verdade e no engano e utilizar a an\u00e1lise de Validez de Afirma\u00e7\u00f5es em afirma\u00e7\u00f5es verbais para avaliar se os eventos s\u00e3o lembrados ou constru\u00eddos.<\/li>\n<\/ul>\n<p>&nbsp;<\/p>\n<p>&nbsp;<\/p>\n<h2><strong>Quem se beneficiar\u00e1 com este curso?<\/strong><\/h2>\n<p>Este treinamento \u00e9 essencial para quem interage com outras pessoas em conversas dif\u00edceis ou em entrevistas muito importantes:<\/p>\n<ul>\n<li>vendedores<\/li>\n<li>pessoal de atendimento ao cliente<\/li>\n<li>coaches<\/li>\n<li>advogados e procuradores<\/li>\n<li>gerentes<\/li>\n<li>psic\u00f3logos<\/li>\n<li>conselheiros<\/li>\n<li>negociadores<\/li>\n<li>selecionadores de pessoal<\/li>\n<li>gerentes e l\u00edderes<\/li>\n<li>executivos<\/li>\n<li>pesquisadores forenses<\/li>\n<li>agentes de seguran\u00e7a e ordem p\u00fablica<\/li>\n<\/ul>\n<p>E, claro, as habilidades tamb\u00e9m marcam uma diferen\u00e7a em qualquer intera\u00e7\u00e3o da vida cotidiana&#8230;<\/p>\n<p>&nbsp;<\/p>\n<div>\n<h2><strong>Programa<\/strong><\/h2>\n<h4><strong><br \/>\nPrimeiro dia<\/strong><\/h4>\n<p>Introdu\u00e7\u00e3o<br \/>\nExerc\u00edcios de introdu\u00e7\u00e3o<br \/>\nDefini\u00e7\u00e3o da verdade e das mentiras<br \/>\nModelo de comunica\u00e7\u00e3o<br \/>\nPontos de conflito<br \/>\nExerc\u00edcios de v\u00eddeo<br \/>\nPor que motivo acreditamos nas mentiras e n\u00e3o na verdade<br \/>\nModelo psicol\u00f3gico da verdade e do engano<br \/>\nAten\u00e7\u00e3o, consci\u00eancia e escuta<br \/>\nResumo e revis\u00e3o<\/p>\n<h4><strong><br \/>\nSegundo dia<\/strong><\/h4>\n<p>Microexpress\u00f5es<br \/>\nEntender as emo\u00e7\u00f5es<br \/>\nCanais de comunica\u00e7\u00e3o<br \/>\nExpress\u00f5es faciais<br \/>\nExpress\u00f5es sutis, parciais e dissimuladas<br \/>\nLinguagem corporal<br \/>\nExerc\u00edcios de v\u00eddeo<br \/>\nEstilo verbal<br \/>\nTom de voz<br \/>\nResumo e revis\u00e3o<\/p>\n<h4><strong><br \/>\nTerceiro dia<\/strong><\/h4>\n<p>Tipos de mem\u00f3ria<br \/>\nMem\u00f3ria e engano<br \/>\nAn\u00e1lise de validez de afirma\u00e7\u00f5es<br \/>\nExerc\u00edcios de v\u00eddeo<br \/>\nAn\u00e1lise de conte\u00fado baseado em crit\u00e9rios (ACBC)<br \/>\nResumo e revis\u00e3o<\/p>\n<h4><\/h4>\n<h4><strong> Quarto dia<\/strong><\/h4>\n<p>Proalimenta\u00e7\u00e3o: aplica\u00e7\u00f5es pr\u00e1ticas<br \/>\nAn\u00e1lise PCER (Planejamento, Compromisso, Explora\u00e7\u00e3o, Resolu\u00e7\u00e3o)<br \/>\nResumo e revis\u00e3o<\/p>\n<\/div>","protected":false},"excerpt":{"rendered":"<p>[vsw id=&#8221;EXm6YbXxSYk&#8221; source=&#8221;youtube&#8221; width=&#8221;425&#8243; height=&#8221;344&#8243; autoplay=&#8221;no&#8221;] Datas: 27 de fevereiro a 2 de mar\u00e7o de 2013 &#8211; Centro de Londres, Reino Unido 28 de fevereiro a 3 de mar\u00e7o de 2013 &#8211; Porto, Portugal &nbsp; Nossas rela\u00e7\u00f5es, nosso trabalho, a administra\u00e7\u00e3o do dinheiro, toda a base de nossa vida se constr\u00f3i sobre a confian\u00e7a. A [&hellip;]<\/p>\n","protected":false},"author":1,"featured_media":0,"parent":0,"menu_order":0,"comment_status":"open","ping_status":"open","template":"","meta":{"footnotes":""},"class_list":["post-2814","page","type-page","status-publish","hentry"],"yoast_head":"<!-- This site is optimized with the Yoast SEO plugin v26.8 - https:\/\/yoast.com\/product\/yoast-seo-wordpress\/ -->\n<title>Avalia\u00e7\u00e3o da Veracidade e da Credibilidade - Lambent<\/title>\n<meta name=\"robots\" content=\"index, follow, max-snippet:-1, max-image-preview:large, max-video-preview:-1\" \/>\n<link rel=\"canonical\" href=\"https:\/\/www.lambent.com\/pt-br\/ekman-avaliacao-da-veracidade-e-da-credibilidade\/\" \/>\n<meta property=\"og:locale\" content=\"pt_BR\" \/>\n<meta property=\"og:type\" content=\"article\" \/>\n<meta property=\"og:title\" content=\"Avalia\u00e7\u00e3o da Veracidade e da Credibilidade - Lambent\" \/>\n<meta property=\"og:description\" content=\"[vsw id=&#8221;EXm6YbXxSYk&#8221; source=&#8221;youtube&#8221; width=&#8221;425&#8243; height=&#8221;344&#8243; autoplay=&#8221;no&#8221;] Datas: 27 de fevereiro a 2 de mar\u00e7o de 2013 &#8211; Centro de Londres, Reino Unido 28 de fevereiro a 3 de mar\u00e7o de 2013 &#8211; Porto, Portugal &nbsp; Nossas rela\u00e7\u00f5es, nosso trabalho, a administra\u00e7\u00e3o do dinheiro, toda a base de nossa vida se constr\u00f3i sobre a confian\u00e7a. A [&hellip;]\" \/>\n<meta property=\"og:url\" content=\"https:\/\/www.lambent.com\/pt-br\/ekman-avaliacao-da-veracidade-e-da-credibilidade\/\" \/>\n<meta property=\"og:site_name\" content=\"Lambent\" \/>\n<meta property=\"article:modified_time\" content=\"2013-03-06T18:04:12+00:00\" \/>\n<meta property=\"og:image\" content=\"http:\/\/www.lambent.com\/wp-content\/uploads\/2012\/11\/Lambent-PEI-logo.jpg\" \/>\n<meta name=\"twitter:label1\" content=\"Est. tempo de leitura\" \/>\n\t<meta name=\"twitter:data1\" content=\"4 minutos\" \/>\n<script type=\"application\/ld+json\" class=\"yoast-schema-graph\">{\"@context\":\"https:\/\/schema.org\",\"@graph\":[{\"@type\":\"WebPage\",\"@id\":\"https:\/\/www.lambent.com\/pt-br\/ekman-avaliacao-da-veracidade-e-da-credibilidade\/\",\"url\":\"https:\/\/www.lambent.com\/pt-br\/ekman-avaliacao-da-veracidade-e-da-credibilidade\/\",\"name\":\"Avalia\u00e7\u00e3o da Veracidade e da Credibilidade - Lambent\",\"isPartOf\":{\"@id\":\"https:\/\/www.lambent.com\/#website\"},\"primaryImageOfPage\":{\"@id\":\"https:\/\/www.lambent.com\/pt-br\/ekman-avaliacao-da-veracidade-e-da-credibilidade\/#primaryimage\"},\"image\":{\"@id\":\"https:\/\/www.lambent.com\/pt-br\/ekman-avaliacao-da-veracidade-e-da-credibilidade\/#primaryimage\"},\"thumbnailUrl\":\"http:\/\/www.lambent.com\/wp-content\/uploads\/2012\/11\/Lambent-PEI-logo.jpg\",\"datePublished\":\"2013-03-06T18:02:33+00:00\",\"dateModified\":\"2013-03-06T18:04:12+00:00\",\"inLanguage\":\"pt-BR\",\"potentialAction\":[{\"@type\":\"ReadAction\",\"target\":[\"https:\/\/www.lambent.com\/pt-br\/ekman-avaliacao-da-veracidade-e-da-credibilidade\/\"]}]},{\"@type\":\"ImageObject\",\"inLanguage\":\"pt-BR\",\"@id\":\"https:\/\/www.lambent.com\/pt-br\/ekman-avaliacao-da-veracidade-e-da-credibilidade\/#primaryimage\",\"url\":\"http:\/\/www.lambent.com\/wp-content\/uploads\/2012\/11\/Lambent-PEI-logo.jpg\",\"contentUrl\":\"http:\/\/www.lambent.com\/wp-content\/uploads\/2012\/11\/Lambent-PEI-logo.jpg\"},{\"@type\":\"WebSite\",\"@id\":\"https:\/\/www.lambent.com\/#website\",\"url\":\"https:\/\/www.lambent.com\/\",\"name\":\"Lambent\",\"description\":\"International Coaching Training\",\"potentialAction\":[{\"@type\":\"SearchAction\",\"target\":{\"@type\":\"EntryPoint\",\"urlTemplate\":\"https:\/\/www.lambent.com\/?s={search_term_string}\"},\"query-input\":{\"@type\":\"PropertyValueSpecification\",\"valueRequired\":true,\"valueName\":\"search_term_string\"}}],\"inLanguage\":\"pt-BR\"}]}<\/script>\n<!-- \/ Yoast SEO plugin. -->","yoast_head_json":{"title":"Avalia\u00e7\u00e3o da Veracidade e da Credibilidade - Lambent","robots":{"index":"index","follow":"follow","max-snippet":"max-snippet:-1","max-image-preview":"max-image-preview:large","max-video-preview":"max-video-preview:-1"},"canonical":"https:\/\/www.lambent.com\/pt-br\/ekman-avaliacao-da-veracidade-e-da-credibilidade\/","og_locale":"pt_BR","og_type":"article","og_title":"Avalia\u00e7\u00e3o da Veracidade e da Credibilidade - Lambent","og_description":"[vsw id=&#8221;EXm6YbXxSYk&#8221; source=&#8221;youtube&#8221; width=&#8221;425&#8243; height=&#8221;344&#8243; autoplay=&#8221;no&#8221;] Datas: 27 de fevereiro a 2 de mar\u00e7o de 2013 &#8211; Centro de Londres, Reino Unido 28 de fevereiro a 3 de mar\u00e7o de 2013 &#8211; Porto, Portugal &nbsp; Nossas rela\u00e7\u00f5es, nosso trabalho, a administra\u00e7\u00e3o do dinheiro, toda a base de nossa vida se constr\u00f3i sobre a confian\u00e7a. A [&hellip;]","og_url":"https:\/\/www.lambent.com\/pt-br\/ekman-avaliacao-da-veracidade-e-da-credibilidade\/","og_site_name":"Lambent","article_modified_time":"2013-03-06T18:04:12+00:00","og_image":[{"url":"http:\/\/www.lambent.com\/wp-content\/uploads\/2012\/11\/Lambent-PEI-logo.jpg","type":"","width":"","height":""}],"twitter_misc":{"Est. tempo de leitura":"4 minutos"},"schema":{"@context":"https:\/\/schema.org","@graph":[{"@type":"WebPage","@id":"https:\/\/www.lambent.com\/pt-br\/ekman-avaliacao-da-veracidade-e-da-credibilidade\/","url":"https:\/\/www.lambent.com\/pt-br\/ekman-avaliacao-da-veracidade-e-da-credibilidade\/","name":"Avalia\u00e7\u00e3o da Veracidade e da Credibilidade - Lambent","isPartOf":{"@id":"https:\/\/www.lambent.com\/#website"},"primaryImageOfPage":{"@id":"https:\/\/www.lambent.com\/pt-br\/ekman-avaliacao-da-veracidade-e-da-credibilidade\/#primaryimage"},"image":{"@id":"https:\/\/www.lambent.com\/pt-br\/ekman-avaliacao-da-veracidade-e-da-credibilidade\/#primaryimage"},"thumbnailUrl":"http:\/\/www.lambent.com\/wp-content\/uploads\/2012\/11\/Lambent-PEI-logo.jpg","datePublished":"2013-03-06T18:02:33+00:00","dateModified":"2013-03-06T18:04:12+00:00","inLanguage":"pt-BR","potentialAction":[{"@type":"ReadAction","target":["https:\/\/www.lambent.com\/pt-br\/ekman-avaliacao-da-veracidade-e-da-credibilidade\/"]}]},{"@type":"ImageObject","inLanguage":"pt-BR","@id":"https:\/\/www.lambent.com\/pt-br\/ekman-avaliacao-da-veracidade-e-da-credibilidade\/#primaryimage","url":"http:\/\/www.lambent.com\/wp-content\/uploads\/2012\/11\/Lambent-PEI-logo.jpg","contentUrl":"http:\/\/www.lambent.com\/wp-content\/uploads\/2012\/11\/Lambent-PEI-logo.jpg"},{"@type":"WebSite","@id":"https:\/\/www.lambent.com\/#website","url":"https:\/\/www.lambent.com\/","name":"Lambent","description":"International Coaching Training","potentialAction":[{"@type":"SearchAction","target":{"@type":"EntryPoint","urlTemplate":"https:\/\/www.lambent.com\/?s={search_term_string}"},"query-input":{"@type":"PropertyValueSpecification","valueRequired":true,"valueName":"search_term_string"}}],"inLanguage":"pt-BR"}]}},"_links":{"self":[{"href":"https:\/\/www.lambent.com\/pt-br\/wp-json\/wp\/v2\/pages\/2814\/"}],"collection":[{"href":"https:\/\/www.lambent.com\/pt-br\/wp-json\/wp\/v2\/pages\/"}],"about":[{"href":"https:\/\/www.lambent.com\/pt-br\/wp-json\/wp\/v2\/types\/page\/"}],"author":[{"embeddable":true,"href":"https:\/\/www.lambent.com\/pt-br\/wp-json\/wp\/v2\/users\/1\/"}],"replies":[{"embeddable":true,"href":"https:\/\/www.lambent.com\/pt-br\/wp-json\/wp\/v2\/comments\/?post=2814"}],"version-history":[{"count":3,"href":"https:\/\/www.lambent.com\/pt-br\/wp-json\/wp\/v2\/pages\/2814\/revisions\/"}],"predecessor-version":[{"id":2816,"href":"https:\/\/www.lambent.com\/pt-br\/wp-json\/wp\/v2\/pages\/2814\/revisions\/2816\/"}],"wp:attachment":[{"href":"https:\/\/www.lambent.com\/pt-br\/wp-json\/wp\/v2\/media\/?parent=2814"}],"curies":[{"name":"wp","href":"https:\/\/api.w.org\/{rel}","templated":true}]}}