{"id":2810,"date":"2013-03-06T17:56:53","date_gmt":"2013-03-06T17:56:53","guid":{"rendered":"http:\/\/www.lambent.com\/?page_id=2810"},"modified":"2013-03-06T17:56:53","modified_gmt":"2013-03-06T17:56:53","slug":"verdade-e-mentira-a-ciencia-2","status":"publish","type":"page","link":"https:\/\/www.lambent.com\/pt-br\/verdade-e-mentira-a-ciencia-2\/","title":{"rendered":"Verdade e Mentira: a Ci\u00eancia"},"content":{"rendered":"<h3 style=\"text-align: left;\" align=\"center\"><strong>Uma introdu\u00e7\u00e3o \u00e0 avalia\u00e7\u00e3o da verdade e da credibilidade<\/strong><\/h3>\n<h4>Um curso aprovado por Paul Ekman<\/h4>\n<h4 align=\"center\"><\/h4>\n<p><a href=\"http:\/\/www.lambent.com\/Resources\/Brochures\/TLS_portugues.pdf\" target=\"_blank\"><img loading=\"lazy\" decoding=\"async\" alt=\"download_brochure_por\" src=\"http:\/\/www.lambent.com\/wp-content\/uploads\/2012\/11\/download_brochure_por.png\" width=\"171\" height=\"27\" \/><\/a><\/p>\n<p>&nbsp;<\/p>\n<p>&nbsp;<\/p>\n<h4 align=\"center\"><strong>Sabe quando algu\u00e9m diz a verdade?<\/strong><\/h4>\n<p>Todos queremos ter a capacidade de distinguir a verdade da mentira.<br \/>\nO dinheiro, a sa\u00fade, o bem-estar e as rela\u00e7\u00f5es dependem disso.<br \/>\nComo voc\u00ea pode avaliar a credibilidade?<br \/>\nEm entrevistas de trabalho?<br \/>\nCom seus clientes?<\/p>\n<p>&nbsp;<\/p>\n<p>[vsw id=&#8221;GVG5AwZph-s&#8221; source=&#8221;youtube&#8221; width=&#8221;425&#8243; height=&#8221;344&#8243; autoplay=&#8221;no&#8221;]<\/p>\n<p>N\u00e3o acreditar na verdade pode ocasionar tanto dano quanto acreditar em uma mentira.<br \/>\nA maioria pensa que somos bons detectando mentiras, mas as pesquisas mostram que a maior parte das pessoas, na hora de detectar mentiras, s\u00f3 tem resultados levemente melhores que ao adivinhar (54%).<\/p>\n<p>Neste curso, analisaremos como o rosto oferece muita informa\u00e7\u00e3o para ajudar a distinguir a verdade da mentira, junto com outros canais:<\/p>\n<ul>\n<li>corpo<\/li>\n<li>voz<\/li>\n<li>estilo verbal<\/li>\n<li>conte\u00fado verbal<\/li>\n<\/ul>\n<p>A ci\u00eancia da verdade e da mentira se revela nesta oficina totalmente interativa e efetiva de um dia de dura\u00e7\u00e3o, durante o qual os participantes poder\u00e3o testar suas habilidades em situa\u00e7\u00f5es realistas utilizando uma adapta\u00e7\u00e3o das pesquisas originais de Paul Ekman sobre a verdade e a mentira.<\/p>\n<h3><\/h3>\n<h3><strong>Quais s\u00e3o os benef\u00edcios deste curso?<\/strong><\/h3>\n<p><em><strong>-em entrevistas<\/strong><\/em><br \/>\nMelhore suas habilidades como entrevistador: descubra \u00e1reas que necessitam de uma explora\u00e7\u00e3o mais profunda.<br \/>\n<em><strong>&#8211; em negocia\u00e7\u00f5es<\/strong><\/em><br \/>\nSeja um negociador melhor, fique atento aos enganos e seja capaz de identificar quando algo \u00e9 importante para a outra pessoa.<br \/>\n<em><strong>&#8211; em coaching e mentoring<\/strong><\/em><br \/>\nMelhore suas habilidades de coaching ao identificar as \u00e1reas que os clientes necessitam explorar de maneira mais profunda.<br \/>\n<em><strong>&#8211; na tomada de decis\u00f5es<\/strong><\/em><br \/>\nSaiba qual informa\u00e7\u00e3o precisa ser considerada mais detidamente.<br \/>\n<em><strong>&#8211; nas rela\u00e7\u00f5es<\/strong><\/em><br \/>\nPerceba com maior clareza as \u00e1reas de desacordo.<\/p>\n<h3><\/h3>\n<h3><strong>A quem est\u00e1 direcionado este curso?<\/strong><\/h3>\n<p>Este treinamento ser\u00e1 de grande utilidade para as pessoas que interajam com outras pessoas em conversas dif\u00edceis em \u00e1reas como:<\/p>\n<ul>\n<li>vendas<\/li>\n<li>atendimento ao cliente<\/li>\n<li>coaching<\/li>\n<li>orienta\u00e7\u00e3o<\/li>\n<li>entrevistas de alto risco<\/li>\n<li>interrogat\u00f3rios<\/li>\n<li>negocia\u00e7\u00f5es<\/li>\n<li>sele\u00e7\u00e3o de pessoal<\/li>\n<li>ger\u00eancia\/lideran\u00e7a<\/li>\n<\/ul>\n<p>ou simplesmente para as pessoas interessadas em ficar mais alertas em situa\u00e7\u00f5es sociais cotidianas&#8230;<\/p>\n<p>Este curso de um dia o ajudar\u00e1 a afastar-se dos mitos e das conjeturas para dirigir-se \u00e0 an\u00e1lise baseada em dados cient\u00edficos: a ci\u00eancia que subjaz \u00e0 verdade e \u00e0 mentira.<\/p>\n<h3><\/h3>\n<h3><strong>Objetivos do curso:<\/strong><\/h3>\n<p>Depois de assistir a este curso, voc\u00ea ser\u00e1 capaz de:<\/p>\n<ul>\n<li>separar a ci\u00eancia dos mitos na detec\u00e7\u00e3o da verdade e da mentira<\/li>\n<li>aplicar um modelo psicol\u00f3gico integral para avaliar a verdade e a mentira<\/li>\n<li>esbo\u00e7ar uma ideia geral de como os cinco canais de comunica\u00e7\u00e3o podem ajudar neste processo<\/li>\n<li>reconhecer as macro e as microexpress\u00f5es que se mostram no rosto<\/li>\n<li>avaliar sua habilidade para distinguir entre a verdade e a mentira<\/li>\n<li>aprender e praticar as habilidades em um ambiente seguro com treinadores aprovados por Paul Ekman.<\/li>\n<\/ul>\n<p>&nbsp;<\/p>\n<h3><strong>Programa do curso:<\/strong><\/h3>\n<p>A oficina \u00e9 interativa e n\u00e3o \u00e9 necess\u00e1rio ter conhecimentos pr\u00e9vios sobre este tema para realiz\u00e1-la. Voc\u00ea mesmo se avaliar\u00e1 ao come\u00e7o do curso e no decorrer do mesmo, utilizando uma ferramenta de treinamento em microexpress\u00f5es criada pelo Dr. Ekman e analisando fragmentos de v\u00eddeos e situa\u00e7\u00f5es pr\u00e1ticas de verdade\/mentira.<br \/>\nO curso se organiza da seguinte maneira:<\/p>\n<ul>\n<li>Introdu\u00e7\u00e3o<\/li>\n<li>Defini\u00e7\u00e3o da mentira e da verdade<\/li>\n<li>Ci\u00eancia versus mito<\/li>\n<li>Modelos psicol\u00f3gicos da verdade e da mentira<\/li>\n<li>Emo\u00e7\u00f5es: aspectos b\u00e1sicos<\/li>\n<li>O rosto e as emo\u00e7\u00f5es<\/li>\n<li>Estudo experimental: aplica\u00e7\u00e3o de suas habilidades &#8216;ao vivo&#8217;<\/li>\n<li>Resumo e revis\u00e3o<\/li>\n<\/ul>\n<p>Utilizamos uma grande variedade de m\u00e9todos em oficinas com pequenos grupos e apresenta\u00e7\u00f5es din\u00e2micas para que o treinamento seja divertido, interativo, efetivo e interessante. Durante este programa piloto, tamb\u00e9m realizaremos uma pesquisa de recopila\u00e7\u00e3o de dados sobre a verdade e a mentira.<\/p>","protected":false},"excerpt":{"rendered":"<p>Uma introdu\u00e7\u00e3o \u00e0 avalia\u00e7\u00e3o da verdade e da credibilidade Um curso aprovado por Paul Ekman &nbsp; &nbsp; Sabe quando algu\u00e9m diz a verdade? Todos queremos ter a capacidade de distinguir a verdade da mentira. O dinheiro, a sa\u00fade, o bem-estar e as rela\u00e7\u00f5es dependem disso. Como voc\u00ea pode avaliar a credibilidade? Em entrevistas de trabalho? [&hellip;]<\/p>\n","protected":false},"author":1,"featured_media":0,"parent":0,"menu_order":0,"comment_status":"open","ping_status":"open","template":"","meta":{"footnotes":""},"class_list":["post-2810","page","type-page","status-publish","hentry"],"yoast_head":"<!-- This site is optimized with the Yoast SEO plugin v26.8 - https:\/\/yoast.com\/product\/yoast-seo-wordpress\/ -->\n<title>Verdade e Mentira: a Ci\u00eancia - Lambent<\/title>\n<meta name=\"robots\" content=\"index, follow, max-snippet:-1, max-image-preview:large, max-video-preview:-1\" \/>\n<link rel=\"canonical\" href=\"https:\/\/www.lambent.com\/pt-br\/verdade-e-mentira-a-ciencia-2\/\" \/>\n<meta property=\"og:locale\" content=\"pt_BR\" \/>\n<meta property=\"og:type\" content=\"article\" \/>\n<meta property=\"og:title\" content=\"Verdade e Mentira: a Ci\u00eancia - Lambent\" \/>\n<meta property=\"og:description\" content=\"Uma introdu\u00e7\u00e3o \u00e0 avalia\u00e7\u00e3o da verdade e da credibilidade Um curso aprovado por Paul Ekman &nbsp; &nbsp; Sabe quando algu\u00e9m diz a verdade? Todos queremos ter a capacidade de distinguir a verdade da mentira. O dinheiro, a sa\u00fade, o bem-estar e as rela\u00e7\u00f5es dependem disso. Como voc\u00ea pode avaliar a credibilidade? Em entrevistas de trabalho? [&hellip;]\" \/>\n<meta property=\"og:url\" content=\"https:\/\/www.lambent.com\/pt-br\/verdade-e-mentira-a-ciencia-2\/\" \/>\n<meta property=\"og:site_name\" content=\"Lambent\" \/>\n<meta property=\"og:image\" content=\"http:\/\/www.lambent.com\/wp-content\/uploads\/2012\/11\/download_brochure_por.png\" \/>\n<meta name=\"twitter:label1\" content=\"Est. tempo de leitura\" \/>\n\t<meta name=\"twitter:data1\" content=\"3 minutos\" \/>\n<script type=\"application\/ld+json\" class=\"yoast-schema-graph\">{\"@context\":\"https:\/\/schema.org\",\"@graph\":[{\"@type\":\"WebPage\",\"@id\":\"https:\/\/www.lambent.com\/pt-br\/verdade-e-mentira-a-ciencia-2\/\",\"url\":\"https:\/\/www.lambent.com\/pt-br\/verdade-e-mentira-a-ciencia-2\/\",\"name\":\"Verdade e Mentira: a Ci\u00eancia - Lambent\",\"isPartOf\":{\"@id\":\"https:\/\/www.lambent.com\/#website\"},\"primaryImageOfPage\":{\"@id\":\"https:\/\/www.lambent.com\/pt-br\/verdade-e-mentira-a-ciencia-2\/#primaryimage\"},\"image\":{\"@id\":\"https:\/\/www.lambent.com\/pt-br\/verdade-e-mentira-a-ciencia-2\/#primaryimage\"},\"thumbnailUrl\":\"http:\/\/www.lambent.com\/wp-content\/uploads\/2012\/11\/download_brochure_por.png\",\"datePublished\":\"2013-03-06T17:56:53+00:00\",\"inLanguage\":\"pt-BR\",\"potentialAction\":[{\"@type\":\"ReadAction\",\"target\":[\"https:\/\/www.lambent.com\/pt-br\/verdade-e-mentira-a-ciencia-2\/\"]}]},{\"@type\":\"ImageObject\",\"inLanguage\":\"pt-BR\",\"@id\":\"https:\/\/www.lambent.com\/pt-br\/verdade-e-mentira-a-ciencia-2\/#primaryimage\",\"url\":\"http:\/\/www.lambent.com\/wp-content\/uploads\/2012\/11\/download_brochure_por.png\",\"contentUrl\":\"http:\/\/www.lambent.com\/wp-content\/uploads\/2012\/11\/download_brochure_por.png\"},{\"@type\":\"WebSite\",\"@id\":\"https:\/\/www.lambent.com\/#website\",\"url\":\"https:\/\/www.lambent.com\/\",\"name\":\"Lambent\",\"description\":\"International Coaching Training\",\"potentialAction\":[{\"@type\":\"SearchAction\",\"target\":{\"@type\":\"EntryPoint\",\"urlTemplate\":\"https:\/\/www.lambent.com\/?s={search_term_string}\"},\"query-input\":{\"@type\":\"PropertyValueSpecification\",\"valueRequired\":true,\"valueName\":\"search_term_string\"}}],\"inLanguage\":\"pt-BR\"}]}<\/script>\n<!-- \/ Yoast SEO plugin. -->","yoast_head_json":{"title":"Verdade e Mentira: a Ci\u00eancia - Lambent","robots":{"index":"index","follow":"follow","max-snippet":"max-snippet:-1","max-image-preview":"max-image-preview:large","max-video-preview":"max-video-preview:-1"},"canonical":"https:\/\/www.lambent.com\/pt-br\/verdade-e-mentira-a-ciencia-2\/","og_locale":"pt_BR","og_type":"article","og_title":"Verdade e Mentira: a Ci\u00eancia - Lambent","og_description":"Uma introdu\u00e7\u00e3o \u00e0 avalia\u00e7\u00e3o da verdade e da credibilidade Um curso aprovado por Paul Ekman &nbsp; &nbsp; Sabe quando algu\u00e9m diz a verdade? Todos queremos ter a capacidade de distinguir a verdade da mentira. O dinheiro, a sa\u00fade, o bem-estar e as rela\u00e7\u00f5es dependem disso. Como voc\u00ea pode avaliar a credibilidade? Em entrevistas de trabalho? [&hellip;]","og_url":"https:\/\/www.lambent.com\/pt-br\/verdade-e-mentira-a-ciencia-2\/","og_site_name":"Lambent","og_image":[{"url":"http:\/\/www.lambent.com\/wp-content\/uploads\/2012\/11\/download_brochure_por.png","type":"","width":"","height":""}],"twitter_misc":{"Est. tempo de leitura":"3 minutos"},"schema":{"@context":"https:\/\/schema.org","@graph":[{"@type":"WebPage","@id":"https:\/\/www.lambent.com\/pt-br\/verdade-e-mentira-a-ciencia-2\/","url":"https:\/\/www.lambent.com\/pt-br\/verdade-e-mentira-a-ciencia-2\/","name":"Verdade e Mentira: a Ci\u00eancia - Lambent","isPartOf":{"@id":"https:\/\/www.lambent.com\/#website"},"primaryImageOfPage":{"@id":"https:\/\/www.lambent.com\/pt-br\/verdade-e-mentira-a-ciencia-2\/#primaryimage"},"image":{"@id":"https:\/\/www.lambent.com\/pt-br\/verdade-e-mentira-a-ciencia-2\/#primaryimage"},"thumbnailUrl":"http:\/\/www.lambent.com\/wp-content\/uploads\/2012\/11\/download_brochure_por.png","datePublished":"2013-03-06T17:56:53+00:00","inLanguage":"pt-BR","potentialAction":[{"@type":"ReadAction","target":["https:\/\/www.lambent.com\/pt-br\/verdade-e-mentira-a-ciencia-2\/"]}]},{"@type":"ImageObject","inLanguage":"pt-BR","@id":"https:\/\/www.lambent.com\/pt-br\/verdade-e-mentira-a-ciencia-2\/#primaryimage","url":"http:\/\/www.lambent.com\/wp-content\/uploads\/2012\/11\/download_brochure_por.png","contentUrl":"http:\/\/www.lambent.com\/wp-content\/uploads\/2012\/11\/download_brochure_por.png"},{"@type":"WebSite","@id":"https:\/\/www.lambent.com\/#website","url":"https:\/\/www.lambent.com\/","name":"Lambent","description":"International Coaching Training","potentialAction":[{"@type":"SearchAction","target":{"@type":"EntryPoint","urlTemplate":"https:\/\/www.lambent.com\/?s={search_term_string}"},"query-input":{"@type":"PropertyValueSpecification","valueRequired":true,"valueName":"search_term_string"}}],"inLanguage":"pt-BR"}]}},"_links":{"self":[{"href":"https:\/\/www.lambent.com\/pt-br\/wp-json\/wp\/v2\/pages\/2810\/"}],"collection":[{"href":"https:\/\/www.lambent.com\/pt-br\/wp-json\/wp\/v2\/pages\/"}],"about":[{"href":"https:\/\/www.lambent.com\/pt-br\/wp-json\/wp\/v2\/types\/page\/"}],"author":[{"embeddable":true,"href":"https:\/\/www.lambent.com\/pt-br\/wp-json\/wp\/v2\/users\/1\/"}],"replies":[{"embeddable":true,"href":"https:\/\/www.lambent.com\/pt-br\/wp-json\/wp\/v2\/comments\/?post=2810"}],"version-history":[{"count":1,"href":"https:\/\/www.lambent.com\/pt-br\/wp-json\/wp\/v2\/pages\/2810\/revisions\/"}],"predecessor-version":[{"id":2811,"href":"https:\/\/www.lambent.com\/pt-br\/wp-json\/wp\/v2\/pages\/2810\/revisions\/2811\/"}],"wp:attachment":[{"href":"https:\/\/www.lambent.com\/pt-br\/wp-json\/wp\/v2\/media\/?parent=2810"}],"curies":[{"name":"wp","href":"https:\/\/api.w.org\/{rel}","templated":true}]}}