{"id":2788,"date":"2013-03-06T17:14:03","date_gmt":"2013-03-06T17:14:03","guid":{"rendered":"http:\/\/www.lambent.com\/auditoria-sistemica\/"},"modified":"2013-03-06T17:16:28","modified_gmt":"2013-03-06T17:16:28","slug":"auditoria-sistemica","status":"publish","type":"page","link":"https:\/\/www.lambent.com\/pt-br\/auditoria-sistemica\/","title":{"rendered":"Auditoria sist\u00eamica"},"content":{"rendered":"<h2><strong>Como funciona sua empresa?<\/strong><\/h2>\n<table border=\"0\" cellpadding=\"0\">\n<tbody>\n<tr>\n<td>A auditoria sist\u00eamica \u00e9 uma an\u00e1lise dos sistemas de seu neg\u00f3cio para encontrar pontos de influ\u00eancia para a mudan\u00e7a:<br \/>\nos lugares onde \u00e9 poss\u00edvel obter a maior mudan\u00e7a sustent\u00e1vel com o menor esfor\u00e7o. Sem uma auditoria sist\u00eamica, deve-se arriscar a obter solu\u00e7\u00f5es de curto prazo enquanto o rendimento empresarial continua diminuindo.<\/td>\n<td><\/td>\n<\/tr>\n<\/tbody>\n<\/table>\n<p>Seu neg\u00f3cio apresenta algum dos seguintes sintomas?<\/p>\n<p>&#8211; \u00a0 \u00a0 \u00a0 \u00a0\u00a0Procedimentos sobre os quais todos reclamam, mas ningu\u00e9m muda?<\/p>\n<p><em id=\"__mceDel\"><em id=\"__mceDel\"> &#8211; \u00a0 \u00a0 \u00a0 \u00a0\u00a0Dois sistemas separados: o modo como as coisas deveriam ser feitas e o modo como realmente s\u00e3o feitas?<\/p>\n<p>&#8211; \u00a0 \u00a0 \u00a0 \u00a0\u00a0Um problema que \u00e9 solucionado constantemente, mas que continuam aparecendo?<\/p>\n<p>&#8211; \u00a0 \u00a0 \u00a0 \u00a0\u00a0Problemas de comunica\u00e7\u00e3o entre os departamentos ou entre pessoas-chave?<\/p>\n<p>&#8211; \u00a0 \u00a0 \u00a0 \u00a0Grandes varia\u00e7\u00f5es de rentabilidade de ano a ano?<\/p>\n<p>&#8211; \u00a0 \u00a0 \u00a0 \u00a0O gerente passa o tempo resolvendo muitas quest\u00f5es que s\u00e3o urgentes, mas que n\u00e3o s\u00e3o importantes?<\/p>\n<p><\/em><\/em><em id=\"__mceDel\">Uma auditoria sist\u00eamica \u00e9 uma fotografia de uma empresa, que mostra o modo exato como s\u00e3o produzidos os sistemas e os passos exatos que devem ser executados em rela\u00e7\u00e3o a eles.<\/em><\/p>","protected":false},"excerpt":{"rendered":"<p>Como funciona sua empresa? A auditoria sist\u00eamica \u00e9 uma an\u00e1lise dos sistemas de seu neg\u00f3cio para encontrar pontos de influ\u00eancia para a mudan\u00e7a: os lugares onde \u00e9 poss\u00edvel obter a maior mudan\u00e7a sustent\u00e1vel com o menor esfor\u00e7o. Sem uma auditoria sist\u00eamica, deve-se arriscar a obter solu\u00e7\u00f5es de curto prazo enquanto o rendimento empresarial continua diminuindo. [&hellip;]<\/p>\n","protected":false},"author":1,"featured_media":0,"parent":0,"menu_order":0,"comment_status":"open","ping_status":"open","template":"","meta":{"footnotes":""},"class_list":["post-2788","page","type-page","status-publish","hentry"],"yoast_head":"<!-- This site is optimized with the Yoast SEO plugin v26.8 - https:\/\/yoast.com\/product\/yoast-seo-wordpress\/ -->\n<title>Auditoria sist\u00eamica - Lambent<\/title>\n<meta name=\"robots\" content=\"index, follow, max-snippet:-1, max-image-preview:large, max-video-preview:-1\" \/>\n<link rel=\"canonical\" href=\"https:\/\/www.lambent.com\/pt-br\/auditoria-sistemica\/\" \/>\n<meta property=\"og:locale\" content=\"pt_BR\" \/>\n<meta property=\"og:type\" content=\"article\" \/>\n<meta property=\"og:title\" content=\"Auditoria sist\u00eamica - Lambent\" \/>\n<meta property=\"og:description\" content=\"Como funciona sua empresa? A auditoria sist\u00eamica \u00e9 uma an\u00e1lise dos sistemas de seu neg\u00f3cio para encontrar pontos de influ\u00eancia para a mudan\u00e7a: os lugares onde \u00e9 poss\u00edvel obter a maior mudan\u00e7a sustent\u00e1vel com o menor esfor\u00e7o. Sem uma auditoria sist\u00eamica, deve-se arriscar a obter solu\u00e7\u00f5es de curto prazo enquanto o rendimento empresarial continua diminuindo. [&hellip;]\" \/>\n<meta property=\"og:url\" content=\"https:\/\/www.lambent.com\/pt-br\/auditoria-sistemica\/\" \/>\n<meta property=\"og:site_name\" content=\"Lambent\" \/>\n<meta property=\"article:modified_time\" content=\"2013-03-06T17:16:28+00:00\" \/>\n<meta name=\"twitter:label1\" content=\"Est. tempo de leitura\" \/>\n\t<meta name=\"twitter:data1\" content=\"1 minuto\" \/>\n<script type=\"application\/ld+json\" class=\"yoast-schema-graph\">{\"@context\":\"https:\/\/schema.org\",\"@graph\":[{\"@type\":\"WebPage\",\"@id\":\"https:\/\/www.lambent.com\/pt-br\/auditoria-sistemica\/\",\"url\":\"https:\/\/www.lambent.com\/pt-br\/auditoria-sistemica\/\",\"name\":\"Auditoria sist\u00eamica - Lambent\",\"isPartOf\":{\"@id\":\"https:\/\/www.lambent.com\/#website\"},\"datePublished\":\"2013-03-06T17:14:03+00:00\",\"dateModified\":\"2013-03-06T17:16:28+00:00\",\"inLanguage\":\"pt-BR\",\"potentialAction\":[{\"@type\":\"ReadAction\",\"target\":[\"https:\/\/www.lambent.com\/pt-br\/auditoria-sistemica\/\"]}]},{\"@type\":\"WebSite\",\"@id\":\"https:\/\/www.lambent.com\/#website\",\"url\":\"https:\/\/www.lambent.com\/\",\"name\":\"Lambent\",\"description\":\"International Coaching Training\",\"potentialAction\":[{\"@type\":\"SearchAction\",\"target\":{\"@type\":\"EntryPoint\",\"urlTemplate\":\"https:\/\/www.lambent.com\/?s={search_term_string}\"},\"query-input\":{\"@type\":\"PropertyValueSpecification\",\"valueRequired\":true,\"valueName\":\"search_term_string\"}}],\"inLanguage\":\"pt-BR\"}]}<\/script>\n<!-- \/ Yoast SEO plugin. -->","yoast_head_json":{"title":"Auditoria sist\u00eamica - Lambent","robots":{"index":"index","follow":"follow","max-snippet":"max-snippet:-1","max-image-preview":"max-image-preview:large","max-video-preview":"max-video-preview:-1"},"canonical":"https:\/\/www.lambent.com\/pt-br\/auditoria-sistemica\/","og_locale":"pt_BR","og_type":"article","og_title":"Auditoria sist\u00eamica - Lambent","og_description":"Como funciona sua empresa? A auditoria sist\u00eamica \u00e9 uma an\u00e1lise dos sistemas de seu neg\u00f3cio para encontrar pontos de influ\u00eancia para a mudan\u00e7a: os lugares onde \u00e9 poss\u00edvel obter a maior mudan\u00e7a sustent\u00e1vel com o menor esfor\u00e7o. Sem uma auditoria sist\u00eamica, deve-se arriscar a obter solu\u00e7\u00f5es de curto prazo enquanto o rendimento empresarial continua diminuindo. [&hellip;]","og_url":"https:\/\/www.lambent.com\/pt-br\/auditoria-sistemica\/","og_site_name":"Lambent","article_modified_time":"2013-03-06T17:16:28+00:00","twitter_misc":{"Est. tempo de leitura":"1 minuto"},"schema":{"@context":"https:\/\/schema.org","@graph":[{"@type":"WebPage","@id":"https:\/\/www.lambent.com\/pt-br\/auditoria-sistemica\/","url":"https:\/\/www.lambent.com\/pt-br\/auditoria-sistemica\/","name":"Auditoria sist\u00eamica - Lambent","isPartOf":{"@id":"https:\/\/www.lambent.com\/#website"},"datePublished":"2013-03-06T17:14:03+00:00","dateModified":"2013-03-06T17:16:28+00:00","inLanguage":"pt-BR","potentialAction":[{"@type":"ReadAction","target":["https:\/\/www.lambent.com\/pt-br\/auditoria-sistemica\/"]}]},{"@type":"WebSite","@id":"https:\/\/www.lambent.com\/#website","url":"https:\/\/www.lambent.com\/","name":"Lambent","description":"International Coaching Training","potentialAction":[{"@type":"SearchAction","target":{"@type":"EntryPoint","urlTemplate":"https:\/\/www.lambent.com\/?s={search_term_string}"},"query-input":{"@type":"PropertyValueSpecification","valueRequired":true,"valueName":"search_term_string"}}],"inLanguage":"pt-BR"}]}},"_links":{"self":[{"href":"https:\/\/www.lambent.com\/pt-br\/wp-json\/wp\/v2\/pages\/2788\/"}],"collection":[{"href":"https:\/\/www.lambent.com\/pt-br\/wp-json\/wp\/v2\/pages\/"}],"about":[{"href":"https:\/\/www.lambent.com\/pt-br\/wp-json\/wp\/v2\/types\/page\/"}],"author":[{"embeddable":true,"href":"https:\/\/www.lambent.com\/pt-br\/wp-json\/wp\/v2\/users\/1\/"}],"replies":[{"embeddable":true,"href":"https:\/\/www.lambent.com\/pt-br\/wp-json\/wp\/v2\/comments\/?post=2788"}],"version-history":[{"count":1,"href":"https:\/\/www.lambent.com\/pt-br\/wp-json\/wp\/v2\/pages\/2788\/revisions\/"}],"predecessor-version":[{"id":2789,"href":"https:\/\/www.lambent.com\/pt-br\/wp-json\/wp\/v2\/pages\/2788\/revisions\/2789\/"}],"wp:attachment":[{"href":"https:\/\/www.lambent.com\/pt-br\/wp-json\/wp\/v2\/media\/?parent=2788"}],"curies":[{"name":"wp","href":"https:\/\/api.w.org\/{rel}","templated":true}]}}