{"id":2761,"date":"2013-03-06T14:21:08","date_gmt":"2013-03-06T14:21:08","guid":{"rendered":"http:\/\/www.lambent.com\/?page_id=2761"},"modified":"2022-02-26T13:39:33","modified_gmt":"2022-02-26T13:39:33","slug":"parceiros-internacionais","status":"publish","type":"page","link":"https:\/\/www.lambent.com\/pt-br\/parceiros-internacionais\/","title":{"rendered":"Parceiros Internacionais"},"content":{"rendered":"<h4><strong>Links para os nossos parceiros internacionais<\/strong><\/h4>\n<table border=\"0\" width=\"100%\" cellspacing=\"0\" cellpadding=\"5\">\n<tbody>\n<tr>\n<td width=\"30%\"><a href=\"http:\/\/www.lambent.com\/wp-content\/uploads\/2012\/11\/bdi.png\"><img loading=\"lazy\" decoding=\"async\" title=\"bdi\" src=\"http:\/\/www.lambent.com\/wp-content\/uploads\/2012\/11\/bdi.png\" alt=\"\" width=\"105\" height=\"34\" \/><\/a><\/td>\n<td width=\"70%\"><strong><a href=\"http:\/\/bdil.jp\/\" target=\"_blank\" rel=\"noopener\">BDI Bio Dynamics Institute<\/a><\/strong><br \/>\nNosso parceiro no Jap\u00e3o<\/td>\n<\/tr>\n<tr>\n<td><a href=\"http:\/\/www.lambent.com\/wp-content\/uploads\/2012\/11\/bvdh.png\"><img loading=\"lazy\" decoding=\"async\" class=\"alignleft size-full wp-image-1925\" title=\"bvdh\" src=\"http:\/\/www.lambent.com\/wp-content\/uploads\/2012\/11\/bvdh.png\" alt=\"\" width=\"111\" height=\"28\" \/><\/a><\/td>\n<td><strong><a href=\"https:\/\/sites.google.com\/site\/wwwbvdhcom\/\" target=\"_blank\" rel=\"noopener\">Brian van der Horst Cognitive Services <\/a><\/strong><br \/>\nNosso parceiro na Fran\u00e7a<\/td>\n<\/tr>\n<tr>\n<td><a href=\"http:\/\/www.lambent.com\/wp-content\/uploads\/2012\/11\/city_knowledge.png\"><img loading=\"lazy\" decoding=\"async\" class=\"alignleft size-full wp-image-1919\" title=\"city_knowledge\" src=\"http:\/\/www.lambent.com\/wp-content\/uploads\/2012\/11\/city_knowledge.png\" alt=\"\" width=\"106\" height=\"33\" \/><\/a><\/td>\n<td><strong><a href=\"http:\/\/ciudaddelsaber.org\/\" target=\"_blank\" rel=\"noopener\">City of Knowledge <\/a><\/strong><br \/>\nNosso parceiro no Panam\u00e1<\/td>\n<\/tr>\n<tr>\n<td><a href=\"http:\/\/www.lambent.com\/wp-content\/uploads\/2012\/11\/coach_kompagniet.png\"><img loading=\"lazy\" decoding=\"async\" title=\"coach_kompagniet\" src=\"http:\/\/www.lambent.com\/wp-content\/uploads\/2012\/11\/coach_kompagniet.png\" alt=\"\" width=\"120\" height=\"31\" \/><\/a><\/td>\n<td><strong><a href=\"http:\/\/www.coachkompagniet.dk\/\" target=\"_blank\" rel=\"noopener\">Coach Kompagniet <\/a><\/strong><br \/>\nNosso parceiro na Dinamarca<\/td>\n<\/tr>\n<tr>\n<td><a href=\"http:\/\/www.lambent.com\/wp-content\/uploads\/2012\/11\/coaching_positivo.png\"><img loading=\"lazy\" decoding=\"async\" class=\"alignleft size-full wp-image-1911\" title=\"coaching_positivo\" src=\"http:\/\/www.lambent.com\/wp-content\/uploads\/2012\/11\/coaching_positivo.png\" alt=\"\" width=\"93\" height=\"40\" \/><\/a><\/td>\n<td><strong><a href=\"http:\/\/www.coachingpositivo.com\" target=\"_blank\" rel=\"noopener\">Coaching Positivo \u2013 Angel Cortes<br \/>\n<\/a><\/strong>Nosso parceiro em El Salvador<strong><a href=\"http:\/\/www.coachingpositivo.com\" target=\"_blank\" rel=\"noopener\"><br \/>\n<\/a><\/strong><\/td>\n<\/tr>\n<tr>\n<td><a href=\"http:\/\/www.lambent.com\/wp-content\/uploads\/2012\/11\/gledis.png\"><img loading=\"lazy\" decoding=\"async\" class=\"alignleft size-full wp-image-1916\" title=\"gledis\" src=\"http:\/\/www.lambent.com\/wp-content\/uploads\/2012\/11\/gledis.png\" alt=\"\" width=\"93\" height=\"32\" \/><\/a><\/td>\n<td><strong><a href=\"http:\/\/www.gledis.co.jp\/\" target=\"_blank\" rel=\"noopener\">Gledis<\/a><\/strong><br \/>\nNosso parceiro no Jap\u00e3o<\/td>\n<\/tr>\n<tr>\n<td><a href=\"http:\/\/www.lambent.com\/wp-content\/uploads\/2012\/11\/golfinho.png\"><img loading=\"lazy\" decoding=\"async\" class=\"alignleft size-full wp-image-1927\" title=\"golfinho\" src=\"http:\/\/www.lambent.com\/wp-content\/uploads\/2012\/11\/golfinho.png\" alt=\"\" width=\"116\" height=\"29\" \/><\/a><\/td>\n<td><strong><a href=\"http:\/\/www.golfinho.com.br\/\" target=\"_blank\" rel=\"noopener\">Golfinho &#8211; PNL<br \/>\n<\/a><\/strong>Nosso parceiro no Brasil<\/td>\n<\/tr>\n<tr>\n<td><a href=\"http:\/\/www.lambent.com\/wp-content\/uploads\/2012\/11\/hypnose.png\"><img loading=\"lazy\" decoding=\"async\" class=\"alignleft size-full wp-image-1898\" title=\"hypnose\" src=\"http:\/\/www.lambent.com\/wp-content\/uploads\/2012\/11\/hypnose.png\" alt=\"\" width=\"120\" height=\"24\" \/><\/a><\/td>\n<td><strong><a href=\"http:\/\/www.hypnoseinstituttet.dk\/\" target=\"_blank\" rel=\"noopener\">Hypnose Instituttet<br \/>\n<\/a><\/strong>Nosso parceiro na Dinamarca<strong><a href=\"http:\/\/www.hypnoseinstituttet.dk\/\" target=\"_blank\" rel=\"noopener\"><br \/>\n<\/a><\/strong><\/td>\n<\/tr>\n<tr>\n<td><a href=\"http:\/\/www.lambent.com\/wp-content\/uploads\/2012\/11\/iluminatta-logo-Brasil.jpg\"><img loading=\"lazy\" decoding=\"async\" class=\"alignleft size-full wp-image-9461\" src=\"http:\/\/www.lambent.com\/wp-content\/uploads\/2012\/11\/iluminatta-logo-Brasil.jpg\" alt=\"iluminatta-logo-Brasil\" width=\"120\" height=\"60\" \/><\/a><\/td>\n<td><strong><a href=\"http:\/\/www.iluminattabrasil.com.br\" target=\"_blank\" rel=\"noopener\">Iluminatta Brasil<\/a><\/strong><br \/>\nNosso parceiro no Brasil<\/td>\n<\/tr>\n<tr>\n<td><a href=\"http:\/\/www.lambent.com\/wp-content\/uploads\/2012\/11\/impact.png\"><img loading=\"lazy\" decoding=\"async\" class=\"alignleft size-full wp-image-1893\" title=\"impact\" src=\"http:\/\/www.lambent.com\/wp-content\/uploads\/2012\/11\/impact.png\" alt=\"\" width=\"110\" height=\"30\" \/><\/a><\/td>\n<td><strong><a href=\"http:\/\/impactcoachingsolutions.com\/\" target=\"_blank\" rel=\"noopener\">Impact Coaching Solutions<\/a><\/strong><br \/>\nNosso parceiro nos Estados Unidos<\/td>\n<\/tr>\n<tr>\n<td><a href=\"http:\/\/www.lambent.com\/wp-content\/uploads\/2012\/11\/its.png\"><img loading=\"lazy\" decoding=\"async\" class=\"alignleft size-full wp-image-1901\" title=\"its\" src=\"http:\/\/www.lambent.com\/wp-content\/uploads\/2012\/11\/its.png\" alt=\"\" width=\"95\" height=\"40\" \/><\/a><\/td>\n<td><strong><a href=\"http:\/\/www.itsnlp.com\" target=\"_blank\" rel=\"noopener\">International Teaching Seminars<\/a><\/strong><br \/>\nNosso parceiro no Reino Unido<\/td>\n<\/tr>\n<tr>\n<td><a href=\"http:\/\/www.lambent.com\/wp-content\/uploads\/2015\/12\/Logo_Valuesteam_30.jpg\"><img loading=\"lazy\" decoding=\"async\" class=\"alignnone wp-image-9912 \" title=\"kefann\" src=\"http:\/\/www.lambent.com\/wp-content\/uploads\/2015\/12\/Logo_Valuesteam_30-300x88.jpg\" alt=\"\" width=\"126\" height=\"37\" srcset=\"https:\/\/www.lambent.com\/wp-content\/uploads\/2015\/12\/Logo_Valuesteam_30-300x88.jpg 300w, https:\/\/www.lambent.com\/wp-content\/uploads\/2015\/12\/Logo_Valuesteam_30-768x224.jpg 768w, https:\/\/www.lambent.com\/wp-content\/uploads\/2015\/12\/Logo_Valuesteam_30-1024x299.jpg 1024w, https:\/\/www.lambent.com\/wp-content\/uploads\/2015\/12\/Logo_Valuesteam_30.jpg 2000w\" sizes=\"auto, (max-width: 126px) 100vw, 126px\" \/><\/a><\/td>\n<td><strong><a href=\"http:\/\/valuesteam.pl\/\" target=\"_blank\" rel=\"noopener\">Values Team<\/a><\/strong><br \/>\nNosso parceiro na Pol\u00f4nia<\/td>\n<\/tr>\n<tr>\n<td><a href=\"http:\/\/www.lambent.com\/wp-content\/uploads\/2012\/11\/life_compass.png\"><img loading=\"lazy\" decoding=\"async\" title=\"life_compass\" src=\"http:\/\/www.lambent.com\/wp-content\/uploads\/2012\/11\/life_compass.png\" alt=\"\" width=\"52\" height=\"53\" \/><\/a><\/td>\n<td><strong><a href=\"http:\/\/www.lifecompasscoach.jp\/\" target=\"_blank\" rel=\"noopener\">Life Compass Co.; Ltd.<\/a><\/strong><br \/>\nNosso parceiro no Jap\u00e3o<\/td>\n<\/tr>\n<tr>\n<td><a href=\"http:\/\/www.lambent.com\/wp-content\/uploads\/2012\/11\/mental_training.png\"><img loading=\"lazy\" decoding=\"async\" class=\"alignleft size-full wp-image-1890\" title=\"mental_training\" src=\"http:\/\/www.lambent.com\/wp-content\/uploads\/2012\/11\/mental_training.png\" alt=\"\" width=\"139\" height=\"30\" \/><\/a><\/td>\n<td><strong><a href=\"http:\/\/www.mtsweden.com\/\" target=\"_blank\" rel=\"noopener\">Mental Trainig Sweden<br \/>\n<\/a><\/strong>Nosso parceiro na Su\u00e9cia<strong><a href=\"http:\/\/www.mtsweden.com\/\" target=\"_blank\" rel=\"noopener\"><br \/>\n<\/a><\/strong><\/td>\n<\/tr>\n<tr>\n<td><a href=\"http:\/\/www.lambent.com\/wp-content\/uploads\/2012\/11\/meta_partner.png\"><img loading=\"lazy\" decoding=\"async\" class=\"alignleft size-full wp-image-1894\" title=\"meta_partner\" src=\"http:\/\/www.lambent.com\/wp-content\/uploads\/2012\/11\/meta_partner.png\" alt=\"\" width=\"130\" height=\"33\" \/><\/a><\/td>\n<td><a title=\"Meta-Partner - Anneli Hermanstad\" href=\"http:\/\/www.meta-partner.no\"><strong>Meta-Partner \u2013 Anneli Hermanstad<\/strong><\/a><br \/>\nNosso parceiro na Noruega<\/td>\n<\/tr>\n<tr>\n<td><a href=\"http:\/\/www.lambent.com\/wp-content\/uploads\/2015\/12\/logo_af_v2-02.png\"><img loading=\"lazy\" decoding=\"async\" class=\"alignnone wp-image-9911 \" title=\"mindcoach\" src=\"http:\/\/www.lambent.com\/wp-content\/uploads\/2015\/12\/logo_af_v2-02-300x300.png\" alt=\"\" width=\"95\" height=\"95\" srcset=\"https:\/\/www.lambent.com\/wp-content\/uploads\/2015\/12\/logo_af_v2-02-300x300.png 300w, https:\/\/www.lambent.com\/wp-content\/uploads\/2015\/12\/logo_af_v2-02-150x150.png 150w, https:\/\/www.lambent.com\/wp-content\/uploads\/2015\/12\/logo_af_v2-02-768x765.png 768w, https:\/\/www.lambent.com\/wp-content\/uploads\/2015\/12\/logo_af_v2-02-1024x1020.png 1024w, https:\/\/www.lambent.com\/wp-content\/uploads\/2015\/12\/logo_af_v2-02.png 1048w\" sizes=\"auto, (max-width: 95px) 100vw, 95px\" \/><\/a><\/td>\n<td><strong><a href=\"http:\/\/premiumcoaching.pt\/\" target=\"_blank\" rel=\"noopener\">Premium Coaching<\/a><\/strong><br \/>\nNosso parceiro em\u00a0Portugal<\/td>\n<\/tr>\n<tr>\n<td><a href=\"http:\/\/www.lambent.com\/wp-content\/uploads\/2012\/11\/nlp.png\"><img loading=\"lazy\" decoding=\"async\" class=\"alignleft size-full wp-image-1931\" title=\"nlp\" src=\"http:\/\/www.lambent.com\/wp-content\/uploads\/2012\/11\/nlp.png\" alt=\"\" width=\"87\" height=\"47\" \/><\/a><\/td>\n<td><strong><a href=\"http:\/\/www.nlpco.com\/\" target=\"_blank\" rel=\"noopener\">NLP Comprehensive<\/a> <\/strong><br \/>\nNosso parceiro no Colorado, Estados Unidos<\/td>\n<\/tr>\n<tr>\n<td><a href=\"http:\/\/www.lambent.com\/wp-content\/uploads\/2012\/11\/nordic_institute.png\"><img loading=\"lazy\" decoding=\"async\" class=\"alignleft size-full wp-image-1922\" title=\"nordic_institute\" src=\"http:\/\/www.lambent.com\/wp-content\/uploads\/2012\/11\/nordic_institute.png\" alt=\"\" width=\"54\" height=\"54\" \/><\/a><\/td>\n<td><strong><a href=\"http:\/\/www.nordicinstitute.se\/\" target=\"_blank\" rel=\"noopener\">Nordic Institute<\/a><\/strong><br \/>\nNosso parceiro na Su\u00e9cia<\/td>\n<\/tr>\n<tr>\n<td><a href=\"http:\/\/www.lambent.com\/wp-content\/uploads\/2012\/11\/perfiles.png\"><img loading=\"lazy\" decoding=\"async\" class=\"alignleft size-full wp-image-1912\" title=\"perfiles\" src=\"http:\/\/www.lambent.com\/wp-content\/uploads\/2012\/11\/perfiles.png\" alt=\"\" width=\"98\" height=\"40\" \/><\/a><\/td>\n<td><strong><a href=\"http:\/\/www.perfilesycompetencias.com\" target=\"_blank\" rel=\"noopener\">Perfiles y Competencias \u2013 Sonia Colombo<br \/>\n<\/a><\/strong>Nosso parceiro na Rep\u00fablica Dominicana<strong><a href=\"http:\/\/www.perfilesycompetencias.com\" target=\"_blank\" rel=\"noopener\"><br \/>\n<\/a><\/strong><\/td>\n<\/tr>\n<tr>\n<td><a href=\"http:\/\/www.lambent.com\/wp-content\/uploads\/2012\/11\/ppd.png\"><img loading=\"lazy\" decoding=\"async\" class=\"alignleft size-full wp-image-1930\" title=\"ppd\" src=\"http:\/\/www.lambent.com\/wp-content\/uploads\/2012\/11\/ppd.png\" alt=\"\" width=\"119\" height=\"30\" \/><\/a><\/td>\n<td><strong><a href=\"http:\/\/www.ppdlearning.co.uk\/\" target=\"_blank\" rel=\"noopener\">PPD Learning<\/a> <\/strong><br \/>\nNosso parceiro no Reino Unido<\/td>\n<\/tr>\n<tr>\n<td><a href=\"http:\/\/www.lambent.com\/wp-content\/uploads\/2012\/11\/qcoach.png\"><img loading=\"lazy\" decoding=\"async\" class=\"alignleft size-full wp-image-1899\" title=\"qcoach\" src=\"http:\/\/www.lambent.com\/wp-content\/uploads\/2012\/11\/qcoach.png\" alt=\"\" width=\"89\" height=\"36\" \/><\/a><\/td>\n<td><strong><a href=\"http:\/\/qcoach.es\/\" target=\"_blank\" rel=\"noopener\">QCoach &#8211; Desarrollo Directivo<br \/>\n<\/a><\/strong>Nosso parceiro na Espanha<strong><a href=\"http:\/\/qcoach.es\/\" target=\"_blank\" rel=\"noopener\"><br \/>\n<\/a><\/strong><\/td>\n<\/tr>\n<tr>\n<td><\/td>\n<td><a href=\"http:\/\/www.unestahl.com\/\"><strong>Scandinavian International University<\/strong><\/a><br \/>\nNosso parceiro na Su\u00e9cia<\/td>\n<\/tr>\n<tr>\n<td><a href=\"http:\/\/www.lambent.com\/wp-content\/uploads\/2012\/11\/pirovano.png\"><img loading=\"lazy\" decoding=\"async\" class=\"alignleft size-full wp-image-1928\" title=\"pirovano\" src=\"http:\/\/www.lambent.com\/wp-content\/uploads\/2012\/11\/pirovano.png\" alt=\"\" width=\"119\" height=\"34\" \/><\/a><\/td>\n<td><strong><a href=\"http:\/\/www.studiopirovano.com\/\" target=\"_blank\" rel=\"noopener\">Studio Pirovano<\/a><\/strong><br \/>\nNosso parceiro na It\u00e1lia<\/td>\n<\/tr>\n<tr>\n<td><a href=\"http:\/\/www.lambent.com\/wp-content\/uploads\/2012\/11\/team_coaching.png\"><img loading=\"lazy\" decoding=\"async\" class=\"alignleft size-full wp-image-1910\" title=\"team_coaching\" src=\"http:\/\/www.lambent.com\/wp-content\/uploads\/2012\/11\/team_coaching.png\" alt=\"\" width=\"77\" height=\"38\" \/><\/a><\/td>\n<td><strong><a href=\"http:\/\/www.teamcoaching.pl\" target=\"_blank\" rel=\"noopener\">Team Coaching \u2013 Rafal Nykiel<br \/>\n<\/a><\/strong>Nosso parceiro na Pol\u00f4nia<\/td>\n<\/tr>\n<tr>\n<td><a href=\"http:\/\/www.lambent.com\/wp-content\/uploads\/2012\/11\/united_knowledge.png\"><img loading=\"lazy\" decoding=\"async\" class=\"alignleft size-full wp-image-1923\" title=\"united_knowledge\" src=\"http:\/\/www.lambent.com\/wp-content\/uploads\/2012\/11\/united_knowledge.png\" alt=\"\" width=\"130\" height=\"26\" \/><\/a><\/td>\n<td><strong><a href=\"http:\/\/www.uknowledge.com\/\" target=\"_blank\" rel=\"noopener\">United Knowledge<\/a><\/strong><br \/>\nNosso parceiro em Singapura<\/td>\n<\/tr>\n<tr>\n<td>\u00a0<a href=\"http:\/\/www.lambent.com\/wp-content\/uploads\/2015\/12\/logo_quantum.jpg\"><img loading=\"lazy\" decoding=\"async\" class=\"alignnone wp-image-9910\" src=\"http:\/\/www.lambent.com\/wp-content\/uploads\/2015\/12\/logo_quantum.jpg\" alt=\"\" width=\"144\" height=\"41\" \/><\/a><\/td>\n<td><strong><a href=\"http:\/\/fundacionquantum.com.ar\/\" target=\"_blank\" rel=\"noopener\">Fundaci\u00f3n Quantum<\/a><\/strong><br \/>\nNosso parceiro na Argentina<\/td>\n<\/tr>\n<tr>\n<td>\u00a0<a href=\"http:\/\/www.lambent.com\/wp-content\/uploads\/2013\/06\/Logo_Crescimentum.jpg\"><img loading=\"lazy\" decoding=\"async\" class=\"alignnone size-full wp-image-3187\" src=\"http:\/\/www.lambent.com\/wp-content\/uploads\/2013\/06\/Logo_Crescimentum.jpg\" alt=\"Logo_Crescimentum\" width=\"100\" height=\"55\" \/><\/a><\/td>\n<td><strong><a href=\"http:\/\/www.crescimentum.com.br\/home\/\" target=\"_blank\" rel=\"noopener\">Crescimentum &#8211; Alta performance en Lideran\u00e7a<\/a><\/strong><br \/>\nNosso parceiro no Brasil<\/td>\n<\/tr>\n<\/tbody>\n<\/table>","protected":false},"excerpt":{"rendered":"<p>Links para os nossos parceiros internacionais BDI Bio Dynamics Institute Nosso parceiro no Jap\u00e3o Brian van der Horst Cognitive Services Nosso parceiro na Fran\u00e7a City of Knowledge Nosso parceiro no Panam\u00e1 Coach Kompagniet Nosso parceiro na Dinamarca Coaching Positivo \u2013 Angel Cortes Nosso parceiro em El Salvador Gledis Nosso parceiro no Jap\u00e3o Golfinho &#8211; PNL [&hellip;]<\/p>\n","protected":false},"author":1,"featured_media":0,"parent":0,"menu_order":0,"comment_status":"open","ping_status":"open","template":"","meta":{"footnotes":""},"class_list":["post-2761","page","type-page","status-publish","hentry"],"yoast_head":"<!-- This site is optimized with the Yoast SEO plugin v26.8 - https:\/\/yoast.com\/product\/yoast-seo-wordpress\/ -->\n<title>Parceiros Internacionais - Lambent<\/title>\n<meta name=\"robots\" content=\"index, follow, max-snippet:-1, max-image-preview:large, max-video-preview:-1\" \/>\n<link rel=\"canonical\" href=\"https:\/\/www.lambent.com\/pt-br\/parceiros-internacionais\/\" \/>\n<meta property=\"og:locale\" content=\"pt_BR\" \/>\n<meta property=\"og:type\" content=\"article\" \/>\n<meta property=\"og:title\" content=\"Parceiros Internacionais - Lambent\" \/>\n<meta property=\"og:description\" content=\"Links para os nossos parceiros internacionais BDI Bio Dynamics Institute Nosso parceiro no Jap\u00e3o Brian van der Horst Cognitive Services Nosso parceiro na Fran\u00e7a City of Knowledge Nosso parceiro no Panam\u00e1 Coach Kompagniet Nosso parceiro na Dinamarca Coaching Positivo \u2013 Angel Cortes Nosso parceiro em El Salvador Gledis Nosso parceiro no Jap\u00e3o Golfinho &#8211; PNL [&hellip;]\" \/>\n<meta property=\"og:url\" content=\"https:\/\/www.lambent.com\/pt-br\/parceiros-internacionais\/\" \/>\n<meta property=\"og:site_name\" content=\"Lambent\" \/>\n<meta property=\"article:modified_time\" content=\"2022-02-26T13:39:33+00:00\" \/>\n<meta property=\"og:image\" content=\"http:\/\/www.lambent.com\/wp-content\/uploads\/2012\/11\/bdi.png\" \/>\n<meta name=\"twitter:label1\" content=\"Est. tempo de leitura\" \/>\n\t<meta name=\"twitter:data1\" content=\"1 minuto\" \/>\n<script type=\"application\/ld+json\" class=\"yoast-schema-graph\">{\"@context\":\"https:\/\/schema.org\",\"@graph\":[{\"@type\":\"WebPage\",\"@id\":\"https:\/\/www.lambent.com\/pt-br\/parceiros-internacionais\/\",\"url\":\"https:\/\/www.lambent.com\/pt-br\/parceiros-internacionais\/\",\"name\":\"Parceiros Internacionais - Lambent\",\"isPartOf\":{\"@id\":\"https:\/\/www.lambent.com\/#website\"},\"primaryImageOfPage\":{\"@id\":\"https:\/\/www.lambent.com\/pt-br\/parceiros-internacionais\/#primaryimage\"},\"image\":{\"@id\":\"https:\/\/www.lambent.com\/pt-br\/parceiros-internacionais\/#primaryimage\"},\"thumbnailUrl\":\"http:\/\/www.lambent.com\/wp-content\/uploads\/2012\/11\/bdi.png\",\"datePublished\":\"2013-03-06T14:21:08+00:00\",\"dateModified\":\"2022-02-26T13:39:33+00:00\",\"inLanguage\":\"pt-BR\",\"potentialAction\":[{\"@type\":\"ReadAction\",\"target\":[\"https:\/\/www.lambent.com\/pt-br\/parceiros-internacionais\/\"]}]},{\"@type\":\"ImageObject\",\"inLanguage\":\"pt-BR\",\"@id\":\"https:\/\/www.lambent.com\/pt-br\/parceiros-internacionais\/#primaryimage\",\"url\":\"http:\/\/www.lambent.com\/wp-content\/uploads\/2012\/11\/bdi.png\",\"contentUrl\":\"http:\/\/www.lambent.com\/wp-content\/uploads\/2012\/11\/bdi.png\"},{\"@type\":\"WebSite\",\"@id\":\"https:\/\/www.lambent.com\/#website\",\"url\":\"https:\/\/www.lambent.com\/\",\"name\":\"Lambent\",\"description\":\"International Coaching Training\",\"potentialAction\":[{\"@type\":\"SearchAction\",\"target\":{\"@type\":\"EntryPoint\",\"urlTemplate\":\"https:\/\/www.lambent.com\/?s={search_term_string}\"},\"query-input\":{\"@type\":\"PropertyValueSpecification\",\"valueRequired\":true,\"valueName\":\"search_term_string\"}}],\"inLanguage\":\"pt-BR\"}]}<\/script>\n<!-- \/ Yoast SEO plugin. -->","yoast_head_json":{"title":"Parceiros Internacionais - Lambent","robots":{"index":"index","follow":"follow","max-snippet":"max-snippet:-1","max-image-preview":"max-image-preview:large","max-video-preview":"max-video-preview:-1"},"canonical":"https:\/\/www.lambent.com\/pt-br\/parceiros-internacionais\/","og_locale":"pt_BR","og_type":"article","og_title":"Parceiros Internacionais - Lambent","og_description":"Links para os nossos parceiros internacionais BDI Bio Dynamics Institute Nosso parceiro no Jap\u00e3o Brian van der Horst Cognitive Services Nosso parceiro na Fran\u00e7a City of Knowledge Nosso parceiro no Panam\u00e1 Coach Kompagniet Nosso parceiro na Dinamarca Coaching Positivo \u2013 Angel Cortes Nosso parceiro em El Salvador Gledis Nosso parceiro no Jap\u00e3o Golfinho &#8211; PNL [&hellip;]","og_url":"https:\/\/www.lambent.com\/pt-br\/parceiros-internacionais\/","og_site_name":"Lambent","article_modified_time":"2022-02-26T13:39:33+00:00","og_image":[{"url":"http:\/\/www.lambent.com\/wp-content\/uploads\/2012\/11\/bdi.png","type":"","width":"","height":""}],"twitter_misc":{"Est. tempo de leitura":"1 minuto"},"schema":{"@context":"https:\/\/schema.org","@graph":[{"@type":"WebPage","@id":"https:\/\/www.lambent.com\/pt-br\/parceiros-internacionais\/","url":"https:\/\/www.lambent.com\/pt-br\/parceiros-internacionais\/","name":"Parceiros Internacionais - Lambent","isPartOf":{"@id":"https:\/\/www.lambent.com\/#website"},"primaryImageOfPage":{"@id":"https:\/\/www.lambent.com\/pt-br\/parceiros-internacionais\/#primaryimage"},"image":{"@id":"https:\/\/www.lambent.com\/pt-br\/parceiros-internacionais\/#primaryimage"},"thumbnailUrl":"http:\/\/www.lambent.com\/wp-content\/uploads\/2012\/11\/bdi.png","datePublished":"2013-03-06T14:21:08+00:00","dateModified":"2022-02-26T13:39:33+00:00","inLanguage":"pt-BR","potentialAction":[{"@type":"ReadAction","target":["https:\/\/www.lambent.com\/pt-br\/parceiros-internacionais\/"]}]},{"@type":"ImageObject","inLanguage":"pt-BR","@id":"https:\/\/www.lambent.com\/pt-br\/parceiros-internacionais\/#primaryimage","url":"http:\/\/www.lambent.com\/wp-content\/uploads\/2012\/11\/bdi.png","contentUrl":"http:\/\/www.lambent.com\/wp-content\/uploads\/2012\/11\/bdi.png"},{"@type":"WebSite","@id":"https:\/\/www.lambent.com\/#website","url":"https:\/\/www.lambent.com\/","name":"Lambent","description":"International Coaching Training","potentialAction":[{"@type":"SearchAction","target":{"@type":"EntryPoint","urlTemplate":"https:\/\/www.lambent.com\/?s={search_term_string}"},"query-input":{"@type":"PropertyValueSpecification","valueRequired":true,"valueName":"search_term_string"}}],"inLanguage":"pt-BR"}]}},"_links":{"self":[{"href":"https:\/\/www.lambent.com\/pt-br\/wp-json\/wp\/v2\/pages\/2761\/"}],"collection":[{"href":"https:\/\/www.lambent.com\/pt-br\/wp-json\/wp\/v2\/pages\/"}],"about":[{"href":"https:\/\/www.lambent.com\/pt-br\/wp-json\/wp\/v2\/types\/page\/"}],"author":[{"embeddable":true,"href":"https:\/\/www.lambent.com\/pt-br\/wp-json\/wp\/v2\/users\/1\/"}],"replies":[{"embeddable":true,"href":"https:\/\/www.lambent.com\/pt-br\/wp-json\/wp\/v2\/comments\/?post=2761"}],"version-history":[{"count":17,"href":"https:\/\/www.lambent.com\/pt-br\/wp-json\/wp\/v2\/pages\/2761\/revisions\/"}],"predecessor-version":[{"id":10796,"href":"https:\/\/www.lambent.com\/pt-br\/wp-json\/wp\/v2\/pages\/2761\/revisions\/10796\/"}],"wp:attachment":[{"href":"https:\/\/www.lambent.com\/pt-br\/wp-json\/wp\/v2\/media\/?parent=2761"}],"curies":[{"name":"wp","href":"https:\/\/api.w.org\/{rel}","templated":true}]}}