{"id":2706,"date":"2013-03-05T21:33:42","date_gmt":"2013-03-05T21:33:42","guid":{"rendered":"http:\/\/www.lambent.com\/sobre-paul-ekman\/"},"modified":"2013-03-05T21:34:53","modified_gmt":"2013-03-05T21:34:53","slug":"sobre-paul-ekman","status":"publish","type":"page","link":"https:\/\/www.lambent.com\/pt-br\/sobre-paul-ekman\/","title":{"rendered":"Sobre Paul Ekman"},"content":{"rendered":"<p><strong><\/strong><img loading=\"lazy\" decoding=\"async\" class=\"alignleft size-full wp-image-1735\" title=\"Dr. Paul Ekman\" alt=\"Dr. Paul Ekman\" src=\"http:\/\/www.lambent.com\/wp-content\/uploads\/2012\/11\/ekman.png\" width=\"251\" height=\"356\" srcset=\"https:\/\/www.lambent.com\/wp-content\/uploads\/2012\/11\/ekman.png 251w, https:\/\/www.lambent.com\/wp-content\/uploads\/2012\/11\/ekman-211x300.png 211w\" sizes=\"auto, (max-width: 251px) 100vw, 251px\" \/>Dr. Paul Ekman \u00e9 um pioneiro da pesquisa cient\u00edfica da conduta humana.<br \/>\n\u00c9 reconhecido em particular por seu trabalho sobre as emo\u00e7\u00f5es humanas e as express\u00f5es faciais, e sua aplica\u00e7\u00e3o na detec\u00e7\u00e3o da mentira e da verdade.<\/p>\n<p>Realizou estudos de gradua\u00e7\u00e3o na Universidade de Chicago e na Universidade de Nova York e obteve seu doutorado em psicologia cl\u00ednica pela Universidade Adelphi em 1958, ap\u00f3s desempenhar-se como interno durante um ano no Instituto Neuropsiqui\u00e1trico.<br \/>\nLangley Porter.Ap\u00f3s dois anos como oficial de psicologia cl\u00ednica no ex\u00e9rcito dos Estados Unidos, voltou a Langley Porter, onde trabalhou de 1960 at\u00e9 2004. Sua pesquisa sobre as express\u00f5es faciais e o movimento corporal come\u00e7ou em 1954, foi o tema de sua tese de mestrado em 1955, e sua primeira publica\u00e7\u00e3o foi em 1957.<\/p>\n<p>Ao longo da d\u00e9cada seguinte concentrou-se mais na psicologia social e nos aspectos interculturais. Al\u00e9m de sua pesquisa principal sobre as emo\u00e7\u00f5es e suas express\u00f5es, tamb\u00e9m estudou o engano durante os \u00faltimos trinta anos.<\/p>\n<p>Na atualidade, \u00e9 o fundador e presidente do Paul Ekman Group, LLC (PEG), uma companhia que produz ferramentas de treinamento relativas \u00e0s habilidades emocionais, tamb\u00e9m trabalha em novas pesquisas relevantes para a seguran\u00e7a nacional e as for\u00e7as da ordem p\u00fablica.<\/p>\n<p>Tamb\u00e9m criou a Paul Ekman International PLC, que cria licen\u00e7as para gerar uma rede de Centros de Treinamentos Autorizados no mundo inteiro para que seu trabalho seja mais acess\u00edvel. A Lambent \u00e9 um destes centros autorizados.<\/p>\n<h3><strong>Artigos<\/strong><\/h3>\n<p>Foram publicados artigos sobre o trabalho do Dr. Ekman em publica\u00e7\u00f5es como Time Magazine, Smithsonian Magazine, Psychology Today e The New Yorker, entre outras, tanto americanas como estrangeiras. Tamb\u00e9m apareceram numerosos artigos sobre seu trabalho no New York Times, no Washington Post e em outros jornais nacionais.<br \/>\nPublicou mais de 100 artigos.<\/p>\n<h3><strong>Televis\u00e3o<\/strong><\/h3>\n<p>Participou em programas de televis\u00e3o como 48 Hours, Dateline, Good Morning America, 20\/20, Larry King, Oprah e Johnny Carson, entre muitos outros. Tamb\u00e9m apareceu em diversos programas da televis\u00e3o p\u00fablica, tais como News Hour with Jim Lehrer e Bill Moyers\u2019 The Truth About Lying.<\/p>\n<h3><strong>Livros<\/strong><\/h3>\n<ul>\n<li><strong> <\/strong>Face of Man (1980),<\/li>\n<li>Telling Lies (1985),<\/li>\n<li>Why Kids Lie (1989),<\/li>\n<li>Emotions Revealed, (2003),<\/li>\n<li>Telling Lies (1985)<\/li>\n<li>Dalai Lama-Emotional Awareness (2008)<\/li>\n<li>New Edition Emotions Revealed (2007)<\/li>\n<\/ul>\n<p>\u00c9 coautor dos seguintes livros:<\/p>\n<ul>\n<li>Emotion in the Human Face (1971),<\/li>\n<li>Unmasking the Face (1975),<\/li>\n<li>Facial Action Coding System (1978),<\/li>\n<\/ul>\n<p>\u00c9 editor de Darwin and Facial Expression (1973).<br \/>\n\u00c9 editor da terceira edi\u00e7\u00e3o (1998) e da quarta edi\u00e7\u00e3o (2009) de Charles Darwin\u2019s The Expression of the Emotions in Man and Animals (1998).<br \/>\n\u00c9 co-editor de Handbook of Methods in Nonverbal Behaviour Research (1982), Approaches to Emotion (1984), The Nature of Emotion (1994), What the Face Reveals (1997).<\/p>\n<h3><strong>Pr\u00eamios e distin\u00e7\u00f5es<br \/>\n<\/strong><\/h3>\n<ul>\n<li>Em 1971 recebeu um Pr\u00eamio ao Pesquisador Cient\u00edfico do Instituto Nacional de Sa\u00fade Mental. Este pr\u00eamio foi renovado em 1976, 1981, 1987, 1991 e 1997. Sua pesquisa foi apoiada com bolsas, subs\u00eddios e pr\u00eamios do Instituto Nacional de Sa\u00fade Mental durante mais de quarenta anos.<\/li>\n<li>1983: Faculty Research Lecturer, Universidade da Calif\u00f3rnia, S\u00e3o Francisco<\/li>\n<li>1991: Distinguished Scientific Contribution Award, o pr\u00eamio mais importante \u00e0 pesquisa b\u00e1sica oferecido pela American Psychological Association<\/li>\n<li>1994: Doutorado Honoris Causa em Humanidades, Universidade de Chicago<\/li>\n<li>1998: William James Fellow Award, concedido pela American Psychological Society<\/li>\n<li>2001: Nomeado pela American Psychological Association um dos psic\u00f3logos mais influentes do s\u00e9culo XX, com base em suas publica\u00e7\u00f5es, cita\u00e7\u00f5es e distin\u00e7\u00f5es<\/li>\n<li>\u00a02008: Doutorado Honoris Causa em Humanidades, Universidade Adelphi<\/li>\n<li>2008-presente: Assessor cient\u00edfico do drama da FOX e Sky \u2018Lie to Me\u2019, baseado em seu trabalho e experi\u00eancias<\/li>\n<li>2009: Em 2009, fez parte da lista das 100 pessoas mais influentes da revista TIME<\/li>\n<\/ul>","protected":false},"excerpt":{"rendered":"<p>Dr. Paul Ekman \u00e9 um pioneiro da pesquisa cient\u00edfica da conduta humana. \u00c9 reconhecido em particular por seu trabalho sobre as emo\u00e7\u00f5es humanas e as express\u00f5es faciais, e sua aplica\u00e7\u00e3o na detec\u00e7\u00e3o da mentira e da verdade. Realizou estudos de gradua\u00e7\u00e3o na Universidade de Chicago e na Universidade de Nova York e obteve seu doutorado [&hellip;]<\/p>\n","protected":false},"author":1,"featured_media":0,"parent":0,"menu_order":0,"comment_status":"open","ping_status":"open","template":"","meta":{"footnotes":""},"class_list":["post-2706","page","type-page","status-publish","hentry"],"yoast_head":"<!-- This site is optimized with the Yoast SEO plugin v26.8 - https:\/\/yoast.com\/product\/yoast-seo-wordpress\/ -->\n<title>Sobre Paul Ekman - Lambent<\/title>\n<meta name=\"robots\" content=\"index, follow, max-snippet:-1, max-image-preview:large, max-video-preview:-1\" \/>\n<link rel=\"canonical\" href=\"https:\/\/www.lambent.com\/pt-br\/sobre-paul-ekman\/\" \/>\n<meta property=\"og:locale\" content=\"pt_BR\" \/>\n<meta property=\"og:type\" content=\"article\" \/>\n<meta property=\"og:title\" content=\"Sobre Paul Ekman - Lambent\" \/>\n<meta property=\"og:description\" content=\"Dr. Paul Ekman \u00e9 um pioneiro da pesquisa cient\u00edfica da conduta humana. \u00c9 reconhecido em particular por seu trabalho sobre as emo\u00e7\u00f5es humanas e as express\u00f5es faciais, e sua aplica\u00e7\u00e3o na detec\u00e7\u00e3o da mentira e da verdade. Realizou estudos de gradua\u00e7\u00e3o na Universidade de Chicago e na Universidade de Nova York e obteve seu doutorado [&hellip;]\" \/>\n<meta property=\"og:url\" content=\"https:\/\/www.lambent.com\/pt-br\/sobre-paul-ekman\/\" \/>\n<meta property=\"og:site_name\" content=\"Lambent\" \/>\n<meta property=\"article:modified_time\" content=\"2013-03-05T21:34:53+00:00\" \/>\n<meta property=\"og:image\" content=\"http:\/\/www.lambent.com\/wp-content\/uploads\/2012\/11\/ekman.png\" \/>\n<meta name=\"twitter:label1\" content=\"Est. tempo de leitura\" \/>\n\t<meta name=\"twitter:data1\" content=\"3 minutos\" \/>\n<script type=\"application\/ld+json\" class=\"yoast-schema-graph\">{\"@context\":\"https:\/\/schema.org\",\"@graph\":[{\"@type\":\"WebPage\",\"@id\":\"https:\/\/www.lambent.com\/pt-br\/sobre-paul-ekman\/\",\"url\":\"https:\/\/www.lambent.com\/pt-br\/sobre-paul-ekman\/\",\"name\":\"Sobre Paul Ekman - Lambent\",\"isPartOf\":{\"@id\":\"https:\/\/www.lambent.com\/#website\"},\"primaryImageOfPage\":{\"@id\":\"https:\/\/www.lambent.com\/pt-br\/sobre-paul-ekman\/#primaryimage\"},\"image\":{\"@id\":\"https:\/\/www.lambent.com\/pt-br\/sobre-paul-ekman\/#primaryimage\"},\"thumbnailUrl\":\"http:\/\/www.lambent.com\/wp-content\/uploads\/2012\/11\/ekman.png\",\"datePublished\":\"2013-03-05T21:33:42+00:00\",\"dateModified\":\"2013-03-05T21:34:53+00:00\",\"inLanguage\":\"pt-BR\",\"potentialAction\":[{\"@type\":\"ReadAction\",\"target\":[\"https:\/\/www.lambent.com\/pt-br\/sobre-paul-ekman\/\"]}]},{\"@type\":\"ImageObject\",\"inLanguage\":\"pt-BR\",\"@id\":\"https:\/\/www.lambent.com\/pt-br\/sobre-paul-ekman\/#primaryimage\",\"url\":\"http:\/\/www.lambent.com\/wp-content\/uploads\/2012\/11\/ekman.png\",\"contentUrl\":\"http:\/\/www.lambent.com\/wp-content\/uploads\/2012\/11\/ekman.png\"},{\"@type\":\"WebSite\",\"@id\":\"https:\/\/www.lambent.com\/#website\",\"url\":\"https:\/\/www.lambent.com\/\",\"name\":\"Lambent\",\"description\":\"International Coaching Training\",\"potentialAction\":[{\"@type\":\"SearchAction\",\"target\":{\"@type\":\"EntryPoint\",\"urlTemplate\":\"https:\/\/www.lambent.com\/?s={search_term_string}\"},\"query-input\":{\"@type\":\"PropertyValueSpecification\",\"valueRequired\":true,\"valueName\":\"search_term_string\"}}],\"inLanguage\":\"pt-BR\"}]}<\/script>\n<!-- \/ Yoast SEO plugin. -->","yoast_head_json":{"title":"Sobre Paul Ekman - Lambent","robots":{"index":"index","follow":"follow","max-snippet":"max-snippet:-1","max-image-preview":"max-image-preview:large","max-video-preview":"max-video-preview:-1"},"canonical":"https:\/\/www.lambent.com\/pt-br\/sobre-paul-ekman\/","og_locale":"pt_BR","og_type":"article","og_title":"Sobre Paul Ekman - Lambent","og_description":"Dr. Paul Ekman \u00e9 um pioneiro da pesquisa cient\u00edfica da conduta humana. \u00c9 reconhecido em particular por seu trabalho sobre as emo\u00e7\u00f5es humanas e as express\u00f5es faciais, e sua aplica\u00e7\u00e3o na detec\u00e7\u00e3o da mentira e da verdade. Realizou estudos de gradua\u00e7\u00e3o na Universidade de Chicago e na Universidade de Nova York e obteve seu doutorado [&hellip;]","og_url":"https:\/\/www.lambent.com\/pt-br\/sobre-paul-ekman\/","og_site_name":"Lambent","article_modified_time":"2013-03-05T21:34:53+00:00","og_image":[{"url":"http:\/\/www.lambent.com\/wp-content\/uploads\/2012\/11\/ekman.png","type":"","width":"","height":""}],"twitter_misc":{"Est. tempo de leitura":"3 minutos"},"schema":{"@context":"https:\/\/schema.org","@graph":[{"@type":"WebPage","@id":"https:\/\/www.lambent.com\/pt-br\/sobre-paul-ekman\/","url":"https:\/\/www.lambent.com\/pt-br\/sobre-paul-ekman\/","name":"Sobre Paul Ekman - Lambent","isPartOf":{"@id":"https:\/\/www.lambent.com\/#website"},"primaryImageOfPage":{"@id":"https:\/\/www.lambent.com\/pt-br\/sobre-paul-ekman\/#primaryimage"},"image":{"@id":"https:\/\/www.lambent.com\/pt-br\/sobre-paul-ekman\/#primaryimage"},"thumbnailUrl":"http:\/\/www.lambent.com\/wp-content\/uploads\/2012\/11\/ekman.png","datePublished":"2013-03-05T21:33:42+00:00","dateModified":"2013-03-05T21:34:53+00:00","inLanguage":"pt-BR","potentialAction":[{"@type":"ReadAction","target":["https:\/\/www.lambent.com\/pt-br\/sobre-paul-ekman\/"]}]},{"@type":"ImageObject","inLanguage":"pt-BR","@id":"https:\/\/www.lambent.com\/pt-br\/sobre-paul-ekman\/#primaryimage","url":"http:\/\/www.lambent.com\/wp-content\/uploads\/2012\/11\/ekman.png","contentUrl":"http:\/\/www.lambent.com\/wp-content\/uploads\/2012\/11\/ekman.png"},{"@type":"WebSite","@id":"https:\/\/www.lambent.com\/#website","url":"https:\/\/www.lambent.com\/","name":"Lambent","description":"International Coaching Training","potentialAction":[{"@type":"SearchAction","target":{"@type":"EntryPoint","urlTemplate":"https:\/\/www.lambent.com\/?s={search_term_string}"},"query-input":{"@type":"PropertyValueSpecification","valueRequired":true,"valueName":"search_term_string"}}],"inLanguage":"pt-BR"}]}},"_links":{"self":[{"href":"https:\/\/www.lambent.com\/pt-br\/wp-json\/wp\/v2\/pages\/2706\/"}],"collection":[{"href":"https:\/\/www.lambent.com\/pt-br\/wp-json\/wp\/v2\/pages\/"}],"about":[{"href":"https:\/\/www.lambent.com\/pt-br\/wp-json\/wp\/v2\/types\/page\/"}],"author":[{"embeddable":true,"href":"https:\/\/www.lambent.com\/pt-br\/wp-json\/wp\/v2\/users\/1\/"}],"replies":[{"embeddable":true,"href":"https:\/\/www.lambent.com\/pt-br\/wp-json\/wp\/v2\/comments\/?post=2706"}],"version-history":[{"count":2,"href":"https:\/\/www.lambent.com\/pt-br\/wp-json\/wp\/v2\/pages\/2706\/revisions\/"}],"predecessor-version":[{"id":2842,"href":"https:\/\/www.lambent.com\/pt-br\/wp-json\/wp\/v2\/pages\/2706\/revisions\/2842\/"}],"wp:attachment":[{"href":"https:\/\/www.lambent.com\/pt-br\/wp-json\/wp\/v2\/media\/?parent=2706"}],"curies":[{"name":"wp","href":"https:\/\/api.w.org\/{rel}","templated":true}]}}