{"id":2705,"date":"2013-03-05T21:13:37","date_gmt":"2013-03-05T21:13:37","guid":{"rendered":"http:\/\/www.lambent.com\/quem-somos\/"},"modified":"2021-05-28T20:38:26","modified_gmt":"2021-05-28T20:38:26","slug":"quem-somos","status":"publish","type":"page","link":"https:\/\/www.lambent.com\/pt-br\/quem-somos\/","title":{"rendered":"Quem somos"},"content":{"rendered":"<p>Lambent \u00e9 uma antiga palavra inglesa que significa \u2018que brilha com uma luz suave, brilhante, engenhoso, estimulante a n\u00edvel intelectual\u2019.<br \/>\nA Lambent foi fundada por Joseph O\u2019Connor e Andrea Lages em S\u00e3o Paulo, Brasil, em 2002 para oferecer treinamentos de coaching e de habilidades empresariais com padr\u00f5es internacionais. Estamos comprometidos em contribuir com o desenvolvimento dos empres\u00e1rios em seu m\u00e1ximo n\u00edvel, para que atinjam patamares que nem eles acreditam que seja poss\u00edvel alcan\u00e7ar.<\/p>\n<p>Na atualidade, a Lambent \u00e9 uma das principais companhias de coaching e de treinamento em n\u00edvel internacional, com uma rede global de coaching.<\/p>\n<p>A Lambent \u00e9 um centro autorizado para oferecer os treinamentos de Paul Ekman no Reino Unido, Espanha e Portugal.<\/p>\n<p>A Lambent recebeu um pr\u00eamio europeu \u00e0 qualidade por seu treinamento de coaching e o mesmo \u00e9 utilizado pela Comunidade Internacional de Coaching, que treinou mais de 15.000 coaches de 78 pa\u00edses.<br \/>\nLambent proporciona coaches para todos os n\u00edveis de neg\u00f3cios para empresas de todo o mundo.<\/p>\n<h4><strong><span style=\"color: #4b9ec9;\">Joseph O\u2019Connor<br \/>\n<\/span><\/strong><\/h4>\n<p><a href=\"http:\/\/www.lambent.com\/wp-content\/uploads\/2011\/09\/oconnor.jpg\"><img loading=\"lazy\" decoding=\"async\" class=\"alignleft size-full wp-image-1725\" title=\"oconnor\" src=\"http:\/\/www.lambent.com\/wp-content\/uploads\/2011\/09\/oconnor.jpg\" alt=\"Joseph O'Connor\" width=\"119\" height=\"173\" \/><\/a>Joseph O\u2019Connor \u00e9 um dos coaches e treinadores de coaching mais conhecidos e respeitados do mundo. Ele ensinou em pa\u00edses da Am\u00e9rica do Sul e do Norte, Hong Kong, Singapura (onde recebeu a medalha do Instituto Nacional da Comunidade de Lideran\u00e7a), Nova Zel\u00e2ndia e na maioria dos pa\u00edses europeus.<br \/>\nJoseph trabalhou como treinador e consultor para muitas empresas, entre as quais: Citibank, BA, HP Invent e a Organiza\u00e7\u00e3o de Desenvolvimento Industrial das Na\u00e7\u00f5es Unidas (UNIDO) em Viena, Petrobras, BT, Interbrew, a Autoridade do Canal de Panam\u00e1 e Bax Global.\u00c9 cofundador da Comunidade Internacional de Coaching junto com Andrea Lages.Escreveu dezessete livros, que foram traduzidos para trinta idiomas e dos quais foram vendidos mais de meio milh\u00e3o de exemplares em todo o mundo. \u00c9 o autor, junto com Andrea Lages, dos livros \u2018Coaching with NLP\u2019 (Coaching com PNL) e \u2018How Coaching Works\u2019 (Como funciona o coaching).<\/p>\n<h4><\/h4>\n<h4><\/h4>\n<h4><strong><span style=\"color: #4b9ec9;\">Andrea Lages<br \/>\n<\/span><\/strong><\/h4>\n<p><a href=\"http:\/\/www.lambent.com\/wp-content\/uploads\/2011\/09\/lages.jpg\"><img loading=\"lazy\" decoding=\"async\" class=\"alignleft size-full wp-image-1726\" title=\"lages\" src=\"http:\/\/www.lambent.com\/wp-content\/uploads\/2011\/09\/lages.jpg\" alt=\"Andrea Lages\" width=\"119\" height=\"173\" \/><\/a>Andrea Lages \u00e9 coach executiva, escritora, consultora e uma das treinadoras de coaching mais respeitadas do mundo.Treinou coaches em mais de trinta pa\u00edses, participou como treinadora e cocriadora de um curso de posgradua\u00e7\u00e3o em Coaching Executivo para a Universidade Derby na Inglaterra, ministrado a presidentes e gerentes gerais de empresas.<br \/>\n\u00c9 cofundadora da Comunidade Internacional de Coaching (ICC, 2001) e Treinadora Master da ICC, cofundadora e CEO da Lambent do Brasil.<br \/>\nAndrea desenha e desenvolve projetos de desenvolvimento gerencial, treinamentos, coaching, cursos de atendimento ao cliente e forma\u00e7\u00e3o e de equipes, aplicando o coaching e o pensamento sist\u00eamico de forma concreta dentro das organiza\u00e7\u00f5es.Andrea \u00e9 coautora dos livros \u201cCoaching with NLP &#8211; How to become a Master Coach\u201d (Coaching con PNL \u2013 Como ser um Coach Master) e \u201cHow Coaching Works\u201d (Como funciona o coaching), publicados no Reino Unido por AC Black. Este livro foi indicado ao Pr\u00eamio de \u201cMelhor livro de neg\u00f3cios de 2007\u201d do Financial Times.<\/p>\n<h4><\/h4>\n<h4><\/h4>\n<h4><strong><span style=\"color: #4b9ec9;\">Alejandro Feiges<\/span><\/strong><\/h4>\n<p><a href=\"http:\/\/www.lambent.com\/wp-content\/uploads\/2011\/09\/feiges.jpg\"><img loading=\"lazy\" decoding=\"async\" class=\"alignleft size-full wp-image-1727\" title=\"feiges\" src=\"http:\/\/www.lambent.com\/wp-content\/uploads\/2011\/09\/feiges.jpg\" alt=\"Alejandro Feiges\" width=\"119\" height=\"173\" \/><\/a>Alejandro \u00e9 diretor executivo de administra\u00e7\u00e3o e tecnologia da Master Coach Academy.<br \/>\nTrabalhou por mais de dez anos no desenvolvimento de software e se tornou especialista em educa\u00e7\u00e3o a dist\u00e2ncia, desenho de instru\u00e7\u00f5es e ger\u00eancia de projetos.<br \/>\nTamb\u00e9m \u00e9 Coach com certifica\u00e7\u00e3o internacional pela Comunidade Internacional de Coaching (2006), Coach ontol\u00f3gico profissional e Profesional Master de PNL.<br \/>\n\u00c9 o administrador da comunidade web da Comunidade Internacional de Coaching e respons\u00e1vel por todos os programas de educa\u00e7\u00e3o a dist\u00e2ncia da ICC.<\/p>","protected":false},"excerpt":{"rendered":"<p>Lambent \u00e9 uma antiga palavra inglesa que significa \u2018que brilha com uma luz suave, brilhante, engenhoso, estimulante a n\u00edvel intelectual\u2019. A Lambent foi fundada por Joseph O\u2019Connor e Andrea Lages em S\u00e3o Paulo, Brasil, em 2002 para oferecer treinamentos de coaching e de habilidades empresariais com padr\u00f5es internacionais. Estamos comprometidos em contribuir com o desenvolvimento [&hellip;]<\/p>\n","protected":false},"author":1,"featured_media":0,"parent":0,"menu_order":0,"comment_status":"open","ping_status":"open","template":"","meta":{"footnotes":""},"class_list":["post-2705","page","type-page","status-publish","hentry"],"yoast_head":"<!-- This site is optimized with the Yoast SEO plugin v26.8 - https:\/\/yoast.com\/product\/yoast-seo-wordpress\/ -->\n<title>Lambent - Coaching Executivo e Forma\u00e7\u00e3o - Sobre n\u00f3s<\/title>\n<meta name=\"description\" content=\"Fundada por Joseph O&#039;Connor e Andrea Lages em 2002 para oferecer orienta\u00e7\u00e3o e treinamento de habilidades de neg\u00f3cios para os padr\u00f5es internacionais.\" \/>\n<meta name=\"robots\" content=\"index, follow, max-snippet:-1, max-image-preview:large, max-video-preview:-1\" \/>\n<link rel=\"canonical\" href=\"https:\/\/www.lambent.com\/pt-br\/quem-somos\/\" \/>\n<meta property=\"og:locale\" content=\"pt_BR\" \/>\n<meta property=\"og:type\" content=\"article\" \/>\n<meta property=\"og:title\" content=\"Lambent - Coaching Executivo e Forma\u00e7\u00e3o - Sobre n\u00f3s\" \/>\n<meta property=\"og:description\" content=\"Fundada por Joseph O&#039;Connor e Andrea Lages em 2002 para oferecer orienta\u00e7\u00e3o e treinamento de habilidades de neg\u00f3cios para os padr\u00f5es internacionais.\" \/>\n<meta property=\"og:url\" content=\"https:\/\/www.lambent.com\/pt-br\/quem-somos\/\" \/>\n<meta property=\"og:site_name\" content=\"Lambent\" \/>\n<meta property=\"article:modified_time\" content=\"2021-05-28T20:38:26+00:00\" \/>\n<meta property=\"og:image\" content=\"http:\/\/www.lambent.com\/wp-content\/uploads\/2011\/09\/oconnor.jpg\" \/>\n<meta name=\"twitter:label1\" content=\"Est. tempo de leitura\" \/>\n\t<meta name=\"twitter:data1\" content=\"4 minutos\" \/>\n<script type=\"application\/ld+json\" class=\"yoast-schema-graph\">{\"@context\":\"https:\/\/schema.org\",\"@graph\":[{\"@type\":\"WebPage\",\"@id\":\"https:\/\/www.lambent.com\/pt-br\/quem-somos\/\",\"url\":\"https:\/\/www.lambent.com\/pt-br\/quem-somos\/\",\"name\":\"Lambent - Coaching Executivo e Forma\u00e7\u00e3o - Sobre n\u00f3s\",\"isPartOf\":{\"@id\":\"https:\/\/www.lambent.com\/#website\"},\"primaryImageOfPage\":{\"@id\":\"https:\/\/www.lambent.com\/pt-br\/quem-somos\/#primaryimage\"},\"image\":{\"@id\":\"https:\/\/www.lambent.com\/pt-br\/quem-somos\/#primaryimage\"},\"thumbnailUrl\":\"http:\/\/www.lambent.com\/wp-content\/uploads\/2011\/09\/oconnor.jpg\",\"datePublished\":\"2013-03-05T21:13:37+00:00\",\"dateModified\":\"2021-05-28T20:38:26+00:00\",\"description\":\"Fundada por Joseph O'Connor e Andrea Lages em 2002 para oferecer orienta\u00e7\u00e3o e treinamento de habilidades de neg\u00f3cios para os padr\u00f5es internacionais.\",\"inLanguage\":\"pt-BR\",\"potentialAction\":[{\"@type\":\"ReadAction\",\"target\":[\"https:\/\/www.lambent.com\/pt-br\/quem-somos\/\"]}]},{\"@type\":\"ImageObject\",\"inLanguage\":\"pt-BR\",\"@id\":\"https:\/\/www.lambent.com\/pt-br\/quem-somos\/#primaryimage\",\"url\":\"http:\/\/www.lambent.com\/wp-content\/uploads\/2011\/09\/oconnor.jpg\",\"contentUrl\":\"http:\/\/www.lambent.com\/wp-content\/uploads\/2011\/09\/oconnor.jpg\"},{\"@type\":\"WebSite\",\"@id\":\"https:\/\/www.lambent.com\/#website\",\"url\":\"https:\/\/www.lambent.com\/\",\"name\":\"Lambent\",\"description\":\"International Coaching Training\",\"potentialAction\":[{\"@type\":\"SearchAction\",\"target\":{\"@type\":\"EntryPoint\",\"urlTemplate\":\"https:\/\/www.lambent.com\/?s={search_term_string}\"},\"query-input\":{\"@type\":\"PropertyValueSpecification\",\"valueRequired\":true,\"valueName\":\"search_term_string\"}}],\"inLanguage\":\"pt-BR\"}]}<\/script>\n<!-- \/ Yoast SEO plugin. -->","yoast_head_json":{"title":"Lambent - Coaching Executivo e Forma\u00e7\u00e3o - Sobre n\u00f3s","description":"Fundada por Joseph O'Connor e Andrea Lages em 2002 para oferecer orienta\u00e7\u00e3o e treinamento de habilidades de neg\u00f3cios para os padr\u00f5es internacionais.","robots":{"index":"index","follow":"follow","max-snippet":"max-snippet:-1","max-image-preview":"max-image-preview:large","max-video-preview":"max-video-preview:-1"},"canonical":"https:\/\/www.lambent.com\/pt-br\/quem-somos\/","og_locale":"pt_BR","og_type":"article","og_title":"Lambent - Coaching Executivo e Forma\u00e7\u00e3o - Sobre n\u00f3s","og_description":"Fundada por Joseph O'Connor e Andrea Lages em 2002 para oferecer orienta\u00e7\u00e3o e treinamento de habilidades de neg\u00f3cios para os padr\u00f5es internacionais.","og_url":"https:\/\/www.lambent.com\/pt-br\/quem-somos\/","og_site_name":"Lambent","article_modified_time":"2021-05-28T20:38:26+00:00","og_image":[{"url":"http:\/\/www.lambent.com\/wp-content\/uploads\/2011\/09\/oconnor.jpg","type":"","width":"","height":""}],"twitter_misc":{"Est. tempo de leitura":"4 minutos"},"schema":{"@context":"https:\/\/schema.org","@graph":[{"@type":"WebPage","@id":"https:\/\/www.lambent.com\/pt-br\/quem-somos\/","url":"https:\/\/www.lambent.com\/pt-br\/quem-somos\/","name":"Lambent - Coaching Executivo e Forma\u00e7\u00e3o - Sobre n\u00f3s","isPartOf":{"@id":"https:\/\/www.lambent.com\/#website"},"primaryImageOfPage":{"@id":"https:\/\/www.lambent.com\/pt-br\/quem-somos\/#primaryimage"},"image":{"@id":"https:\/\/www.lambent.com\/pt-br\/quem-somos\/#primaryimage"},"thumbnailUrl":"http:\/\/www.lambent.com\/wp-content\/uploads\/2011\/09\/oconnor.jpg","datePublished":"2013-03-05T21:13:37+00:00","dateModified":"2021-05-28T20:38:26+00:00","description":"Fundada por Joseph O'Connor e Andrea Lages em 2002 para oferecer orienta\u00e7\u00e3o e treinamento de habilidades de neg\u00f3cios para os padr\u00f5es internacionais.","inLanguage":"pt-BR","potentialAction":[{"@type":"ReadAction","target":["https:\/\/www.lambent.com\/pt-br\/quem-somos\/"]}]},{"@type":"ImageObject","inLanguage":"pt-BR","@id":"https:\/\/www.lambent.com\/pt-br\/quem-somos\/#primaryimage","url":"http:\/\/www.lambent.com\/wp-content\/uploads\/2011\/09\/oconnor.jpg","contentUrl":"http:\/\/www.lambent.com\/wp-content\/uploads\/2011\/09\/oconnor.jpg"},{"@type":"WebSite","@id":"https:\/\/www.lambent.com\/#website","url":"https:\/\/www.lambent.com\/","name":"Lambent","description":"International Coaching Training","potentialAction":[{"@type":"SearchAction","target":{"@type":"EntryPoint","urlTemplate":"https:\/\/www.lambent.com\/?s={search_term_string}"},"query-input":{"@type":"PropertyValueSpecification","valueRequired":true,"valueName":"search_term_string"}}],"inLanguage":"pt-BR"}]}},"_links":{"self":[{"href":"https:\/\/www.lambent.com\/pt-br\/wp-json\/wp\/v2\/pages\/2705\/"}],"collection":[{"href":"https:\/\/www.lambent.com\/pt-br\/wp-json\/wp\/v2\/pages\/"}],"about":[{"href":"https:\/\/www.lambent.com\/pt-br\/wp-json\/wp\/v2\/types\/page\/"}],"author":[{"embeddable":true,"href":"https:\/\/www.lambent.com\/pt-br\/wp-json\/wp\/v2\/users\/1\/"}],"replies":[{"embeddable":true,"href":"https:\/\/www.lambent.com\/pt-br\/wp-json\/wp\/v2\/comments\/?post=2705"}],"version-history":[{"count":8,"href":"https:\/\/www.lambent.com\/pt-br\/wp-json\/wp\/v2\/pages\/2705\/revisions\/"}],"predecessor-version":[{"id":10733,"href":"https:\/\/www.lambent.com\/pt-br\/wp-json\/wp\/v2\/pages\/2705\/revisions\/10733\/"}],"wp:attachment":[{"href":"https:\/\/www.lambent.com\/pt-br\/wp-json\/wp\/v2\/media\/?parent=2705"}],"curies":[{"name":"wp","href":"https:\/\/api.w.org\/{rel}","templated":true}]}}