{"id":2689,"date":"2013-03-05T20:28:50","date_gmt":"2013-03-05T20:28:50","guid":{"rendered":"http:\/\/www.lambent.com\/treinamento-em-coaching\/"},"modified":"2015-01-28T20:52:59","modified_gmt":"2015-01-28T20:52:59","slug":"treinamento-em-coaching","status":"publish","type":"page","link":"https:\/\/www.lambent.com\/pt-br\/treinamento-em-coaching\/","title":{"rendered":"Treinamento em Coaching"},"content":{"rendered":"<p>O nosso treinamento para Certifica\u00e7\u00e3o Internacional em Coaching recebeu o pr\u00eamio European Quality Award (EQA) no n\u00edvel &#8220;Foundation&#8221; da EMCC (European Mentoring and Coaching Council \u2013 Conselho Europeu de Coaching e Mentoring).<\/p>\n<h3><a href=\"\/coaching-certification-trainings\/\">Treinamento de certifica\u00e7\u00e3o internacional em coaching<\/a><\/h3>\n<p><img loading=\"lazy\" decoding=\"async\" class=\"alignleft  wp-image-2080\" title=\"EMCC EQA\" src=\"http:\/\/www.lambent.com\/wp-content\/uploads\/2012\/12\/EQA-logo-72-12.jpg\" alt=\"EMCC European Quality Award\" width=\"132\" height=\"78\" \/>Oferecemos treinamentos com uma certifica\u00e7\u00e3o internacional oferecida pela Comunidade Internacional de Coaching. Este treinamento recebeu o European Quality Award.<br \/>\nPor meio deste treinamento voc\u00ea desenvolver\u00e1 as compet\u00eancias de coaching fundamentais, o que refor\u00e7ar\u00e1 sua profiss\u00e3o atual com novas habilidades e compet\u00eancias e o ajudar\u00e1 para construir uma nova carreira como coach profissional.<\/p>\n<p>&nbsp;<\/p>\n<h3><a title=\"Certifica\u00e7\u00e3o em Coaching de Equipes\" href=\"http:\/\/www.lambent.com\/pt-br\/equipe-de-treinamento-certificacao-em-coaching\/\">Coaching de equipes<\/a><\/h3>\n<p><a href=\"http:\/\/www.lambent.com\/wp-content\/uploads\/2012\/12\/coachingtraining_team.png\"><img loading=\"lazy\" decoding=\"async\" class=\"alignleft size-full wp-image-2093\" title=\"coachingtraining_team\" src=\"http:\/\/www.lambent.com\/wp-content\/uploads\/2012\/12\/coachingtraining_team.png\" alt=\"\" width=\"132\" height=\"132\" \/><\/a>Este treinamento \u00e9 um dos poucos especializados em coaching de equipes de neg\u00f3cios. O coaching de equipes \u00e9 um dos mercados de mais r\u00e1pido crescimento na \u00e1rea empresarial. As organiza\u00e7\u00f5es contratam coaches para que trabalhem com suas equipes e o coaching de equipes n\u00e3o \u00e9 igual ao coaching individual.<\/p>\n<p>Este curso oferecer\u00e1 experi\u00eancia inestim\u00e1vel e supervisionada em coaching de equipes e o tornar\u00e1 um eficaz coach empresarial de equipes credenciado, capaz de ajudar as equipes a obterem seu melhor desempenho.<\/p>\n<p>&nbsp;<\/p>\n<h3><a title=\"Certifica\u00e7\u00e3o em Coaching Empresarial\" href=\"http:\/\/www.lambent.com\/pt-br\/empresas-de-treinamento-de-certificacao-de-coaching\/\">Coaching empresarial<\/a><\/h3>\n<p><a href=\"http:\/\/www.lambent.com\/wp-content\/uploads\/2012\/12\/coachingtraining_business.png\"><img loading=\"lazy\" decoding=\"async\" class=\"alignleft size-full wp-image-2092\" title=\"coachingtraining_business\" src=\"http:\/\/www.lambent.com\/wp-content\/uploads\/2012\/12\/coachingtraining_business.png\" alt=\"\" width=\"132\" height=\"132\" \/><\/a>O programa de certifica\u00e7\u00e3o em coaching empresarial \u00e9 um treinamento de especializa\u00e7\u00e3o para os coaches que desejem trabalhar em contextos empresariais com clientes individuais.<\/p>\n<p>Os treinamentos de coaching habituais n\u00e3o o preparar\u00e3o para as dificuldades e desafios do coaching empresarial. Voc\u00ea precisa de habilidades novas e diferentes para ser o coach de gerentes.<br \/>\nOs gerentes necessitam melhores habilidades de coaching para obter o melhor de seu pessoal.<\/p>\n<p>&nbsp;<\/p>\n<h3><a title=\"Coaching para l\u00edderes\" href=\"http:\/\/www.lambent.com\/pt-br\/coaching-para-lideres\/\">Coaching para l\u00edderes<\/a><\/h3>\n<p><a href=\"http:\/\/www.lambent.com\/wp-content\/uploads\/2012\/12\/coachingtraining_leader.png\"><img loading=\"lazy\" decoding=\"async\" class=\"alignleft size-full wp-image-2091\" title=\"coachingtraining_leader\" src=\"http:\/\/www.lambent.com\/wp-content\/uploads\/2012\/12\/coachingtraining_leader.png\" alt=\"\" width=\"132\" height=\"132\" \/><\/a>Este curso o ajudar\u00e1 a se desenvolver como coach e a se tornar um dos seletos coaches de l\u00edderes. A maior parte do coaching de neg\u00f3cios est\u00e1 direcionado a l\u00edderes: executivos e gerentes de alto n\u00edvel. Eles precisam ser l\u00edderes e o coaching \u00e9 uma das mais poderosas maneiras personalizadas de ajud\u00e1-los a conseguir isto.<\/p>\n<p>Cada vez mais empresas investem em coaching para desenvolver as habilidades de lideran\u00e7a de seus gerentes principais. O coaching para l\u00edderes vai al\u00e9m das habilidades de coaching usuais.<br \/>\nOs l\u00edderes necessitam coaches que tamb\u00e9m sejam l\u00edderes. As habilidades de coaching mais comuns n\u00e3o s\u00e3o suficientes.<\/p>\n<p>&nbsp;<\/p>\n<h3><a title=\"Certifica\u00e7\u00e3o em Coaching de Vida\" href=\"http:\/\/www.lambent.com\/pt-br\/vida-treinamento-de-certificacao-de-coaching\/\">Coaching pessoal<\/a><\/h3>\n<p><a href=\"http:\/\/www.lambent.com\/wp-content\/uploads\/2012\/12\/coachingtraining_life.png\"><img loading=\"lazy\" decoding=\"async\" class=\"alignleft size-full wp-image-2094\" title=\"coachingtraining_life\" src=\"http:\/\/www.lambent.com\/wp-content\/uploads\/2012\/12\/coachingtraining_life.png\" alt=\"\" width=\"132\" height=\"132\" \/><\/a>Este curso \u00fanico est\u00e1 orientado a treinar os coaches para que ajudem as pessoas a equilibrar sua vida. Muitos coaches executivos precisam destas habilidades pois muitos executivos n\u00e3o possuem uma vida equilibrada.<\/p>\n<p>Este curso est\u00e1 desenhado para se integrar com as habilidades de coaching executivo para ajudar os executivos a equilibrar suas vidas.<\/p>","protected":false},"excerpt":{"rendered":"<p>O nosso treinamento para Certifica\u00e7\u00e3o Internacional em Coaching recebeu o pr\u00eamio European Quality Award (EQA) no n\u00edvel &#8220;Foundation&#8221; da EMCC (European Mentoring and Coaching Council \u2013 Conselho Europeu de Coaching e Mentoring). Treinamento de certifica\u00e7\u00e3o internacional em coaching Oferecemos treinamentos com uma certifica\u00e7\u00e3o internacional oferecida pela Comunidade Internacional de Coaching. Este treinamento recebeu o European [&hellip;]<\/p>\n","protected":false},"author":1,"featured_media":0,"parent":0,"menu_order":0,"comment_status":"open","ping_status":"open","template":"","meta":{"footnotes":""},"class_list":["post-2689","page","type-page","status-publish","hentry"],"yoast_head":"<!-- This site is optimized with the Yoast SEO plugin v26.8 - https:\/\/yoast.com\/product\/yoast-seo-wordpress\/ -->\n<title>Treinamento em Coaching - Lambent<\/title>\n<meta name=\"robots\" content=\"index, follow, max-snippet:-1, max-image-preview:large, max-video-preview:-1\" \/>\n<link rel=\"canonical\" href=\"https:\/\/www.lambent.com\/pt-br\/treinamento-em-coaching\/\" \/>\n<meta property=\"og:locale\" content=\"pt_BR\" \/>\n<meta property=\"og:type\" content=\"article\" \/>\n<meta property=\"og:title\" content=\"Treinamento em Coaching - Lambent\" \/>\n<meta property=\"og:description\" content=\"O nosso treinamento para Certifica\u00e7\u00e3o Internacional em Coaching recebeu o pr\u00eamio European Quality Award (EQA) no n\u00edvel &#8220;Foundation&#8221; da EMCC (European Mentoring and Coaching Council \u2013 Conselho Europeu de Coaching e Mentoring). Treinamento de certifica\u00e7\u00e3o internacional em coaching Oferecemos treinamentos com uma certifica\u00e7\u00e3o internacional oferecida pela Comunidade Internacional de Coaching. Este treinamento recebeu o European [&hellip;]\" \/>\n<meta property=\"og:url\" content=\"https:\/\/www.lambent.com\/pt-br\/treinamento-em-coaching\/\" \/>\n<meta property=\"og:site_name\" content=\"Lambent\" \/>\n<meta property=\"article:modified_time\" content=\"2015-01-28T20:52:59+00:00\" \/>\n<meta property=\"og:image\" content=\"http:\/\/www.lambent.com\/wp-content\/uploads\/2012\/12\/EQA-logo-72-12.jpg\" \/>\n<meta name=\"twitter:label1\" content=\"Est. tempo de leitura\" \/>\n\t<meta name=\"twitter:data1\" content=\"2 minutos\" \/>\n<script type=\"application\/ld+json\" class=\"yoast-schema-graph\">{\"@context\":\"https:\/\/schema.org\",\"@graph\":[{\"@type\":\"WebPage\",\"@id\":\"https:\/\/www.lambent.com\/pt-br\/treinamento-em-coaching\/\",\"url\":\"https:\/\/www.lambent.com\/pt-br\/treinamento-em-coaching\/\",\"name\":\"Treinamento em Coaching - Lambent\",\"isPartOf\":{\"@id\":\"https:\/\/www.lambent.com\/#website\"},\"primaryImageOfPage\":{\"@id\":\"https:\/\/www.lambent.com\/pt-br\/treinamento-em-coaching\/#primaryimage\"},\"image\":{\"@id\":\"https:\/\/www.lambent.com\/pt-br\/treinamento-em-coaching\/#primaryimage\"},\"thumbnailUrl\":\"http:\/\/www.lambent.com\/wp-content\/uploads\/2012\/12\/EQA-logo-72-12.jpg\",\"datePublished\":\"2013-03-05T20:28:50+00:00\",\"dateModified\":\"2015-01-28T20:52:59+00:00\",\"inLanguage\":\"pt-BR\",\"potentialAction\":[{\"@type\":\"ReadAction\",\"target\":[\"https:\/\/www.lambent.com\/pt-br\/treinamento-em-coaching\/\"]}]},{\"@type\":\"ImageObject\",\"inLanguage\":\"pt-BR\",\"@id\":\"https:\/\/www.lambent.com\/pt-br\/treinamento-em-coaching\/#primaryimage\",\"url\":\"http:\/\/www.lambent.com\/wp-content\/uploads\/2012\/12\/EQA-logo-72-12.jpg\",\"contentUrl\":\"http:\/\/www.lambent.com\/wp-content\/uploads\/2012\/12\/EQA-logo-72-12.jpg\"},{\"@type\":\"WebSite\",\"@id\":\"https:\/\/www.lambent.com\/#website\",\"url\":\"https:\/\/www.lambent.com\/\",\"name\":\"Lambent\",\"description\":\"International Coaching Training\",\"potentialAction\":[{\"@type\":\"SearchAction\",\"target\":{\"@type\":\"EntryPoint\",\"urlTemplate\":\"https:\/\/www.lambent.com\/?s={search_term_string}\"},\"query-input\":{\"@type\":\"PropertyValueSpecification\",\"valueRequired\":true,\"valueName\":\"search_term_string\"}}],\"inLanguage\":\"pt-BR\"}]}<\/script>\n<!-- \/ Yoast SEO plugin. -->","yoast_head_json":{"title":"Treinamento em Coaching - Lambent","robots":{"index":"index","follow":"follow","max-snippet":"max-snippet:-1","max-image-preview":"max-image-preview:large","max-video-preview":"max-video-preview:-1"},"canonical":"https:\/\/www.lambent.com\/pt-br\/treinamento-em-coaching\/","og_locale":"pt_BR","og_type":"article","og_title":"Treinamento em Coaching - Lambent","og_description":"O nosso treinamento para Certifica\u00e7\u00e3o Internacional em Coaching recebeu o pr\u00eamio European Quality Award (EQA) no n\u00edvel &#8220;Foundation&#8221; da EMCC (European Mentoring and Coaching Council \u2013 Conselho Europeu de Coaching e Mentoring). Treinamento de certifica\u00e7\u00e3o internacional em coaching Oferecemos treinamentos com uma certifica\u00e7\u00e3o internacional oferecida pela Comunidade Internacional de Coaching. Este treinamento recebeu o European [&hellip;]","og_url":"https:\/\/www.lambent.com\/pt-br\/treinamento-em-coaching\/","og_site_name":"Lambent","article_modified_time":"2015-01-28T20:52:59+00:00","og_image":[{"url":"http:\/\/www.lambent.com\/wp-content\/uploads\/2012\/12\/EQA-logo-72-12.jpg","type":"","width":"","height":""}],"twitter_misc":{"Est. tempo de leitura":"2 minutos"},"schema":{"@context":"https:\/\/schema.org","@graph":[{"@type":"WebPage","@id":"https:\/\/www.lambent.com\/pt-br\/treinamento-em-coaching\/","url":"https:\/\/www.lambent.com\/pt-br\/treinamento-em-coaching\/","name":"Treinamento em Coaching - Lambent","isPartOf":{"@id":"https:\/\/www.lambent.com\/#website"},"primaryImageOfPage":{"@id":"https:\/\/www.lambent.com\/pt-br\/treinamento-em-coaching\/#primaryimage"},"image":{"@id":"https:\/\/www.lambent.com\/pt-br\/treinamento-em-coaching\/#primaryimage"},"thumbnailUrl":"http:\/\/www.lambent.com\/wp-content\/uploads\/2012\/12\/EQA-logo-72-12.jpg","datePublished":"2013-03-05T20:28:50+00:00","dateModified":"2015-01-28T20:52:59+00:00","inLanguage":"pt-BR","potentialAction":[{"@type":"ReadAction","target":["https:\/\/www.lambent.com\/pt-br\/treinamento-em-coaching\/"]}]},{"@type":"ImageObject","inLanguage":"pt-BR","@id":"https:\/\/www.lambent.com\/pt-br\/treinamento-em-coaching\/#primaryimage","url":"http:\/\/www.lambent.com\/wp-content\/uploads\/2012\/12\/EQA-logo-72-12.jpg","contentUrl":"http:\/\/www.lambent.com\/wp-content\/uploads\/2012\/12\/EQA-logo-72-12.jpg"},{"@type":"WebSite","@id":"https:\/\/www.lambent.com\/#website","url":"https:\/\/www.lambent.com\/","name":"Lambent","description":"International Coaching Training","potentialAction":[{"@type":"SearchAction","target":{"@type":"EntryPoint","urlTemplate":"https:\/\/www.lambent.com\/?s={search_term_string}"},"query-input":{"@type":"PropertyValueSpecification","valueRequired":true,"valueName":"search_term_string"}}],"inLanguage":"pt-BR"}]}},"_links":{"self":[{"href":"https:\/\/www.lambent.com\/pt-br\/wp-json\/wp\/v2\/pages\/2689\/"}],"collection":[{"href":"https:\/\/www.lambent.com\/pt-br\/wp-json\/wp\/v2\/pages\/"}],"about":[{"href":"https:\/\/www.lambent.com\/pt-br\/wp-json\/wp\/v2\/types\/page\/"}],"author":[{"embeddable":true,"href":"https:\/\/www.lambent.com\/pt-br\/wp-json\/wp\/v2\/users\/1\/"}],"replies":[{"embeddable":true,"href":"https:\/\/www.lambent.com\/pt-br\/wp-json\/wp\/v2\/comments\/?post=2689"}],"version-history":[{"count":18,"href":"https:\/\/www.lambent.com\/pt-br\/wp-json\/wp\/v2\/pages\/2689\/revisions\/"}],"predecessor-version":[{"id":9363,"href":"https:\/\/www.lambent.com\/pt-br\/wp-json\/wp\/v2\/pages\/2689\/revisions\/9363\/"}],"wp:attachment":[{"href":"https:\/\/www.lambent.com\/pt-br\/wp-json\/wp\/v2\/media\/?parent=2689"}],"curies":[{"name":"wp","href":"https:\/\/api.w.org\/{rel}","templated":true}]}}