{"id":2687,"date":"2013-03-05T19:42:00","date_gmt":"2013-03-05T19:42:00","guid":{"rendered":"http:\/\/www.lambent.com\/consultoria\/"},"modified":"2013-03-20T00:14:52","modified_gmt":"2013-03-20T00:14:52","slug":"consultoria","status":"publish","type":"page","link":"https:\/\/www.lambent.com\/pt-br\/consultoria\/","title":{"rendered":"Consultoria"},"content":{"rendered":"<p>Descobrimos que estas tr\u00eas \u00e1reas de assessoramento s\u00e3o as que contribuir\u00e3o em maior medida e de maneira mais r\u00e1pida para que sua empresa alcance um alto rendimento:<\/p>\n<ul>\n<li>\u00a0 \u00a0\u00a0Resultados<\/li>\n<li>\u00a0 \u00a0\u00a0Mudan\u00e7a r\u00e1pida!<\/li>\n<li>\u00a0 \u00a0\u00a0Mudan\u00e7a efetiva!<\/li>\n<\/ul>\n<p>&nbsp;<\/p>\n<div class=\"boxes clearfix\">\n<div class=\"box two first\">\n<h3><a href=\"http:\/\/www.lambent.com\/wp-content\/uploads\/2012\/11\/s_audit.jpg\"><img loading=\"lazy\" decoding=\"async\" class=\"aligncenter size-full wp-image-2227\" title=\"s_audit\" alt=\"\" src=\"http:\/\/www.lambent.com\/wp-content\/uploads\/2012\/11\/s_audit.jpg\" width=\"280\" height=\"180\" \/><\/a><span style=\"color: #004571;\"><br \/>\nAuditoria sist\u00eamica<br \/>\n<\/span><\/h3>\n<p>\u00c9 uma an\u00e1lise em profundidade da empresa ou de uma \u00e1rea dentro dela, para compreender o sistema e encontrar pontos de influ\u00eancia para a mudan\u00e7a.<\/p>\n<p>O relat\u00f3rio funciona como uma sofisticada an\u00e1lise de necessidades e uma fotografia instant\u00e2nea e de vanguarda dos sistemas de seu neg\u00f3cio.<\/p>\n<\/div>\n<div class=\"box two last\">\n<h3><a href=\"http:\/\/www.lambent.com\/wp-content\/uploads\/2012\/11\/p_coordination.jpg\"><img loading=\"lazy\" decoding=\"async\" class=\"aligncenter size-full wp-image-2229\" title=\"p_coordination\" alt=\"\" src=\"http:\/\/www.lambent.com\/wp-content\/uploads\/2012\/11\/p_coordination.jpg\" width=\"280\" height=\"180\" \/><\/a><span style=\"color: #004571;\"><br \/>\nCoordena\u00e7\u00e3o de projetos<br \/>\n<\/span><\/h3>\n<p>Somos o l\u00edder mundial na ger\u00eancia de coaching em n\u00edvel intercultural.<\/p>\n<p>Coordenamos projetos de coaching para empresas nacionais e multinacionais utilizando coaches profissionais e capacitados.<\/p>\n<\/div>\n<\/div>\n<p>&nbsp;<\/p>\n<h3><span style=\"color: #004571;\">Entre em contato<br \/>\n<\/span><\/h3>\n\n<div class=\"wpcf7 no-js\" id=\"wpcf7-f2600-o1\" lang=\"en-US\" dir=\"ltr\" data-wpcf7-id=\"2600\">\n<div class=\"screen-reader-response\"><p role=\"status\" aria-live=\"polite\" aria-atomic=\"true\"><\/p> <ul><\/ul><\/div>\n<form action=\"\/pt-br\/wp-json\/wp\/v2\/pages\/2687\/#wpcf7-f2600-o1\" method=\"post\" class=\"wpcf7-form init\" aria-label=\"Contact form\" novalidate=\"novalidate\" data-status=\"init\">\n<fieldset class=\"hidden-fields-container\"><input type=\"hidden\" name=\"_wpcf7\" value=\"2600\" \/><input type=\"hidden\" name=\"_wpcf7_version\" value=\"6.1.4\" \/><input type=\"hidden\" name=\"_wpcf7_locale\" value=\"en_US\" \/><input type=\"hidden\" name=\"_wpcf7_unit_tag\" value=\"wpcf7-f2600-o1\" \/><input type=\"hidden\" name=\"_wpcf7_container_post\" value=\"0\" \/><input type=\"hidden\" name=\"_wpcf7_posted_data_hash\" value=\"\" \/>\n<\/fieldset>\n<p>Nome\n<\/p>\n<p><span class=\"wpcf7-form-control-wrap\" data-name=\"your-name\"><input size=\"20\" maxlength=\"50\" class=\"wpcf7-form-control wpcf7-text wpcf7-validates-as-required\" aria-required=\"true\" aria-invalid=\"false\" value=\"\" type=\"text\" name=\"your-name\" \/><\/span>\n<\/p>\n<p>Email\n<\/p>\n<p><span class=\"wpcf7-form-control-wrap\" data-name=\"your-email\"><input size=\"20\" maxlength=\"50\" class=\"wpcf7-form-control wpcf7-email wpcf7-validates-as-required wpcf7-text wpcf7-validates-as-email\" aria-required=\"true\" aria-invalid=\"false\" value=\"\" type=\"email\" name=\"your-email\" \/><\/span>\n<\/p>\n<p>Pais<br \/>\n<span class=\"wpcf7-form-control-wrap\" data-name=\"country\"><input size=\"20\" maxlength=\"50\" class=\"wpcf7-form-control wpcf7-text wpcf7-validates-as-required\" aria-required=\"true\" aria-invalid=\"false\" value=\"\" type=\"text\" name=\"country\" \/><\/span>\n<\/p>\n<p>Telefone (com prefix)<br \/>\n<span class=\"wpcf7-form-control-wrap\" data-name=\"phone\"><input size=\"20\" maxlength=\"50\" class=\"wpcf7-form-control wpcf7-text wpcf7-validates-as-required\" aria-required=\"true\" aria-invalid=\"false\" value=\"\" type=\"text\" name=\"phone\" \/><\/span>\n<\/p>\n<p>Mensagem\n<\/p>\n<p><span class=\"wpcf7-form-control-wrap\" data-name=\"your-message\"><textarea cols=\"40\" rows=\"5\" maxlength=\"2000\" class=\"wpcf7-form-control wpcf7-textarea\" aria-invalid=\"false\" name=\"your-message\"><\/textarea><\/span>\n<\/p>\n<p>Inserir o c\u00f3digo<br \/>\n<div id=\"cf7sr-69f4767db7859\" class=\"cf7sr-g-recaptcha\" data-theme=\"light\" data-type=\"image\" data-size=\"normal\" data-sitekey=\"6LfND1cUAAAAAOBUxV5LrzWDemqixDx2mM9dFLiq\"><\/div><span class=\"wpcf7-form-control-wrap cf7sr-recaptcha\" data-name=\"cf7sr-recaptcha\"><input type=\"hidden\" name=\"cf7sr-recaptcha\" value=\"\" class=\"wpcf7-form-control\"><\/span>\n<\/p>\n<p><input class=\"wpcf7-form-control wpcf7-submit has-spinner\" type=\"submit\" value=\"Enviar\" \/>\n<\/p><p style=\"display: none !important;\" class=\"akismet-fields-container\" data-prefix=\"_wpcf7_ak_\"><label>&#916;<textarea name=\"_wpcf7_ak_hp_textarea\" cols=\"45\" rows=\"8\" maxlength=\"100\"><\/textarea><\/label><input type=\"hidden\" id=\"ak_js_1\" name=\"_wpcf7_ak_js\" value=\"11\"\/><script>document.getElementById( \"ak_js_1\" ).setAttribute( \"value\", ( new Date() ).getTime() );<\/script><\/p><div class=\"wpcf7-response-output\" aria-hidden=\"true\"><\/div>\n<\/form>\n<\/div>\n","protected":false},"excerpt":{"rendered":"<p>Descobrimos que estas tr\u00eas \u00e1reas de assessoramento s\u00e3o as que contribuir\u00e3o em maior medida e de maneira mais r\u00e1pida para que sua empresa alcance um alto rendimento: \u00a0 \u00a0\u00a0Resultados \u00a0 \u00a0\u00a0Mudan\u00e7a r\u00e1pida! \u00a0 \u00a0\u00a0Mudan\u00e7a efetiva! &nbsp; Auditoria sist\u00eamica \u00c9 uma an\u00e1lise em profundidade da empresa ou de uma \u00e1rea dentro dela, para compreender o sistema [&hellip;]<\/p>\n","protected":false},"author":1,"featured_media":0,"parent":0,"menu_order":0,"comment_status":"open","ping_status":"open","template":"","meta":{"footnotes":""},"class_list":["post-2687","page","type-page","status-publish","hentry"],"yoast_head":"<!-- This site is optimized with the Yoast SEO plugin v26.8 - https:\/\/yoast.com\/product\/yoast-seo-wordpress\/ -->\n<title>Consultoria - Lambent<\/title>\n<meta name=\"robots\" content=\"index, follow, max-snippet:-1, max-image-preview:large, max-video-preview:-1\" \/>\n<link rel=\"canonical\" href=\"https:\/\/www.lambent.com\/pt-br\/consultoria\/\" \/>\n<meta property=\"og:locale\" content=\"pt_BR\" \/>\n<meta property=\"og:type\" content=\"article\" \/>\n<meta property=\"og:title\" content=\"Consultoria - Lambent\" \/>\n<meta property=\"og:description\" content=\"Descobrimos que estas tr\u00eas \u00e1reas de assessoramento s\u00e3o as que contribuir\u00e3o em maior medida e de maneira mais r\u00e1pida para que sua empresa alcance um alto rendimento: \u00a0 \u00a0\u00a0Resultados \u00a0 \u00a0\u00a0Mudan\u00e7a r\u00e1pida! \u00a0 \u00a0\u00a0Mudan\u00e7a efetiva! &nbsp; Auditoria sist\u00eamica \u00c9 uma an\u00e1lise em profundidade da empresa ou de uma \u00e1rea dentro dela, para compreender o sistema [&hellip;]\" \/>\n<meta property=\"og:url\" content=\"https:\/\/www.lambent.com\/pt-br\/consultoria\/\" \/>\n<meta property=\"og:site_name\" content=\"Lambent\" \/>\n<meta property=\"article:modified_time\" content=\"2013-03-20T00:14:52+00:00\" \/>\n<meta property=\"og:image\" content=\"http:\/\/www.lambent.com\/wp-content\/uploads\/2012\/11\/s_audit.jpg\" \/>\n<meta name=\"twitter:label1\" content=\"Est. tempo de leitura\" \/>\n\t<meta name=\"twitter:data1\" content=\"1 minuto\" \/>\n<script type=\"application\/ld+json\" class=\"yoast-schema-graph\">{\"@context\":\"https:\/\/schema.org\",\"@graph\":[{\"@type\":\"WebPage\",\"@id\":\"https:\/\/www.lambent.com\/pt-br\/consultoria\/\",\"url\":\"https:\/\/www.lambent.com\/pt-br\/consultoria\/\",\"name\":\"Consultoria - Lambent\",\"isPartOf\":{\"@id\":\"https:\/\/www.lambent.com\/#website\"},\"primaryImageOfPage\":{\"@id\":\"https:\/\/www.lambent.com\/pt-br\/consultoria\/#primaryimage\"},\"image\":{\"@id\":\"https:\/\/www.lambent.com\/pt-br\/consultoria\/#primaryimage\"},\"thumbnailUrl\":\"http:\/\/www.lambent.com\/wp-content\/uploads\/2012\/11\/s_audit.jpg\",\"datePublished\":\"2013-03-05T19:42:00+00:00\",\"dateModified\":\"2013-03-20T00:14:52+00:00\",\"inLanguage\":\"pt-BR\",\"potentialAction\":[{\"@type\":\"ReadAction\",\"target\":[\"https:\/\/www.lambent.com\/pt-br\/consultoria\/\"]}]},{\"@type\":\"ImageObject\",\"inLanguage\":\"pt-BR\",\"@id\":\"https:\/\/www.lambent.com\/pt-br\/consultoria\/#primaryimage\",\"url\":\"http:\/\/www.lambent.com\/wp-content\/uploads\/2012\/11\/s_audit.jpg\",\"contentUrl\":\"http:\/\/www.lambent.com\/wp-content\/uploads\/2012\/11\/s_audit.jpg\"},{\"@type\":\"WebSite\",\"@id\":\"https:\/\/www.lambent.com\/#website\",\"url\":\"https:\/\/www.lambent.com\/\",\"name\":\"Lambent\",\"description\":\"International Coaching Training\",\"potentialAction\":[{\"@type\":\"SearchAction\",\"target\":{\"@type\":\"EntryPoint\",\"urlTemplate\":\"https:\/\/www.lambent.com\/?s={search_term_string}\"},\"query-input\":{\"@type\":\"PropertyValueSpecification\",\"valueRequired\":true,\"valueName\":\"search_term_string\"}}],\"inLanguage\":\"pt-BR\"}]}<\/script>\n<!-- \/ Yoast SEO plugin. -->","yoast_head_json":{"title":"Consultoria - Lambent","robots":{"index":"index","follow":"follow","max-snippet":"max-snippet:-1","max-image-preview":"max-image-preview:large","max-video-preview":"max-video-preview:-1"},"canonical":"https:\/\/www.lambent.com\/pt-br\/consultoria\/","og_locale":"pt_BR","og_type":"article","og_title":"Consultoria - Lambent","og_description":"Descobrimos que estas tr\u00eas \u00e1reas de assessoramento s\u00e3o as que contribuir\u00e3o em maior medida e de maneira mais r\u00e1pida para que sua empresa alcance um alto rendimento: \u00a0 \u00a0\u00a0Resultados \u00a0 \u00a0\u00a0Mudan\u00e7a r\u00e1pida! \u00a0 \u00a0\u00a0Mudan\u00e7a efetiva! &nbsp; Auditoria sist\u00eamica \u00c9 uma an\u00e1lise em profundidade da empresa ou de uma \u00e1rea dentro dela, para compreender o sistema [&hellip;]","og_url":"https:\/\/www.lambent.com\/pt-br\/consultoria\/","og_site_name":"Lambent","article_modified_time":"2013-03-20T00:14:52+00:00","og_image":[{"url":"http:\/\/www.lambent.com\/wp-content\/uploads\/2012\/11\/s_audit.jpg","type":"","width":"","height":""}],"twitter_misc":{"Est. tempo de leitura":"1 minuto"},"schema":{"@context":"https:\/\/schema.org","@graph":[{"@type":"WebPage","@id":"https:\/\/www.lambent.com\/pt-br\/consultoria\/","url":"https:\/\/www.lambent.com\/pt-br\/consultoria\/","name":"Consultoria - Lambent","isPartOf":{"@id":"https:\/\/www.lambent.com\/#website"},"primaryImageOfPage":{"@id":"https:\/\/www.lambent.com\/pt-br\/consultoria\/#primaryimage"},"image":{"@id":"https:\/\/www.lambent.com\/pt-br\/consultoria\/#primaryimage"},"thumbnailUrl":"http:\/\/www.lambent.com\/wp-content\/uploads\/2012\/11\/s_audit.jpg","datePublished":"2013-03-05T19:42:00+00:00","dateModified":"2013-03-20T00:14:52+00:00","inLanguage":"pt-BR","potentialAction":[{"@type":"ReadAction","target":["https:\/\/www.lambent.com\/pt-br\/consultoria\/"]}]},{"@type":"ImageObject","inLanguage":"pt-BR","@id":"https:\/\/www.lambent.com\/pt-br\/consultoria\/#primaryimage","url":"http:\/\/www.lambent.com\/wp-content\/uploads\/2012\/11\/s_audit.jpg","contentUrl":"http:\/\/www.lambent.com\/wp-content\/uploads\/2012\/11\/s_audit.jpg"},{"@type":"WebSite","@id":"https:\/\/www.lambent.com\/#website","url":"https:\/\/www.lambent.com\/","name":"Lambent","description":"International Coaching Training","potentialAction":[{"@type":"SearchAction","target":{"@type":"EntryPoint","urlTemplate":"https:\/\/www.lambent.com\/?s={search_term_string}"},"query-input":{"@type":"PropertyValueSpecification","valueRequired":true,"valueName":"search_term_string"}}],"inLanguage":"pt-BR"}]}},"_links":{"self":[{"href":"https:\/\/www.lambent.com\/pt-br\/wp-json\/wp\/v2\/pages\/2687\/"}],"collection":[{"href":"https:\/\/www.lambent.com\/pt-br\/wp-json\/wp\/v2\/pages\/"}],"about":[{"href":"https:\/\/www.lambent.com\/pt-br\/wp-json\/wp\/v2\/types\/page\/"}],"author":[{"embeddable":true,"href":"https:\/\/www.lambent.com\/pt-br\/wp-json\/wp\/v2\/users\/1\/"}],"replies":[{"embeddable":true,"href":"https:\/\/www.lambent.com\/pt-br\/wp-json\/wp\/v2\/comments\/?post=2687"}],"version-history":[{"count":2,"href":"https:\/\/www.lambent.com\/pt-br\/wp-json\/wp\/v2\/pages\/2687\/revisions\/"}],"predecessor-version":[{"id":3008,"href":"https:\/\/www.lambent.com\/pt-br\/wp-json\/wp\/v2\/pages\/2687\/revisions\/3008\/"}],"wp:attachment":[{"href":"https:\/\/www.lambent.com\/pt-br\/wp-json\/wp\/v2\/media\/?parent=2687"}],"curies":[{"name":"wp","href":"https:\/\/api.w.org\/{rel}","templated":true}]}}