{"id":2681,"date":"2013-03-05T19:06:50","date_gmt":"2013-03-05T19:06:50","guid":{"rendered":"http:\/\/www.lambent.com\/recursos-sobre-paul-ekman\/"},"modified":"2013-03-05T19:17:16","modified_gmt":"2013-03-05T19:17:16","slug":"recursos-sobre-paul-ekman","status":"publish","type":"page","link":"https:\/\/www.lambent.com\/pt-br\/recursos-sobre-paul-ekman\/","title":{"rendered":"Recursos sobre Paul Ekman"},"content":{"rendered":"<p>Tamb\u00e9m \u00e9 poss\u00edvel consultar uma lista detalhada dos artigos cient\u00edficos e outros livros e recursos de Paul Ekman em <a href=\"http:\/\/www.paulekman.com\/\" target=\"_blank\">www.paulekman.com<\/a>\u00a0no menu \u2018publica\u00e7\u00f5es\u2019.<\/p>\n<div style=\"background-color: #eff3f5; padding: 11px;\">Darwin C.<br \/>\n<strong>The Expression of Emotion in Man and Animals<\/strong> (1998)<br \/>\nOUP<\/div>\n<p>&nbsp;<\/p>\n<div style=\"background-color: #eff3f5; padding: 11px;\">Ekman, P., (2003)<br \/>\n<strong>Emotions Revealed<br \/>\n<\/strong>Orion books<\/div>\n<p>&nbsp;<\/p>\n<div style=\"background-color: #eff3f5; padding: 11px;\">Ekman, P.<br \/>\n<strong>Telling Lies<\/strong>(2002)<br \/>\nW.W. Norton<\/div>\n<p>&nbsp;<\/p>\n<div style=\"background-color: #eff3f5; padding: 11px;\">Ekman, P., and the Dalai Lama (2008)<br \/>\n<strong>Emotional Awareness<br \/>\n<\/strong>Time Books<\/div>\n<p>&nbsp;<\/p>\n<div style=\"background-color: #eff3f5; padding: 11px;\">Ekman, P.,<br \/>\n<strong>Why Kids Lie<\/strong> (1989)<br \/>\nOUP<\/div>\n<p>&nbsp;<\/p>\n<div style=\"background-color: #eff3f5; padding: 11px;\">Ekman P., and Davidson R.,<br \/>\n<strong>The Nature of Emotions<\/strong> (1994)<br \/>\nOUP<\/div>\n<p>&nbsp;<\/p>\n<div style=\"background-color: #eff3f5; padding: 11px;\">Ekman P., and Friesen, D.<br \/>\n<strong>Unmasking the Face<\/strong> (2003)<br \/>\nMalor books<\/div>\n<p>&nbsp;<\/p>\n<div style=\"background-color: #eff3f5; padding: 11px;\">Ekman, P., and Rosenberg, E.,<br \/>\n<strong>What the Face Reveals<\/strong> (1997)<br \/>\nOUP<\/div>\n<p>&nbsp;<\/p>\n<div style=\"background-color: #eff3f5; padding: 11px;\">Ekman, P.<br \/>\n<strong>Lie Catching and Micro Expressions<\/strong> <strong>The Philosophy of Deception, Ed. Clancy Martin<\/strong>, (2009)<br \/>\nOUP<\/div>\n<p>&nbsp;<\/p>\n<div style=\"background-color: #eff3f5; padding: 11px;\">Ekman, P., Davidson, R., Ricard, M., Wallace, A. (2005)<br \/>\n<strong>Buddhist And Psychological Perspectives on Emotion and Well-Being,<\/strong><strong>Current<br \/>\n<\/strong><em id=\"__mceDel\"><strong>Directions in Psychological Science Volume 14, Number 2<\/strong>.<\/em><\/div>\n<p>&nbsp;<\/p>\n<div style=\"background-color: #eff3f5; padding: 11px;\">Ekman, P., O&#8217;Sullivan, M., Frank, M. (1999)<br \/>\n<strong>A Few Can Catch A Liar<br \/>\n<\/strong><em id=\"__mceDel\">Psychological Science, 10, 263-266.<\/em><\/div>\n<p>&nbsp;<\/p>","protected":false},"excerpt":{"rendered":"<p>Tamb\u00e9m \u00e9 poss\u00edvel consultar uma lista detalhada dos artigos cient\u00edficos e outros livros e recursos de Paul Ekman em www.paulekman.com\u00a0no menu \u2018publica\u00e7\u00f5es\u2019. Darwin C. The Expression of Emotion in Man and Animals (1998) OUP &nbsp; Ekman, P., (2003) Emotions Revealed Orion books &nbsp; Ekman, P. Telling Lies(2002) W.W. Norton &nbsp; Ekman, P., and the Dalai [&hellip;]<\/p>\n","protected":false},"author":1,"featured_media":0,"parent":0,"menu_order":0,"comment_status":"closed","ping_status":"open","template":"","meta":{"footnotes":""},"class_list":["post-2681","page","type-page","status-publish","hentry"],"yoast_head":"<!-- This site is optimized with the Yoast SEO plugin v26.8 - https:\/\/yoast.com\/product\/yoast-seo-wordpress\/ -->\n<title>Recursos sobre Paul Ekman - Lambent<\/title>\n<meta name=\"robots\" content=\"index, follow, max-snippet:-1, max-image-preview:large, max-video-preview:-1\" \/>\n<link rel=\"canonical\" href=\"https:\/\/www.lambent.com\/pt-br\/recursos-sobre-paul-ekman\/\" \/>\n<meta property=\"og:locale\" content=\"pt_BR\" \/>\n<meta property=\"og:type\" content=\"article\" \/>\n<meta property=\"og:title\" content=\"Recursos sobre Paul Ekman - Lambent\" \/>\n<meta property=\"og:description\" content=\"Tamb\u00e9m \u00e9 poss\u00edvel consultar uma lista detalhada dos artigos cient\u00edficos e outros livros e recursos de Paul Ekman em www.paulekman.com\u00a0no menu \u2018publica\u00e7\u00f5es\u2019. Darwin C. The Expression of Emotion in Man and Animals (1998) OUP &nbsp; Ekman, P., (2003) Emotions Revealed Orion books &nbsp; Ekman, P. Telling Lies(2002) W.W. Norton &nbsp; Ekman, P., and the Dalai [&hellip;]\" \/>\n<meta property=\"og:url\" content=\"https:\/\/www.lambent.com\/pt-br\/recursos-sobre-paul-ekman\/\" \/>\n<meta property=\"og:site_name\" content=\"Lambent\" \/>\n<meta property=\"article:modified_time\" content=\"2013-03-05T19:17:16+00:00\" \/>\n<meta name=\"twitter:label1\" content=\"Est. tempo de leitura\" \/>\n\t<meta name=\"twitter:data1\" content=\"1 minuto\" \/>\n<script type=\"application\/ld+json\" class=\"yoast-schema-graph\">{\"@context\":\"https:\/\/schema.org\",\"@graph\":[{\"@type\":\"WebPage\",\"@id\":\"https:\/\/www.lambent.com\/pt-br\/recursos-sobre-paul-ekman\/\",\"url\":\"https:\/\/www.lambent.com\/pt-br\/recursos-sobre-paul-ekman\/\",\"name\":\"Recursos sobre Paul Ekman - Lambent\",\"isPartOf\":{\"@id\":\"https:\/\/www.lambent.com\/#website\"},\"datePublished\":\"2013-03-05T19:06:50+00:00\",\"dateModified\":\"2013-03-05T19:17:16+00:00\",\"inLanguage\":\"pt-BR\",\"potentialAction\":[{\"@type\":\"ReadAction\",\"target\":[\"https:\/\/www.lambent.com\/pt-br\/recursos-sobre-paul-ekman\/\"]}]},{\"@type\":\"WebSite\",\"@id\":\"https:\/\/www.lambent.com\/#website\",\"url\":\"https:\/\/www.lambent.com\/\",\"name\":\"Lambent\",\"description\":\"International Coaching Training\",\"potentialAction\":[{\"@type\":\"SearchAction\",\"target\":{\"@type\":\"EntryPoint\",\"urlTemplate\":\"https:\/\/www.lambent.com\/?s={search_term_string}\"},\"query-input\":{\"@type\":\"PropertyValueSpecification\",\"valueRequired\":true,\"valueName\":\"search_term_string\"}}],\"inLanguage\":\"pt-BR\"}]}<\/script>\n<!-- \/ Yoast SEO plugin. -->","yoast_head_json":{"title":"Recursos sobre Paul Ekman - Lambent","robots":{"index":"index","follow":"follow","max-snippet":"max-snippet:-1","max-image-preview":"max-image-preview:large","max-video-preview":"max-video-preview:-1"},"canonical":"https:\/\/www.lambent.com\/pt-br\/recursos-sobre-paul-ekman\/","og_locale":"pt_BR","og_type":"article","og_title":"Recursos sobre Paul Ekman - Lambent","og_description":"Tamb\u00e9m \u00e9 poss\u00edvel consultar uma lista detalhada dos artigos cient\u00edficos e outros livros e recursos de Paul Ekman em www.paulekman.com\u00a0no menu \u2018publica\u00e7\u00f5es\u2019. Darwin C. The Expression of Emotion in Man and Animals (1998) OUP &nbsp; Ekman, P., (2003) Emotions Revealed Orion books &nbsp; Ekman, P. Telling Lies(2002) W.W. Norton &nbsp; Ekman, P., and the Dalai [&hellip;]","og_url":"https:\/\/www.lambent.com\/pt-br\/recursos-sobre-paul-ekman\/","og_site_name":"Lambent","article_modified_time":"2013-03-05T19:17:16+00:00","twitter_misc":{"Est. tempo de leitura":"1 minuto"},"schema":{"@context":"https:\/\/schema.org","@graph":[{"@type":"WebPage","@id":"https:\/\/www.lambent.com\/pt-br\/recursos-sobre-paul-ekman\/","url":"https:\/\/www.lambent.com\/pt-br\/recursos-sobre-paul-ekman\/","name":"Recursos sobre Paul Ekman - Lambent","isPartOf":{"@id":"https:\/\/www.lambent.com\/#website"},"datePublished":"2013-03-05T19:06:50+00:00","dateModified":"2013-03-05T19:17:16+00:00","inLanguage":"pt-BR","potentialAction":[{"@type":"ReadAction","target":["https:\/\/www.lambent.com\/pt-br\/recursos-sobre-paul-ekman\/"]}]},{"@type":"WebSite","@id":"https:\/\/www.lambent.com\/#website","url":"https:\/\/www.lambent.com\/","name":"Lambent","description":"International Coaching Training","potentialAction":[{"@type":"SearchAction","target":{"@type":"EntryPoint","urlTemplate":"https:\/\/www.lambent.com\/?s={search_term_string}"},"query-input":{"@type":"PropertyValueSpecification","valueRequired":true,"valueName":"search_term_string"}}],"inLanguage":"pt-BR"}]}},"_links":{"self":[{"href":"https:\/\/www.lambent.com\/pt-br\/wp-json\/wp\/v2\/pages\/2681\/"}],"collection":[{"href":"https:\/\/www.lambent.com\/pt-br\/wp-json\/wp\/v2\/pages\/"}],"about":[{"href":"https:\/\/www.lambent.com\/pt-br\/wp-json\/wp\/v2\/types\/page\/"}],"author":[{"embeddable":true,"href":"https:\/\/www.lambent.com\/pt-br\/wp-json\/wp\/v2\/users\/1\/"}],"replies":[{"embeddable":true,"href":"https:\/\/www.lambent.com\/pt-br\/wp-json\/wp\/v2\/comments\/?post=2681"}],"version-history":[{"count":3,"href":"https:\/\/www.lambent.com\/pt-br\/wp-json\/wp\/v2\/pages\/2681\/revisions\/"}],"predecessor-version":[{"id":2684,"href":"https:\/\/www.lambent.com\/pt-br\/wp-json\/wp\/v2\/pages\/2681\/revisions\/2684\/"}],"wp:attachment":[{"href":"https:\/\/www.lambent.com\/pt-br\/wp-json\/wp\/v2\/media\/?parent=2681"}],"curies":[{"name":"wp","href":"https:\/\/api.w.org\/{rel}","templated":true}]}}