{"id":2677,"date":"2013-03-05T18:16:28","date_gmt":"2013-03-05T18:16:28","guid":{"rendered":"http:\/\/www.lambent.com\/treinamentos-de-paul-ekman\/"},"modified":"2013-04-02T23:11:14","modified_gmt":"2013-04-02T23:11:14","slug":"treinamentos-de-paul-ekman","status":"publish","type":"page","link":"https:\/\/www.lambent.com\/pt-br\/treinamentos-de-paul-ekman\/","title":{"rendered":"Treinamentos de Paul Ekman"},"content":{"rendered":"<p><a href=\"http:\/\/www.lambent.com\/wp-content\/uploads\/2012\/11\/Lambent-PEI-logo.jpg\"><img loading=\"lazy\" decoding=\"async\" class=\"size-full wp-image-1938 alignnone\" title=\"Lambent - Paul Ekman licensed provider\" alt=\"Lambent - Paul Ekman licensed provider\" src=\"http:\/\/www.lambent.com\/wp-content\/uploads\/2012\/11\/Lambent-PEI-logo.jpg\" width=\"580\" height=\"190\" srcset=\"https:\/\/www.lambent.com\/wp-content\/uploads\/2012\/11\/Lambent-PEI-logo.jpg 580w, https:\/\/www.lambent.com\/wp-content\/uploads\/2012\/11\/Lambent-PEI-logo-300x98.jpg 300w\" sizes=\"auto, (max-width: 580px) 100vw, 580px\" \/><\/a><\/p>\n<p>Paul Ekman pesquisou durante quarenta anos as emo\u00e7\u00f5es humanas e a detec\u00e7\u00e3o da mentira. Seu trabalho \u00e9 fundamental para entender as emo\u00e7\u00f5es humanas universais e o modo como se expressam as micro express\u00f5es, a detec\u00e7\u00e3o da mentira e o significado da linguagem corporal.<\/p>\n<p>Estes achados cient\u00edficos tamb\u00e9m foram utilizados no seriado dram\u00e1tico da FOX \u2018Lie to Me\u2019, protagonizada por Tim Roth, na qual o Dr. Ekman participou como assessor cient\u00edfico.<\/p>\n<p style=\"text-align: center;\">[vsw id=&#8221;YkrP0bjMne8&#8243; source=&#8221;youtube&#8221; width=&#8221;425&#8243; height=&#8221;344&#8243; autoplay=&#8221;no&#8221;]<\/p>\n<p>Tamb\u00e9m realizou pesquisas inovadoras sobre as emo\u00e7\u00f5es e seu uso. Seu trabalho com o Dalai Lama sobre a consci\u00eancia plena \u00e9 uma combina\u00e7\u00e3o \u00fanica de pesquisa cient\u00edfica ocidental e explora\u00e7\u00f5es subjetivas orientais.<\/p>\n<h2>Principais programas de treinamento<\/h2>\n<p>Praticar\u00e1 suas habilidades em um entorno seguro com um treinador aprovado por Paul Ekman International.<\/p>\n<div class=\"boxes clearfix\">\n<div class=\"box three first\"><strong><a href=\"http:\/\/www.lambent.com\/pt-br\/verdade-e-mentira-a-ciencia-2\/\">Verdade e Mentira: a Ci\u00eancia<\/a><\/strong><br \/>\n\u00c9 uma introdu\u00e7\u00e3o de um dia de dura\u00e7\u00e3o para a Certifica\u00e7\u00e3o Internacional em Veracidade e Credibilidade.<br \/>\n\u00c9 uma oficina interativa e efetiva, durante a qual os participantes poder\u00e3o provar suas habilidades em situa\u00e7\u00f5es realistas utilizando uma adapta\u00e7\u00e3o das pesquisas originais de Paul Ekman sobre a verdade e a mentira. O programa o ajudar\u00e1 a interpretar o que v\u00ea e o que escuta.<strong>MAIS INFORMA\u00c7\u00d5ES<br \/>\n<\/strong><\/p>\n<ul>\n<li><a title=\"Truth and Lies \u2013 the Science\" href=\"\/?page_id=1638\">Detalles completos del entrenamiento<\/a><\/li>\n<li><a href=\"\/wp-content\/uploads\/brochures\/TLS.pdf\">Descargar el folleto<\/a><\/li>\n<\/ul>\n<\/div>\n<div class=\"box three\"><strong><a href=\"http:\/\/www.lambent.com\/pt-br\/ekman-avaliacao-da-veracidade-e-da-credibilidade\/\">Avalia\u00e7\u00e3o da Veracidade e da Credibilidade<\/a><br \/>\n<\/strong>Este programa de quatro dias de dura\u00e7\u00e3o desenvolver\u00e1 sua aptid\u00e3o para distinguir a verdade da mentira, utilizando os quarenta anos de pesquisas de Paul Ekman nessa \u00e1rea. \u00c9 um treinamento pr\u00e1tico e interativo, que cobre as habilidades necess\u00e1rias para avaliar as palavras, a linguagem corporal e as micro express\u00f5es, bem como o modelo integral da veracidade e do engano.<\/p>\n<div><strong>MAIS INFORMA\u00c7\u00d5ES<br \/>\n<\/strong><\/p>\n<ul>\n<li><a title=\"International Certificate in Evaluating Truthfulness and Credibility\" href=\"\/?page_id=1634\">Detalles completos del entrenamiento<\/a><\/li>\n<li><a href=\"\/wp-content\/uploads\/brochures\/ETaC.pdf\">Descargar el folleto<\/a><\/li>\n<\/ul>\n<\/div>\n<\/div>\n<div class=\"box three last\"><strong><a href=\"http:\/\/www.lambent.com\/pt-br\/ekman-habilidades-e-competencias-emocionais\/\">Habilidades e Compet\u00eancias Emocionais<\/a><br \/>\n<\/strong>Este programa de tr\u00eas dias de dura\u00e7\u00e3o oferecer\u00e1 as ferramentas e modelos necess\u00e1rios para reconhecer e controlar suas emo\u00e7\u00f5es e as de outras pessoas. Agu\u00e7a sua percep\u00e7\u00e3o e consci\u00eancia para reconhecer as emo\u00e7\u00f5es. \u00c9 um programa pr\u00e1tico e interativo orientado a todos os que desejem reconhecer e controlar as emo\u00e7\u00f5es dos outros e controlar de melhor maneira a pr\u00f3pria vida emocional.<br \/>\n<strong><\/strong><br \/>\n<strong>MAIS INFORMA\u00c7\u00d5ES<br \/>\n<\/strong><\/p>\n<ul>\n<li><a title=\"International Certificate in Emotional Skills and Competencies\" href=\"\/?page_id=1636\">Detalles completos del entrenamiento<\/a><\/li>\n<li><a title=\"International Coaching certification training\" href=\"\/wp-content\/uploads\/brochures\/ESaC.pdf\">Descargar el folleto<\/a><\/li>\n<\/ul>\n<\/div>\n<\/div>\n<p>Ao finalizar o programa com \u00eaxito, os participantes receber\u00e3o um certificado internacional.<\/p>\n<h2>Treinamentos in-company<\/h2>\n<p>Podemos ministrar estes treinamentos dentro das empresas com um treinador aprovado por Paul Ekman.<\/p>\n<p>Utilize o formul\u00e1rio que aparece a seguir para entrar em contato conosco e responderemos em breve.<\/p>\n<h2>Entre em contato pelos treinamentos aprovados por Ekman<\/h2>\n\n<div class=\"wpcf7 no-js\" id=\"wpcf7-f3057-o1\" lang=\"\" dir=\"ltr\" data-wpcf7-id=\"3057\">\n<div class=\"screen-reader-response\"><p role=\"status\" aria-live=\"polite\" aria-atomic=\"true\"><\/p> <ul><\/ul><\/div>\n<form action=\"\/pt-br\/wp-json\/wp\/v2\/pages\/2677\/#wpcf7-f3057-o1\" method=\"post\" class=\"wpcf7-form init\" aria-label=\"Formul\u00e1rios de contato\" novalidate=\"novalidate\" data-status=\"init\">\n<fieldset class=\"hidden-fields-container\"><input type=\"hidden\" name=\"_wpcf7\" value=\"3057\" \/><input type=\"hidden\" name=\"_wpcf7_version\" value=\"6.1.4\" \/><input type=\"hidden\" name=\"_wpcf7_locale\" value=\"\" \/><input type=\"hidden\" name=\"_wpcf7_unit_tag\" value=\"wpcf7-f3057-o1\" \/><input type=\"hidden\" name=\"_wpcf7_container_post\" value=\"0\" \/><input type=\"hidden\" name=\"_wpcf7_posted_data_hash\" value=\"\" \/>\n<\/fieldset>\n<p>Nome\n<\/p>\n<p><span class=\"wpcf7-form-control-wrap\" data-name=\"your-name\"><input size=\"20\" maxlength=\"50\" class=\"wpcf7-form-control wpcf7-text wpcf7-validates-as-required\" aria-required=\"true\" aria-invalid=\"false\" value=\"\" type=\"text\" name=\"your-name\" \/><\/span>\n<\/p>\n<p>Email\n<\/p>\n<p><span class=\"wpcf7-form-control-wrap\" data-name=\"your-email\"><input size=\"20\" maxlength=\"50\" class=\"wpcf7-form-control wpcf7-email wpcf7-validates-as-required wpcf7-text wpcf7-validates-as-email\" aria-required=\"true\" aria-invalid=\"false\" value=\"\" type=\"email\" name=\"your-email\" \/><\/span>\n<\/p>\n<p>Pais<br \/>\n<span class=\"wpcf7-form-control-wrap\" data-name=\"country\"><input size=\"20\" maxlength=\"50\" class=\"wpcf7-form-control wpcf7-text wpcf7-validates-as-required\" aria-required=\"true\" aria-invalid=\"false\" value=\"\" type=\"text\" name=\"country\" \/><\/span>\n<\/p>\n<p>Telefone (com prefix)<br \/>\n<span class=\"wpcf7-form-control-wrap\" data-name=\"phone\"><input size=\"20\" maxlength=\"50\" class=\"wpcf7-form-control wpcf7-text wpcf7-validates-as-required\" aria-required=\"true\" aria-invalid=\"false\" value=\"\" type=\"text\" name=\"phone\" \/><\/span>\n<\/p>\n<p>Mensagem\n<\/p>\n<p><span class=\"wpcf7-form-control-wrap\" data-name=\"your-message\"><textarea cols=\"40\" rows=\"5\" maxlength=\"2000\" class=\"wpcf7-form-control wpcf7-textarea\" aria-invalid=\"false\" name=\"your-message\"><\/textarea><\/span>\n<\/p>\n<p>Inserir o c\u00f3digo<br \/>\n<input type=\"hidden\" name=\"bwp-recaptcha-widget-id\" value=\"bwpRecaptchaWidget1\" \/><div id=\"bwp-recaptcha-3fcdb73d36d54f2cc22d0f68e6b6e182\" class=\"bwp-recaptcha g-recaptcha\" ><\/div><span class=\"wpcf7-form-control-wrap recaptcha-888\"><input type=\"hidden\" name=\"recaptcha-888-dummy\" \/><\/span>\n<\/p>\n<p><input class=\"wpcf7-form-control wpcf7-submit has-spinner\" type=\"submit\" value=\"Enviar\" \/>\n<\/p><p style=\"display: none !important;\" class=\"akismet-fields-container\" data-prefix=\"_wpcf7_ak_\"><label>&#916;<textarea name=\"_wpcf7_ak_hp_textarea\" cols=\"45\" rows=\"8\" maxlength=\"100\"><\/textarea><\/label><input type=\"hidden\" id=\"ak_js_1\" name=\"_wpcf7_ak_js\" value=\"177\"\/><script>document.getElementById( \"ak_js_1\" ).setAttribute( \"value\", ( new Date() ).getTime() );<\/script><\/p><div class=\"wpcf7-response-output\" aria-hidden=\"true\"><\/div>\n<\/form>\n<\/div>\n","protected":false},"excerpt":{"rendered":"<p>Paul Ekman pesquisou durante quarenta anos as emo\u00e7\u00f5es humanas e a detec\u00e7\u00e3o da mentira. Seu trabalho \u00e9 fundamental para entender as emo\u00e7\u00f5es humanas universais e o modo como se expressam as micro express\u00f5es, a detec\u00e7\u00e3o da mentira e o significado da linguagem corporal. Estes achados cient\u00edficos tamb\u00e9m foram utilizados no seriado dram\u00e1tico da FOX \u2018Lie [&hellip;]<\/p>\n","protected":false},"author":1,"featured_media":0,"parent":0,"menu_order":0,"comment_status":"closed","ping_status":"closed","template":"","meta":{"footnotes":""},"class_list":["post-2677","page","type-page","status-publish","hentry"],"yoast_head":"<!-- This site is optimized with the Yoast SEO plugin v26.8 - https:\/\/yoast.com\/product\/yoast-seo-wordpress\/ -->\n<title>Lambent - Paul Ekman Aprovado Treinamentos<\/title>\n<meta name=\"description\" content=\"Lambent \u00e9 um provedor de treinamento licenciado para Paul Ekman Aprovado Treinamentos no Reino Unido, Espanha e Portugal.\" \/>\n<meta name=\"robots\" content=\"index, follow, max-snippet:-1, max-image-preview:large, max-video-preview:-1\" \/>\n<link rel=\"canonical\" href=\"https:\/\/www.lambent.com\/pt-br\/treinamentos-de-paul-ekman\/\" \/>\n<meta property=\"og:locale\" content=\"pt_BR\" \/>\n<meta property=\"og:type\" content=\"article\" \/>\n<meta property=\"og:title\" content=\"Lambent - Paul Ekman Aprovado Treinamentos\" \/>\n<meta property=\"og:description\" content=\"Lambent \u00e9 um provedor de treinamento licenciado para Paul Ekman Aprovado Treinamentos no Reino Unido, Espanha e Portugal.\" \/>\n<meta property=\"og:url\" content=\"https:\/\/www.lambent.com\/pt-br\/treinamentos-de-paul-ekman\/\" \/>\n<meta property=\"og:site_name\" content=\"Lambent\" \/>\n<meta property=\"article:modified_time\" content=\"2013-04-02T23:11:14+00:00\" \/>\n<meta property=\"og:image\" content=\"http:\/\/www.lambent.com\/wp-content\/uploads\/2012\/11\/Lambent-PEI-logo.jpg\" \/>\n<meta name=\"twitter:label1\" content=\"Est. tempo de leitura\" \/>\n\t<meta name=\"twitter:data1\" content=\"2 minutos\" \/>\n<script type=\"application\/ld+json\" class=\"yoast-schema-graph\">{\"@context\":\"https:\/\/schema.org\",\"@graph\":[{\"@type\":\"WebPage\",\"@id\":\"https:\/\/www.lambent.com\/pt-br\/treinamentos-de-paul-ekman\/\",\"url\":\"https:\/\/www.lambent.com\/pt-br\/treinamentos-de-paul-ekman\/\",\"name\":\"Lambent - Paul Ekman Aprovado Treinamentos\",\"isPartOf\":{\"@id\":\"https:\/\/www.lambent.com\/#website\"},\"primaryImageOfPage\":{\"@id\":\"https:\/\/www.lambent.com\/pt-br\/treinamentos-de-paul-ekman\/#primaryimage\"},\"image\":{\"@id\":\"https:\/\/www.lambent.com\/pt-br\/treinamentos-de-paul-ekman\/#primaryimage\"},\"thumbnailUrl\":\"http:\/\/www.lambent.com\/wp-content\/uploads\/2012\/11\/Lambent-PEI-logo.jpg\",\"datePublished\":\"2013-03-05T18:16:28+00:00\",\"dateModified\":\"2013-04-02T23:11:14+00:00\",\"description\":\"Lambent \u00e9 um provedor de treinamento licenciado para Paul Ekman Aprovado Treinamentos no Reino Unido, Espanha e Portugal.\",\"inLanguage\":\"pt-BR\",\"potentialAction\":[{\"@type\":\"ReadAction\",\"target\":[\"https:\/\/www.lambent.com\/pt-br\/treinamentos-de-paul-ekman\/\"]}]},{\"@type\":\"ImageObject\",\"inLanguage\":\"pt-BR\",\"@id\":\"https:\/\/www.lambent.com\/pt-br\/treinamentos-de-paul-ekman\/#primaryimage\",\"url\":\"http:\/\/www.lambent.com\/wp-content\/uploads\/2012\/11\/Lambent-PEI-logo.jpg\",\"contentUrl\":\"http:\/\/www.lambent.com\/wp-content\/uploads\/2012\/11\/Lambent-PEI-logo.jpg\"},{\"@type\":\"WebSite\",\"@id\":\"https:\/\/www.lambent.com\/#website\",\"url\":\"https:\/\/www.lambent.com\/\",\"name\":\"Lambent\",\"description\":\"International Coaching Training\",\"potentialAction\":[{\"@type\":\"SearchAction\",\"target\":{\"@type\":\"EntryPoint\",\"urlTemplate\":\"https:\/\/www.lambent.com\/?s={search_term_string}\"},\"query-input\":{\"@type\":\"PropertyValueSpecification\",\"valueRequired\":true,\"valueName\":\"search_term_string\"}}],\"inLanguage\":\"pt-BR\"}]}<\/script>\n<!-- \/ Yoast SEO plugin. -->","yoast_head_json":{"title":"Lambent - Paul Ekman Aprovado Treinamentos","description":"Lambent \u00e9 um provedor de treinamento licenciado para Paul Ekman Aprovado Treinamentos no Reino Unido, Espanha e Portugal.","robots":{"index":"index","follow":"follow","max-snippet":"max-snippet:-1","max-image-preview":"max-image-preview:large","max-video-preview":"max-video-preview:-1"},"canonical":"https:\/\/www.lambent.com\/pt-br\/treinamentos-de-paul-ekman\/","og_locale":"pt_BR","og_type":"article","og_title":"Lambent - Paul Ekman Aprovado Treinamentos","og_description":"Lambent \u00e9 um provedor de treinamento licenciado para Paul Ekman Aprovado Treinamentos no Reino Unido, Espanha e Portugal.","og_url":"https:\/\/www.lambent.com\/pt-br\/treinamentos-de-paul-ekman\/","og_site_name":"Lambent","article_modified_time":"2013-04-02T23:11:14+00:00","og_image":[{"url":"http:\/\/www.lambent.com\/wp-content\/uploads\/2012\/11\/Lambent-PEI-logo.jpg","type":"","width":"","height":""}],"twitter_misc":{"Est. tempo de leitura":"2 minutos"},"schema":{"@context":"https:\/\/schema.org","@graph":[{"@type":"WebPage","@id":"https:\/\/www.lambent.com\/pt-br\/treinamentos-de-paul-ekman\/","url":"https:\/\/www.lambent.com\/pt-br\/treinamentos-de-paul-ekman\/","name":"Lambent - Paul Ekman Aprovado Treinamentos","isPartOf":{"@id":"https:\/\/www.lambent.com\/#website"},"primaryImageOfPage":{"@id":"https:\/\/www.lambent.com\/pt-br\/treinamentos-de-paul-ekman\/#primaryimage"},"image":{"@id":"https:\/\/www.lambent.com\/pt-br\/treinamentos-de-paul-ekman\/#primaryimage"},"thumbnailUrl":"http:\/\/www.lambent.com\/wp-content\/uploads\/2012\/11\/Lambent-PEI-logo.jpg","datePublished":"2013-03-05T18:16:28+00:00","dateModified":"2013-04-02T23:11:14+00:00","description":"Lambent \u00e9 um provedor de treinamento licenciado para Paul Ekman Aprovado Treinamentos no Reino Unido, Espanha e Portugal.","inLanguage":"pt-BR","potentialAction":[{"@type":"ReadAction","target":["https:\/\/www.lambent.com\/pt-br\/treinamentos-de-paul-ekman\/"]}]},{"@type":"ImageObject","inLanguage":"pt-BR","@id":"https:\/\/www.lambent.com\/pt-br\/treinamentos-de-paul-ekman\/#primaryimage","url":"http:\/\/www.lambent.com\/wp-content\/uploads\/2012\/11\/Lambent-PEI-logo.jpg","contentUrl":"http:\/\/www.lambent.com\/wp-content\/uploads\/2012\/11\/Lambent-PEI-logo.jpg"},{"@type":"WebSite","@id":"https:\/\/www.lambent.com\/#website","url":"https:\/\/www.lambent.com\/","name":"Lambent","description":"International Coaching Training","potentialAction":[{"@type":"SearchAction","target":{"@type":"EntryPoint","urlTemplate":"https:\/\/www.lambent.com\/?s={search_term_string}"},"query-input":{"@type":"PropertyValueSpecification","valueRequired":true,"valueName":"search_term_string"}}],"inLanguage":"pt-BR"}]}},"_links":{"self":[{"href":"https:\/\/www.lambent.com\/pt-br\/wp-json\/wp\/v2\/pages\/2677\/"}],"collection":[{"href":"https:\/\/www.lambent.com\/pt-br\/wp-json\/wp\/v2\/pages\/"}],"about":[{"href":"https:\/\/www.lambent.com\/pt-br\/wp-json\/wp\/v2\/types\/page\/"}],"author":[{"embeddable":true,"href":"https:\/\/www.lambent.com\/pt-br\/wp-json\/wp\/v2\/users\/1\/"}],"replies":[{"embeddable":true,"href":"https:\/\/www.lambent.com\/pt-br\/wp-json\/wp\/v2\/comments\/?post=2677"}],"version-history":[{"count":14,"href":"https:\/\/www.lambent.com\/pt-br\/wp-json\/wp\/v2\/pages\/2677\/revisions\/"}],"predecessor-version":[{"id":2680,"href":"https:\/\/www.lambent.com\/pt-br\/wp-json\/wp\/v2\/pages\/2677\/revisions\/2680\/"}],"wp:attachment":[{"href":"https:\/\/www.lambent.com\/pt-br\/wp-json\/wp\/v2\/media\/?parent=2677"}],"curies":[{"name":"wp","href":"https:\/\/api.w.org\/{rel}","templated":true}]}}