{"id":2667,"date":"2013-03-05T14:09:07","date_gmt":"2013-03-05T14:09:07","guid":{"rendered":"http:\/\/www.lambent.com\/servicos-de-coaching-executivo-corporativo-e-de-equipes\/"},"modified":"2021-04-19T14:48:34","modified_gmt":"2021-04-19T14:48:34","slug":"servicos-de-coaching-executivo-corporativo-e-de-equipes","status":"publish","type":"page","link":"https:\/\/www.lambent.com\/pt-br\/servicos-de-coaching-executivo-corporativo-e-de-equipes\/","title":{"rendered":"Servi\u00e7os de coaching executivo, corporativo e de equipes"},"content":{"rendered":"<p>Oferecemos uma gama completa de servi\u00e7os de coaching executivo e empresarial, que geram crescimento sustent\u00e1vel e consci\u00eancia empresarial. Trabalhamos para alcan\u00e7ar resultados em diversos n\u00edveis e efeitos mensur\u00e1veis.<\/p>\n<p>Somos os criadores da metodologia que treinou mais de 15.000 coaches de 78 pa\u00edses diferentes e treinamos pessoalmente mais de 1.000 coaches nos \u00faltimos dez anos.<\/p>\n<h5>Coaching t\u00e1tico<\/h5>\n<p>Oferecemos coaching para o desempenho: ajudamos as pessoas para que fa\u00e7am seu trabalho da melhor forma, as ajudamos a alcan\u00e7ar seu m\u00e1ximo desempenho.<\/p>\n<h5>Coaching estrat\u00e9gico e generativo<\/h5>\n<p>Oferecemos coaching para o desenvolvimento: Ajudamos as pessoas para que deem saltos geradores em seu desenvolvimento pessoal e profissional.<\/p>\n<p>Poucos coaches estabelecem a diferen\u00e7a, n\u00f3s o fazemos e focamos em ambos os aspectos.<\/p>\n<div class=\"boxes clearfix\">\n<div class=\"box three first\">\n<p><em><em><a href=\"http:\/\/www.lambent.com\/wp-content\/uploads\/2012\/11\/executive.jpg\"><img loading=\"lazy\" decoding=\"async\" class=\"aligncenter size-full wp-image-1742\" title=\"executive\" src=\"http:\/\/www.lambent.com\/wp-content\/uploads\/2012\/11\/executive.jpg\" alt=\"Executive Coaching\" width=\"190\" height=\"124\" \/><\/a><\/em><\/em><\/p>\n<h4><strong>Coaching executivo<\/strong><\/h4>\n<p><b>Lideran\u00e7a aut\u00eantica<\/b><br \/>\n<em><em><br \/>\n<\/em><\/em>Trabalhamos com l\u00edderes de maneira individual para que desenvolvam sua lideran\u00e7a aut\u00eantica e conquistem a nova gama de problemas empresariais.<\/p>\n<p>Realizamos sess\u00f5es de coaching com executivos que desejam ser aut\u00eanticos l\u00edderes em sua \u00e1rea e que desejam obter a mais alta qualidade em cada aspecto de suas vidas.<\/p>\n<p><em><strong>Voc\u00ea precisa ser a melhor vers\u00e3o de si pr\u00f3prio, necessita se localizar em uma posi\u00e7\u00e3o de vantagem. Precisa ir na dianteira. Precisa de um grande Coach!<\/strong><\/em><\/p>\n<\/div>\n<div class=\"box three\">\n<p><a href=\"http:\/\/www.lambent.com\/wp-content\/uploads\/2012\/11\/executive.jpg\"><img loading=\"lazy\" decoding=\"async\" class=\"aligncenter size-full wp-image-1742\" title=\"executive\" src=\"http:\/\/www.lambent.com\/wp-content\/uploads\/2012\/11\/corporate.jpg\" alt=\"Corporate Coaching\" width=\"190\" height=\"124\" \/><\/a><\/p>\n<h4><strong>Coaching corporativo<\/strong><\/h4>\n<p><strong>Resultados mensur\u00e1veis<br \/>\n<\/strong><br \/>\nTrabalhamos com gerentes em todos os n\u00edveis da organiza\u00e7\u00e3o para melhorar o rendimento e desenvolver as habilidades necess\u00e1rias no novo clima financeiro.<\/p>\n<p>Tamb\u00e9m treinamos os gerentes no enfoque do coaching para que possam obter o melhor de seu pessoal e de si pr\u00f3prios.<br \/>\nIsto ajuda para estabelecer uma cultura de coaching.<\/p>\n<\/div>\n<div class=\"box three last\">\n<p><a href=\"http:\/\/www.lambent.com\/wp-content\/uploads\/2012\/11\/executive.jpg\"><img loading=\"lazy\" decoding=\"async\" class=\"aligncenter size-full wp-image-1742\" title=\"executive\" src=\"http:\/\/www.lambent.com\/wp-content\/uploads\/2012\/11\/team.jpg\" alt=\"Team Coaching\" width=\"190\" height=\"124\" \/><\/a><\/p>\n<h4><strong>Coaching de equipes<\/strong><\/h4>\n<p><strong>Criando sinergia<br \/>\n<\/strong><br \/>\nEste servi\u00e7o \u00e9 dirigido para equipes que trabalham juntas em objetivos empresariais importantes.<\/p>\n<p>Para equipes que desejam ser mais eficazes, mais criativas, estar melhor coordenadas e sustentar sua estrat\u00e9gia at\u00e9 conseguir seus objetivos de neg\u00f3cios.<\/p>\n<p>Desenhamos o servi\u00e7o de coaching mediante uma an\u00e1lise de necessidades; planejamos medidas para alcan\u00e7ar o \u00eaxito e fazemos um seguimento do coaching para garantir sua efetividade.<\/p>\n<\/div>\n<\/div>","protected":false},"excerpt":{"rendered":"<p>Oferecemos uma gama completa de servi\u00e7os de coaching executivo e empresarial, que geram crescimento sustent\u00e1vel e consci\u00eancia empresarial. Trabalhamos para alcan\u00e7ar resultados em diversos n\u00edveis e efeitos mensur\u00e1veis. Somos os criadores da metodologia que treinou mais de 15.000 coaches de 78 pa\u00edses diferentes e treinamos pessoalmente mais de 1.000 coaches nos \u00faltimos dez anos. Coaching [&hellip;]<\/p>\n","protected":false},"author":1,"featured_media":0,"parent":0,"menu_order":0,"comment_status":"open","ping_status":"open","template":"","meta":{"footnotes":""},"class_list":["post-2667","page","type-page","status-publish","hentry"],"yoast_head":"<!-- This site is optimized with the Yoast SEO plugin v26.8 - https:\/\/yoast.com\/product\/yoast-seo-wordpress\/ -->\n<title>Servi\u00e7os de coaching executivo, corporativo e de equipes - Lambent<\/title>\n<meta name=\"description\" content=\"Oferecemos uma gama completa de servi\u00e7os de coaching executivo e empresarial, que geram crescimento sustent\u00e1vel e consci\u00eancia empresarial.\" \/>\n<meta name=\"robots\" content=\"index, follow, max-snippet:-1, max-image-preview:large, max-video-preview:-1\" \/>\n<link rel=\"canonical\" href=\"https:\/\/www.lambent.com\/pt-br\/servicos-de-coaching-executivo-corporativo-e-de-equipes\/\" \/>\n<meta property=\"og:locale\" content=\"pt_BR\" \/>\n<meta property=\"og:type\" content=\"article\" \/>\n<meta property=\"og:title\" content=\"Servi\u00e7os de coaching executivo, corporativo e de equipes - Lambent\" \/>\n<meta property=\"og:description\" content=\"Oferecemos uma gama completa de servi\u00e7os de coaching executivo e empresarial, que geram crescimento sustent\u00e1vel e consci\u00eancia empresarial.\" \/>\n<meta property=\"og:url\" content=\"https:\/\/www.lambent.com\/pt-br\/servicos-de-coaching-executivo-corporativo-e-de-equipes\/\" \/>\n<meta property=\"og:site_name\" content=\"Lambent\" \/>\n<meta property=\"article:modified_time\" content=\"2021-04-19T14:48:34+00:00\" \/>\n<meta property=\"og:image\" content=\"http:\/\/www.lambent.com\/wp-content\/uploads\/2012\/11\/executive.jpg\" \/>\n<meta name=\"twitter:label1\" content=\"Est. tempo de leitura\" \/>\n\t<meta name=\"twitter:data1\" content=\"2 minutos\" \/>\n<script type=\"application\/ld+json\" class=\"yoast-schema-graph\">{\"@context\":\"https:\/\/schema.org\",\"@graph\":[{\"@type\":\"WebPage\",\"@id\":\"https:\/\/www.lambent.com\/pt-br\/servicos-de-coaching-executivo-corporativo-e-de-equipes\/\",\"url\":\"https:\/\/www.lambent.com\/pt-br\/servicos-de-coaching-executivo-corporativo-e-de-equipes\/\",\"name\":\"Servi\u00e7os de coaching executivo, corporativo e de equipes - Lambent\",\"isPartOf\":{\"@id\":\"https:\/\/www.lambent.com\/#website\"},\"primaryImageOfPage\":{\"@id\":\"https:\/\/www.lambent.com\/pt-br\/servicos-de-coaching-executivo-corporativo-e-de-equipes\/#primaryimage\"},\"image\":{\"@id\":\"https:\/\/www.lambent.com\/pt-br\/servicos-de-coaching-executivo-corporativo-e-de-equipes\/#primaryimage\"},\"thumbnailUrl\":\"http:\/\/www.lambent.com\/wp-content\/uploads\/2012\/11\/executive.jpg\",\"datePublished\":\"2013-03-05T14:09:07+00:00\",\"dateModified\":\"2021-04-19T14:48:34+00:00\",\"description\":\"Oferecemos uma gama completa de servi\u00e7os de coaching executivo e empresarial, que geram crescimento sustent\u00e1vel e consci\u00eancia empresarial.\",\"inLanguage\":\"pt-BR\",\"potentialAction\":[{\"@type\":\"ReadAction\",\"target\":[\"https:\/\/www.lambent.com\/pt-br\/servicos-de-coaching-executivo-corporativo-e-de-equipes\/\"]}]},{\"@type\":\"ImageObject\",\"inLanguage\":\"pt-BR\",\"@id\":\"https:\/\/www.lambent.com\/pt-br\/servicos-de-coaching-executivo-corporativo-e-de-equipes\/#primaryimage\",\"url\":\"http:\/\/www.lambent.com\/wp-content\/uploads\/2012\/11\/executive.jpg\",\"contentUrl\":\"http:\/\/www.lambent.com\/wp-content\/uploads\/2012\/11\/executive.jpg\"},{\"@type\":\"WebSite\",\"@id\":\"https:\/\/www.lambent.com\/#website\",\"url\":\"https:\/\/www.lambent.com\/\",\"name\":\"Lambent\",\"description\":\"International Coaching Training\",\"potentialAction\":[{\"@type\":\"SearchAction\",\"target\":{\"@type\":\"EntryPoint\",\"urlTemplate\":\"https:\/\/www.lambent.com\/?s={search_term_string}\"},\"query-input\":{\"@type\":\"PropertyValueSpecification\",\"valueRequired\":true,\"valueName\":\"search_term_string\"}}],\"inLanguage\":\"pt-BR\"}]}<\/script>\n<!-- \/ Yoast SEO plugin. -->","yoast_head_json":{"title":"Servi\u00e7os de coaching executivo, corporativo e de equipes - Lambent","description":"Oferecemos uma gama completa de servi\u00e7os de coaching executivo e empresarial, que geram crescimento sustent\u00e1vel e consci\u00eancia empresarial.","robots":{"index":"index","follow":"follow","max-snippet":"max-snippet:-1","max-image-preview":"max-image-preview:large","max-video-preview":"max-video-preview:-1"},"canonical":"https:\/\/www.lambent.com\/pt-br\/servicos-de-coaching-executivo-corporativo-e-de-equipes\/","og_locale":"pt_BR","og_type":"article","og_title":"Servi\u00e7os de coaching executivo, corporativo e de equipes - Lambent","og_description":"Oferecemos uma gama completa de servi\u00e7os de coaching executivo e empresarial, que geram crescimento sustent\u00e1vel e consci\u00eancia empresarial.","og_url":"https:\/\/www.lambent.com\/pt-br\/servicos-de-coaching-executivo-corporativo-e-de-equipes\/","og_site_name":"Lambent","article_modified_time":"2021-04-19T14:48:34+00:00","og_image":[{"url":"http:\/\/www.lambent.com\/wp-content\/uploads\/2012\/11\/executive.jpg","type":"","width":"","height":""}],"twitter_misc":{"Est. tempo de leitura":"2 minutos"},"schema":{"@context":"https:\/\/schema.org","@graph":[{"@type":"WebPage","@id":"https:\/\/www.lambent.com\/pt-br\/servicos-de-coaching-executivo-corporativo-e-de-equipes\/","url":"https:\/\/www.lambent.com\/pt-br\/servicos-de-coaching-executivo-corporativo-e-de-equipes\/","name":"Servi\u00e7os de coaching executivo, corporativo e de equipes - Lambent","isPartOf":{"@id":"https:\/\/www.lambent.com\/#website"},"primaryImageOfPage":{"@id":"https:\/\/www.lambent.com\/pt-br\/servicos-de-coaching-executivo-corporativo-e-de-equipes\/#primaryimage"},"image":{"@id":"https:\/\/www.lambent.com\/pt-br\/servicos-de-coaching-executivo-corporativo-e-de-equipes\/#primaryimage"},"thumbnailUrl":"http:\/\/www.lambent.com\/wp-content\/uploads\/2012\/11\/executive.jpg","datePublished":"2013-03-05T14:09:07+00:00","dateModified":"2021-04-19T14:48:34+00:00","description":"Oferecemos uma gama completa de servi\u00e7os de coaching executivo e empresarial, que geram crescimento sustent\u00e1vel e consci\u00eancia empresarial.","inLanguage":"pt-BR","potentialAction":[{"@type":"ReadAction","target":["https:\/\/www.lambent.com\/pt-br\/servicos-de-coaching-executivo-corporativo-e-de-equipes\/"]}]},{"@type":"ImageObject","inLanguage":"pt-BR","@id":"https:\/\/www.lambent.com\/pt-br\/servicos-de-coaching-executivo-corporativo-e-de-equipes\/#primaryimage","url":"http:\/\/www.lambent.com\/wp-content\/uploads\/2012\/11\/executive.jpg","contentUrl":"http:\/\/www.lambent.com\/wp-content\/uploads\/2012\/11\/executive.jpg"},{"@type":"WebSite","@id":"https:\/\/www.lambent.com\/#website","url":"https:\/\/www.lambent.com\/","name":"Lambent","description":"International Coaching Training","potentialAction":[{"@type":"SearchAction","target":{"@type":"EntryPoint","urlTemplate":"https:\/\/www.lambent.com\/?s={search_term_string}"},"query-input":{"@type":"PropertyValueSpecification","valueRequired":true,"valueName":"search_term_string"}}],"inLanguage":"pt-BR"}]}},"_links":{"self":[{"href":"https:\/\/www.lambent.com\/pt-br\/wp-json\/wp\/v2\/pages\/2667\/"}],"collection":[{"href":"https:\/\/www.lambent.com\/pt-br\/wp-json\/wp\/v2\/pages\/"}],"about":[{"href":"https:\/\/www.lambent.com\/pt-br\/wp-json\/wp\/v2\/types\/page\/"}],"author":[{"embeddable":true,"href":"https:\/\/www.lambent.com\/pt-br\/wp-json\/wp\/v2\/users\/1\/"}],"replies":[{"embeddable":true,"href":"https:\/\/www.lambent.com\/pt-br\/wp-json\/wp\/v2\/comments\/?post=2667"}],"version-history":[{"count":15,"href":"https:\/\/www.lambent.com\/pt-br\/wp-json\/wp\/v2\/pages\/2667\/revisions\/"}],"predecessor-version":[{"id":10686,"href":"https:\/\/www.lambent.com\/pt-br\/wp-json\/wp\/v2\/pages\/2667\/revisions\/10686\/"}],"wp:attachment":[{"href":"https:\/\/www.lambent.com\/pt-br\/wp-json\/wp\/v2\/media\/?parent=2667"}],"curies":[{"name":"wp","href":"https:\/\/api.w.org\/{rel}","templated":true}]}}