{"id":2662,"date":"2013-03-05T06:28:26","date_gmt":"2013-03-05T06:28:26","guid":{"rendered":"http:\/\/www.lambent.com\/trainings-2\/"},"modified":"2018-06-07T23:00:51","modified_gmt":"2018-06-07T23:00:51","slug":"treinamentos","status":"publish","type":"page","link":"https:\/\/www.lambent.com\/pt-br\/treinamentos\/","title":{"rendered":"Treinamentos"},"content":{"rendered":"<p style=\"text-align: center;\"><img loading=\"lazy\" decoding=\"async\" class=\"aligncenter size-full wp-image-2999\" src=\"http:\/\/www.lambent.com\/wp-content\/uploads\/2013\/03\/banner_trainings_port.jpg\" alt=\"Lambent treinamento coaching\" width=\"605\" height=\"151\" srcset=\"https:\/\/www.lambent.com\/wp-content\/uploads\/2013\/03\/banner_trainings_port.jpg 605w, https:\/\/www.lambent.com\/wp-content\/uploads\/2013\/03\/banner_trainings_port-300x74.jpg 300w\" sizes=\"auto, (max-width: 605px) 100vw, 605px\" \/><\/p>\n<div class=\"boxes clearfix\">\n<div class=\"box three first\">\n<h4><strong><img loading=\"lazy\" decoding=\"async\" class=\"alignleft size-full wp-image-2340\" src=\"http:\/\/www.lambent.com\/wp-content\/uploads\/2012\/11\/coaching_trainings.jpg\" alt=\"coaching_trainings\" width=\"190\" height=\"133\" \/>Coaching<br \/>\n<\/strong><\/h4>\n<p>Os treinamentos em coaching da Lambent foram oferecidos para mais de 67 nacionalidades. Mais de 13.000 pessoas foram treinadas com nossa metodologia.<br \/>\nNosso treinamento recebeu dois European Quality Awards do European Coaching and Mentoring Council (EMCC).<br \/>\nNossos treinamentos em coaching s\u00e3o certificados pela\u00a0<a title=\"International Coaching Community\" href=\"http:\/\/www.internationalcoachingcommunity.com\/\" target=\"_blank\" rel=\"noopener\">Comunidad Internacional de Coaching (ICC)<\/a><\/p>\n<p><strong>MAIS INFORMA\u00c7\u00d5ES<\/strong><\/p>\n<ul>\n<li><a title=\"Coaching Training\" href=\"http:\/\/www.lambent.com\/pt-br\/treinamento-em-coaching\/\" target=\"_blank\" rel=\"noopener\">Entrenamientos en coaching<\/a><\/li>\n<li><a title=\"Master Coach Academy\" href=\"http:\/\/www.mastercoachacademy.com\" target=\"_blank\" rel=\"noopener\">Master Coach Academy<\/a><\/li>\n<li><a title=\"Upcoming trainings around the world\" href=\"http:\/\/internationalcoachingcommunity.com\/en\/calendar-of-events\" target=\"_blank\" rel=\"noopener\">Entrenamientos programados en todo el mundo<br \/>\n<\/a><\/li>\n<\/ul>\n<\/div>\n<div class=\"box three\">\n<h4><strong><img loading=\"lazy\" decoding=\"async\" class=\"alignleft size-full wp-image-2341\" src=\"http:\/\/www.lambent.com\/wp-content\/uploads\/2012\/11\/ekman_trainings.jpg\" alt=\"ekman_trainings\" width=\"190\" height=\"133\" \/>Treinamentos de\u00a0Paul Ekman<\/strong><\/h4>\n<p>Lambent tem orgulho de ser um prestador autorizado dos treinamentos aprovados por Paul Ekman no Reino Unido, Espanha e Portugal.<br \/>\nOferecemos cursos de certifica\u00e7\u00e3o internacional sobre detec\u00e7\u00e3o da verdade e da credibilidade e sobre compet\u00eancias emocionais.<\/p>\n<p>&nbsp;<\/p>\n<p><strong>MAIS INFORMA\u00c7\u00d5ES<\/strong><\/p>\n<ul>\n<li><a title=\"Paul Ekman Trainings\" href=\"http:\/\/www.lambent.com\/pt-br\/treinamentos-de-paul-ekman\/\">Cursos aprobados por Paul Ekman<br \/>\n<\/a><\/li>\n<li><a title=\"About Paul Ekman\" href=\"http:\/\/www.lambent.com\/pt-br\/sobre-paul-ekman\/\">Sobre el trabajo de Paul Ekman<br \/>\n<\/a><\/li>\n<\/ul>\n<\/div>\n<div class=\"box three last\">\n<h4><strong><img loading=\"lazy\" decoding=\"async\" class=\"alignleft size-full wp-image-2342\" src=\"http:\/\/www.lambent.com\/wp-content\/uploads\/2012\/11\/nlp_trainings.jpg\" alt=\"nlp_trainings\" width=\"190\" height=\"133\" \/>Programa\u00e7\u00e3o<br \/>\n<\/strong><strong>neurolingu\u00edstica<\/strong><\/h4>\n<p>Oferecemos treinamentos de PNL em v\u00e1rios pa\u00edses, sobre a base da metodologia de Joseph O\u2019Connor, diretor da Lambent, treinador master de PNL e autor de Introducing NLP e o NLP Work book.<br \/>\nMuitos treinamentos s\u00e3o certificados atrav\u00e9s da<em id=\"__mceDel\"><a href=\"http:\/\/www.icnlp.org\" target=\"_blank\" rel=\"noopener\">\u00a0International Community of NLP (ICNLP)<\/a><\/em><\/p>\n<p><strong><br \/>\nMAIS INFORMA\u00c7\u00d5ES<\/strong><\/p>\n<ul>\n<li><a href=\"http:\/\/www.icnlp.org\" target=\"_blank\" rel=\"noopener\">Sobre la ICNLP<br \/>\n<\/a><\/li>\n<li><a href=\"http:\/\/www.iluminattabrasil.com.br\/ferramentas_neuro.php\" target=\"_blank\" rel=\"noopener\">Entrenamientos de PNL en Brasil<br \/>\n<\/a><\/li>\n<li><a href=\"http:\/\/www.pnl-chile.cl\/cursos\/practitioner_pnl.html\" target=\"_blank\" rel=\"noopener\">Entrenamientos de PNL en Chile<br \/>\n<\/a><\/li>\n<\/ul>\n<\/div>\n<\/div>\n<p>&nbsp;<\/p>\n<p><img loading=\"lazy\" decoding=\"async\" class=\"aligncenter size-full wp-image-1938\" src=\"http:\/\/www.lambent.com\/wp-content\/uploads\/2012\/11\/Lambent-PEI-logo.jpg\" alt=\"Lambent - Paul Ekman licensed provider\" width=\"580\" height=\"190\" srcset=\"https:\/\/www.lambent.com\/wp-content\/uploads\/2012\/11\/Lambent-PEI-logo.jpg 580w, https:\/\/www.lambent.com\/wp-content\/uploads\/2012\/11\/Lambent-PEI-logo-300x98.jpg 300w\" sizes=\"auto, (max-width: 580px) 100vw, 580px\" \/><\/p>","protected":false},"excerpt":{"rendered":"<p>Coaching Os treinamentos em coaching da Lambent foram oferecidos para mais de 67 nacionalidades. Mais de 13.000 pessoas foram treinadas com nossa metodologia. Nosso treinamento recebeu dois European Quality Awards do European Coaching and Mentoring Council (EMCC). Nossos treinamentos em coaching s\u00e3o certificados pela\u00a0Comunidad Internacional de Coaching (ICC) MAIS INFORMA\u00c7\u00d5ES Entrenamientos en coaching Master Coach [&hellip;]<\/p>\n","protected":false},"author":1,"featured_media":0,"parent":0,"menu_order":0,"comment_status":"open","ping_status":"open","template":"","meta":{"footnotes":""},"class_list":["post-2662","page","type-page","status-publish","hentry"],"yoast_head":"<!-- This site is optimized with the Yoast SEO plugin v26.8 - https:\/\/yoast.com\/product\/yoast-seo-wordpress\/ -->\n<title>Treinamentos - Lambent<\/title>\n<meta name=\"robots\" content=\"index, follow, max-snippet:-1, max-image-preview:large, max-video-preview:-1\" \/>\n<link rel=\"canonical\" href=\"https:\/\/www.lambent.com\/pt-br\/treinamentos\/\" \/>\n<meta property=\"og:locale\" content=\"pt_BR\" \/>\n<meta property=\"og:type\" content=\"article\" \/>\n<meta property=\"og:title\" content=\"Treinamentos - Lambent\" \/>\n<meta property=\"og:description\" content=\"Coaching Os treinamentos em coaching da Lambent foram oferecidos para mais de 67 nacionalidades. Mais de 13.000 pessoas foram treinadas com nossa metodologia. Nosso treinamento recebeu dois European Quality Awards do European Coaching and Mentoring Council (EMCC). Nossos treinamentos em coaching s\u00e3o certificados pela\u00a0Comunidad Internacional de Coaching (ICC) MAIS INFORMA\u00c7\u00d5ES Entrenamientos en coaching Master Coach [&hellip;]\" \/>\n<meta property=\"og:url\" content=\"https:\/\/www.lambent.com\/pt-br\/treinamentos\/\" \/>\n<meta property=\"og:site_name\" content=\"Lambent\" \/>\n<meta property=\"article:modified_time\" content=\"2018-06-07T23:00:51+00:00\" \/>\n<meta property=\"og:image\" content=\"http:\/\/www.lambent.com\/wp-content\/uploads\/2013\/03\/banner_trainings_port.jpg\" \/>\n<meta name=\"twitter:label1\" content=\"Est. tempo de leitura\" \/>\n\t<meta name=\"twitter:data1\" content=\"1 minuto\" \/>\n<script type=\"application\/ld+json\" class=\"yoast-schema-graph\">{\"@context\":\"https:\/\/schema.org\",\"@graph\":[{\"@type\":\"WebPage\",\"@id\":\"https:\/\/www.lambent.com\/pt-br\/treinamentos\/\",\"url\":\"https:\/\/www.lambent.com\/pt-br\/treinamentos\/\",\"name\":\"Treinamentos - Lambent\",\"isPartOf\":{\"@id\":\"https:\/\/www.lambent.com\/#website\"},\"primaryImageOfPage\":{\"@id\":\"https:\/\/www.lambent.com\/pt-br\/treinamentos\/#primaryimage\"},\"image\":{\"@id\":\"https:\/\/www.lambent.com\/pt-br\/treinamentos\/#primaryimage\"},\"thumbnailUrl\":\"http:\/\/www.lambent.com\/wp-content\/uploads\/2013\/03\/banner_trainings_port.jpg\",\"datePublished\":\"2013-03-05T06:28:26+00:00\",\"dateModified\":\"2018-06-07T23:00:51+00:00\",\"inLanguage\":\"pt-BR\",\"potentialAction\":[{\"@type\":\"ReadAction\",\"target\":[\"https:\/\/www.lambent.com\/pt-br\/treinamentos\/\"]}]},{\"@type\":\"ImageObject\",\"inLanguage\":\"pt-BR\",\"@id\":\"https:\/\/www.lambent.com\/pt-br\/treinamentos\/#primaryimage\",\"url\":\"http:\/\/www.lambent.com\/wp-content\/uploads\/2013\/03\/banner_trainings_port.jpg\",\"contentUrl\":\"http:\/\/www.lambent.com\/wp-content\/uploads\/2013\/03\/banner_trainings_port.jpg\"},{\"@type\":\"WebSite\",\"@id\":\"https:\/\/www.lambent.com\/#website\",\"url\":\"https:\/\/www.lambent.com\/\",\"name\":\"Lambent\",\"description\":\"International Coaching Training\",\"potentialAction\":[{\"@type\":\"SearchAction\",\"target\":{\"@type\":\"EntryPoint\",\"urlTemplate\":\"https:\/\/www.lambent.com\/?s={search_term_string}\"},\"query-input\":{\"@type\":\"PropertyValueSpecification\",\"valueRequired\":true,\"valueName\":\"search_term_string\"}}],\"inLanguage\":\"pt-BR\"}]}<\/script>\n<!-- \/ Yoast SEO plugin. -->","yoast_head_json":{"title":"Treinamentos - Lambent","robots":{"index":"index","follow":"follow","max-snippet":"max-snippet:-1","max-image-preview":"max-image-preview:large","max-video-preview":"max-video-preview:-1"},"canonical":"https:\/\/www.lambent.com\/pt-br\/treinamentos\/","og_locale":"pt_BR","og_type":"article","og_title":"Treinamentos - Lambent","og_description":"Coaching Os treinamentos em coaching da Lambent foram oferecidos para mais de 67 nacionalidades. Mais de 13.000 pessoas foram treinadas com nossa metodologia. Nosso treinamento recebeu dois European Quality Awards do European Coaching and Mentoring Council (EMCC). Nossos treinamentos em coaching s\u00e3o certificados pela\u00a0Comunidad Internacional de Coaching (ICC) MAIS INFORMA\u00c7\u00d5ES Entrenamientos en coaching Master Coach [&hellip;]","og_url":"https:\/\/www.lambent.com\/pt-br\/treinamentos\/","og_site_name":"Lambent","article_modified_time":"2018-06-07T23:00:51+00:00","og_image":[{"url":"http:\/\/www.lambent.com\/wp-content\/uploads\/2013\/03\/banner_trainings_port.jpg","type":"","width":"","height":""}],"twitter_misc":{"Est. tempo de leitura":"1 minuto"},"schema":{"@context":"https:\/\/schema.org","@graph":[{"@type":"WebPage","@id":"https:\/\/www.lambent.com\/pt-br\/treinamentos\/","url":"https:\/\/www.lambent.com\/pt-br\/treinamentos\/","name":"Treinamentos - Lambent","isPartOf":{"@id":"https:\/\/www.lambent.com\/#website"},"primaryImageOfPage":{"@id":"https:\/\/www.lambent.com\/pt-br\/treinamentos\/#primaryimage"},"image":{"@id":"https:\/\/www.lambent.com\/pt-br\/treinamentos\/#primaryimage"},"thumbnailUrl":"http:\/\/www.lambent.com\/wp-content\/uploads\/2013\/03\/banner_trainings_port.jpg","datePublished":"2013-03-05T06:28:26+00:00","dateModified":"2018-06-07T23:00:51+00:00","inLanguage":"pt-BR","potentialAction":[{"@type":"ReadAction","target":["https:\/\/www.lambent.com\/pt-br\/treinamentos\/"]}]},{"@type":"ImageObject","inLanguage":"pt-BR","@id":"https:\/\/www.lambent.com\/pt-br\/treinamentos\/#primaryimage","url":"http:\/\/www.lambent.com\/wp-content\/uploads\/2013\/03\/banner_trainings_port.jpg","contentUrl":"http:\/\/www.lambent.com\/wp-content\/uploads\/2013\/03\/banner_trainings_port.jpg"},{"@type":"WebSite","@id":"https:\/\/www.lambent.com\/#website","url":"https:\/\/www.lambent.com\/","name":"Lambent","description":"International Coaching Training","potentialAction":[{"@type":"SearchAction","target":{"@type":"EntryPoint","urlTemplate":"https:\/\/www.lambent.com\/?s={search_term_string}"},"query-input":{"@type":"PropertyValueSpecification","valueRequired":true,"valueName":"search_term_string"}}],"inLanguage":"pt-BR"}]}},"_links":{"self":[{"href":"https:\/\/www.lambent.com\/pt-br\/wp-json\/wp\/v2\/pages\/2662\/"}],"collection":[{"href":"https:\/\/www.lambent.com\/pt-br\/wp-json\/wp\/v2\/pages\/"}],"about":[{"href":"https:\/\/www.lambent.com\/pt-br\/wp-json\/wp\/v2\/types\/page\/"}],"author":[{"embeddable":true,"href":"https:\/\/www.lambent.com\/pt-br\/wp-json\/wp\/v2\/users\/1\/"}],"replies":[{"embeddable":true,"href":"https:\/\/www.lambent.com\/pt-br\/wp-json\/wp\/v2\/comments\/?post=2662"}],"version-history":[{"count":17,"href":"https:\/\/www.lambent.com\/pt-br\/wp-json\/wp\/v2\/pages\/2662\/revisions\/"}],"predecessor-version":[{"id":10076,"href":"https:\/\/www.lambent.com\/pt-br\/wp-json\/wp\/v2\/pages\/2662\/revisions\/10076\/"}],"wp:attachment":[{"href":"https:\/\/www.lambent.com\/pt-br\/wp-json\/wp\/v2\/media\/?parent=2662"}],"curies":[{"name":"wp","href":"https:\/\/api.w.org\/{rel}","templated":true}]}}