{"id":10067,"date":"2018-05-16T16:44:40","date_gmt":"2018-05-16T16:44:40","guid":{"rendered":"http:\/\/www.lambent.com\/?page_id=10067"},"modified":"2018-05-16T16:44:40","modified_gmt":"2018-05-16T16:44:40","slug":"obrigado","status":"publish","type":"page","link":"https:\/\/www.lambent.com\/pt-br\/obrigado\/","title":{"rendered":"Obrigado!"},"content":{"rendered":"<h4>Muito obrigado por atualizar suas prefer\u00eancias e nos permitir manter em contato.<\/h4>\n<h4>\nEstamos comprometidos em trazer mais e melhor coaching para todo o mundo, mantendo altos padr\u00f5es e \u00e9tica s\u00f3lida.<\/h4>\n<h4>\nAtenciosamente,<\/h4>\n<h4>Equipe Lambent<\/h4>","protected":false},"excerpt":{"rendered":"<p>Muito obrigado por atualizar suas prefer\u00eancias e nos permitir manter em contato. Estamos comprometidos em trazer mais e melhor coaching para todo o mundo, mantendo altos padr\u00f5es e \u00e9tica s\u00f3lida. Atenciosamente, Equipe Lambent<\/p>\n","protected":false},"author":11,"featured_media":0,"parent":0,"menu_order":0,"comment_status":"closed","ping_status":"closed","template":"","meta":{"footnotes":""},"class_list":["post-10067","page","type-page","status-publish","hentry"],"yoast_head":"<!-- This site is optimized with the Yoast SEO plugin v26.8 - https:\/\/yoast.com\/product\/yoast-seo-wordpress\/ -->\n<title>Obrigado! - Lambent<\/title>\n<meta name=\"robots\" content=\"index, follow, max-snippet:-1, max-image-preview:large, max-video-preview:-1\" \/>\n<link rel=\"canonical\" href=\"https:\/\/www.lambent.com\/pt-br\/obrigado\/\" \/>\n<meta property=\"og:locale\" content=\"pt_BR\" \/>\n<meta property=\"og:type\" content=\"article\" \/>\n<meta property=\"og:title\" content=\"Obrigado! - Lambent\" \/>\n<meta property=\"og:description\" content=\"Muito obrigado por atualizar suas prefer\u00eancias e nos permitir manter em contato. Estamos comprometidos em trazer mais e melhor coaching para todo o mundo, mantendo altos padr\u00f5es e \u00e9tica s\u00f3lida. Atenciosamente, Equipe Lambent\" \/>\n<meta property=\"og:url\" content=\"https:\/\/www.lambent.com\/pt-br\/obrigado\/\" \/>\n<meta property=\"og:site_name\" content=\"Lambent\" \/>\n<script type=\"application\/ld+json\" class=\"yoast-schema-graph\">{\"@context\":\"https:\/\/schema.org\",\"@graph\":[{\"@type\":\"WebPage\",\"@id\":\"https:\/\/www.lambent.com\/pt-br\/obrigado\/\",\"url\":\"https:\/\/www.lambent.com\/pt-br\/obrigado\/\",\"name\":\"Obrigado! - Lambent\",\"isPartOf\":{\"@id\":\"https:\/\/www.lambent.com\/#website\"},\"datePublished\":\"2018-05-16T16:44:40+00:00\",\"inLanguage\":\"pt-BR\",\"potentialAction\":[{\"@type\":\"ReadAction\",\"target\":[\"https:\/\/www.lambent.com\/pt-br\/obrigado\/\"]}]},{\"@type\":\"WebSite\",\"@id\":\"https:\/\/www.lambent.com\/#website\",\"url\":\"https:\/\/www.lambent.com\/\",\"name\":\"Lambent\",\"description\":\"International Coaching Training\",\"potentialAction\":[{\"@type\":\"SearchAction\",\"target\":{\"@type\":\"EntryPoint\",\"urlTemplate\":\"https:\/\/www.lambent.com\/?s={search_term_string}\"},\"query-input\":{\"@type\":\"PropertyValueSpecification\",\"valueRequired\":true,\"valueName\":\"search_term_string\"}}],\"inLanguage\":\"pt-BR\"}]}<\/script>\n<!-- \/ Yoast SEO plugin. -->","yoast_head_json":{"title":"Obrigado! - Lambent","robots":{"index":"index","follow":"follow","max-snippet":"max-snippet:-1","max-image-preview":"max-image-preview:large","max-video-preview":"max-video-preview:-1"},"canonical":"https:\/\/www.lambent.com\/pt-br\/obrigado\/","og_locale":"pt_BR","og_type":"article","og_title":"Obrigado! - Lambent","og_description":"Muito obrigado por atualizar suas prefer\u00eancias e nos permitir manter em contato. Estamos comprometidos em trazer mais e melhor coaching para todo o mundo, mantendo altos padr\u00f5es e \u00e9tica s\u00f3lida. Atenciosamente, Equipe Lambent","og_url":"https:\/\/www.lambent.com\/pt-br\/obrigado\/","og_site_name":"Lambent","schema":{"@context":"https:\/\/schema.org","@graph":[{"@type":"WebPage","@id":"https:\/\/www.lambent.com\/pt-br\/obrigado\/","url":"https:\/\/www.lambent.com\/pt-br\/obrigado\/","name":"Obrigado! - Lambent","isPartOf":{"@id":"https:\/\/www.lambent.com\/#website"},"datePublished":"2018-05-16T16:44:40+00:00","inLanguage":"pt-BR","potentialAction":[{"@type":"ReadAction","target":["https:\/\/www.lambent.com\/pt-br\/obrigado\/"]}]},{"@type":"WebSite","@id":"https:\/\/www.lambent.com\/#website","url":"https:\/\/www.lambent.com\/","name":"Lambent","description":"International Coaching Training","potentialAction":[{"@type":"SearchAction","target":{"@type":"EntryPoint","urlTemplate":"https:\/\/www.lambent.com\/?s={search_term_string}"},"query-input":{"@type":"PropertyValueSpecification","valueRequired":true,"valueName":"search_term_string"}}],"inLanguage":"pt-BR"}]}},"_links":{"self":[{"href":"https:\/\/www.lambent.com\/pt-br\/wp-json\/wp\/v2\/pages\/10067\/"}],"collection":[{"href":"https:\/\/www.lambent.com\/pt-br\/wp-json\/wp\/v2\/pages\/"}],"about":[{"href":"https:\/\/www.lambent.com\/pt-br\/wp-json\/wp\/v2\/types\/page\/"}],"author":[{"embeddable":true,"href":"https:\/\/www.lambent.com\/pt-br\/wp-json\/wp\/v2\/users\/11\/"}],"replies":[{"embeddable":true,"href":"https:\/\/www.lambent.com\/pt-br\/wp-json\/wp\/v2\/comments\/?post=10067"}],"version-history":[{"count":2,"href":"https:\/\/www.lambent.com\/pt-br\/wp-json\/wp\/v2\/pages\/10067\/revisions\/"}],"predecessor-version":[{"id":10069,"href":"https:\/\/www.lambent.com\/pt-br\/wp-json\/wp\/v2\/pages\/10067\/revisions\/10069\/"}],"wp:attachment":[{"href":"https:\/\/www.lambent.com\/pt-br\/wp-json\/wp\/v2\/media\/?parent=10067"}],"curies":[{"name":"wp","href":"https:\/\/api.w.org\/{rel}","templated":true}]}}