{"id":3074,"date":"2013-04-03T20:44:30","date_gmt":"2013-04-03T20:44:30","guid":{"rendered":"http:\/\/www.lambent.com\/?page_id=3074"},"modified":"2013-04-03T20:44:57","modified_gmt":"2013-04-03T20:44:57","slug":"estandares-y-etica","status":"publish","type":"page","link":"https:\/\/www.lambent.com\/es\/estandares-y-etica\/","title":{"rendered":"Est\u00e1ndares y \u00c9tica"},"content":{"rendered":"<p>Estos son los est\u00e1ndares y \u00e9tica oficiales de la Comunidad Internacional de Coaching. Estos Est\u00e1ndares Modelo de Conducta para Coaches Profesionales tambi\u00e9n han sido aprobados por el European Mentoring &amp; Coaching Council, la International Coach Federation y la International Association of Coaching.<\/p>\n<h6><strong><span style=\"color: #004571;\">Pre\u00e1mbulo<\/span><\/strong><\/h6>\n<p>El coaching consiste en asociarse con los clientes en un proceso intelectualmente provocador y creativo que los inspire a maximizar su potencial personal y profesional. Una relaci\u00f3n profesional de coaching existe cuando \u00e9sta incluye un acuerdo o contrato comercial que define las responsabilidades de cada parte.<\/p>\n<p>Estos Est\u00e1ndares se redactaron para que funcionen como pautas \u00e9ticas fundamentales para personas que ejercen el coaching en todos los contextos de la pr\u00e1ctica. Poseen tres objetivos principales: guiar la conducta de los coaches; informar a los clientes de los coaches; y promover la confianza p\u00fablica en el coaching como un proceso para el desarrollo profesional y personal.<\/p>\n<h6><strong><span style=\"color: #004571;\"><strong>Comentario sobre la Interpretaci\u00f3n<\/strong><\/span><\/strong><\/h6>\n<p>Estos Est\u00e1ndares deben ser le\u00eddos e interpretados en su totalidad. El orden en que aparecen los Est\u00e1ndares no conlleva ning\u00fan significado en cuanto a su prioridad.<\/p>\n<p>Diversos aspectos del coaching, incluyendo algunas cuestiones tratadas en estos Est\u00e1ndares, tambi\u00e9n pueden verse afectados por otras reglas profesionales pertinentes. Estas fuentes pueden estar en conflicto con, y pueden tener prioridad sobre, estos Est\u00e1ndares. Sin embargo, un coach debe hacer todo lo posible para cumplir con el esp\u00edritu y objetivos de estos Est\u00e1ndares al servir a sus clientes. Este esfuerzo debe incluir el acatamiento de todos los Est\u00e1ndares restantes que no est\u00e9n en conflicto con esas otras fuentes.<\/p>\n<p>Estos Est\u00e1ndares, a menos que y hasta que sean adoptados por una autoridad reguladora no tienen fuerza legal. Sin embargo, el hecho de que estos Est\u00e1ndares hayan sido adoptados por las respectivas entidades que los aprobaron, deber\u00eda poner sobre aviso a los coaches sobre el hecho de que podr\u00eda considerarse que los Est\u00e1ndares establecen un est\u00e1ndar de atenci\u00f3n para los coaches.<\/p>\n<h5 style=\"background-color: #eff3f5; padding: 8px;\"><span style=\"color: #438eb5;\"><strong>Secci\u00f3n 1. Conducta Profesional en general<\/strong><\/span><\/h5>\n<div style=\"background-color: #eff3f5; padding: 8px;\">1) Los coaches no har\u00e1n a sabiendas ninguna afirmaci\u00f3n p\u00fablica que sea falsa o enga\u00f1osa acerca de lo que ofrecen como coaches, ni har\u00e1n aseveraciones falsas en cualquier documento escrito relacionado con la profesi\u00f3n de coaching o las referencias del coach.2) Los coaches identificar\u00e1n con precisi\u00f3n sus t\u00edtulos, experticia, experiencia, certificaciones y referencias relacionados con el coaching.3) Los coaches reconocer\u00e1n y respetar\u00e1n los esfuerzos y contribuciones de otros y no los har\u00e1n pasar como propios. Los coaches entienden que la violaci\u00f3n de este est\u00e1ndar puede dejarlos expuestos a recursos judiciales de un tercero.<\/p>\n<p>4) Los coaches se esforzar\u00e1n en todo momento por reconocer cuestiones personales que puedan deteriorar, causar conflictos o interferir con su desempe\u00f1o en el coaching o sus relaciones de coaching profesionales. Cuando los hechos y circunstancias lo demanden, los coaches buscar\u00e1n prontamente asistencia profesional y determinar\u00e1n las acciones a seguir, incluyendo si es apropiado suspender o finalizar su(s) relaci\u00f3n(es) de coaching.<\/p>\n<p>5) Los coaches se conducir\u00e1n de conformidad con estos Est\u00e1ndares de Conducta en todas las situaciones de entrenamiento de coaching, orientaci\u00f3n de coaching y supervisi\u00f3n de coaching.<\/p>\n<p>6) Los coaches llevar\u00e1n a cabo y divulgar\u00e1n sus investigaciones con aptitud, honestidad, y dentro de est\u00e1ndares cient\u00edficos reconocidos y lineamientos pertinentes al tema. La investigaci\u00f3n de los coaches se llevar\u00e1 a cabo con el consentimiento y aprobaci\u00f3n necesarios de las personas involucradas, y con una metodolog\u00eda que proteja a los participantes de cualquier da\u00f1o potencial. Todos los esfuerzos relacionados con la investigaci\u00f3n se ejecutar\u00e1n de un modo que observe las leyes del pa\u00eds donde se lleve a cabo la investigaci\u00f3n.<\/p>\n<p>7) Los coaches conservar\u00e1n, guardar\u00e1n y se deshar\u00e1n de manera adecuada de cualquier registro creado durante su actividad comercial de coaching, de un modo que promueva la confidencialidad, seguridad y privacidad, y respete cualquier ley o acuerdo pertinentes.<\/p>\n<\/div>\n<p>&nbsp;<\/p>\n<h5 style=\"background-color: #eff3f5; padding: 8px;\"><span style=\"color: #438eb5;\"><strong>Secci\u00f3n 2: Conflictos de Intereses<\/strong><\/span><\/h5>\n<div style=\"background-color: #eff3f5; padding: 8px;\">8) Los coaches intentar\u00e1n evitar conflictos de intereses y potenciales conflictos de intereses y la divulgaci\u00f3n p\u00fablica de cualesquiera de dichos conflictos. Los coaches se ofrecer\u00e1n a concluir su participaci\u00f3n cuando surja un conflicto de esta clase.9) Los coaches informar\u00e1n a sus clientes y a los patrocinadores de sus clientes sobre cualquier compensaci\u00f3n anticipada de terceros que el coach pueda pagar o recibir como resultado de referencias de ese cliente. El \u201cpatrocinador\u201d es la entidad (incluyendo sus representantes) que pague por y\/o organice los servicios de coaching que ser\u00e1n prestados.<\/p>\n<p>10) Los coaches s\u00f3lo negociar\u00e1n el precio de servicios, bienes u otra remuneraci\u00f3n no monetaria cuando esto no cause da\u00f1o a la relaci\u00f3n de coaching.<\/p>\n<p>11) Los coaches no tomar\u00e1n ninguna ventaja o beneficio personal, profesional o monetario de la relaci\u00f3n coach-cliente a sabiendas, excepto bajo la forma de compensaci\u00f3n convenida en el acuerdo o contrato.<\/p>\n<\/div>\n<h5><\/h5>\n<p>&nbsp;<\/p>\n<h5 style=\"background-color: #eff3f5; padding: 8px;\"><span style=\"color: #438eb5;\"><strong>Secci\u00f3n 3. Conducta Profesional con los Clientes<\/strong><\/span><\/h5>\n<div style=\"background-color: #eff3f5; padding: 8px;\">12) Los coaches no confundir\u00e1n ni har\u00e1n afirmaciones falsas a sabiendas sobre lo que el cliente o patrocinador recibir\u00e1 del proceso de coaching o de ellos como coaches.<\/div>\n<div style=\"background-color: #eff3f5; padding: 8px;\">\n<p>13) Los coaches no proporcionar\u00e1n a sus potenciales clientes o patrocinadores informaci\u00f3n o consejos que el coach sabe o cree que son falsos o inducen al error.<\/p>\n<p>14) Los coaches tendr\u00e1n acuerdos o contratos claros con sus clientes o patrocinadores, y respetar\u00e1n todos los acuerdos o contratos realizados en el contexto de relaciones de coaching profesionales.<\/p>\n<p>15) Los coaches explicar\u00e1n detenidamente y se esforzar\u00e1n por asegurarse que, antes de o en la reuni\u00f3n inicial, sus clientes y patrocinadores de coaching comprendan la naturaleza del coaching, la naturaleza y los l\u00edmites de la confidencialidad, los acuerdos financieros, y cualquier otro t\u00e9rmino del acuerdo o contrato de coaching.<\/p>\n<p>16) Los coaches ser\u00e1n responsables de establecer l\u00edmites claros, apropiados y con respeto hacia otras culturas que determinen cualquier contacto f\u00edsico que los coaches puedan tener con sus clientes o patrocinadores.<\/p>\n<p>17) Los coaches no mantendr\u00e1n relaciones \u00edntimas con cualquiera de sus actuales clientes o patrocinadores.<\/p>\n<p>18) Los coaches respetar\u00e1n el derecho de sus clientes a concluir la actividad de coaching en cualquier punto durante el proceso, bajo las condiciones que estipule el acuerdo o contrato, y permanecer\u00e1n alerta a las indicaciones de que el cliente ya no est\u00e1 obteniendo provecho de la relaci\u00f3n de coaching.<\/p>\n<p>19) Los coaches alentar\u00e1n a sus clientes o patrocinadores a hacer un cambio si el coach cree que el cliente o patrocinador se beneficiar\u00eda m\u00e1s trabajando con otro coach u otro recurso.<\/p>\n<p>20) Los coaches sugerir\u00e1n a sus clientes que busquen los servicios de otros profesionales cuando lo consideren necesario o apropiado.<\/p>\n<\/div>\n<p>&nbsp;<\/p>\n<h5 style=\"background-color: #eff3f5; padding: 8px;\"><strong><span style=\"color: #438eb5;\">Secci\u00f3n 4. Confidencialidad\/Privacidad<\/span><\/strong><\/h5>\n<div style=\"background-color: #eff3f5; padding: 8px;\">21) Los coaches mantendr\u00e1n la m\u00e1s estricta confidencialidad en cuanto a la informaci\u00f3n de los clientes y patrocinadores. Los coaches tendr\u00e1n un contrato de consentimiento expreso antes de divulgar informaci\u00f3n a un tercero, a menos que sea requerido por la ley.22) Los coaches tendr\u00e1n un acuerdo expreso acerca de c\u00f3mo se intercambiar\u00e1 informaci\u00f3n de coaching entre el coach, el cliente y el patrocinador.<\/p>\n<p>23) Cuando se desempe\u00f1en como entrenadores de coaches estudiantes, los coaches aclarar\u00e1n las pol\u00edticas de confidencialidad a los estudiantes.<\/p>\n<p>24) Los coaches se asegurar\u00e1n de que los coaches asociados y otras personas a quienes dirijan a disposici\u00f3n de sus clientes y sus patrocinadores en calidad de empleados remunerados o voluntarios efect\u00faen acuerdos o contratos expresos para observar estos est\u00e1ndares de Confidencialidad\/Privacidad y los Est\u00e1ndares de Conducta en su totalidad en la medida que sea pertinente.<\/p>\n<\/div>","protected":false},"excerpt":{"rendered":"<p>Estos son los est\u00e1ndares y \u00e9tica oficiales de la Comunidad Internacional de Coaching. Estos Est\u00e1ndares Modelo de Conducta para Coaches Profesionales tambi\u00e9n han sido aprobados por el European Mentoring &amp; Coaching Council, la International Coach Federation y la International Association of Coaching. Pre\u00e1mbulo El coaching consiste en asociarse con los clientes en un proceso intelectualmente [&hellip;]<\/p>\n","protected":false},"author":1,"featured_media":0,"parent":0,"menu_order":0,"comment_status":"open","ping_status":"open","template":"","meta":{"footnotes":""},"class_list":["post-3074","page","type-page","status-publish","hentry"],"yoast_head":"<!-- This site is optimized with the Yoast SEO plugin v26.8 - https:\/\/yoast.com\/product\/yoast-seo-wordpress\/ -->\n<title>Est\u00e1ndares y \u00c9tica - Lambent<\/title>\n<meta name=\"robots\" content=\"index, follow, max-snippet:-1, max-image-preview:large, max-video-preview:-1\" \/>\n<link rel=\"canonical\" href=\"https:\/\/www.lambent.com\/es\/estandares-y-etica\/\" \/>\n<meta property=\"og:locale\" content=\"es_ES\" \/>\n<meta property=\"og:type\" content=\"article\" \/>\n<meta property=\"og:title\" content=\"Est\u00e1ndares y \u00c9tica - Lambent\" \/>\n<meta property=\"og:description\" content=\"Estos son los est\u00e1ndares y \u00e9tica oficiales de la Comunidad Internacional de Coaching. Estos Est\u00e1ndares Modelo de Conducta para Coaches Profesionales tambi\u00e9n han sido aprobados por el European Mentoring &amp; Coaching Council, la International Coach Federation y la International Association of Coaching. Pre\u00e1mbulo El coaching consiste en asociarse con los clientes en un proceso intelectualmente [&hellip;]\" \/>\n<meta property=\"og:url\" content=\"https:\/\/www.lambent.com\/es\/estandares-y-etica\/\" \/>\n<meta property=\"og:site_name\" content=\"Lambent\" \/>\n<meta property=\"article:modified_time\" content=\"2013-04-03T20:44:57+00:00\" \/>\n<meta name=\"twitter:label1\" content=\"Tiempo de lectura\" \/>\n\t<meta name=\"twitter:data1\" content=\"7 minutos\" \/>\n<script type=\"application\/ld+json\" class=\"yoast-schema-graph\">{\"@context\":\"https:\/\/schema.org\",\"@graph\":[{\"@type\":\"WebPage\",\"@id\":\"https:\/\/www.lambent.com\/es\/estandares-y-etica\/\",\"url\":\"https:\/\/www.lambent.com\/es\/estandares-y-etica\/\",\"name\":\"Est\u00e1ndares y \u00c9tica - Lambent\",\"isPartOf\":{\"@id\":\"https:\/\/www.lambent.com\/#website\"},\"datePublished\":\"2013-04-03T20:44:30+00:00\",\"dateModified\":\"2013-04-03T20:44:57+00:00\",\"inLanguage\":\"es\",\"potentialAction\":[{\"@type\":\"ReadAction\",\"target\":[\"https:\/\/www.lambent.com\/es\/estandares-y-etica\/\"]}]},{\"@type\":\"WebSite\",\"@id\":\"https:\/\/www.lambent.com\/#website\",\"url\":\"https:\/\/www.lambent.com\/\",\"name\":\"Lambent\",\"description\":\"International Coaching Training\",\"potentialAction\":[{\"@type\":\"SearchAction\",\"target\":{\"@type\":\"EntryPoint\",\"urlTemplate\":\"https:\/\/www.lambent.com\/?s={search_term_string}\"},\"query-input\":{\"@type\":\"PropertyValueSpecification\",\"valueRequired\":true,\"valueName\":\"search_term_string\"}}],\"inLanguage\":\"es\"}]}<\/script>\n<!-- \/ Yoast SEO plugin. -->","yoast_head_json":{"title":"Est\u00e1ndares y \u00c9tica - Lambent","robots":{"index":"index","follow":"follow","max-snippet":"max-snippet:-1","max-image-preview":"max-image-preview:large","max-video-preview":"max-video-preview:-1"},"canonical":"https:\/\/www.lambent.com\/es\/estandares-y-etica\/","og_locale":"es_ES","og_type":"article","og_title":"Est\u00e1ndares y \u00c9tica - Lambent","og_description":"Estos son los est\u00e1ndares y \u00e9tica oficiales de la Comunidad Internacional de Coaching. Estos Est\u00e1ndares Modelo de Conducta para Coaches Profesionales tambi\u00e9n han sido aprobados por el European Mentoring &amp; Coaching Council, la International Coach Federation y la International Association of Coaching. Pre\u00e1mbulo El coaching consiste en asociarse con los clientes en un proceso intelectualmente [&hellip;]","og_url":"https:\/\/www.lambent.com\/es\/estandares-y-etica\/","og_site_name":"Lambent","article_modified_time":"2013-04-03T20:44:57+00:00","twitter_misc":{"Tiempo de lectura":"7 minutos"},"schema":{"@context":"https:\/\/schema.org","@graph":[{"@type":"WebPage","@id":"https:\/\/www.lambent.com\/es\/estandares-y-etica\/","url":"https:\/\/www.lambent.com\/es\/estandares-y-etica\/","name":"Est\u00e1ndares y \u00c9tica - Lambent","isPartOf":{"@id":"https:\/\/www.lambent.com\/#website"},"datePublished":"2013-04-03T20:44:30+00:00","dateModified":"2013-04-03T20:44:57+00:00","inLanguage":"es","potentialAction":[{"@type":"ReadAction","target":["https:\/\/www.lambent.com\/es\/estandares-y-etica\/"]}]},{"@type":"WebSite","@id":"https:\/\/www.lambent.com\/#website","url":"https:\/\/www.lambent.com\/","name":"Lambent","description":"International Coaching Training","potentialAction":[{"@type":"SearchAction","target":{"@type":"EntryPoint","urlTemplate":"https:\/\/www.lambent.com\/?s={search_term_string}"},"query-input":{"@type":"PropertyValueSpecification","valueRequired":true,"valueName":"search_term_string"}}],"inLanguage":"es"}]}},"_links":{"self":[{"href":"https:\/\/www.lambent.com\/es\/wp-json\/wp\/v2\/pages\/3074\/"}],"collection":[{"href":"https:\/\/www.lambent.com\/es\/wp-json\/wp\/v2\/pages\/"}],"about":[{"href":"https:\/\/www.lambent.com\/es\/wp-json\/wp\/v2\/types\/page\/"}],"author":[{"embeddable":true,"href":"https:\/\/www.lambent.com\/es\/wp-json\/wp\/v2\/users\/1\/"}],"replies":[{"embeddable":true,"href":"https:\/\/www.lambent.com\/es\/wp-json\/wp\/v2\/comments\/?post=3074"}],"version-history":[{"count":3,"href":"https:\/\/www.lambent.com\/es\/wp-json\/wp\/v2\/pages\/3074\/revisions\/"}],"predecessor-version":[{"id":3077,"href":"https:\/\/www.lambent.com\/es\/wp-json\/wp\/v2\/pages\/3074\/revisions\/3077\/"}],"wp:attachment":[{"href":"https:\/\/www.lambent.com\/es\/wp-json\/wp\/v2\/media\/?parent=3074"}],"curies":[{"name":"wp","href":"https:\/\/api.w.org\/{rel}","templated":true}]}}