{"id":2859,"date":"2013-03-07T09:47:18","date_gmt":"2013-03-07T09:47:18","guid":{"rendered":"http:\/\/www.lambent.com\/coaching-de-certificacion-de-capacitacion\/"},"modified":"2013-04-04T01:09:22","modified_gmt":"2013-04-04T01:09:22","slug":"certificacion-internacional-en-coaching-de-vida","status":"publish","type":"page","link":"https:\/\/www.lambent.com\/es\/certificacion-internacional-en-coaching-de-vida\/","title":{"rendered":"Certificaci\u00f3n Internacional en Coaching de Vida"},"content":{"rendered":"<p>Este curso para la Certificaci\u00f3n Internacional en Coaching est\u00e1 orientado a entrenar a los coaches para ayudar a las personas a equilibrar su vida. Muchos coaches ejecutivos necesitan estas habilidades dado que muchos ejecutivos no tienen una vida equilibrada.<\/p>\n<p>Este curso est\u00e1 dise\u00f1ado para integrarse con las habilidades de coaching ejecutivo para ayudar a los ejecutivos a equilibrar su vida.<\/p>\n<p>Las empresas pierden millones de euros, libras y d\u00f3lares cada a\u00f1o porque sus empleados est\u00e1n estresados, faltan al trabajo o toman malas decisiones cuando est\u00e1n all\u00ed.<\/p>\n<p>Mientras menos estr\u00e9s haya, m\u00e1s felicidad habr\u00e1.<\/p>\n<p>ste curso le proporcionar\u00e1 herramientas para trabajar como coach con clientes que se encuentran bajo presi\u00f3n para que sean m\u00e1s felices y libres.<\/p>\n<p>&nbsp;<\/p>\n<div style=\"background-color: #dfe7eb; padding: 8px;\"><strong><strong>Los temas principales que aprender\u00e1 son los siguientes:<\/strong><\/strong><\/p>\n<ul>\n<li>Su camino de vida.<\/li>\n<li>C\u00f3mo encontrar su equilibrio de vida ideal.<\/li>\n<li>La auto-observaci\u00f3n como una poderosa herramienta para el cambio.<\/li>\n<li>C\u00f3mo dejar de ser una v\u00edctima y convertirse en un agente que marca la diferencia con sus acciones.<\/li>\n<li>C\u00f3mo manejar el estr\u00e9s.<\/li>\n<li>C\u00f3mo manejar los juicios y las presiones del &#8216;deber&#8217; que causan el estr\u00e9s.<\/li>\n<li>Trabajo profundo sobre los valores y c\u00f3mo vivir en base a ellos.<\/li>\n<li>Teor\u00eda de la auto-atribuci\u00f3n.<\/li>\n<li>Las tres maneras de pensar que causan estr\u00e9s y c\u00f3mo cambiarlas.<\/li>\n<li>Psicolog\u00eda positiva y felicidad.<\/li>\n<li>El estado de flujo y c\u00f3mo alcanzarlo.<\/li>\n<li>C\u00f3mo equilibrar compromiso y participaci\u00f3n.<\/li>\n<li>El estado de flujo.<\/li>\n<\/ul>\n<\/div>\n<p>&nbsp;<\/p>\n<div style=\"background-color: #eff3f5; padding: 8px;\">\n<h5><span style=\"color: #438eb5;\"><strong>1. Planificaci\u00f3n y preparaci\u00f3n (15 horas de trabajo)<br \/>\n<\/strong><\/span><\/h5>\n<ul>\n<li>Planificar el trabajo y las metas para el curso.<\/li>\n<li>Escribir una rese\u00f1a de un libro seleccionado de una lista de lectura proporcionada.<\/li>\n<li>Completar los cuestionarios de autoevaluaci\u00f3n para planificar el entrenamiento.<\/li>\n<\/ul>\n<\/div>\n<p>&nbsp;<\/p>\n<div style=\"background-color: #eff3f5; padding: 8px;\">\n<h5><strong><span style=\"color: #438eb5;\">2. Entrenamiento de coaching personal (36 horas de trabajo)<br \/>\n<\/span><\/strong><\/h5>\n<p>El entrenamiento de coaching personal es un curso de seis d\u00edas y es el n\u00facleo de la formaci\u00f3n. Los temas que se mencionan arriba ser\u00e1n desarrollados durante el entrenamiento.<\/p>\n<p>Cada d\u00eda habr\u00e1 un ejercicio breve asignado como tarea para reflexionar sobre lo que se aprendi\u00f3 en el d\u00eda.<\/p>\n<p>El entrenador lo evaluar\u00e1 a lo largo de todo el entrenamiento y estar\u00e1 disponible para ofrecerle feedback durante el curso si usted lo desea.<\/p>\n<p>Sus habilidades de coaching tal como las observe el entrenador constituyen la parte m\u00e1s importante de la evaluaci\u00f3n.<\/p>\n<p>Tendr\u00e1 muchas oportunidades de practicar sus habilidades de coaching personal.<\/p>\n<p><strong>Todos los participantes recibir\u00e1n un certificado de asistencia.<br \/>\n<\/strong><\/p>\n<\/div>\n<p>&nbsp;<\/p>\n<div style=\"background-color: #eff3f5; padding: 8px;\">\n<h5><strong><span style=\"color: #438eb5;\">3. Actividades de certificaci\u00f3n (35 horas de trabajo)<br \/>\n<\/span><\/strong><\/h5>\n<p>Existe una serie de tareas que deber\u00e1 llevar a cabo despu\u00e9s del entrenamiento.<\/p>\n<ul>\n<li>Un cuestionario de integraci\u00f3n sobre el entrenamiento.<\/li>\n<li>Un examen escrito.<\/li>\n<li>Un proyecto de investigaci\u00f3n.<\/li>\n<li>Un proyecto de auto-coaching.<\/li>\n<li>20 horas de pr\u00e1ctica de habilidades de coaching<\/li>\n<\/ul>\n<\/div>\n<p>&nbsp;<\/p>\n<h5><strong><span style=\"color: #004571;\">\u00bfCu\u00e1les son los beneficios de este curso?<br \/>\n<\/span><\/strong><\/h5>\n<ul>\n<li>Mayor conocimiento y confianza en el uso de las herramientas de coaching personal.<\/li>\n<li>Mayor credibilidad en el mercado ejecutivo.<\/li>\n<li>La habilidad de ayudar a los clientes a equilibrar su vida.<\/li>\n<li>La habilidad de ayudar a los clientes a ser m\u00e1s felices y a estar menos estresados.<\/li>\n<li>El curso forma parte de una preparaci\u00f3n integral en coaching. Este es un entrenamiento completo en coaching personal, no solo un curso.<\/li>\n<li>El manual fue escrito por Joseph O&#8217;Connor y Andrea Lages, los exitosos autores \u00a0de los libros &#8216;Coaching with NLP&#8217; (Coaching con PNL) y &#8216;How Coaching Works\u2019 (C\u00f3mo funciona el coaching).<\/li>\n<li>Este es un entrenamiento de certificaci\u00f3n internacional, acreditado por la ICC. Los participantes recibir\u00e1n un certificado internacional cuando completen el curso en su totalidad.<\/li>\n<\/ul>","protected":false},"excerpt":{"rendered":"<p>Este curso para la Certificaci\u00f3n Internacional en Coaching est\u00e1 orientado a entrenar a los coaches para ayudar a las personas a equilibrar su vida. Muchos coaches ejecutivos necesitan estas habilidades dado que muchos ejecutivos no tienen una vida equilibrada. Este curso est\u00e1 dise\u00f1ado para integrarse con las habilidades de coaching ejecutivo para ayudar a los [&hellip;]<\/p>\n","protected":false},"author":1,"featured_media":0,"parent":0,"menu_order":0,"comment_status":"open","ping_status":"open","template":"","meta":{"footnotes":""},"class_list":["post-2859","page","type-page","status-publish","hentry"],"yoast_head":"<!-- This site is optimized with the Yoast SEO plugin v26.8 - https:\/\/yoast.com\/product\/yoast-seo-wordpress\/ -->\n<title>Certificaci\u00f3n Internacional en Coaching de Vida - Lambent<\/title>\n<meta name=\"description\" content=\"Programa de Certificaci\u00f3n Internacional en Coaching de Lambent que ha certificado mas de 7000 Coaches de 60 paises\" \/>\n<meta name=\"robots\" content=\"index, follow, max-snippet:-1, max-image-preview:large, max-video-preview:-1\" \/>\n<link rel=\"canonical\" href=\"https:\/\/www.lambent.com\/es\/certificacion-internacional-en-coaching-de-vida\/\" \/>\n<meta property=\"og:locale\" content=\"es_ES\" \/>\n<meta property=\"og:type\" content=\"article\" \/>\n<meta property=\"og:title\" content=\"Certificaci\u00f3n Internacional en Coaching de Vida - Lambent\" \/>\n<meta property=\"og:description\" content=\"Programa de Certificaci\u00f3n Internacional en Coaching de Lambent que ha certificado mas de 7000 Coaches de 60 paises\" \/>\n<meta property=\"og:url\" content=\"https:\/\/www.lambent.com\/es\/certificacion-internacional-en-coaching-de-vida\/\" \/>\n<meta property=\"og:site_name\" content=\"Lambent\" \/>\n<meta property=\"article:modified_time\" content=\"2013-04-04T01:09:22+00:00\" \/>\n<meta name=\"twitter:label1\" content=\"Tiempo de lectura\" \/>\n\t<meta name=\"twitter:data1\" content=\"3 minutos\" \/>\n<script type=\"application\/ld+json\" class=\"yoast-schema-graph\">{\"@context\":\"https:\/\/schema.org\",\"@graph\":[{\"@type\":\"WebPage\",\"@id\":\"https:\/\/www.lambent.com\/es\/certificacion-internacional-en-coaching-de-vida\/\",\"url\":\"https:\/\/www.lambent.com\/es\/certificacion-internacional-en-coaching-de-vida\/\",\"name\":\"Certificaci\u00f3n Internacional en Coaching de Vida - Lambent\",\"isPartOf\":{\"@id\":\"https:\/\/www.lambent.com\/#website\"},\"datePublished\":\"2013-03-07T09:47:18+00:00\",\"dateModified\":\"2013-04-04T01:09:22+00:00\",\"description\":\"Programa de Certificaci\u00f3n Internacional en Coaching de Lambent que ha certificado mas de 7000 Coaches de 60 paises\",\"inLanguage\":\"es\",\"potentialAction\":[{\"@type\":\"ReadAction\",\"target\":[\"https:\/\/www.lambent.com\/es\/certificacion-internacional-en-coaching-de-vida\/\"]}]},{\"@type\":\"WebSite\",\"@id\":\"https:\/\/www.lambent.com\/#website\",\"url\":\"https:\/\/www.lambent.com\/\",\"name\":\"Lambent\",\"description\":\"International Coaching Training\",\"potentialAction\":[{\"@type\":\"SearchAction\",\"target\":{\"@type\":\"EntryPoint\",\"urlTemplate\":\"https:\/\/www.lambent.com\/?s={search_term_string}\"},\"query-input\":{\"@type\":\"PropertyValueSpecification\",\"valueRequired\":true,\"valueName\":\"search_term_string\"}}],\"inLanguage\":\"es\"}]}<\/script>\n<!-- \/ Yoast SEO plugin. -->","yoast_head_json":{"title":"Certificaci\u00f3n Internacional en Coaching de Vida - Lambent","description":"Programa de Certificaci\u00f3n Internacional en Coaching de Lambent que ha certificado mas de 7000 Coaches de 60 paises","robots":{"index":"index","follow":"follow","max-snippet":"max-snippet:-1","max-image-preview":"max-image-preview:large","max-video-preview":"max-video-preview:-1"},"canonical":"https:\/\/www.lambent.com\/es\/certificacion-internacional-en-coaching-de-vida\/","og_locale":"es_ES","og_type":"article","og_title":"Certificaci\u00f3n Internacional en Coaching de Vida - Lambent","og_description":"Programa de Certificaci\u00f3n Internacional en Coaching de Lambent que ha certificado mas de 7000 Coaches de 60 paises","og_url":"https:\/\/www.lambent.com\/es\/certificacion-internacional-en-coaching-de-vida\/","og_site_name":"Lambent","article_modified_time":"2013-04-04T01:09:22+00:00","twitter_misc":{"Tiempo de lectura":"3 minutos"},"schema":{"@context":"https:\/\/schema.org","@graph":[{"@type":"WebPage","@id":"https:\/\/www.lambent.com\/es\/certificacion-internacional-en-coaching-de-vida\/","url":"https:\/\/www.lambent.com\/es\/certificacion-internacional-en-coaching-de-vida\/","name":"Certificaci\u00f3n Internacional en Coaching de Vida - Lambent","isPartOf":{"@id":"https:\/\/www.lambent.com\/#website"},"datePublished":"2013-03-07T09:47:18+00:00","dateModified":"2013-04-04T01:09:22+00:00","description":"Programa de Certificaci\u00f3n Internacional en Coaching de Lambent que ha certificado mas de 7000 Coaches de 60 paises","inLanguage":"es","potentialAction":[{"@type":"ReadAction","target":["https:\/\/www.lambent.com\/es\/certificacion-internacional-en-coaching-de-vida\/"]}]},{"@type":"WebSite","@id":"https:\/\/www.lambent.com\/#website","url":"https:\/\/www.lambent.com\/","name":"Lambent","description":"International Coaching Training","potentialAction":[{"@type":"SearchAction","target":{"@type":"EntryPoint","urlTemplate":"https:\/\/www.lambent.com\/?s={search_term_string}"},"query-input":{"@type":"PropertyValueSpecification","valueRequired":true,"valueName":"search_term_string"}}],"inLanguage":"es"}]}},"_links":{"self":[{"href":"https:\/\/www.lambent.com\/es\/wp-json\/wp\/v2\/pages\/2859\/"}],"collection":[{"href":"https:\/\/www.lambent.com\/es\/wp-json\/wp\/v2\/pages\/"}],"about":[{"href":"https:\/\/www.lambent.com\/es\/wp-json\/wp\/v2\/types\/page\/"}],"author":[{"embeddable":true,"href":"https:\/\/www.lambent.com\/es\/wp-json\/wp\/v2\/users\/1\/"}],"replies":[{"embeddable":true,"href":"https:\/\/www.lambent.com\/es\/wp-json\/wp\/v2\/comments\/?post=2859"}],"version-history":[{"count":6,"href":"https:\/\/www.lambent.com\/es\/wp-json\/wp\/v2\/pages\/2859\/revisions\/"}],"predecessor-version":[{"id":3101,"href":"https:\/\/www.lambent.com\/es\/wp-json\/wp\/v2\/pages\/2859\/revisions\/3101\/"}],"wp:attachment":[{"href":"https:\/\/www.lambent.com\/es\/wp-json\/wp\/v2\/media\/?parent=2859"}],"curies":[{"name":"wp","href":"https:\/\/api.w.org\/{rel}","templated":true}]}}