{"id":2854,"date":"2013-03-07T08:56:12","date_gmt":"2013-03-07T08:56:12","guid":{"rendered":"http:\/\/www.lambent.com\/coaching-de-equipos-de-formacion-de-certificacion\/"},"modified":"2013-04-04T00:30:59","modified_gmt":"2013-04-04T00:30:59","slug":"certificacion-coaching-de-equipos","status":"publish","type":"page","link":"https:\/\/www.lambent.com\/es\/certificacion-coaching-de-equipos\/","title":{"rendered":"Certificaci\u00f3n Internacional en Coaching de Equipos"},"content":{"rendered":"<p>Este entrenamiento es uno de los pocos que se especializa en coaching de equipos. El coaching de equipos es uno de los mercados de mayor crecimiento en el \u00e1rea empresarial.<br \/>\nLas organizaciones contratan coaches para que trabajen con sus equipos y el coaching de equipos no es igual que el coaching individual.<br \/>\nEste curso le proporcionar\u00e1 experiencia invaluable y supervisada en coaching de equipos y lo convertir\u00e1 en un eficaz coach empresarial de equipos acreditado, capaz de ayudar a los equipos a lograr su mejor desempe\u00f1o.<br \/>\nEl coaching de equipos es uno de los mercados de mayor crecimiento en el \u00e1rea empresarial y cualquier coach que trabaje en ese \u00e1mbito necesita ser un coach de equipos excelente.<br \/>\nEste entrenamiento es un curso avanzado de especializaci\u00f3n en coaching de equipos, uno de los pocos entrenamientos especializados en coaching de equipos disponibles en Am\u00e9rica del Sur.<\/p>\n<p><strong>Este entrenamiento requiere 120 horas de estudio que incluyen las etapas de planificaci\u00f3n y preparaci\u00f3n, el curso de coaching de equipos y las actividades de certificaci\u00f3n.<\/strong><\/p>\n<p>&nbsp;<\/p>\n<div style=\"background-color: #dfe7eb; padding: 8px;\"><span style=\"color: #666666;\"><span style=\"color: #666666;\"><span style=\"color: #666666;\"><span style=\"color: #666666;\"><strong>Durante el curso aprender\u00e1 sobre los siguientes temas:<\/strong><\/span><\/span><\/span><\/span><\/p>\n<ul>\n<li>Definiciones y estructura del coaching de equipos aplicado a los negocios.<\/li>\n<li>Las caracter\u00edsticas de los equipos de alto rendimiento y c\u00f3mo desarrollarlas.<\/li>\n<li>Los obst\u00e1culos para lograr un alto rendimiento y c\u00f3mo manejarlos.<\/li>\n<li>Habilidades de interrogaci\u00f3n avanzadas para sacar lo mejor de los equipos.<\/li>\n<li>Los equipos como sistema: utilizaci\u00f3n de puntos de influencia y feedback.<\/li>\n<li>Obtener acuerdos y claridad en las metas de los equipos.<\/li>\n<li>Trabajar con los valores de los equipos.<\/li>\n<li>Las diversas etapas de los equipos y c\u00f3mo manejarlas.<\/li>\n<li>Utilizaci\u00f3n de psico-geograf\u00eda en el coaching de equipos.<\/li>\n<li>C\u00f3mo medir el desempe\u00f1o de los equipos.<\/li>\n<li>C\u00f3mo lidiar con los conflictos en los equipos.<\/li>\n<li>La psico-geograf\u00eda de los equipos y c\u00f3mo trabajar con ella.<\/li>\n<li>C\u00f3mo estructurar planes de acci\u00f3n de equipos que sean efectivos.<\/li>\n<li>Utilizaci\u00f3n de los valores del equipo para la motivaci\u00f3n.<\/li>\n<li>C\u00f3mo elegir entre los diferentes modelos de coaching de equipos.<\/li>\n<\/ul>\n<\/div>\n<p>&nbsp;<\/p>\n<div style=\"background-color: #eff3f5; padding: 8px;\">\n<h5><strong><span style=\"color: #438eb5;\">1. Planificaci\u00f3n y preparaci\u00f3n (16 horas de trabajo)<br \/>\n<\/span><\/strong><\/h5>\n<ul>\n<li>Planificar el trabajo y las metas para el curso.<\/li>\n<li>Escribir una rese\u00f1a de un libro seleccionado de una lista de lectura proporcionada.<\/li>\n<li>Completar los cuestionarios de autoevaluaci\u00f3n para planificar el entrenamiento.<\/li>\n<\/ul>\n<p>Puede completar estas tareas en l\u00ednea a trav\u00e9s del Campus de entrenamiento de la Comunidad Internacional de Coaching.<\/p>\n<\/div>\n<p>&nbsp;<\/p>\n<div style=\"background-color: #eff3f5; padding: 8px;\">\n<h5><strong><span style=\"color: #438eb5;\">2. Entrenamiento de coaching de equipos (54 horas de trabajo)<br \/>\n<\/span><\/strong><\/h5>\n<p>El entrenamiento de coaching de equipos es un curso de seis d\u00edas y es el n\u00facleo de la formaci\u00f3n. Los temas que se mencionan arriba ser\u00e1n desarrollados durante el entrenamiento.<\/p>\n<p>Cada d\u00eda habr\u00e1 un ejercicio breve asignado como tarea para reflexionar sobre lo que se aprendi\u00f3 en el d\u00eda.<\/p>\n<p>El entrenador lo evaluar\u00e1 a lo largo de todo el entrenamiento y estar\u00e1 disponible para ofrecerle feedback durante el curso si usted lo desea.<\/p>\n<p>Sus habilidades de coaching tal como las observe el entrenador constituyen la parte m\u00e1s importante de la evaluaci\u00f3n.<\/p>\n<p>Tendr\u00e1 muchas oportunidades de practicar sus habilidades de coaching de equipos.<\/p>\n<p><strong>Todos los participantes recibir\u00e1n un certificado de asistencia.<br \/>\n<\/strong><\/p>\n<\/div>\n<p>&nbsp;<\/p>\n<div style=\"background-color: #eff3f5; padding: 8px;\">\n<h5><span style=\"color: #438eb5;\"><strong>3. Actividades de certificaci\u00f3n (50 horas de trabajo)<br \/>\n<\/strong><\/span><\/h5>\n<p>Los participantes que deseen obtener la certificaci\u00f3n de la ICC de Coach de equipos deber\u00e1n completar los siguientes proyectos despu\u00e9s del entrenamiento.<\/p>\n<ul>\n<li>Un cuestionario de integraci\u00f3n sobre el entrenamiento.<\/li>\n<li>Un examen escrito.<\/li>\n<li>Un proyecto de investigaci\u00f3n.<\/li>\n<li>Un proyecto de auto-coaching.<\/li>\n<li>20 horas de pr\u00e1ctica de habilidades de coaching (con al menos dos equipos).<\/li>\n<\/ul>\n<\/div>\n<p>&nbsp;<\/p>\n<h6><span style=\"color: #004571;\"><strong>\u00bfA qui\u00e9n est\u00e1 dirigido este curso?<br \/>\n<\/strong><\/span><\/h6>\n<p>Para los coaches este curso representa la oportunidad de ampliar y potenciar los servicios que ofrecen a sus clientes, al incrementar el impacto que pueden tener en la organizaci\u00f3n sus intervenciones con equipos de negocios.<\/p>\n<p>A los l\u00edderes y gerentes este curso les permite descubrir una nueva manera de interactuar con los equipos, desarrollando procesos de empoderamiento necesarios para los equipos de alto rendimiento.<\/p>\n<p>Tambi\u00e9n es apropiado para aquellas personas que trabajan en el \u00e1rea de recursos humanos y que est\u00e1n buscando nuevos modos de intervenir en las organizaciones y de apoyar a los clientes internos y los equipos.<\/p>","protected":false},"excerpt":{"rendered":"<p>Este entrenamiento es uno de los pocos que se especializa en coaching de equipos. El coaching de equipos es uno de los mercados de mayor crecimiento en el \u00e1rea empresarial. Las organizaciones contratan coaches para que trabajen con sus equipos y el coaching de equipos no es igual que el coaching individual. Este curso le [&hellip;]<\/p>\n","protected":false},"author":1,"featured_media":0,"parent":0,"menu_order":0,"comment_status":"open","ping_status":"open","template":"","meta":{"footnotes":""},"class_list":["post-2854","page","type-page","status-publish","hentry"],"yoast_head":"<!-- This site is optimized with the Yoast SEO plugin v26.8 - https:\/\/yoast.com\/product\/yoast-seo-wordpress\/ -->\n<title>Certificaci\u00f3n Internacional en Coaching de Equipos - Lambent<\/title>\n<meta name=\"description\" content=\"Programa de Certificaci\u00f3n Internacional en Coaching de Equipos desarrollado por Joseph O&#039;Connor y Andrea Lages\" \/>\n<meta name=\"robots\" content=\"index, follow, max-snippet:-1, max-image-preview:large, max-video-preview:-1\" \/>\n<link rel=\"canonical\" href=\"https:\/\/www.lambent.com\/es\/certificacion-coaching-de-equipos\/\" \/>\n<meta property=\"og:locale\" content=\"es_ES\" \/>\n<meta property=\"og:type\" content=\"article\" \/>\n<meta property=\"og:title\" content=\"Certificaci\u00f3n Internacional en Coaching de Equipos - Lambent\" \/>\n<meta property=\"og:description\" content=\"Programa de Certificaci\u00f3n Internacional en Coaching de Equipos desarrollado por Joseph O&#039;Connor y Andrea Lages\" \/>\n<meta property=\"og:url\" content=\"https:\/\/www.lambent.com\/es\/certificacion-coaching-de-equipos\/\" \/>\n<meta property=\"og:site_name\" content=\"Lambent\" \/>\n<meta property=\"article:modified_time\" content=\"2013-04-04T00:30:59+00:00\" \/>\n<meta name=\"twitter:label1\" content=\"Tiempo de lectura\" \/>\n\t<meta name=\"twitter:data1\" content=\"4 minutos\" \/>\n<script type=\"application\/ld+json\" class=\"yoast-schema-graph\">{\"@context\":\"https:\/\/schema.org\",\"@graph\":[{\"@type\":\"WebPage\",\"@id\":\"https:\/\/www.lambent.com\/es\/certificacion-coaching-de-equipos\/\",\"url\":\"https:\/\/www.lambent.com\/es\/certificacion-coaching-de-equipos\/\",\"name\":\"Certificaci\u00f3n Internacional en Coaching de Equipos - Lambent\",\"isPartOf\":{\"@id\":\"https:\/\/www.lambent.com\/#website\"},\"datePublished\":\"2013-03-07T08:56:12+00:00\",\"dateModified\":\"2013-04-04T00:30:59+00:00\",\"description\":\"Programa de Certificaci\u00f3n Internacional en Coaching de Equipos desarrollado por Joseph O'Connor y Andrea Lages\",\"inLanguage\":\"es\",\"potentialAction\":[{\"@type\":\"ReadAction\",\"target\":[\"https:\/\/www.lambent.com\/es\/certificacion-coaching-de-equipos\/\"]}]},{\"@type\":\"WebSite\",\"@id\":\"https:\/\/www.lambent.com\/#website\",\"url\":\"https:\/\/www.lambent.com\/\",\"name\":\"Lambent\",\"description\":\"International Coaching Training\",\"potentialAction\":[{\"@type\":\"SearchAction\",\"target\":{\"@type\":\"EntryPoint\",\"urlTemplate\":\"https:\/\/www.lambent.com\/?s={search_term_string}\"},\"query-input\":{\"@type\":\"PropertyValueSpecification\",\"valueRequired\":true,\"valueName\":\"search_term_string\"}}],\"inLanguage\":\"es\"}]}<\/script>\n<!-- \/ Yoast SEO plugin. -->","yoast_head_json":{"title":"Certificaci\u00f3n Internacional en Coaching de Equipos - Lambent","description":"Programa de Certificaci\u00f3n Internacional en Coaching de Equipos desarrollado por Joseph O'Connor y Andrea Lages","robots":{"index":"index","follow":"follow","max-snippet":"max-snippet:-1","max-image-preview":"max-image-preview:large","max-video-preview":"max-video-preview:-1"},"canonical":"https:\/\/www.lambent.com\/es\/certificacion-coaching-de-equipos\/","og_locale":"es_ES","og_type":"article","og_title":"Certificaci\u00f3n Internacional en Coaching de Equipos - Lambent","og_description":"Programa de Certificaci\u00f3n Internacional en Coaching de Equipos desarrollado por Joseph O'Connor y Andrea Lages","og_url":"https:\/\/www.lambent.com\/es\/certificacion-coaching-de-equipos\/","og_site_name":"Lambent","article_modified_time":"2013-04-04T00:30:59+00:00","twitter_misc":{"Tiempo de lectura":"4 minutos"},"schema":{"@context":"https:\/\/schema.org","@graph":[{"@type":"WebPage","@id":"https:\/\/www.lambent.com\/es\/certificacion-coaching-de-equipos\/","url":"https:\/\/www.lambent.com\/es\/certificacion-coaching-de-equipos\/","name":"Certificaci\u00f3n Internacional en Coaching de Equipos - Lambent","isPartOf":{"@id":"https:\/\/www.lambent.com\/#website"},"datePublished":"2013-03-07T08:56:12+00:00","dateModified":"2013-04-04T00:30:59+00:00","description":"Programa de Certificaci\u00f3n Internacional en Coaching de Equipos desarrollado por Joseph O'Connor y Andrea Lages","inLanguage":"es","potentialAction":[{"@type":"ReadAction","target":["https:\/\/www.lambent.com\/es\/certificacion-coaching-de-equipos\/"]}]},{"@type":"WebSite","@id":"https:\/\/www.lambent.com\/#website","url":"https:\/\/www.lambent.com\/","name":"Lambent","description":"International Coaching Training","potentialAction":[{"@type":"SearchAction","target":{"@type":"EntryPoint","urlTemplate":"https:\/\/www.lambent.com\/?s={search_term_string}"},"query-input":{"@type":"PropertyValueSpecification","valueRequired":true,"valueName":"search_term_string"}}],"inLanguage":"es"}]}},"_links":{"self":[{"href":"https:\/\/www.lambent.com\/es\/wp-json\/wp\/v2\/pages\/2854\/"}],"collection":[{"href":"https:\/\/www.lambent.com\/es\/wp-json\/wp\/v2\/pages\/"}],"about":[{"href":"https:\/\/www.lambent.com\/es\/wp-json\/wp\/v2\/types\/page\/"}],"author":[{"embeddable":true,"href":"https:\/\/www.lambent.com\/es\/wp-json\/wp\/v2\/users\/1\/"}],"replies":[{"embeddable":true,"href":"https:\/\/www.lambent.com\/es\/wp-json\/wp\/v2\/comments\/?post=2854"}],"version-history":[{"count":8,"href":"https:\/\/www.lambent.com\/es\/wp-json\/wp\/v2\/pages\/2854\/revisions\/"}],"predecessor-version":[{"id":3100,"href":"https:\/\/www.lambent.com\/es\/wp-json\/wp\/v2\/pages\/2854\/revisions\/3100\/"}],"wp:attachment":[{"href":"https:\/\/www.lambent.com\/es\/wp-json\/wp\/v2\/media\/?parent=2854"}],"curies":[{"name":"wp","href":"https:\/\/api.w.org\/{rel}","templated":true}]}}