{"id":2850,"date":"2013-03-07T07:15:40","date_gmt":"2013-03-07T07:15:40","guid":{"rendered":"http:\/\/www.lambent.com\/auditoria-sistemica-2\/"},"modified":"2013-03-07T08:36:49","modified_gmt":"2013-03-07T08:36:49","slug":"auditoria-sistemica","status":"publish","type":"page","link":"https:\/\/www.lambent.com\/es\/auditoria-sistemica\/","title":{"rendered":"Auditor\u00eda sist\u00e9mica"},"content":{"rendered":"<h2><strong>\u00bfQu\u00e9 tan bien funciona su empresa?<br \/>\n<\/strong><\/h2>\n<table border=\"0\" cellpadding=\"0\">\n<tbody>\n<tr>\n<td>La auditor\u00eda sist\u00e9mica es un an\u00e1lisis de los sistemas de su negocio para encontrar puntos de influencia para el cambio: los lugares en los que es posible obtener el mayor cambio sostenible con el menor esfuerzo. Sin una auditor\u00eda sist\u00e9mica, se arriesga a tener que llevar a cabo soluciones a corto plazo mientras que el rendimiento empresarial sigue disminuyendo.<\/td>\n<td><\/td>\n<\/tr>\n<\/tbody>\n<\/table>\n<p>\u00bfSu negocio presenta alguno de los siguientes s\u00edntomas?<\/p>\n<p>&#8211; \u00a0 \u00a0 \u00a0 \u00a0\u00a0\u00bfProcedimientos sobre los que todos se quejan, pero que nadie cambia?<\/p>\n<p>&#8211; \u00a0 \u00a0 \u00a0 \u00a0\u00a0\u00bfDos sistemas separados: el modo en que las cosas deber\u00edan hacerse y el modo en que\u00a0realmente se hacen?<\/p>\n<p>&#8211; \u00a0 \u00a0 \u00a0 \u00a0\u00a0\u00bfUn problema que soluciona constantemente, pero que sigue apareciendo?<\/p>\n<p>&#8211; \u00a0 \u00a0 \u00a0 \u00a0\u00a0\u00bfProblemas de comunicaci\u00f3n entre los departamentos o entre personas claves?<\/p>\n<p>&#8211; \u00a0 \u00a0 \u00a0 \u00a0\u00a0\u00bfGrandes variaciones de rentabilidad de a\u00f1o a a\u00f1o?<\/p>\n<p>&#8211; \u00a0 \u00a0 \u00a0 \u00a0\u00a0\u00bfEl gerente pasa el tiempo resolviendo muchas cuestiones que son urgentes, pero que no son\u00a0importantes?<\/p>\n<p>Una auditor\u00eda sist\u00e9mica es una fotograf\u00eda de una empresa, que muestra el modo exacto en que se producen los sistemas y los pasos exactos que deben ejecutarse con respecto a estos.<\/p>","protected":false},"excerpt":{"rendered":"<p>\u00bfQu\u00e9 tan bien funciona su empresa? La auditor\u00eda sist\u00e9mica es un an\u00e1lisis de los sistemas de su negocio para encontrar puntos de influencia para el cambio: los lugares en los que es posible obtener el mayor cambio sostenible con el menor esfuerzo. Sin una auditor\u00eda sist\u00e9mica, se arriesga a tener que llevar a cabo soluciones [&hellip;]<\/p>\n","protected":false},"author":1,"featured_media":0,"parent":0,"menu_order":0,"comment_status":"open","ping_status":"open","template":"","meta":{"footnotes":""},"class_list":["post-2850","page","type-page","status-publish","hentry"],"yoast_head":"<!-- This site is optimized with the Yoast SEO plugin v26.8 - https:\/\/yoast.com\/product\/yoast-seo-wordpress\/ -->\n<title>Auditor\u00eda sist\u00e9mica - Lambent<\/title>\n<meta name=\"robots\" content=\"index, follow, max-snippet:-1, max-image-preview:large, max-video-preview:-1\" \/>\n<link rel=\"canonical\" href=\"https:\/\/www.lambent.com\/es\/auditoria-sistemica\/\" \/>\n<meta property=\"og:locale\" content=\"es_ES\" \/>\n<meta property=\"og:type\" content=\"article\" \/>\n<meta property=\"og:title\" content=\"Auditor\u00eda sist\u00e9mica - Lambent\" \/>\n<meta property=\"og:description\" content=\"\u00bfQu\u00e9 tan bien funciona su empresa? La auditor\u00eda sist\u00e9mica es un an\u00e1lisis de los sistemas de su negocio para encontrar puntos de influencia para el cambio: los lugares en los que es posible obtener el mayor cambio sostenible con el menor esfuerzo. Sin una auditor\u00eda sist\u00e9mica, se arriesga a tener que llevar a cabo soluciones [&hellip;]\" \/>\n<meta property=\"og:url\" content=\"https:\/\/www.lambent.com\/es\/auditoria-sistemica\/\" \/>\n<meta property=\"og:site_name\" content=\"Lambent\" \/>\n<meta property=\"article:modified_time\" content=\"2013-03-07T08:36:49+00:00\" \/>\n<meta name=\"twitter:label1\" content=\"Tiempo de lectura\" \/>\n\t<meta name=\"twitter:data1\" content=\"1 minuto\" \/>\n<script type=\"application\/ld+json\" class=\"yoast-schema-graph\">{\"@context\":\"https:\/\/schema.org\",\"@graph\":[{\"@type\":\"WebPage\",\"@id\":\"https:\/\/www.lambent.com\/es\/auditoria-sistemica\/\",\"url\":\"https:\/\/www.lambent.com\/es\/auditoria-sistemica\/\",\"name\":\"Auditor\u00eda sist\u00e9mica - Lambent\",\"isPartOf\":{\"@id\":\"https:\/\/www.lambent.com\/#website\"},\"datePublished\":\"2013-03-07T07:15:40+00:00\",\"dateModified\":\"2013-03-07T08:36:49+00:00\",\"inLanguage\":\"es\",\"potentialAction\":[{\"@type\":\"ReadAction\",\"target\":[\"https:\/\/www.lambent.com\/es\/auditoria-sistemica\/\"]}]},{\"@type\":\"WebSite\",\"@id\":\"https:\/\/www.lambent.com\/#website\",\"url\":\"https:\/\/www.lambent.com\/\",\"name\":\"Lambent\",\"description\":\"International Coaching Training\",\"potentialAction\":[{\"@type\":\"SearchAction\",\"target\":{\"@type\":\"EntryPoint\",\"urlTemplate\":\"https:\/\/www.lambent.com\/?s={search_term_string}\"},\"query-input\":{\"@type\":\"PropertyValueSpecification\",\"valueRequired\":true,\"valueName\":\"search_term_string\"}}],\"inLanguage\":\"es\"}]}<\/script>\n<!-- \/ Yoast SEO plugin. -->","yoast_head_json":{"title":"Auditor\u00eda sist\u00e9mica - Lambent","robots":{"index":"index","follow":"follow","max-snippet":"max-snippet:-1","max-image-preview":"max-image-preview:large","max-video-preview":"max-video-preview:-1"},"canonical":"https:\/\/www.lambent.com\/es\/auditoria-sistemica\/","og_locale":"es_ES","og_type":"article","og_title":"Auditor\u00eda sist\u00e9mica - Lambent","og_description":"\u00bfQu\u00e9 tan bien funciona su empresa? La auditor\u00eda sist\u00e9mica es un an\u00e1lisis de los sistemas de su negocio para encontrar puntos de influencia para el cambio: los lugares en los que es posible obtener el mayor cambio sostenible con el menor esfuerzo. Sin una auditor\u00eda sist\u00e9mica, se arriesga a tener que llevar a cabo soluciones [&hellip;]","og_url":"https:\/\/www.lambent.com\/es\/auditoria-sistemica\/","og_site_name":"Lambent","article_modified_time":"2013-03-07T08:36:49+00:00","twitter_misc":{"Tiempo de lectura":"1 minuto"},"schema":{"@context":"https:\/\/schema.org","@graph":[{"@type":"WebPage","@id":"https:\/\/www.lambent.com\/es\/auditoria-sistemica\/","url":"https:\/\/www.lambent.com\/es\/auditoria-sistemica\/","name":"Auditor\u00eda sist\u00e9mica - Lambent","isPartOf":{"@id":"https:\/\/www.lambent.com\/#website"},"datePublished":"2013-03-07T07:15:40+00:00","dateModified":"2013-03-07T08:36:49+00:00","inLanguage":"es","potentialAction":[{"@type":"ReadAction","target":["https:\/\/www.lambent.com\/es\/auditoria-sistemica\/"]}]},{"@type":"WebSite","@id":"https:\/\/www.lambent.com\/#website","url":"https:\/\/www.lambent.com\/","name":"Lambent","description":"International Coaching Training","potentialAction":[{"@type":"SearchAction","target":{"@type":"EntryPoint","urlTemplate":"https:\/\/www.lambent.com\/?s={search_term_string}"},"query-input":{"@type":"PropertyValueSpecification","valueRequired":true,"valueName":"search_term_string"}}],"inLanguage":"es"}]}},"_links":{"self":[{"href":"https:\/\/www.lambent.com\/es\/wp-json\/wp\/v2\/pages\/2850\/"}],"collection":[{"href":"https:\/\/www.lambent.com\/es\/wp-json\/wp\/v2\/pages\/"}],"about":[{"href":"https:\/\/www.lambent.com\/es\/wp-json\/wp\/v2\/types\/page\/"}],"author":[{"embeddable":true,"href":"https:\/\/www.lambent.com\/es\/wp-json\/wp\/v2\/users\/1\/"}],"replies":[{"embeddable":true,"href":"https:\/\/www.lambent.com\/es\/wp-json\/wp\/v2\/comments\/?post=2850"}],"version-history":[{"count":3,"href":"https:\/\/www.lambent.com\/es\/wp-json\/wp\/v2\/pages\/2850\/revisions\/"}],"predecessor-version":[{"id":2853,"href":"https:\/\/www.lambent.com\/es\/wp-json\/wp\/v2\/pages\/2850\/revisions\/2853\/"}],"wp:attachment":[{"href":"https:\/\/www.lambent.com\/es\/wp-json\/wp\/v2\/media\/?parent=2850"}],"curies":[{"name":"wp","href":"https:\/\/api.w.org\/{rel}","templated":true}]}}