{"id":2825,"date":"2013-03-06T18:27:16","date_gmt":"2013-03-06T18:27:16","guid":{"rendered":"http:\/\/www.lambent.com\/?page_id=2825"},"modified":"2015-01-12T18:05:03","modified_gmt":"2015-01-12T18:05:03","slug":"ekman-habilidades-competencias-emocionales","status":"publish","type":"page","link":"https:\/\/www.lambent.com\/es\/ekman-habilidades-competencias-emocionales\/","title":{"rendered":"Habilidades y Competencias Emocionales"},"content":{"rendered":"<p>&nbsp;<\/p>\n<p><a href=\"http:\/\/www.lambent.com\/wp-content\/uploads\/2012\/11\/Lambent-PEI-logo.jpg\"><img loading=\"lazy\" decoding=\"async\" class=\"aligncenter\" title=\"Lambent - Paul Ekman licensed provider\" src=\"http:\/\/www.lambent.com\/wp-content\/uploads\/2012\/11\/Lambent-PEI-logo.jpg\" alt=\"Lambent - Paul Ekman licensed provider\" width=\"580\" height=\"190\" \/><\/a><\/p>\n<p style=\"text-align: center;\"><a href=\"http:\/\/www.lambent.com\/Resources\/Brochures\/ESaC_espa\u00f1ol.pdf\" target=\"_blank\"><img loading=\"lazy\" decoding=\"async\" src=\"http:\/\/www.lambent.com\/wp-content\/uploads\/2012\/11\/download_brochure_esp.png\" alt=\"download_brochure_esp\" width=\"171\" height=\"27\" \/><\/a><\/p>\n<p style=\"text-align: center;\">[vsw id=\u00bbh19PzyqOxxo\u00bb source=\u00bbyoutube\u00bb width=\u00bb425&#8243; height=\u00bb344&#8243; autoplay=\u00bbno\u00bb]<\/p>\n<h4><\/h4>\n<h5>Este es un curso aprobado por Paul Ekman<\/h5>\n<p>Este curso trata sobre las emociones, los sentimientos, c\u00f3mo reconocer y manejar las emociones en nosotros mismos y en los dem\u00e1s.<br \/>\nLas emociones forman parte de nuestra condici\u00f3n humana. Pensamos y sentimos&#8230; y actuamos.<br \/>\nLas emociones son lo que impulsan nuestras acciones, nos dan pasi\u00f3n, motivaci\u00f3n y energ\u00eda; nos dan la energ\u00eda y el enfoque para tomar decisiones y actuar.<br \/>\nTodos queremos una vida emocional y laboral feliz y segura. Las investigaciones han demostrado que la inteligencia emocional es crucial para el \u00e9xito.<br \/>\nLas emociones son maravillosas, pero tambi\u00e9n nos pueden traer problemas.<br \/>\nNos pueden dominar y arrastrarnos con ellas.<br \/>\nCuando no reconocemos ni controlamos nuestras propias emociones, podemos actuar de manera impulsiva y arriesgar nuestras relaciones personales y nuestro trabajo.<br \/>\nCuando no reconocemos ni controlamos las emociones de otras personas, puede suceder lo mismo.<br \/>\nEn este curso, encontrar\u00e1 la inteligencia y la conciencia emocional para reconocer y controlar sus propias emociones y manejar las emociones de otras personas.<\/p>\n<p>[vsw id=\u00bbgaZDLOAg_Po\u00bb source=\u00bbyoutube\u00bb width=\u00bb425&#8243; height=\u00bb344&#8243; autoplay=\u00bbno\u00bb]<\/p>\n<p>&nbsp;<\/p>\n<h2><strong>Inteligencia emocional<\/strong><\/h2>\n<p>La importancia de la inteligencia emocional es reconocida universalmente.<br \/>\n\u00bfPero c\u00f3mo podemos utilizarla para marcar una diferencia?<br \/>\nSe necesita competencia emocional: saber c\u00f3mo trabajar con las emociones.<br \/>\nEsta es la contribuci\u00f3n \u00fanica de Paul\u00a0 Ekman.<br \/>\nPercibir las emociones: la habilidad de detectarlas y descifrarlas, incluida la habilidad de identificar las propias emociones. Sin esta capacidad no es posible avanzar.<br \/>\nUsar las emociones: la habilidad de aprovechar las emociones para ayudar al pensamiento y a la resoluci\u00f3n de problemas. Entender las emociones.<br \/>\nControlar las emociones: la habilidad de regular las emociones tanto en nosotros mismos como en otras personas (incluso las emociones negativas).<br \/>\nEste programa lo ayudar\u00e1 en todas estas \u00e1reas.<\/p>\n<p>Este es un programa de certificaci\u00f3n internacional de tres d\u00edas<br \/>\nEste programa lo ayudar\u00e1 a reconocer y controlar las emociones de mejor manera en usted mismo y en otras personas.<br \/>\nEst\u00e1 basado en las m\u00e1s recientes investigaciones en psicolog\u00eda y ciencia de la conducta.<br \/>\nLe aportar\u00e1 el conocimiento, las habilidades y la conciencia necesarios para evaluar la comunicaci\u00f3n verbal y no-verbal de otras personas y la capacidad de identificar la propia.<\/p>\n<p>Aprender\u00e1 a leer las emociones a trav\u00e9s de los cinco canales de comunicaci\u00f3n:<br \/>\n<em><strong>&#8211; expresiones faciales<\/strong><\/em><br \/>\n(incluidas las microexpresiones en las que las emociones se muestran en el rostro durante una fracci\u00f3n de segundo)<br \/>\n<em><strong>&#8211; tono de voz<\/strong> <\/em><br \/>\n<em><strong>&#8211; estilo verbal<\/strong><\/em><br \/>\n(el patr\u00f3n caracter\u00edstico del modo de hablar natural de las personas)<br \/>\n<em><strong>&#8211; contenido verbal<\/strong><\/em><br \/>\n(las palabras que se dicen)<br \/>\n<em><strong>&#8211; lenguaje corporal<\/strong><\/em><br \/>\n(el modo en que el leguaje corporal refleja las emociones)<\/p>\n<p>El curso es din\u00e1mico, entretenido e interactivo y sumamente pr\u00e1ctico.<br \/>\nAprender\u00e1 y practicar\u00e1 las habilidades en un ambiente seguro con un entrenador aprobado por Paul Ekman.<br \/>\nSe entregar\u00e1 un certificado internacional con calificaci\u00f3n al finalizar con \u00e9xito el programa.<\/p>\n<p>&nbsp;<\/p>\n<p>[vsw id=\u00bbh19PzyqOxxo\u00bb source=\u00bbyoutube\u00bb width=\u00bb425&#8243; height=\u00bb344&#8243; autoplay=\u00bbno\u00bb]<\/p>\n<h2><strong>Metas del curso<\/strong><\/h2>\n<p>Permitirle ser conciente de sus propias emociones, reconocerlas y controlarlas; reconocer las emociones en otras personas y utilizar las mejores estrategias para controlar las situaciones emocionales con otros y construir buenas relaciones.<\/p>\n<h2><\/h2>\n<h2><strong>Objetivos del curso<\/strong><\/h2>\n<p>Al tomar este curso, usted ser\u00e1 capaz de:<\/p>\n<ul>\n<li>Entender c\u00f3mo funcionan las emociones, de d\u00f3nde provienen y c\u00f3mo se manifiestan.<\/li>\n<li>Reconocer y manejar sus propios \u2018disparadores emocionales\u2019.<\/li>\n<li>Ser m\u00e1s conciente de sus propias emociones y tener mejores estrategias para manejarlas.<\/li>\n<li>Ser conciente en el momento en el que lo domina una emoci\u00f3n.<\/li>\n<li>Desarrollar la capacidad de vigilarse a nivel emocional.<\/li>\n<li>Aumentar sus habilidades de observaci\u00f3n en los cinco canales: saber qu\u00e9 se debe buscar y c\u00f3mo hacerlo.<\/li>\n<li>Aumentar sus habilidades para escuchar en los cinco canales: saber qu\u00e9 se debe escuchar y c\u00f3mo hacerlo.<\/li>\n<li>Ser capaz de reconocer las microexpresiones de emociones en otras personas.<\/li>\n<li>Reconocer las emociones de manera correcta en los dem\u00e1s para poder entenderlos y construir buenas relaciones.<\/li>\n<li>Reconocer las emociones en los dem\u00e1s para ayudarlos a lograr una comprensi\u00f3n m\u00e1s profunda.<\/li>\n<li>Utilizar esta informaci\u00f3n para trabajar con otras personas de manera constructiva.<\/li>\n<\/ul>\n<p>&nbsp;<\/p>\n<p>&nbsp;<\/p>\n<h2><strong>\u00bfQui\u00e9nes se beneficiar\u00e1n con este curso?<\/strong><\/h2>\n<p>Este es un curso destinado a toda persona que valore la inteligencia emocional, valore sus emociones y desee lograr una mayor conciencia de sus propias emociones y mejorar sus relaciones con otras personas.<br \/>\nResulta muy \u00fatil en las \u00e1reas de gerencia, negociaci\u00f3n, relaciones, entrenamiento, coaching y consultor\u00eda.<\/p>\n<p>&nbsp;<\/p>\n<div>\n<h2><strong>PROGRAMA<\/strong><\/h2>\n<h4><strong>Primer d\u00eda<em><br \/>\n<\/em><\/strong><\/h4>\n<p>Introducci\u00f3n<br \/>\nEjercicios de introducci\u00f3n<br \/>\nDefinici\u00f3n de las emociones<br \/>\nC\u00f3mo funcionan las emociones<br \/>\nC\u00f3mo controlar sus emociones<br \/>\nEjercicios de video<br \/>\nConciencia<br \/>\nResumen y revisi\u00f3n<\/p>\n<h4><strong>Segundo d\u00eda<br \/>\n<\/strong><\/h4>\n<p>Ejercicios con microexpresiones<br \/>\nLas expresiones faciales como un canal emocional<br \/>\nExpresiones sutiles, parciales y disimuladas<br \/>\nCanales de comunicaci\u00f3n<br \/>\nEl lenguaje corporal y c\u00f3mo expresa las emociones<br \/>\nEjercicios de video<br \/>\nLas emociones en el estilo verbal, el tono de voz y las palabras<br \/>\nResumen y revisi\u00f3n<\/p>\n<h4><strong>Tercer d\u00eda<br \/>\n<\/strong><\/h4>\n<p>Proalimentaci\u00f3n: aplicaciones pr\u00e1cticas<br \/>\nAn\u00e1lisis PCER (Planificaci\u00f3n, Compromiso, Exploraci\u00f3n, Resoluci\u00f3n)<br \/>\nAn\u00e1lisis de video<br \/>\nResumen y revisi\u00f3n<\/p>\n<\/div>","protected":false},"excerpt":{"rendered":"<p>&nbsp; [vsw id=\u00bbh19PzyqOxxo\u00bb source=\u00bbyoutube\u00bb width=\u00bb425&#8243; height=\u00bb344&#8243; autoplay=\u00bbno\u00bb] Este es un curso aprobado por Paul Ekman Este curso trata sobre las emociones, los sentimientos, c\u00f3mo reconocer y manejar las emociones en nosotros mismos y en los dem\u00e1s. Las emociones forman parte de nuestra condici\u00f3n humana. Pensamos y sentimos&#8230; y actuamos. Las emociones son lo que impulsan [&hellip;]<\/p>\n","protected":false},"author":1,"featured_media":0,"parent":0,"menu_order":0,"comment_status":"open","ping_status":"open","template":"","meta":{"footnotes":""},"class_list":["post-2825","page","type-page","status-publish","hentry"],"yoast_head":"<!-- This site is optimized with the Yoast SEO plugin v26.8 - https:\/\/yoast.com\/product\/yoast-seo-wordpress\/ -->\n<title>Habilidades y Competencias Emocionales - Lambent<\/title>\n<meta name=\"robots\" content=\"index, follow, max-snippet:-1, max-image-preview:large, max-video-preview:-1\" \/>\n<link rel=\"canonical\" href=\"https:\/\/www.lambent.com\/es\/ekman-habilidades-competencias-emocionales\/\" \/>\n<meta property=\"og:locale\" content=\"es_ES\" \/>\n<meta property=\"og:type\" content=\"article\" \/>\n<meta property=\"og:title\" content=\"Habilidades y Competencias Emocionales - Lambent\" \/>\n<meta property=\"og:description\" content=\"&nbsp; [vsw id=\u00bbh19PzyqOxxo\u00bb source=\u00bbyoutube\u00bb width=\u00bb425&#8243; height=\u00bb344&#8243; autoplay=\u00bbno\u00bb] Este es un curso aprobado por Paul Ekman Este curso trata sobre las emociones, los sentimientos, c\u00f3mo reconocer y manejar las emociones en nosotros mismos y en los dem\u00e1s. Las emociones forman parte de nuestra condici\u00f3n humana. Pensamos y sentimos&#8230; y actuamos. Las emociones son lo que impulsan [&hellip;]\" \/>\n<meta property=\"og:url\" content=\"https:\/\/www.lambent.com\/es\/ekman-habilidades-competencias-emocionales\/\" \/>\n<meta property=\"og:site_name\" content=\"Lambent\" \/>\n<meta property=\"article:modified_time\" content=\"2015-01-12T18:05:03+00:00\" \/>\n<meta property=\"og:image\" content=\"http:\/\/www.lambent.com\/wp-content\/uploads\/2012\/11\/Lambent-PEI-logo.jpg\" \/>\n<meta name=\"twitter:label1\" content=\"Tiempo de lectura\" \/>\n\t<meta name=\"twitter:data1\" content=\"4 minutos\" \/>\n<script type=\"application\/ld+json\" class=\"yoast-schema-graph\">{\"@context\":\"https:\/\/schema.org\",\"@graph\":[{\"@type\":\"WebPage\",\"@id\":\"https:\/\/www.lambent.com\/es\/ekman-habilidades-competencias-emocionales\/\",\"url\":\"https:\/\/www.lambent.com\/es\/ekman-habilidades-competencias-emocionales\/\",\"name\":\"Habilidades y Competencias Emocionales - Lambent\",\"isPartOf\":{\"@id\":\"https:\/\/www.lambent.com\/#website\"},\"primaryImageOfPage\":{\"@id\":\"https:\/\/www.lambent.com\/es\/ekman-habilidades-competencias-emocionales\/#primaryimage\"},\"image\":{\"@id\":\"https:\/\/www.lambent.com\/es\/ekman-habilidades-competencias-emocionales\/#primaryimage\"},\"thumbnailUrl\":\"http:\/\/www.lambent.com\/wp-content\/uploads\/2012\/11\/Lambent-PEI-logo.jpg\",\"datePublished\":\"2013-03-06T18:27:16+00:00\",\"dateModified\":\"2015-01-12T18:05:03+00:00\",\"inLanguage\":\"es\",\"potentialAction\":[{\"@type\":\"ReadAction\",\"target\":[\"https:\/\/www.lambent.com\/es\/ekman-habilidades-competencias-emocionales\/\"]}]},{\"@type\":\"ImageObject\",\"inLanguage\":\"es\",\"@id\":\"https:\/\/www.lambent.com\/es\/ekman-habilidades-competencias-emocionales\/#primaryimage\",\"url\":\"http:\/\/www.lambent.com\/wp-content\/uploads\/2012\/11\/Lambent-PEI-logo.jpg\",\"contentUrl\":\"http:\/\/www.lambent.com\/wp-content\/uploads\/2012\/11\/Lambent-PEI-logo.jpg\"},{\"@type\":\"WebSite\",\"@id\":\"https:\/\/www.lambent.com\/#website\",\"url\":\"https:\/\/www.lambent.com\/\",\"name\":\"Lambent\",\"description\":\"International Coaching Training\",\"potentialAction\":[{\"@type\":\"SearchAction\",\"target\":{\"@type\":\"EntryPoint\",\"urlTemplate\":\"https:\/\/www.lambent.com\/?s={search_term_string}\"},\"query-input\":{\"@type\":\"PropertyValueSpecification\",\"valueRequired\":true,\"valueName\":\"search_term_string\"}}],\"inLanguage\":\"es\"}]}<\/script>\n<!-- \/ Yoast SEO plugin. -->","yoast_head_json":{"title":"Habilidades y Competencias Emocionales - Lambent","robots":{"index":"index","follow":"follow","max-snippet":"max-snippet:-1","max-image-preview":"max-image-preview:large","max-video-preview":"max-video-preview:-1"},"canonical":"https:\/\/www.lambent.com\/es\/ekman-habilidades-competencias-emocionales\/","og_locale":"es_ES","og_type":"article","og_title":"Habilidades y Competencias Emocionales - Lambent","og_description":"&nbsp; [vsw id=\u00bbh19PzyqOxxo\u00bb source=\u00bbyoutube\u00bb width=\u00bb425&#8243; height=\u00bb344&#8243; autoplay=\u00bbno\u00bb] Este es un curso aprobado por Paul Ekman Este curso trata sobre las emociones, los sentimientos, c\u00f3mo reconocer y manejar las emociones en nosotros mismos y en los dem\u00e1s. Las emociones forman parte de nuestra condici\u00f3n humana. Pensamos y sentimos&#8230; y actuamos. Las emociones son lo que impulsan [&hellip;]","og_url":"https:\/\/www.lambent.com\/es\/ekman-habilidades-competencias-emocionales\/","og_site_name":"Lambent","article_modified_time":"2015-01-12T18:05:03+00:00","og_image":[{"url":"http:\/\/www.lambent.com\/wp-content\/uploads\/2012\/11\/Lambent-PEI-logo.jpg","type":"","width":"","height":""}],"twitter_misc":{"Tiempo de lectura":"4 minutos"},"schema":{"@context":"https:\/\/schema.org","@graph":[{"@type":"WebPage","@id":"https:\/\/www.lambent.com\/es\/ekman-habilidades-competencias-emocionales\/","url":"https:\/\/www.lambent.com\/es\/ekman-habilidades-competencias-emocionales\/","name":"Habilidades y Competencias Emocionales - Lambent","isPartOf":{"@id":"https:\/\/www.lambent.com\/#website"},"primaryImageOfPage":{"@id":"https:\/\/www.lambent.com\/es\/ekman-habilidades-competencias-emocionales\/#primaryimage"},"image":{"@id":"https:\/\/www.lambent.com\/es\/ekman-habilidades-competencias-emocionales\/#primaryimage"},"thumbnailUrl":"http:\/\/www.lambent.com\/wp-content\/uploads\/2012\/11\/Lambent-PEI-logo.jpg","datePublished":"2013-03-06T18:27:16+00:00","dateModified":"2015-01-12T18:05:03+00:00","inLanguage":"es","potentialAction":[{"@type":"ReadAction","target":["https:\/\/www.lambent.com\/es\/ekman-habilidades-competencias-emocionales\/"]}]},{"@type":"ImageObject","inLanguage":"es","@id":"https:\/\/www.lambent.com\/es\/ekman-habilidades-competencias-emocionales\/#primaryimage","url":"http:\/\/www.lambent.com\/wp-content\/uploads\/2012\/11\/Lambent-PEI-logo.jpg","contentUrl":"http:\/\/www.lambent.com\/wp-content\/uploads\/2012\/11\/Lambent-PEI-logo.jpg"},{"@type":"WebSite","@id":"https:\/\/www.lambent.com\/#website","url":"https:\/\/www.lambent.com\/","name":"Lambent","description":"International Coaching Training","potentialAction":[{"@type":"SearchAction","target":{"@type":"EntryPoint","urlTemplate":"https:\/\/www.lambent.com\/?s={search_term_string}"},"query-input":{"@type":"PropertyValueSpecification","valueRequired":true,"valueName":"search_term_string"}}],"inLanguage":"es"}]}},"_links":{"self":[{"href":"https:\/\/www.lambent.com\/es\/wp-json\/wp\/v2\/pages\/2825\/"}],"collection":[{"href":"https:\/\/www.lambent.com\/es\/wp-json\/wp\/v2\/pages\/"}],"about":[{"href":"https:\/\/www.lambent.com\/es\/wp-json\/wp\/v2\/types\/page\/"}],"author":[{"embeddable":true,"href":"https:\/\/www.lambent.com\/es\/wp-json\/wp\/v2\/users\/1\/"}],"replies":[{"embeddable":true,"href":"https:\/\/www.lambent.com\/es\/wp-json\/wp\/v2\/comments\/?post=2825"}],"version-history":[{"count":8,"href":"https:\/\/www.lambent.com\/es\/wp-json\/wp\/v2\/pages\/2825\/revisions\/"}],"predecessor-version":[{"id":9348,"href":"https:\/\/www.lambent.com\/es\/wp-json\/wp\/v2\/pages\/2825\/revisions\/9348\/"}],"wp:attachment":[{"href":"https:\/\/www.lambent.com\/es\/wp-json\/wp\/v2\/media\/?parent=2825"}],"curies":[{"name":"wp","href":"https:\/\/api.w.org\/{rel}","templated":true}]}}