{"id":2818,"date":"2013-03-06T18:05:47","date_gmt":"2013-03-06T18:05:47","guid":{"rendered":"http:\/\/www.lambent.com\/?page_id=2818"},"modified":"2013-03-06T18:06:22","modified_gmt":"2013-03-06T18:06:22","slug":"ekman-evaluacion-de-la-veracidad-y-la-credibilidad","status":"publish","type":"page","link":"https:\/\/www.lambent.com\/es\/ekman-evaluacion-de-la-veracidad-y-la-credibilidad\/","title":{"rendered":"Evaluaci\u00f3n de la Veracidad y la Credibilidad"},"content":{"rendered":"<p align=\"center\"><strong><img loading=\"lazy\" decoding=\"async\" title=\"Lambent - Paul Ekman licensed provider\" alt=\"Lambent - Paul Ekman licensed provider\" src=\"http:\/\/www.lambent.com\/wp-content\/uploads\/2012\/11\/Lambent-PEI-logo.jpg\" width=\"580\" height=\"190\" \/><\/strong><\/p>\n<p style=\"text-align: center;\"><a href=\"http:\/\/www.lambent.com\/Resources\/Brochures\/ETaC_espa\u00f1ol.pdf\" target=\"_blank\"><img loading=\"lazy\" decoding=\"async\" class=\"aligncenter\" alt=\"download_brochure_esp\" src=\"http:\/\/www.lambent.com\/wp-content\/uploads\/2012\/11\/download_brochure_esp.png\" width=\"171\" height=\"27\" \/><\/a><\/p>\n<p style=\"text-align: center;\">[vsw id=\u00bbEXm6YbXxSYk\u00bb source=\u00bbyoutube\u00bb width=\u00bb425&#8243; height=\u00bb344&#8243; autoplay=\u00bbno\u00bb]<\/p>\n<h5>Fechas:<br \/>\n27 de febrero al 2 de marzo de 2013- Centro de Londres, Reino Unido<br \/>\n28 de febrero al 3 de marzo de 2013 &#8211; Porto, Portugal<\/h5>\n<p>&nbsp;<\/p>\n<p>Nuestras relaciones, nuestro trabajo, el manejo del dinero, toda la base de nuestra vida se construye sobre la confianza.<br \/>\nLa confianza se basa en la capacidad y en la sinceridad para cumplir con las promesas y mantener los acuerdos.<br \/>\nLa capacidad de detectar cu\u00e1ndo nos est\u00e1n enga\u00f1ando, de evaluar la credibilidad de lo que dicen las personas es una habilidad crucial.<br \/>\nEste programa desarrollar\u00e1 su aptitud para reconocer las emociones y los pensamientos que yacen detr\u00e1s del enga\u00f1o y para actuar ante estos. Aporta cuarenta a\u00f1os de investigaciones a los pensamientos y las emociones involucradas en la veracidad y el enga\u00f1o, y es esencial para todo aquel que desee y necesite ser capaz de evaluar la confianza.<\/p>\n<p>&nbsp;<\/p>\n<h2><strong>Este es un programa de certificaci\u00f3n internacional de cuatro d\u00edas<\/strong><\/h2>\n<h5>Un curso aprobado por Paul Ekman<\/h5>\n<p>Todas nuestras acciones se basan en nuestros pensamientos y nuestras emociones. De ese modo, entender la veracidad y el enga\u00f1o implica entender las emociones y la manera de pensar de los dem\u00e1s.<br \/>\n\u00bfTienen sentido?<br \/>\n\u00bfSon congruentes?<br \/>\nEl programa cubre el modelo psicol\u00f3gico que subyace a la verdad y las mentiras, para que usted pueda identificar los &#8216;puntos de conflicto&#8217;, donde existe cierta tensi\u00f3n y una incongruencia entre las palabras, el lenguaje corporal y las emociones debido a un posible enga\u00f1o.<br \/>\nAprender\u00e1 a leer las emociones y el posible enga\u00f1o a trav\u00e9s de los cinco canales de comunicaci\u00f3n:<br \/>\n<em><strong>&#8211; expresiones faciales<\/strong><\/em><br \/>\n(incluidas las microexpresiones en las que las emociones se muestran en el rostro durante una fracci\u00f3n de segundo)<br \/>\n<em><strong>&#8211; tono de voz<\/strong> <\/em><br \/>\n(c\u00f3mo puede cambiar el tono de voz cuando se dice una mentira)<br \/>\n<em><strong>&#8211; estilo verbal<\/strong><\/em><br \/>\n(el patr\u00f3n caracter\u00edstico del modo de hablar natural de las personas)<br \/>\n<em><strong>&#8211; contenido verbal<\/strong><\/em><br \/>\n(las palabras que se dicen, incluidos los lapsus)<br \/>\n<em><strong>&#8211; lenguaje corporal<\/strong><\/em><br \/>\n(el modo en que el lenguaje corporal refleja el pensamiento y las emociones)<\/p>\n<p>Existe gran cantidad de informaci\u00f3n err\u00f3nea y confusi\u00f3n sobre estos temas, en especial sobre el lenguaje corporal.<br \/>\nEste curso contiene solo datos cient\u00edficos, estudiados y comprobados.<br \/>\nEl curso es din\u00e1mico, entretenido e interactivo y sumamente pr\u00e1ctico.<br \/>\nAprender\u00e1 y practicar\u00e1 las habilidades en un ambiente seguro con un entrenador aprobado por Paul Ekman.<br \/>\nSe entregar\u00e1 un certificado internacional con calificaci\u00f3n al finalizar con \u00e9xito el programa.<\/p>\n<p>&nbsp;<\/p>\n<h2><strong>Metas del curso<\/strong><\/h2>\n<p>Brindarle las habilidades para poder evaluar la verdad y el enga\u00f1o, en particular en situaciones de alto riesgo.<br \/>\nAportarle la m\u00e1s reciente informaci\u00f3n sobre la voz y el lenguaje corporal, la cognici\u00f3n y las emociones, para que sea capaz de ver, escuchar y evaluar la confianza y la credibilidad.<\/p>\n<h2><\/h2>\n<h2><strong>Objetivos del curso<\/strong><\/h2>\n<p>Al tomar este curso, usted ser\u00e1 capaz de:<\/p>\n<ul>\n<li>Aumentar sus habilidades de observaci\u00f3n en los cinco canales: saber qu\u00e9 se debe buscar y c\u00f3mo hacerlo.<\/li>\n<li>Identificar la importancia de los puntos de referencia y cu\u00e1ndo ocurren.<\/li>\n<li>Identificar y evaluar indicios de la mentira y la verdad.<\/li>\n<li>Aumentar sus habilidades para escuchar en los cinco canales: saber qu\u00e9 se debe escuchar y c\u00f3mo hacerlo.<\/li>\n<li>Aumentar sus habilidades de escucha y observaci\u00f3n activas y utilizarlas para evaluar la veracidad y la credibilidad.<\/li>\n<li>Adoptar un enfoque estructurado para la detecci\u00f3n de las &#8216;fugas&#8217;.<\/li>\n<li>Ser capaz de reconocer las microexpresiones en otras personas.<\/li>\n<li>Entender y aplicar el modelo psicol\u00f3gico de la verdad y la mentira.<\/li>\n<li>Identificar y evaluar los &#8216;puntos de conflicto&#8217;.<\/li>\n<li>Crear y poner a prueba hip\u00f3tesis sobre la verdad y el enga\u00f1o en contexto.<\/li>\n<li>Entender el papel de la memoria en la verdad y el enga\u00f1o y utilizar el an\u00e1lisis de Validez de Afirmaciones en afirmaciones verbales para evaluar si los eventos son recordados o construidos.<\/li>\n<\/ul>\n<p>&nbsp;<\/p>\n<h2><strong>\u00bfQui\u00e9nes se beneficiar\u00e1n con este curso?<\/strong><\/h2>\n<p>Este entrenamiento es esencial para todo aquel que interact\u00fae con otras personas en conversaciones dif\u00edciles o en entrevistas en las que es muy importante lo que est\u00e1 en juego:<\/p>\n<ul>\n<li>vendedores<\/li>\n<li>personal de atenci\u00f3n al cliente<\/li>\n<li>coaches<\/li>\n<li>abogados y procuradores<\/li>\n<li>gerentes<\/li>\n<li>psic\u00f3logos<\/li>\n<li>consejeros<\/li>\n<li>negociadores<\/li>\n<li>selectores de personal<\/li>\n<li>gerentes y l\u00edderes<\/li>\n<li>ejecutivos<\/li>\n<li>investigadores forenses<\/li>\n<li>agentes de la seguridad y el orden p\u00fablico<\/li>\n<\/ul>\n<p>Y, por supuesto, estas habilidades tambi\u00e9n marcan una diferencia en cualquier interacci\u00f3n de la vida cotidiana&#8230;<\/p>\n<p>&nbsp;<\/p>\n<div>\n<h2><strong>Programa<\/strong><\/h2>\n<h4><strong><br \/>\nPrimer d\u00eda<br \/>\n<\/strong><\/h4>\n<p>Introducci\u00f3n<br \/>\nEjercicios de introducci\u00f3n<br \/>\nDefinici\u00f3n de la verdad y las mentiras<br \/>\nModelo de comunicaci\u00f3n<br \/>\nPuntos de conflicto<br \/>\nEjercicios de video<br \/>\nPor qu\u00e9 creemos las mentiras y no creemos la verdad<br \/>\nModelo psicol\u00f3gico de la verdad y el enga\u00f1o<br \/>\nAtenci\u00f3n, conciencia y escucha<br \/>\nResumen y revisi\u00f3n<\/p>\n<h4><strong><br \/>\nSegundo d\u00eda<br \/>\n<\/strong><\/h4>\n<p>Microexpresiones<br \/>\nEntender las emociones<br \/>\nCanales de comunicaci\u00f3n<br \/>\nExpresiones faciales<br \/>\nExpresiones sutiles, parciales y disimuladas<br \/>\nLenguaje corporal<br \/>\nEjercicios de video<br \/>\nEstilo verbal<br \/>\nTono de voz<br \/>\nResumen y revisi\u00f3n<\/p>\n<h4><strong><br \/>\nTercer d\u00eda<br \/>\n<\/strong><\/h4>\n<p>Tipos de memoria<br \/>\nMemoria y enga\u00f1o<br \/>\nAn\u00e1lisis de validez de afirmaciones<br \/>\nEjercicios de video<br \/>\nAn\u00e1lisis de contenido basado en criterios (ACBC)<br \/>\nResumen y revisi\u00f3n<\/p>\n<h4><strong><br \/>\nCuarto d\u00eda<br \/>\n<\/strong><\/h4>\n<p>Proalimentaci\u00f3n: aplicaciones pr\u00e1cticas<br \/>\nAn\u00e1lisis PCER (Planificaci\u00f3n, Compromiso, Exploraci\u00f3n, Resoluci\u00f3n)<br \/>\nResumen y revisi\u00f3n<\/p>\n<\/div>","protected":false},"excerpt":{"rendered":"<p>[vsw id=\u00bbEXm6YbXxSYk\u00bb source=\u00bbyoutube\u00bb width=\u00bb425&#8243; height=\u00bb344&#8243; autoplay=\u00bbno\u00bb] Fechas: 27 de febrero al 2 de marzo de 2013- Centro de Londres, Reino Unido 28 de febrero al 3 de marzo de 2013 &#8211; Porto, Portugal &nbsp; Nuestras relaciones, nuestro trabajo, el manejo del dinero, toda la base de nuestra vida se construye sobre la confianza. La confianza [&hellip;]<\/p>\n","protected":false},"author":1,"featured_media":0,"parent":0,"menu_order":0,"comment_status":"open","ping_status":"open","template":"","meta":{"footnotes":""},"class_list":["post-2818","page","type-page","status-publish","hentry"],"yoast_head":"<!-- This site is optimized with the Yoast SEO plugin v26.8 - https:\/\/yoast.com\/product\/yoast-seo-wordpress\/ -->\n<title>Evaluaci\u00f3n de la Veracidad y la Credibilidad - Lambent<\/title>\n<meta name=\"robots\" content=\"index, follow, max-snippet:-1, max-image-preview:large, max-video-preview:-1\" \/>\n<link rel=\"canonical\" href=\"https:\/\/www.lambent.com\/es\/ekman-evaluacion-de-la-veracidad-y-la-credibilidad\/\" \/>\n<meta property=\"og:locale\" content=\"es_ES\" \/>\n<meta property=\"og:type\" content=\"article\" \/>\n<meta property=\"og:title\" content=\"Evaluaci\u00f3n de la Veracidad y la Credibilidad - Lambent\" \/>\n<meta property=\"og:description\" content=\"[vsw id=\u00bbEXm6YbXxSYk\u00bb source=\u00bbyoutube\u00bb width=\u00bb425&#8243; height=\u00bb344&#8243; autoplay=\u00bbno\u00bb] Fechas: 27 de febrero al 2 de marzo de 2013- Centro de Londres, Reino Unido 28 de febrero al 3 de marzo de 2013 &#8211; Porto, Portugal &nbsp; Nuestras relaciones, nuestro trabajo, el manejo del dinero, toda la base de nuestra vida se construye sobre la confianza. La confianza [&hellip;]\" \/>\n<meta property=\"og:url\" content=\"https:\/\/www.lambent.com\/es\/ekman-evaluacion-de-la-veracidad-y-la-credibilidad\/\" \/>\n<meta property=\"og:site_name\" content=\"Lambent\" \/>\n<meta property=\"article:modified_time\" content=\"2013-03-06T18:06:22+00:00\" \/>\n<meta property=\"og:image\" content=\"http:\/\/www.lambent.com\/wp-content\/uploads\/2012\/11\/Lambent-PEI-logo.jpg\" \/>\n<meta name=\"twitter:label1\" content=\"Tiempo de lectura\" \/>\n\t<meta name=\"twitter:data1\" content=\"5 minutos\" \/>\n<script type=\"application\/ld+json\" class=\"yoast-schema-graph\">{\"@context\":\"https:\/\/schema.org\",\"@graph\":[{\"@type\":\"WebPage\",\"@id\":\"https:\/\/www.lambent.com\/es\/ekman-evaluacion-de-la-veracidad-y-la-credibilidad\/\",\"url\":\"https:\/\/www.lambent.com\/es\/ekman-evaluacion-de-la-veracidad-y-la-credibilidad\/\",\"name\":\"Evaluaci\u00f3n de la Veracidad y la Credibilidad - Lambent\",\"isPartOf\":{\"@id\":\"https:\/\/www.lambent.com\/#website\"},\"primaryImageOfPage\":{\"@id\":\"https:\/\/www.lambent.com\/es\/ekman-evaluacion-de-la-veracidad-y-la-credibilidad\/#primaryimage\"},\"image\":{\"@id\":\"https:\/\/www.lambent.com\/es\/ekman-evaluacion-de-la-veracidad-y-la-credibilidad\/#primaryimage\"},\"thumbnailUrl\":\"http:\/\/www.lambent.com\/wp-content\/uploads\/2012\/11\/Lambent-PEI-logo.jpg\",\"datePublished\":\"2013-03-06T18:05:47+00:00\",\"dateModified\":\"2013-03-06T18:06:22+00:00\",\"inLanguage\":\"es\",\"potentialAction\":[{\"@type\":\"ReadAction\",\"target\":[\"https:\/\/www.lambent.com\/es\/ekman-evaluacion-de-la-veracidad-y-la-credibilidad\/\"]}]},{\"@type\":\"ImageObject\",\"inLanguage\":\"es\",\"@id\":\"https:\/\/www.lambent.com\/es\/ekman-evaluacion-de-la-veracidad-y-la-credibilidad\/#primaryimage\",\"url\":\"http:\/\/www.lambent.com\/wp-content\/uploads\/2012\/11\/Lambent-PEI-logo.jpg\",\"contentUrl\":\"http:\/\/www.lambent.com\/wp-content\/uploads\/2012\/11\/Lambent-PEI-logo.jpg\"},{\"@type\":\"WebSite\",\"@id\":\"https:\/\/www.lambent.com\/#website\",\"url\":\"https:\/\/www.lambent.com\/\",\"name\":\"Lambent\",\"description\":\"International Coaching Training\",\"potentialAction\":[{\"@type\":\"SearchAction\",\"target\":{\"@type\":\"EntryPoint\",\"urlTemplate\":\"https:\/\/www.lambent.com\/?s={search_term_string}\"},\"query-input\":{\"@type\":\"PropertyValueSpecification\",\"valueRequired\":true,\"valueName\":\"search_term_string\"}}],\"inLanguage\":\"es\"}]}<\/script>\n<!-- \/ Yoast SEO plugin. -->","yoast_head_json":{"title":"Evaluaci\u00f3n de la Veracidad y la Credibilidad - Lambent","robots":{"index":"index","follow":"follow","max-snippet":"max-snippet:-1","max-image-preview":"max-image-preview:large","max-video-preview":"max-video-preview:-1"},"canonical":"https:\/\/www.lambent.com\/es\/ekman-evaluacion-de-la-veracidad-y-la-credibilidad\/","og_locale":"es_ES","og_type":"article","og_title":"Evaluaci\u00f3n de la Veracidad y la Credibilidad - Lambent","og_description":"[vsw id=\u00bbEXm6YbXxSYk\u00bb source=\u00bbyoutube\u00bb width=\u00bb425&#8243; height=\u00bb344&#8243; autoplay=\u00bbno\u00bb] Fechas: 27 de febrero al 2 de marzo de 2013- Centro de Londres, Reino Unido 28 de febrero al 3 de marzo de 2013 &#8211; Porto, Portugal &nbsp; Nuestras relaciones, nuestro trabajo, el manejo del dinero, toda la base de nuestra vida se construye sobre la confianza. La confianza [&hellip;]","og_url":"https:\/\/www.lambent.com\/es\/ekman-evaluacion-de-la-veracidad-y-la-credibilidad\/","og_site_name":"Lambent","article_modified_time":"2013-03-06T18:06:22+00:00","og_image":[{"url":"http:\/\/www.lambent.com\/wp-content\/uploads\/2012\/11\/Lambent-PEI-logo.jpg","type":"","width":"","height":""}],"twitter_misc":{"Tiempo de lectura":"5 minutos"},"schema":{"@context":"https:\/\/schema.org","@graph":[{"@type":"WebPage","@id":"https:\/\/www.lambent.com\/es\/ekman-evaluacion-de-la-veracidad-y-la-credibilidad\/","url":"https:\/\/www.lambent.com\/es\/ekman-evaluacion-de-la-veracidad-y-la-credibilidad\/","name":"Evaluaci\u00f3n de la Veracidad y la Credibilidad - Lambent","isPartOf":{"@id":"https:\/\/www.lambent.com\/#website"},"primaryImageOfPage":{"@id":"https:\/\/www.lambent.com\/es\/ekman-evaluacion-de-la-veracidad-y-la-credibilidad\/#primaryimage"},"image":{"@id":"https:\/\/www.lambent.com\/es\/ekman-evaluacion-de-la-veracidad-y-la-credibilidad\/#primaryimage"},"thumbnailUrl":"http:\/\/www.lambent.com\/wp-content\/uploads\/2012\/11\/Lambent-PEI-logo.jpg","datePublished":"2013-03-06T18:05:47+00:00","dateModified":"2013-03-06T18:06:22+00:00","inLanguage":"es","potentialAction":[{"@type":"ReadAction","target":["https:\/\/www.lambent.com\/es\/ekman-evaluacion-de-la-veracidad-y-la-credibilidad\/"]}]},{"@type":"ImageObject","inLanguage":"es","@id":"https:\/\/www.lambent.com\/es\/ekman-evaluacion-de-la-veracidad-y-la-credibilidad\/#primaryimage","url":"http:\/\/www.lambent.com\/wp-content\/uploads\/2012\/11\/Lambent-PEI-logo.jpg","contentUrl":"http:\/\/www.lambent.com\/wp-content\/uploads\/2012\/11\/Lambent-PEI-logo.jpg"},{"@type":"WebSite","@id":"https:\/\/www.lambent.com\/#website","url":"https:\/\/www.lambent.com\/","name":"Lambent","description":"International Coaching Training","potentialAction":[{"@type":"SearchAction","target":{"@type":"EntryPoint","urlTemplate":"https:\/\/www.lambent.com\/?s={search_term_string}"},"query-input":{"@type":"PropertyValueSpecification","valueRequired":true,"valueName":"search_term_string"}}],"inLanguage":"es"}]}},"_links":{"self":[{"href":"https:\/\/www.lambent.com\/es\/wp-json\/wp\/v2\/pages\/2818\/"}],"collection":[{"href":"https:\/\/www.lambent.com\/es\/wp-json\/wp\/v2\/pages\/"}],"about":[{"href":"https:\/\/www.lambent.com\/es\/wp-json\/wp\/v2\/types\/page\/"}],"author":[{"embeddable":true,"href":"https:\/\/www.lambent.com\/es\/wp-json\/wp\/v2\/users\/1\/"}],"replies":[{"embeddable":true,"href":"https:\/\/www.lambent.com\/es\/wp-json\/wp\/v2\/comments\/?post=2818"}],"version-history":[{"count":2,"href":"https:\/\/www.lambent.com\/es\/wp-json\/wp\/v2\/pages\/2818\/revisions\/"}],"predecessor-version":[{"id":2820,"href":"https:\/\/www.lambent.com\/es\/wp-json\/wp\/v2\/pages\/2818\/revisions\/2820\/"}],"wp:attachment":[{"href":"https:\/\/www.lambent.com\/es\/wp-json\/wp\/v2\/media\/?parent=2818"}],"curies":[{"name":"wp","href":"https:\/\/api.w.org\/{rel}","templated":true}]}}