{"id":2812,"date":"2013-03-06T17:59:18","date_gmt":"2013-03-06T17:59:18","guid":{"rendered":"http:\/\/www.lambent.com\/?page_id=2812"},"modified":"2013-03-06T17:59:18","modified_gmt":"2013-03-06T17:59:18","slug":"ekman-verdad-y-mentira-la-ciencia","status":"publish","type":"page","link":"https:\/\/www.lambent.com\/es\/ekman-verdad-y-mentira-la-ciencia\/","title":{"rendered":"Verdad y Mentira: la Ciencia"},"content":{"rendered":"<h3 style=\"text-align: left;\" align=\"center\"><strong>Una introducci\u00f3n a la evaluaci\u00f3n de la verdad y la credibilidad<br \/>\n<\/strong>Un curso aprobado por Paul Ekman<\/h3>\n<h4 align=\"center\"><\/h4>\n<p><a href=\"http:\/\/www.lambent.com\/Resources\/Brochures\/TLS_espa\u00f1ol.pdf\" target=\"_blank\"><img loading=\"lazy\" decoding=\"async\" alt=\"download_brochure_esp\" src=\"http:\/\/www.lambent.com\/wp-content\/uploads\/2012\/11\/download_brochure_esp.png\" width=\"171\" height=\"27\" \/><\/a><\/p>\n<h4 align=\"center\"><\/h4>\n<p>&nbsp;<\/p>\n<h4 align=\"center\"><strong>\u00bfSabe cu\u00e1ndo le dicen la verdad?<\/strong><\/h4>\n<p>Todos queremos tener la capacidad de distinguir la verdad de la mentira.<br \/>\nEl dinero, la salud, el bienestar y las relaciones dependen de ello.<br \/>\n\u00bfQu\u00e9 tan bien puede evaluar usted la credibilidad?<br \/>\n\u00bfEn entrevistas laborales?<br \/>\n\u00bfCon sus clientes?<\/p>\n<p>&nbsp;<\/p>\n<p>[vsw id=\u00bbGVG5AwZph-s\u00bb source=\u00bbyoutube\u00bb width=\u00bb425&#8243; height=\u00bb344&#8243; autoplay=\u00bbno\u00bb]<\/p>\n<p>No creer la verdad puede causar tanto da\u00f1o como creer una mentira.<br \/>\nLa mayor\u00eda de nosotros piensa que somos buenos detectando mentiras, sin embargo, las investigaciones demuestran que la mayor parte de las personas, a la hora de detectar mentiras, solo tienen resultados levemente mejores que al adivinar (54%).<\/p>\n<p>En este curso, analizaremos c\u00f3mo el rostro brinda mucha informaci\u00f3n para ayudarnos a distinguir la verdad de la mentira, junto con los otros canales:<\/p>\n<ul>\n<li>cuerpo<\/li>\n<li>voz<\/li>\n<li>estilo verbal<\/li>\n<li>contenido verbal<\/li>\n<\/ul>\n<p>La ciencia de la verdad y la mentira se revela en este taller sumamente interactivo y efectivo de un d\u00eda de duraci\u00f3n, durante el cual los participantes podr\u00e1n poner a prueba sus habilidades en situaciones realistas utilizando una adaptaci\u00f3n de las investigaciones originales de Paul Ekman sobre la verdad y la mentira.<\/p>\n<p>&nbsp;<\/p>\n<h3><strong>\u00bfCu\u00e1les son los beneficios de este curso?<\/strong><\/h3>\n<p><em><strong>-en entrevistas<\/strong><\/em><br \/>\nMejore sus habilidades como entrevistador: descubra \u00e1reas que necesitan una exploraci\u00f3n m\u00e1s profunda.<br \/>\n<em><strong>&#8211; en negociaciones<\/strong><\/em><br \/>\nSea un mejor negociador, est\u00e9 atento a los enga\u00f1os y sea capaz de identificar cuando algo es importante para la otra persona.<br \/>\n<em><strong>&#8211; en coaching y mentoring<\/strong><\/em><br \/>\nMejore sus habilidades de coaching al identificar las \u00e1reas que los clientes necesitan explorar de manera m\u00e1s profunda.<br \/>\n<em><strong>&#8211; en la toma de decisiones<\/strong><\/em><br \/>\nSepa qu\u00e9 informaci\u00f3n necesita considerarse m\u00e1s detenidamente.<br \/>\n<em><strong>&#8211; en las relaciones<\/strong><\/em><br \/>\nPerciba con mayor claridad las \u00e1reas de desacuerdo.<\/p>\n<h3><\/h3>\n<h3><\/h3>\n<h3><strong>\u00bfA qui\u00e9n est\u00e1 dirigido este curso?<\/strong><\/h3>\n<p>Este entrenamiento ser\u00e1 de gran utilidad para todo aquel que interact\u00fae con otras personas en conversaciones dif\u00edciles en \u00e1reas como:<\/p>\n<ul>\n<li>ventas<\/li>\n<li>atenci\u00f3n al cliente<\/li>\n<li>coaching<\/li>\n<li>orientaci\u00f3n<\/li>\n<li>entrevistas de alto riesgo<\/li>\n<li>interrogatorios<\/li>\n<li>negociaciones<\/li>\n<li>selecci\u00f3n de personal<\/li>\n<li>gerencia\/liderazgo<\/li>\n<\/ul>\n<p>o simplemente para las personas interesadas en estar m\u00e1s alertas en situaciones sociales cotidianas&#8230;<\/p>\n<p>Este curso de un d\u00eda lo ayudar\u00e1 a alejarse de los mitos y las conjeturas para dirigirse hacia el an\u00e1lisis basado en datos cient\u00edficos: la ciencia que subyace a la verdad y la mentira.<\/p>\n<p>&nbsp;<\/p>\n<h3><strong>Objetivos del curso:<\/strong><\/h3>\n<p>Despu\u00e9s de asistir a este curso, usted ser\u00e1 capaz de:<\/p>\n<ul>\n<li>separar la ciencia de los mitos en la detecci\u00f3n de la verdad y la mentira<\/li>\n<li>aplicar un modelo psicol\u00f3gico integral para evaluar la verdad y la mentira<\/li>\n<li>esbozar una idea general de c\u00f3mo los cinco canales de comunicaci\u00f3n pueden ayudar a este proceso<\/li>\n<li>reconocer las macro y las microexpresiones que se muestran en el rostro<\/li>\n<li>evaluar su habilidad para distinguir entre la verdad y la mentira<\/li>\n<li>aprender y practicar estas habilidades en un entorno seguro con entrenadores aprobados por Paul Ekman<\/li>\n<\/ul>\n<p>&nbsp;<\/p>\n<h3><strong>Programa del curso:<\/strong><\/h3>\n<p>El taller es interactivo y no necesita tener conocimientos previos sobre este tema para realizarlo. Se evaluar\u00e1 a usted mismo al comienzo del curso y durante este, utilizando una herramienta de entrenamiento en microexpresiones creada por el Dr. Ekman y analizando fragmentos de videos y situaciones pr\u00e1cticas de verdad\/mentira.<br \/>\nEl curso se organiza de la siguiente manera:<\/p>\n<ul>\n<li>Introducci\u00f3n<\/li>\n<li>Definici\u00f3n de la mentira y la verdad<\/li>\n<li>Ciencia versus mito<\/li>\n<li>Modelos psicol\u00f3gicos de la verdad y la mentira<\/li>\n<li>Emociones: aspectos b\u00e1sicos<\/li>\n<li>El rostro y las emociones<\/li>\n<li>Estudio experimental: aplicaci\u00f3n de sus habilidades &#8216;en vivo&#8217;<\/li>\n<li>Resumen y revisi\u00f3n<\/li>\n<\/ul>\n<p>Utilizamos una amplia variedad de m\u00e9todos en talleres con grupos peque\u00f1os y presentaciones din\u00e1micas para que el entrenamiento sea entretenido, interactivo, efectivo e interesante. Durante este programa piloto, tambi\u00e9n llevaremos a cabo una investigaci\u00f3n de recopilaci\u00f3n de datos sobre la verdad y la mentira.<\/p>","protected":false},"excerpt":{"rendered":"<p>Una introducci\u00f3n a la evaluaci\u00f3n de la verdad y la credibilidad Un curso aprobado por Paul Ekman &nbsp; \u00bfSabe cu\u00e1ndo le dicen la verdad? Todos queremos tener la capacidad de distinguir la verdad de la mentira. El dinero, la salud, el bienestar y las relaciones dependen de ello. \u00bfQu\u00e9 tan bien puede evaluar usted la [&hellip;]<\/p>\n","protected":false},"author":1,"featured_media":0,"parent":0,"menu_order":0,"comment_status":"open","ping_status":"open","template":"","meta":{"footnotes":""},"class_list":["post-2812","page","type-page","status-publish","hentry"],"yoast_head":"<!-- This site is optimized with the Yoast SEO plugin v26.8 - https:\/\/yoast.com\/product\/yoast-seo-wordpress\/ -->\n<title>Verdad y Mentira: la Ciencia - Lambent<\/title>\n<meta name=\"robots\" content=\"index, follow, max-snippet:-1, max-image-preview:large, max-video-preview:-1\" \/>\n<link rel=\"canonical\" href=\"https:\/\/www.lambent.com\/es\/ekman-verdad-y-mentira-la-ciencia\/\" \/>\n<meta property=\"og:locale\" content=\"es_ES\" \/>\n<meta property=\"og:type\" content=\"article\" \/>\n<meta property=\"og:title\" content=\"Verdad y Mentira: la Ciencia - Lambent\" \/>\n<meta property=\"og:description\" content=\"Una introducci\u00f3n a la evaluaci\u00f3n de la verdad y la credibilidad Un curso aprobado por Paul Ekman &nbsp; \u00bfSabe cu\u00e1ndo le dicen la verdad? Todos queremos tener la capacidad de distinguir la verdad de la mentira. El dinero, la salud, el bienestar y las relaciones dependen de ello. \u00bfQu\u00e9 tan bien puede evaluar usted la [&hellip;]\" \/>\n<meta property=\"og:url\" content=\"https:\/\/www.lambent.com\/es\/ekman-verdad-y-mentira-la-ciencia\/\" \/>\n<meta property=\"og:site_name\" content=\"Lambent\" \/>\n<meta property=\"og:image\" content=\"http:\/\/www.lambent.com\/wp-content\/uploads\/2012\/11\/download_brochure_esp.png\" \/>\n<meta name=\"twitter:label1\" content=\"Tiempo de lectura\" \/>\n\t<meta name=\"twitter:data1\" content=\"3 minutos\" \/>\n<script type=\"application\/ld+json\" class=\"yoast-schema-graph\">{\"@context\":\"https:\/\/schema.org\",\"@graph\":[{\"@type\":\"WebPage\",\"@id\":\"https:\/\/www.lambent.com\/es\/ekman-verdad-y-mentira-la-ciencia\/\",\"url\":\"https:\/\/www.lambent.com\/es\/ekman-verdad-y-mentira-la-ciencia\/\",\"name\":\"Verdad y Mentira: la Ciencia - Lambent\",\"isPartOf\":{\"@id\":\"https:\/\/www.lambent.com\/#website\"},\"primaryImageOfPage\":{\"@id\":\"https:\/\/www.lambent.com\/es\/ekman-verdad-y-mentira-la-ciencia\/#primaryimage\"},\"image\":{\"@id\":\"https:\/\/www.lambent.com\/es\/ekman-verdad-y-mentira-la-ciencia\/#primaryimage\"},\"thumbnailUrl\":\"http:\/\/www.lambent.com\/wp-content\/uploads\/2012\/11\/download_brochure_esp.png\",\"datePublished\":\"2013-03-06T17:59:18+00:00\",\"inLanguage\":\"es\",\"potentialAction\":[{\"@type\":\"ReadAction\",\"target\":[\"https:\/\/www.lambent.com\/es\/ekman-verdad-y-mentira-la-ciencia\/\"]}]},{\"@type\":\"ImageObject\",\"inLanguage\":\"es\",\"@id\":\"https:\/\/www.lambent.com\/es\/ekman-verdad-y-mentira-la-ciencia\/#primaryimage\",\"url\":\"http:\/\/www.lambent.com\/wp-content\/uploads\/2012\/11\/download_brochure_esp.png\",\"contentUrl\":\"http:\/\/www.lambent.com\/wp-content\/uploads\/2012\/11\/download_brochure_esp.png\"},{\"@type\":\"WebSite\",\"@id\":\"https:\/\/www.lambent.com\/#website\",\"url\":\"https:\/\/www.lambent.com\/\",\"name\":\"Lambent\",\"description\":\"International Coaching Training\",\"potentialAction\":[{\"@type\":\"SearchAction\",\"target\":{\"@type\":\"EntryPoint\",\"urlTemplate\":\"https:\/\/www.lambent.com\/?s={search_term_string}\"},\"query-input\":{\"@type\":\"PropertyValueSpecification\",\"valueRequired\":true,\"valueName\":\"search_term_string\"}}],\"inLanguage\":\"es\"}]}<\/script>\n<!-- \/ Yoast SEO plugin. -->","yoast_head_json":{"title":"Verdad y Mentira: la Ciencia - Lambent","robots":{"index":"index","follow":"follow","max-snippet":"max-snippet:-1","max-image-preview":"max-image-preview:large","max-video-preview":"max-video-preview:-1"},"canonical":"https:\/\/www.lambent.com\/es\/ekman-verdad-y-mentira-la-ciencia\/","og_locale":"es_ES","og_type":"article","og_title":"Verdad y Mentira: la Ciencia - Lambent","og_description":"Una introducci\u00f3n a la evaluaci\u00f3n de la verdad y la credibilidad Un curso aprobado por Paul Ekman &nbsp; \u00bfSabe cu\u00e1ndo le dicen la verdad? Todos queremos tener la capacidad de distinguir la verdad de la mentira. El dinero, la salud, el bienestar y las relaciones dependen de ello. \u00bfQu\u00e9 tan bien puede evaluar usted la [&hellip;]","og_url":"https:\/\/www.lambent.com\/es\/ekman-verdad-y-mentira-la-ciencia\/","og_site_name":"Lambent","og_image":[{"url":"http:\/\/www.lambent.com\/wp-content\/uploads\/2012\/11\/download_brochure_esp.png","type":"","width":"","height":""}],"twitter_misc":{"Tiempo de lectura":"3 minutos"},"schema":{"@context":"https:\/\/schema.org","@graph":[{"@type":"WebPage","@id":"https:\/\/www.lambent.com\/es\/ekman-verdad-y-mentira-la-ciencia\/","url":"https:\/\/www.lambent.com\/es\/ekman-verdad-y-mentira-la-ciencia\/","name":"Verdad y Mentira: la Ciencia - Lambent","isPartOf":{"@id":"https:\/\/www.lambent.com\/#website"},"primaryImageOfPage":{"@id":"https:\/\/www.lambent.com\/es\/ekman-verdad-y-mentira-la-ciencia\/#primaryimage"},"image":{"@id":"https:\/\/www.lambent.com\/es\/ekman-verdad-y-mentira-la-ciencia\/#primaryimage"},"thumbnailUrl":"http:\/\/www.lambent.com\/wp-content\/uploads\/2012\/11\/download_brochure_esp.png","datePublished":"2013-03-06T17:59:18+00:00","inLanguage":"es","potentialAction":[{"@type":"ReadAction","target":["https:\/\/www.lambent.com\/es\/ekman-verdad-y-mentira-la-ciencia\/"]}]},{"@type":"ImageObject","inLanguage":"es","@id":"https:\/\/www.lambent.com\/es\/ekman-verdad-y-mentira-la-ciencia\/#primaryimage","url":"http:\/\/www.lambent.com\/wp-content\/uploads\/2012\/11\/download_brochure_esp.png","contentUrl":"http:\/\/www.lambent.com\/wp-content\/uploads\/2012\/11\/download_brochure_esp.png"},{"@type":"WebSite","@id":"https:\/\/www.lambent.com\/#website","url":"https:\/\/www.lambent.com\/","name":"Lambent","description":"International Coaching Training","potentialAction":[{"@type":"SearchAction","target":{"@type":"EntryPoint","urlTemplate":"https:\/\/www.lambent.com\/?s={search_term_string}"},"query-input":{"@type":"PropertyValueSpecification","valueRequired":true,"valueName":"search_term_string"}}],"inLanguage":"es"}]}},"_links":{"self":[{"href":"https:\/\/www.lambent.com\/es\/wp-json\/wp\/v2\/pages\/2812\/"}],"collection":[{"href":"https:\/\/www.lambent.com\/es\/wp-json\/wp\/v2\/pages\/"}],"about":[{"href":"https:\/\/www.lambent.com\/es\/wp-json\/wp\/v2\/types\/page\/"}],"author":[{"embeddable":true,"href":"https:\/\/www.lambent.com\/es\/wp-json\/wp\/v2\/users\/1\/"}],"replies":[{"embeddable":true,"href":"https:\/\/www.lambent.com\/es\/wp-json\/wp\/v2\/comments\/?post=2812"}],"version-history":[{"count":1,"href":"https:\/\/www.lambent.com\/es\/wp-json\/wp\/v2\/pages\/2812\/revisions\/"}],"predecessor-version":[{"id":2813,"href":"https:\/\/www.lambent.com\/es\/wp-json\/wp\/v2\/pages\/2812\/revisions\/2813\/"}],"wp:attachment":[{"href":"https:\/\/www.lambent.com\/es\/wp-json\/wp\/v2\/media\/?parent=2812"}],"curies":[{"name":"wp","href":"https:\/\/api.w.org\/{rel}","templated":true}]}}