{"id":2735,"date":"2013-03-06T11:03:42","date_gmt":"2013-03-06T11:03:42","guid":{"rendered":"http:\/\/www.lambent.com\/sobre-paul-ekman-2\/"},"modified":"2013-03-06T11:05:22","modified_gmt":"2013-03-06T11:05:22","slug":"sobre-paul-ekman","status":"publish","type":"page","link":"https:\/\/www.lambent.com\/es\/sobre-paul-ekman\/","title":{"rendered":"Sobre Paul Ekman"},"content":{"rendered":"<p><strong><\/strong><img loading=\"lazy\" decoding=\"async\" class=\"alignleft size-full wp-image-1735\" title=\"Dr. Paul Ekman\" alt=\"Dr. Paul Ekman\" src=\"http:\/\/www.lambent.com\/wp-content\/uploads\/2012\/11\/ekman.png\" width=\"251\" height=\"356\" srcset=\"https:\/\/www.lambent.com\/wp-content\/uploads\/2012\/11\/ekman.png 251w, https:\/\/www.lambent.com\/wp-content\/uploads\/2012\/11\/ekman-211x300.png 211w\" sizes=\"auto, (max-width: 251px) 100vw, 251px\" \/>El Dr. Paul Ekman es un pionero de la investigaci\u00f3n cient\u00edfica de la conducta humana.<br \/>\nEs reconocido en particular por su trabajo sobre las emociones humanas y las expresiones faciales, y su aplicaci\u00f3n en la detecci\u00f3n de la mentira y la verdad.<\/p>\n<p>Realiz\u00f3 estudios de grado en la Universidad de Chicago y en la Universidad de Nueva York y obtuvo su doctorado en psicolog\u00eda cl\u00ednica en la Universidad Adelphi en 1958, despu\u00e9s de desempe\u00f1arse como interno durante un a\u00f1o en el Instituto Neuropsiqui\u00e1trico Langley Porter.Luego de dos a\u00f1os como oficial de psicolog\u00eda cl\u00ednica en el ej\u00e9rcito de Estados Unidos, regres\u00f3 a Langley Porter, donde trabaj\u00f3 desde 1960 hasta 2004. Su investigaci\u00f3n sobre las expresiones faciales y el movimiento corporal comenz\u00f3 en 1954, fue el tema de su tesis de maestr\u00eda en 1955, y su primera publicaci\u00f3n fue en 1957.<\/p>\n<p>A lo largo de la d\u00e9cada siguiente, se enfoc\u00f3 m\u00e1s en la psicolog\u00eda social y en los aspectos interculturales. Adem\u00e1s de su investigaci\u00f3n principal sobre las emociones y sus expresiones, tambi\u00e9n ha estudiado el enga\u00f1o durante los \u00faltimos treinta a\u00f1os.<\/p>\n<p>En la actualidad, es el fundador y presidente del Paul Ekman Group, LLC (PEG), una compa\u00f1\u00eda que produce herramientas de entrenamiento relativas a las habilidades emocionales, y tambi\u00e9n se encuentra trabajando en nuevas investigaciones relevantes para la seguridad nacional y las fuerzas del orden p\u00fablico.<\/p>\n<p>Tambi\u00e9n ha creado Paul Ekman International PLC, que entrega licencias para generar una red de Centros de Entrenamientos Autorizados en todo el mundo para que su trabajo sea m\u00e1s accesible. Lambent es uno de estos centros autorizados.<\/p>\n<h3><strong>Art\u00edculos<\/strong><\/h3>\n<p>Se han publicado art\u00edculos que tratan sobre el trabajo del Dr. Ekman en publicaciones como Time Magazine, Smithsonian Magazine, Psychology Today y The New Yorker, entre otras, tanto norteamericanas como extranjeras. Tambi\u00e9n han aparecido numerosos art\u00edculos sobre su trabajo en el New York Times, el Washington Post y otros peri\u00f3dicos nacionales.<br \/>\nHa publicado m\u00e1s de 100 art\u00edculos.<\/p>\n<h3><strong>Televisi\u00f3n<\/strong><\/h3>\n<p>Ha participado en programas de televisi\u00f3n como 48 Hours, Dateline, Good Morning America, 20\/20, Larry King, Oprah y Johnny Carson, entre muchos otros. Tambi\u00e9n ha aparecido en diversos programas de la televisi\u00f3n p\u00fablica, tales como News Hour with Jim Lehrer y Bill Moyers\u2019 The Truth About Lying.<\/p>\n<h3><strong>Libros<\/strong><\/h3>\n<ul>\n<li><strong> <\/strong>Face of Man (1980),<\/li>\n<li>Telling Lies (1985),<\/li>\n<li>Why Kids Lie (1989),<\/li>\n<li>Emotions Revealed, (2003),<\/li>\n<li>Telling Lies (1985)<\/li>\n<li>Dalai Lama-Emotional Awareness (2008)<\/li>\n<li>New Edition Emotions Revealed (2007)<\/li>\n<\/ul>\n<p>Es coautor de los siguientes libros:<\/p>\n<ul>\n<li>Emotion in the Human Face (1971),<\/li>\n<li>Unmasking the Face (1975),<\/li>\n<li>Facial Action Coding System (1978),<\/li>\n<\/ul>\n<p>Es editor de Darwin and Facial Expression (1973).<br \/>\nEs editor de la tercera edici\u00f3n (1998) y de la cuarta edici\u00f3n (2009) de Charles Darwin\u2019s The Expression of the Emotions in Man and Animals (1998).<br \/>\nEs co-editor de Handbook of Methods in Nonverbal Behaviour Research (1982), Approaches to Emotion (1984), The Nature of Emotion (1994), What the Face Reveals (1997).<\/p>\n<h3><strong>Premios y distinciones<\/strong><\/h3>\n<ul>\n<li>En 1971 recibi\u00f3 un Premio al Cient\u00edfico Investigador del Instituto Nacional de Salud Mental; ese premio se renov\u00f3 en 1976, 1981, 1987, 1991 y 1997. Su investigaci\u00f3n fue apoyada con becas, subsidios y premios del Instituto Nacional de Salud Mental durante m\u00e1s de cuarenta a\u00f1os.<\/li>\n<li>\u00a01983: Faculty Research Lecturer, Universidad de California, San Francisco<\/li>\n<li>1991: Distinguished Scientific Contribution Award, el premio m\u00e1s importante a la investigaci\u00f3n b\u00e1sica que otorga la American Psychological Association<\/li>\n<li>1994: Doctorado Honoris Causa en Humanidades, Universidad de Chicago<\/li>\n<li>1998: William James Fellow Award, otorgado por la American Psychological Society<\/li>\n<li>2001: Nombrado por la American Psychological Association uno de los psic\u00f3logos m\u00e1s influyentes del siglo XX, sobre la base de sus publicaciones, citas y distinciones<\/li>\n<li>\u00a02008: Doctorado Honoris Causa en Humanidades, Universidad Adelphi<\/li>\n<li>2008-presente: Asesor cient\u00edfico del drama de FOX y Sky \u2018Lie to Me\u2019, basado en su trabajo y experiencias<\/li>\n<li>2009: Form\u00f3 parte de la lista de las 100 personas m\u00e1s influyentes de 2009 de la revista TIME<\/li>\n<\/ul>","protected":false},"excerpt":{"rendered":"<p>El Dr. Paul Ekman es un pionero de la investigaci\u00f3n cient\u00edfica de la conducta humana. Es reconocido en particular por su trabajo sobre las emociones humanas y las expresiones faciales, y su aplicaci\u00f3n en la detecci\u00f3n de la mentira y la verdad. Realiz\u00f3 estudios de grado en la Universidad de Chicago y en la Universidad [&hellip;]<\/p>\n","protected":false},"author":1,"featured_media":0,"parent":0,"menu_order":0,"comment_status":"open","ping_status":"open","template":"","meta":{"footnotes":""},"class_list":["post-2735","page","type-page","status-publish","hentry"],"yoast_head":"<!-- This site is optimized with the Yoast SEO plugin v26.8 - https:\/\/yoast.com\/product\/yoast-seo-wordpress\/ -->\n<title>Sobre Paul Ekman - Lambent<\/title>\n<meta name=\"robots\" content=\"index, follow, max-snippet:-1, max-image-preview:large, max-video-preview:-1\" \/>\n<link rel=\"canonical\" href=\"https:\/\/www.lambent.com\/es\/sobre-paul-ekman\/\" \/>\n<meta property=\"og:locale\" content=\"es_ES\" \/>\n<meta property=\"og:type\" content=\"article\" \/>\n<meta property=\"og:title\" content=\"Sobre Paul Ekman - Lambent\" \/>\n<meta property=\"og:description\" content=\"El Dr. Paul Ekman es un pionero de la investigaci\u00f3n cient\u00edfica de la conducta humana. Es reconocido en particular por su trabajo sobre las emociones humanas y las expresiones faciales, y su aplicaci\u00f3n en la detecci\u00f3n de la mentira y la verdad. Realiz\u00f3 estudios de grado en la Universidad de Chicago y en la Universidad [&hellip;]\" \/>\n<meta property=\"og:url\" content=\"https:\/\/www.lambent.com\/es\/sobre-paul-ekman\/\" \/>\n<meta property=\"og:site_name\" content=\"Lambent\" \/>\n<meta property=\"article:modified_time\" content=\"2013-03-06T11:05:22+00:00\" \/>\n<meta property=\"og:image\" content=\"http:\/\/www.lambent.com\/wp-content\/uploads\/2012\/11\/ekman.png\" \/>\n<meta name=\"twitter:label1\" content=\"Tiempo de lectura\" \/>\n\t<meta name=\"twitter:data1\" content=\"3 minutos\" \/>\n<script type=\"application\/ld+json\" class=\"yoast-schema-graph\">{\"@context\":\"https:\/\/schema.org\",\"@graph\":[{\"@type\":\"WebPage\",\"@id\":\"https:\/\/www.lambent.com\/es\/sobre-paul-ekman\/\",\"url\":\"https:\/\/www.lambent.com\/es\/sobre-paul-ekman\/\",\"name\":\"Sobre Paul Ekman - Lambent\",\"isPartOf\":{\"@id\":\"https:\/\/www.lambent.com\/#website\"},\"primaryImageOfPage\":{\"@id\":\"https:\/\/www.lambent.com\/es\/sobre-paul-ekman\/#primaryimage\"},\"image\":{\"@id\":\"https:\/\/www.lambent.com\/es\/sobre-paul-ekman\/#primaryimage\"},\"thumbnailUrl\":\"http:\/\/www.lambent.com\/wp-content\/uploads\/2012\/11\/ekman.png\",\"datePublished\":\"2013-03-06T11:03:42+00:00\",\"dateModified\":\"2013-03-06T11:05:22+00:00\",\"inLanguage\":\"es\",\"potentialAction\":[{\"@type\":\"ReadAction\",\"target\":[\"https:\/\/www.lambent.com\/es\/sobre-paul-ekman\/\"]}]},{\"@type\":\"ImageObject\",\"inLanguage\":\"es\",\"@id\":\"https:\/\/www.lambent.com\/es\/sobre-paul-ekman\/#primaryimage\",\"url\":\"http:\/\/www.lambent.com\/wp-content\/uploads\/2012\/11\/ekman.png\",\"contentUrl\":\"http:\/\/www.lambent.com\/wp-content\/uploads\/2012\/11\/ekman.png\"},{\"@type\":\"WebSite\",\"@id\":\"https:\/\/www.lambent.com\/#website\",\"url\":\"https:\/\/www.lambent.com\/\",\"name\":\"Lambent\",\"description\":\"International Coaching Training\",\"potentialAction\":[{\"@type\":\"SearchAction\",\"target\":{\"@type\":\"EntryPoint\",\"urlTemplate\":\"https:\/\/www.lambent.com\/?s={search_term_string}\"},\"query-input\":{\"@type\":\"PropertyValueSpecification\",\"valueRequired\":true,\"valueName\":\"search_term_string\"}}],\"inLanguage\":\"es\"}]}<\/script>\n<!-- \/ Yoast SEO plugin. -->","yoast_head_json":{"title":"Sobre Paul Ekman - Lambent","robots":{"index":"index","follow":"follow","max-snippet":"max-snippet:-1","max-image-preview":"max-image-preview:large","max-video-preview":"max-video-preview:-1"},"canonical":"https:\/\/www.lambent.com\/es\/sobre-paul-ekman\/","og_locale":"es_ES","og_type":"article","og_title":"Sobre Paul Ekman - Lambent","og_description":"El Dr. Paul Ekman es un pionero de la investigaci\u00f3n cient\u00edfica de la conducta humana. Es reconocido en particular por su trabajo sobre las emociones humanas y las expresiones faciales, y su aplicaci\u00f3n en la detecci\u00f3n de la mentira y la verdad. Realiz\u00f3 estudios de grado en la Universidad de Chicago y en la Universidad [&hellip;]","og_url":"https:\/\/www.lambent.com\/es\/sobre-paul-ekman\/","og_site_name":"Lambent","article_modified_time":"2013-03-06T11:05:22+00:00","og_image":[{"url":"http:\/\/www.lambent.com\/wp-content\/uploads\/2012\/11\/ekman.png","type":"","width":"","height":""}],"twitter_misc":{"Tiempo de lectura":"3 minutos"},"schema":{"@context":"https:\/\/schema.org","@graph":[{"@type":"WebPage","@id":"https:\/\/www.lambent.com\/es\/sobre-paul-ekman\/","url":"https:\/\/www.lambent.com\/es\/sobre-paul-ekman\/","name":"Sobre Paul Ekman - Lambent","isPartOf":{"@id":"https:\/\/www.lambent.com\/#website"},"primaryImageOfPage":{"@id":"https:\/\/www.lambent.com\/es\/sobre-paul-ekman\/#primaryimage"},"image":{"@id":"https:\/\/www.lambent.com\/es\/sobre-paul-ekman\/#primaryimage"},"thumbnailUrl":"http:\/\/www.lambent.com\/wp-content\/uploads\/2012\/11\/ekman.png","datePublished":"2013-03-06T11:03:42+00:00","dateModified":"2013-03-06T11:05:22+00:00","inLanguage":"es","potentialAction":[{"@type":"ReadAction","target":["https:\/\/www.lambent.com\/es\/sobre-paul-ekman\/"]}]},{"@type":"ImageObject","inLanguage":"es","@id":"https:\/\/www.lambent.com\/es\/sobre-paul-ekman\/#primaryimage","url":"http:\/\/www.lambent.com\/wp-content\/uploads\/2012\/11\/ekman.png","contentUrl":"http:\/\/www.lambent.com\/wp-content\/uploads\/2012\/11\/ekman.png"},{"@type":"WebSite","@id":"https:\/\/www.lambent.com\/#website","url":"https:\/\/www.lambent.com\/","name":"Lambent","description":"International Coaching Training","potentialAction":[{"@type":"SearchAction","target":{"@type":"EntryPoint","urlTemplate":"https:\/\/www.lambent.com\/?s={search_term_string}"},"query-input":{"@type":"PropertyValueSpecification","valueRequired":true,"valueName":"search_term_string"}}],"inLanguage":"es"}]}},"_links":{"self":[{"href":"https:\/\/www.lambent.com\/es\/wp-json\/wp\/v2\/pages\/2735\/"}],"collection":[{"href":"https:\/\/www.lambent.com\/es\/wp-json\/wp\/v2\/pages\/"}],"about":[{"href":"https:\/\/www.lambent.com\/es\/wp-json\/wp\/v2\/types\/page\/"}],"author":[{"embeddable":true,"href":"https:\/\/www.lambent.com\/es\/wp-json\/wp\/v2\/users\/1\/"}],"replies":[{"embeddable":true,"href":"https:\/\/www.lambent.com\/es\/wp-json\/wp\/v2\/comments\/?post=2735"}],"version-history":[{"count":1,"href":"https:\/\/www.lambent.com\/es\/wp-json\/wp\/v2\/pages\/2735\/revisions\/"}],"predecessor-version":[{"id":2736,"href":"https:\/\/www.lambent.com\/es\/wp-json\/wp\/v2\/pages\/2735\/revisions\/2736\/"}],"wp:attachment":[{"href":"https:\/\/www.lambent.com\/es\/wp-json\/wp\/v2\/media\/?parent=2735"}],"curies":[{"name":"wp","href":"https:\/\/api.w.org\/{rel}","templated":true}]}}