{"id":2729,"date":"2013-03-06T10:32:14","date_gmt":"2013-03-06T10:32:14","guid":{"rendered":"http:\/\/www.lambent.com\/entrenamiento-en-coaching\/"},"modified":"2015-01-28T19:48:10","modified_gmt":"2015-01-28T19:48:10","slug":"entrenamiento-en-coaching","status":"publish","type":"page","link":"https:\/\/www.lambent.com\/es\/entrenamiento-en-coaching\/","title":{"rendered":"Entrenamiento en Coaching"},"content":{"rendered":"<p>Nuestro entrenamiento para la certificaci\u00f3n Internacional en Coaching cuenta con el European Quality Award (EQA) para el nivel Foundation que otorga la EMCC (European Mentoring and Coaching Council \u2013 Consejo Europeo de Mentoring y Coaching).<\/p>\n<h3><a href=\"\/international-coaching-certification-training\/\">Entrenamiento de certificaci\u00f3n internacional en coaching<\/a><\/h3>\n<p><img loading=\"lazy\" decoding=\"async\" class=\"alignleft  wp-image-2080\" title=\"EMCC EQA\" src=\"http:\/\/www.lambent.com\/wp-content\/uploads\/2012\/12\/EQA-logo-72-12.jpg\" alt=\"EMCC European Quality Award\" width=\"132\" height=\"78\" \/>Ofrecemos entrenamientos con una certificaci\u00f3n internacional otorgada por la Comunidad Internacional de Coaching. Este entrenamiento ha recibido el European Quality Award.A trav\u00e9s de este entrenamiento usted desarrollar\u00e1 las competencias de coaching fundamentales, lo que reforzar\u00e1 su profesi\u00f3n actual con nuevas habilidades y competencias o lo ayudar\u00e1 a construir una nueva carrera como coach profesional.<\/p>\n<h3><\/h3>\n<h3><a title=\"Certificaci\u00f3n Internacional en Coaching de Equipos\" href=\"http:\/\/www.lambent.com\/es\/certificacion-coaching-de-equipos\/\">Coaching de equipos<\/a><\/h3>\n<p><a href=\"http:\/\/www.lambent.com\/wp-content\/uploads\/2012\/12\/coachingtraining_team.png\"><img loading=\"lazy\" decoding=\"async\" class=\"alignleft size-full wp-image-2093\" title=\"coachingtraining_team\" src=\"http:\/\/www.lambent.com\/wp-content\/uploads\/2012\/12\/coachingtraining_team.png\" alt=\"\" width=\"132\" height=\"132\" \/><\/a>Este entrenamiento es uno de los pocos que se especializa en coaching de equipos de negocios. El coaching de equipos es uno de los mercados que crece con mayor rapidez en el \u00e1rea empresarial. Las organizaciones contratan coaches para que trabajen con sus equipos, y el coaching de equipos no es igual que el coaching individual.<\/p>\n<p>Este curso le proporcionar\u00e1 experiencia invaluable y supervisada en coaching de equipos y lo convertir\u00e1 en un eficaz coach empresarial de equipos acreditado, capaz de ayudar a los equipos a lograr su mejor desempe\u00f1o.<\/p>\n<h3><\/h3>\n<h3><a title=\"Certificaci\u00f3n Internacional en Coaching de Negocios\" href=\"http:\/\/www.lambent.com\/es\/certificacion-coaching-de-negocios\/\">Coaching\u00a0de Negocios<\/a><\/h3>\n<p><a href=\"http:\/\/www.lambent.com\/wp-content\/uploads\/2012\/12\/coachingtraining_business.png\"><img loading=\"lazy\" decoding=\"async\" class=\"alignleft size-full wp-image-2092\" title=\"coachingtraining_business\" src=\"http:\/\/www.lambent.com\/wp-content\/uploads\/2012\/12\/coachingtraining_business.png\" alt=\"\" width=\"132\" height=\"132\" \/><\/a>El programa de certificaci\u00f3n en coaching empresarial es un entrenamiento de especializaci\u00f3n para los coaches que desean trabajar en contextos empresariales con clientes individuales.<\/p>\n<p>Los entrenamientos de coaching habituales no lo preparar\u00e1n para las dificultades y desaf\u00edos del coaching empresarial. Usted necesita habilidades nuevas y diferentes para ser el coach de gerentes.Los gerentes necesitan las mejores habilidades de coaching para obtener lo mejor de su personal.<\/p>\n<h3><\/h3>\n<h3>\u00a0<a title=\"Coaching para L\u00edderes\" href=\"http:\/\/www.lambent.com\/es\/coaching-para-lideres\/\">Coaching para l\u00edderes<\/a><\/h3>\n<p><a href=\"http:\/\/www.lambent.com\/wp-content\/uploads\/2012\/12\/coachingtraining_leader.png\"><img loading=\"lazy\" decoding=\"async\" class=\"alignleft size-full wp-image-2091\" title=\"coachingtraining_leader\" src=\"http:\/\/www.lambent.com\/wp-content\/uploads\/2012\/12\/coachingtraining_leader.png\" alt=\"\" width=\"132\" height=\"132\" \/><\/a>Este curso lo ayudar\u00e1 a desarrollarse como coach y a convertirse en uno de los selectos coaches de l\u00edderes. La mayor parte del coaching de negocios est\u00e1 orientada a los l\u00edderes: ejecutivos y gerentes de alto nivel. Estos necesitan ser l\u00edderes y el coaching es una de las maneras personalizadas m\u00e1s poderosas de ayudarlos a lograrlo.<\/p>\n<p>M\u00e1s y m\u00e1s empresas est\u00e1n invirtiendo en coaching para desarrollar las habilidades de liderazgo de sus gerentes principales. El coaching para l\u00edderes va m\u00e1s all\u00e1 de las habilidades de coaching usuales.<br \/>\nLos l\u00edderes necesitan coaches que tambi\u00e9n sean l\u00edderes. Las habilidades de coaching comunes y corrientes no son suficientes.<\/p>\n<h3><\/h3>\n<h3><a title=\"Certificaci\u00f3n Internacional en Coaching de Vida\" href=\"http:\/\/www.lambent.com\/es\/certificacion-internacional-en-coaching-de-vida\/\">Coaching de Vida<\/a><\/h3>\n<p><a href=\"http:\/\/www.lambent.com\/wp-content\/uploads\/2012\/12\/coachingtraining_life.png\"><img loading=\"lazy\" decoding=\"async\" class=\"alignleft size-full wp-image-2094\" title=\"coachingtraining_life\" src=\"http:\/\/www.lambent.com\/wp-content\/uploads\/2012\/12\/coachingtraining_life.png\" alt=\"\" width=\"132\" height=\"132\" \/><\/a>Este curso \u00fanico est\u00e1 orientado a entrenar a los coaches para que ayuden a las personas a equilibrar su vida. Muchos coaches ejecutivos necesitan estas habilidades, dado que muchos ejecutivos no tienen una vida equilibrada.<\/p>\n<p>Este curso est\u00e1 dise\u00f1ado para integrarse con las habilidades de coaching ejecutivo para ayudar a los ejecutivos a equilibrar su vida.<\/p>","protected":false},"excerpt":{"rendered":"<p>Nuestro entrenamiento para la certificaci\u00f3n Internacional en Coaching cuenta con el European Quality Award (EQA) para el nivel Foundation que otorga la EMCC (European Mentoring and Coaching Council \u2013 Consejo Europeo de Mentoring y Coaching). Entrenamiento de certificaci\u00f3n internacional en coaching Ofrecemos entrenamientos con una certificaci\u00f3n internacional otorgada por la Comunidad Internacional de Coaching. Este [&hellip;]<\/p>\n","protected":false},"author":1,"featured_media":0,"parent":0,"menu_order":0,"comment_status":"open","ping_status":"open","template":"","meta":{"footnotes":""},"class_list":["post-2729","page","type-page","status-publish","hentry"],"yoast_head":"<!-- This site is optimized with the Yoast SEO plugin v26.8 - https:\/\/yoast.com\/product\/yoast-seo-wordpress\/ -->\n<title>Entrenamiento en Coaching - Lambent<\/title>\n<meta name=\"robots\" content=\"index, follow, max-snippet:-1, max-image-preview:large, max-video-preview:-1\" \/>\n<link rel=\"canonical\" href=\"https:\/\/www.lambent.com\/es\/entrenamiento-en-coaching\/\" \/>\n<meta property=\"og:locale\" content=\"es_ES\" \/>\n<meta property=\"og:type\" content=\"article\" \/>\n<meta property=\"og:title\" content=\"Entrenamiento en Coaching - Lambent\" \/>\n<meta property=\"og:description\" content=\"Nuestro entrenamiento para la certificaci\u00f3n Internacional en Coaching cuenta con el European Quality Award (EQA) para el nivel Foundation que otorga la EMCC (European Mentoring and Coaching Council \u2013 Consejo Europeo de Mentoring y Coaching). Entrenamiento de certificaci\u00f3n internacional en coaching Ofrecemos entrenamientos con una certificaci\u00f3n internacional otorgada por la Comunidad Internacional de Coaching. Este [&hellip;]\" \/>\n<meta property=\"og:url\" content=\"https:\/\/www.lambent.com\/es\/entrenamiento-en-coaching\/\" \/>\n<meta property=\"og:site_name\" content=\"Lambent\" \/>\n<meta property=\"article:modified_time\" content=\"2015-01-28T19:48:10+00:00\" \/>\n<meta property=\"og:image\" content=\"http:\/\/www.lambent.com\/wp-content\/uploads\/2012\/12\/EQA-logo-72-12.jpg\" \/>\n<meta name=\"twitter:label1\" content=\"Tiempo de lectura\" \/>\n\t<meta name=\"twitter:data1\" content=\"2 minutos\" \/>\n<script type=\"application\/ld+json\" class=\"yoast-schema-graph\">{\"@context\":\"https:\/\/schema.org\",\"@graph\":[{\"@type\":\"WebPage\",\"@id\":\"https:\/\/www.lambent.com\/es\/entrenamiento-en-coaching\/\",\"url\":\"https:\/\/www.lambent.com\/es\/entrenamiento-en-coaching\/\",\"name\":\"Entrenamiento en Coaching - Lambent\",\"isPartOf\":{\"@id\":\"https:\/\/www.lambent.com\/#website\"},\"primaryImageOfPage\":{\"@id\":\"https:\/\/www.lambent.com\/es\/entrenamiento-en-coaching\/#primaryimage\"},\"image\":{\"@id\":\"https:\/\/www.lambent.com\/es\/entrenamiento-en-coaching\/#primaryimage\"},\"thumbnailUrl\":\"http:\/\/www.lambent.com\/wp-content\/uploads\/2012\/12\/EQA-logo-72-12.jpg\",\"datePublished\":\"2013-03-06T10:32:14+00:00\",\"dateModified\":\"2015-01-28T19:48:10+00:00\",\"inLanguage\":\"es\",\"potentialAction\":[{\"@type\":\"ReadAction\",\"target\":[\"https:\/\/www.lambent.com\/es\/entrenamiento-en-coaching\/\"]}]},{\"@type\":\"ImageObject\",\"inLanguage\":\"es\",\"@id\":\"https:\/\/www.lambent.com\/es\/entrenamiento-en-coaching\/#primaryimage\",\"url\":\"http:\/\/www.lambent.com\/wp-content\/uploads\/2012\/12\/EQA-logo-72-12.jpg\",\"contentUrl\":\"http:\/\/www.lambent.com\/wp-content\/uploads\/2012\/12\/EQA-logo-72-12.jpg\"},{\"@type\":\"WebSite\",\"@id\":\"https:\/\/www.lambent.com\/#website\",\"url\":\"https:\/\/www.lambent.com\/\",\"name\":\"Lambent\",\"description\":\"International Coaching Training\",\"potentialAction\":[{\"@type\":\"SearchAction\",\"target\":{\"@type\":\"EntryPoint\",\"urlTemplate\":\"https:\/\/www.lambent.com\/?s={search_term_string}\"},\"query-input\":{\"@type\":\"PropertyValueSpecification\",\"valueRequired\":true,\"valueName\":\"search_term_string\"}}],\"inLanguage\":\"es\"}]}<\/script>\n<!-- \/ Yoast SEO plugin. -->","yoast_head_json":{"title":"Entrenamiento en Coaching - Lambent","robots":{"index":"index","follow":"follow","max-snippet":"max-snippet:-1","max-image-preview":"max-image-preview:large","max-video-preview":"max-video-preview:-1"},"canonical":"https:\/\/www.lambent.com\/es\/entrenamiento-en-coaching\/","og_locale":"es_ES","og_type":"article","og_title":"Entrenamiento en Coaching - Lambent","og_description":"Nuestro entrenamiento para la certificaci\u00f3n Internacional en Coaching cuenta con el European Quality Award (EQA) para el nivel Foundation que otorga la EMCC (European Mentoring and Coaching Council \u2013 Consejo Europeo de Mentoring y Coaching). Entrenamiento de certificaci\u00f3n internacional en coaching Ofrecemos entrenamientos con una certificaci\u00f3n internacional otorgada por la Comunidad Internacional de Coaching. Este [&hellip;]","og_url":"https:\/\/www.lambent.com\/es\/entrenamiento-en-coaching\/","og_site_name":"Lambent","article_modified_time":"2015-01-28T19:48:10+00:00","og_image":[{"url":"http:\/\/www.lambent.com\/wp-content\/uploads\/2012\/12\/EQA-logo-72-12.jpg","type":"","width":"","height":""}],"twitter_misc":{"Tiempo de lectura":"2 minutos"},"schema":{"@context":"https:\/\/schema.org","@graph":[{"@type":"WebPage","@id":"https:\/\/www.lambent.com\/es\/entrenamiento-en-coaching\/","url":"https:\/\/www.lambent.com\/es\/entrenamiento-en-coaching\/","name":"Entrenamiento en Coaching - Lambent","isPartOf":{"@id":"https:\/\/www.lambent.com\/#website"},"primaryImageOfPage":{"@id":"https:\/\/www.lambent.com\/es\/entrenamiento-en-coaching\/#primaryimage"},"image":{"@id":"https:\/\/www.lambent.com\/es\/entrenamiento-en-coaching\/#primaryimage"},"thumbnailUrl":"http:\/\/www.lambent.com\/wp-content\/uploads\/2012\/12\/EQA-logo-72-12.jpg","datePublished":"2013-03-06T10:32:14+00:00","dateModified":"2015-01-28T19:48:10+00:00","inLanguage":"es","potentialAction":[{"@type":"ReadAction","target":["https:\/\/www.lambent.com\/es\/entrenamiento-en-coaching\/"]}]},{"@type":"ImageObject","inLanguage":"es","@id":"https:\/\/www.lambent.com\/es\/entrenamiento-en-coaching\/#primaryimage","url":"http:\/\/www.lambent.com\/wp-content\/uploads\/2012\/12\/EQA-logo-72-12.jpg","contentUrl":"http:\/\/www.lambent.com\/wp-content\/uploads\/2012\/12\/EQA-logo-72-12.jpg"},{"@type":"WebSite","@id":"https:\/\/www.lambent.com\/#website","url":"https:\/\/www.lambent.com\/","name":"Lambent","description":"International Coaching Training","potentialAction":[{"@type":"SearchAction","target":{"@type":"EntryPoint","urlTemplate":"https:\/\/www.lambent.com\/?s={search_term_string}"},"query-input":{"@type":"PropertyValueSpecification","valueRequired":true,"valueName":"search_term_string"}}],"inLanguage":"es"}]}},"_links":{"self":[{"href":"https:\/\/www.lambent.com\/es\/wp-json\/wp\/v2\/pages\/2729\/"}],"collection":[{"href":"https:\/\/www.lambent.com\/es\/wp-json\/wp\/v2\/pages\/"}],"about":[{"href":"https:\/\/www.lambent.com\/es\/wp-json\/wp\/v2\/types\/page\/"}],"author":[{"embeddable":true,"href":"https:\/\/www.lambent.com\/es\/wp-json\/wp\/v2\/users\/1\/"}],"replies":[{"embeddable":true,"href":"https:\/\/www.lambent.com\/es\/wp-json\/wp\/v2\/comments\/?post=2729"}],"version-history":[{"count":6,"href":"https:\/\/www.lambent.com\/es\/wp-json\/wp\/v2\/pages\/2729\/revisions\/"}],"predecessor-version":[{"id":9360,"href":"https:\/\/www.lambent.com\/es\/wp-json\/wp\/v2\/pages\/2729\/revisions\/9360\/"}],"wp:attachment":[{"href":"https:\/\/www.lambent.com\/es\/wp-json\/wp\/v2\/media\/?parent=2729"}],"curies":[{"name":"wp","href":"https:\/\/api.w.org\/{rel}","templated":true}]}}