{"id":2723,"date":"2013-03-06T10:05:57","date_gmt":"2013-03-06T10:05:57","guid":{"rendered":"http:\/\/www.lambent.com\/recursos-sobre-paul-ekman-2\/"},"modified":"2013-03-06T10:05:57","modified_gmt":"2013-03-06T10:05:57","slug":"recursos-sobre-paul-ekman","status":"publish","type":"page","link":"https:\/\/www.lambent.com\/es\/recursos-sobre-paul-ekman\/","title":{"rendered":"Recursos sobre Paul Ekman"},"content":{"rendered":"<p>Tambi\u00e9n puede consultar una lista detallada de los art\u00edculos cient\u00edficos y otros libros y recursos de Paul Ekman en <a href=\"http:\/\/www.paulekman.com\/\" target=\"_blank\">www.paulekman.com<\/a>\u00a0en el men\u00fa \u2018publicaciones\u2019.<\/p>\n<div style=\"background-color: #eff3f5; padding: 11px;\">Darwin C.<br \/>\n<strong>The Expression of Emotion in Man and Animals<\/strong> (1998)<br \/>\nOUP<\/div>\n<p>&nbsp;<\/p>\n<div style=\"background-color: #eff3f5; padding: 11px;\">Ekman, P., (2003)<br \/>\n<strong>Emotions Revealed<\/strong><br \/>\nOrion books<\/div>\n<p>&nbsp;<\/p>\n<div style=\"background-color: #eff3f5; padding: 11px;\">Ekman, P.<br \/>\n<strong>Telling Lies<\/strong> (2002)<br \/>\nW.W. Norton<\/div>\n<p>&nbsp;<\/p>\n<div style=\"background-color: #eff3f5; padding: 11px;\">Ekman, P., and the Dalai Lama (2008)<br \/>\n<strong>Emotional Awareness<\/strong><br \/>\nTime Books<\/div>\n<p>&nbsp;<\/p>\n<div style=\"background-color: #eff3f5; padding: 11px;\">Ekman, P.,<br \/>\n<strong>Why Kids Lie<\/strong> (1989)<br \/>\nOUP<\/div>\n<p>&nbsp;<\/p>\n<div style=\"background-color: #eff3f5; padding: 11px;\">Ekman P., and Davidson R.,<br \/>\n<strong>The Nature of Emotions<\/strong> (1994)<br \/>\nOUP<\/div>\n<p>&nbsp;<\/p>\n<div style=\"background-color: #eff3f5; padding: 11px;\">Ekman P., and Friesen, D.<br \/>\n<strong>Unmasking the Face<\/strong> (2003)<br \/>\nMalor books<\/div>\n<p>&nbsp;<\/p>\n<div style=\"background-color: #eff3f5; padding: 11px;\">Ekman, P., and Rosenberg, E.,<br \/>\n<strong>What the Face Reveals<\/strong> (1997)<br \/>\nOUP<\/div>\n<p>&nbsp;<\/p>\n<div style=\"background-color: #eff3f5; padding: 11px;\">Ekman, P.<br \/>\n<strong>Lie Catching and Micro Expressions<\/strong><br \/>\n<strong>The Philosophy of Deception, Ed. Clancy Martin<\/strong>, (2009)<br \/>\nOUP<\/div>\n<p>&nbsp;<\/p>\n<div style=\"background-color: #eff3f5; padding: 11px;\">Ekman, P., Davidson, R., Ricard, M., Wallace, A. (2005)<br \/>\n<strong>Buddhist And Psychological Perspectives on Emotion and Well-Being, Current<br \/>\nDirections in Psychological Science Volume 14, Number 2<\/strong>.<\/div>\n<p>&nbsp;<\/p>\n<div style=\"background-color: #eff3f5; padding: 11px;\">Ekman, P., O&#8217;Sullivan, M., Frank, M. (1999)<br \/>\n<strong>A Few Can Catch A Liar<\/strong><br \/>\nPsychological Science, 10, 263-266.<\/div>\n<p>&nbsp;<\/p>","protected":false},"excerpt":{"rendered":"<p>Tambi\u00e9n puede consultar una lista detallada de los art\u00edculos cient\u00edficos y otros libros y recursos de Paul Ekman en www.paulekman.com\u00a0en el men\u00fa \u2018publicaciones\u2019. Darwin C. The Expression of Emotion in Man and Animals (1998) OUP &nbsp; Ekman, P., (2003) Emotions Revealed Orion books &nbsp; Ekman, P. Telling Lies (2002) W.W. Norton &nbsp; Ekman, P., and [&hellip;]<\/p>\n","protected":false},"author":1,"featured_media":0,"parent":0,"menu_order":0,"comment_status":"closed","ping_status":"open","template":"","meta":{"footnotes":""},"class_list":["post-2723","page","type-page","status-publish","hentry"],"yoast_head":"<!-- This site is optimized with the Yoast SEO plugin v26.8 - https:\/\/yoast.com\/product\/yoast-seo-wordpress\/ -->\n<title>Recursos sobre Paul Ekman - Lambent<\/title>\n<meta name=\"robots\" content=\"index, follow, max-snippet:-1, max-image-preview:large, max-video-preview:-1\" \/>\n<link rel=\"canonical\" href=\"https:\/\/www.lambent.com\/es\/recursos-sobre-paul-ekman\/\" \/>\n<meta property=\"og:locale\" content=\"es_ES\" \/>\n<meta property=\"og:type\" content=\"article\" \/>\n<meta property=\"og:title\" content=\"Recursos sobre Paul Ekman - Lambent\" \/>\n<meta property=\"og:description\" content=\"Tambi\u00e9n puede consultar una lista detallada de los art\u00edculos cient\u00edficos y otros libros y recursos de Paul Ekman en www.paulekman.com\u00a0en el men\u00fa \u2018publicaciones\u2019. Darwin C. The Expression of Emotion in Man and Animals (1998) OUP &nbsp; Ekman, P., (2003) Emotions Revealed Orion books &nbsp; Ekman, P. Telling Lies (2002) W.W. Norton &nbsp; Ekman, P., and [&hellip;]\" \/>\n<meta property=\"og:url\" content=\"https:\/\/www.lambent.com\/es\/recursos-sobre-paul-ekman\/\" \/>\n<meta property=\"og:site_name\" content=\"Lambent\" \/>\n<meta name=\"twitter:label1\" content=\"Tiempo de lectura\" \/>\n\t<meta name=\"twitter:data1\" content=\"1 minuto\" \/>\n<script type=\"application\/ld+json\" class=\"yoast-schema-graph\">{\"@context\":\"https:\/\/schema.org\",\"@graph\":[{\"@type\":\"WebPage\",\"@id\":\"https:\/\/www.lambent.com\/es\/recursos-sobre-paul-ekman\/\",\"url\":\"https:\/\/www.lambent.com\/es\/recursos-sobre-paul-ekman\/\",\"name\":\"Recursos sobre Paul Ekman - Lambent\",\"isPartOf\":{\"@id\":\"https:\/\/www.lambent.com\/#website\"},\"datePublished\":\"2013-03-06T10:05:57+00:00\",\"inLanguage\":\"es\",\"potentialAction\":[{\"@type\":\"ReadAction\",\"target\":[\"https:\/\/www.lambent.com\/es\/recursos-sobre-paul-ekman\/\"]}]},{\"@type\":\"WebSite\",\"@id\":\"https:\/\/www.lambent.com\/#website\",\"url\":\"https:\/\/www.lambent.com\/\",\"name\":\"Lambent\",\"description\":\"International Coaching Training\",\"potentialAction\":[{\"@type\":\"SearchAction\",\"target\":{\"@type\":\"EntryPoint\",\"urlTemplate\":\"https:\/\/www.lambent.com\/?s={search_term_string}\"},\"query-input\":{\"@type\":\"PropertyValueSpecification\",\"valueRequired\":true,\"valueName\":\"search_term_string\"}}],\"inLanguage\":\"es\"}]}<\/script>\n<!-- \/ Yoast SEO plugin. -->","yoast_head_json":{"title":"Recursos sobre Paul Ekman - Lambent","robots":{"index":"index","follow":"follow","max-snippet":"max-snippet:-1","max-image-preview":"max-image-preview:large","max-video-preview":"max-video-preview:-1"},"canonical":"https:\/\/www.lambent.com\/es\/recursos-sobre-paul-ekman\/","og_locale":"es_ES","og_type":"article","og_title":"Recursos sobre Paul Ekman - Lambent","og_description":"Tambi\u00e9n puede consultar una lista detallada de los art\u00edculos cient\u00edficos y otros libros y recursos de Paul Ekman en www.paulekman.com\u00a0en el men\u00fa \u2018publicaciones\u2019. Darwin C. The Expression of Emotion in Man and Animals (1998) OUP &nbsp; Ekman, P., (2003) Emotions Revealed Orion books &nbsp; Ekman, P. Telling Lies (2002) W.W. Norton &nbsp; Ekman, P., and [&hellip;]","og_url":"https:\/\/www.lambent.com\/es\/recursos-sobre-paul-ekman\/","og_site_name":"Lambent","twitter_misc":{"Tiempo de lectura":"1 minuto"},"schema":{"@context":"https:\/\/schema.org","@graph":[{"@type":"WebPage","@id":"https:\/\/www.lambent.com\/es\/recursos-sobre-paul-ekman\/","url":"https:\/\/www.lambent.com\/es\/recursos-sobre-paul-ekman\/","name":"Recursos sobre Paul Ekman - Lambent","isPartOf":{"@id":"https:\/\/www.lambent.com\/#website"},"datePublished":"2013-03-06T10:05:57+00:00","inLanguage":"es","potentialAction":[{"@type":"ReadAction","target":["https:\/\/www.lambent.com\/es\/recursos-sobre-paul-ekman\/"]}]},{"@type":"WebSite","@id":"https:\/\/www.lambent.com\/#website","url":"https:\/\/www.lambent.com\/","name":"Lambent","description":"International Coaching Training","potentialAction":[{"@type":"SearchAction","target":{"@type":"EntryPoint","urlTemplate":"https:\/\/www.lambent.com\/?s={search_term_string}"},"query-input":{"@type":"PropertyValueSpecification","valueRequired":true,"valueName":"search_term_string"}}],"inLanguage":"es"}]}},"_links":{"self":[{"href":"https:\/\/www.lambent.com\/es\/wp-json\/wp\/v2\/pages\/2723\/"}],"collection":[{"href":"https:\/\/www.lambent.com\/es\/wp-json\/wp\/v2\/pages\/"}],"about":[{"href":"https:\/\/www.lambent.com\/es\/wp-json\/wp\/v2\/types\/page\/"}],"author":[{"embeddable":true,"href":"https:\/\/www.lambent.com\/es\/wp-json\/wp\/v2\/users\/1\/"}],"replies":[{"embeddable":true,"href":"https:\/\/www.lambent.com\/es\/wp-json\/wp\/v2\/comments\/?post=2723"}],"version-history":[{"count":0,"href":"https:\/\/www.lambent.com\/es\/wp-json\/wp\/v2\/pages\/2723\/revisions\/"}],"wp:attachment":[{"href":"https:\/\/www.lambent.com\/es\/wp-json\/wp\/v2\/media\/?parent=2723"}],"curies":[{"name":"wp","href":"https:\/\/api.w.org\/{rel}","templated":true}]}}