{"id":2721,"date":"2013-03-06T09:57:50","date_gmt":"2013-03-06T09:57:50","guid":{"rendered":"http:\/\/www.lambent.com\/entrenamientos-de-paul-ekman\/"},"modified":"2013-06-17T19:39:57","modified_gmt":"2013-06-17T19:39:57","slug":"entrenamientos-de-paul-ekman","status":"publish","type":"page","link":"https:\/\/www.lambent.com\/es\/entrenamientos-de-paul-ekman\/","title":{"rendered":"Entrenamientos de Paul Ekman"},"content":{"rendered":"<p><a href=\"http:\/\/www.lambent.com\/wp-content\/uploads\/2012\/11\/Lambent-PEI-logo.jpg\"><img loading=\"lazy\" decoding=\"async\" class=\"size-full wp-image-1938 alignnone\" title=\"Lambent - Paul Ekman licensed provider\" alt=\"Lambent - Paul Ekman licensed provider\" src=\"http:\/\/www.lambent.com\/wp-content\/uploads\/2012\/11\/Lambent-PEI-logo.jpg\" width=\"580\" height=\"190\" srcset=\"https:\/\/www.lambent.com\/wp-content\/uploads\/2012\/11\/Lambent-PEI-logo.jpg 580w, https:\/\/www.lambent.com\/wp-content\/uploads\/2012\/11\/Lambent-PEI-logo-300x98.jpg 300w\" sizes=\"auto, (max-width: 580px) 100vw, 580px\" \/><\/a><\/p>\n<p>Paul Ekman ha investigado durante cuarenta a\u00f1os las emociones humanas y la detecci\u00f3n de la mentira. Su trabajo es crucial para entender las emociones humanas universales y el modo en que se expresan, las microexpresiones, la detecci\u00f3n de la mentira y el significado del lenguaje corporal.<\/p>\n<p>Estos hallazgos cient\u00edficos tambi\u00e9n se utilizaron en la serie dram\u00e1tica de FOX \u2018Lie to Me\u2019, protagonizada por Tim Roth, en la cual el Dr. Ekman particip\u00f3 como asesor cient\u00edfico.<\/p>\n<p style=\"text-align: center;\">[vsw id=\u00bbYkrP0bjMne8&#8243; source=\u00bbyoutube\u00bb width=\u00bb425&#8243; height=\u00bb344&#8243; autoplay=\u00bbno\u00bb]<\/p>\n<p>Tambi\u00e9n ha llevado a cabo innovadoras investigaciones sobre las emociones y su manejo, y su trabajo junto al Dalai Lama sobre la conciencia plena es una combinaci\u00f3n \u00fanica de investigaci\u00f3n cient\u00edfica occidental y exploraciones subjetivas orientales.<\/p>\n<h2>Principales programas de entrenamiento<\/h2>\n<p>Practicar\u00e1 sus habilidades en un entorno seguro con un entrenador aprobado por Paul Ekman International.<\/p>\n<div class=\"boxes clearfix\">\n<div class=\"box three first\"><a title=\"Truth and Lies \u2013 The Science\" href=\"\/?p=1638\"><strong>Verdad y Mentira: la Ciencia<\/strong><\/a><br \/>\nEs una introducci\u00f3n de un d\u00eda de duraci\u00f3n a la Certificaci\u00f3n Internacional en Veracidad y Credibilidad.<br \/>\nEs un taller sumamente interactivo y efectivo, durante el cual los participantes podr\u00e1n poner a prueba sus habilidades en situaciones realistas utilizando una adaptaci\u00f3n de las investigaciones originales de Paul Ekman sobre la verdad y la mentira. El programa lo ayudar\u00e1 a interpretar lo que escucha y lo que ve.<strong>M\u00c1S INFORMACI\u00d3N<\/strong><\/p>\n<ul>\n<li><a title=\"Truth and Lies \u2013 the Science\" href=\"\/?page_id=1638\">Detalles completos del entrenamiento<br \/>\n<\/a><\/li>\n<li><a href=\"\/wp-content\/uploads\/brochures\/TLS.pdf\">Descargar el folleto<br \/>\n<\/a><\/li>\n<\/ul>\n<\/div>\n<div class=\"box three\"><strong><a title=\"International Certificate in Evaluating Truthfulness and Credibility\" href=\"\/?page_id=1634\">Evaluaci\u00f3n de la Veracidad y la Credibilidad<\/a><br \/>\n<\/strong>Este programa de cuatro d\u00edas de duraci\u00f3n desarrollar\u00e1 su aptitud para distinguir la verdad de la mentira, utilizando los cuarenta a\u00f1os de investigaciones de Paul Ekman en esa \u00e1rea. Es un entrenamiento pr\u00e1ctico e interactivo, que cubre las habilidades necesarias para evaluar las palabras, el lenguaje corporal y las microexpresiones, as\u00ed como tambi\u00e9n el modelo integral de la veracidad y el enga\u00f1o.<\/p>\n<div><strong><strong>M\u00c1S INFORMACI\u00d3N<\/strong><\/strong><\/p>\n<ul>\n<li><a title=\"International Certificate in Evaluating Truthfulness and Credibility\" href=\"\/?page_id=1634\">Detalles completos del entrenamiento<br \/>\n<\/a><\/li>\n<li><a href=\"\/wp-content\/uploads\/brochures\/ETaC.pdf\">Descargar el folleto<br \/>\n<\/a><\/li>\n<\/ul>\n<\/div>\n<\/div>\n<div class=\"box three last\"><strong><span style=\"text-decoration: underline;\"><a title=\"International Certificate in Emotional Skills and Competencies\" href=\"\/?page_id=1636\">Habilidades y competencias emocionales<\/a><br \/>\n<\/span><\/strong>Este programa de tres d\u00edas de duraci\u00f3n le brindar\u00e1 las herramientas y modelos necesarios para reconocer y controlar sus emociones y las de otras personas. Agudiza su percepci\u00f3n y conciencia para reconocer las emociones. Es un programa pr\u00e1ctico e interactivo orientado a todos aquellos que deseen reconocer y controlar las emociones de los dem\u00e1s y controlar de mejor manera su propia vida emocional.<strong>M\u00c1S INFORMACI\u00d3N<\/strong><\/p>\n<ul>\n<li><a title=\"International Certificate in Emotional Skills and Competencies\" href=\"\/?page_id=1636\">Detalles completos del entrenamiento<br \/>\n<\/a><\/li>\n<li><a title=\"International Coaching certification training\" href=\"\/wp-content\/uploads\/brochures\/ESaC.pdf\">Descargar el folleto<br \/>\n<\/a><\/li>\n<\/ul>\n<\/div>\n<\/div>\n<p>Se entregar\u00e1 un certificado internacional a los participantes que finalicen con \u00e9xito el programa.<\/p>\n<h2>Entrenamientos in-company<\/h2>\n<p>Podemos dictar estos entrenamientos dentro de las empresas con un entrenador aprobado por Paul Ekman.<\/p>\n<p>Utilice el formulario que figura a continuaci\u00f3n para contactarse con nosotros y le responderemos a la brevedad.<\/p>\n<h2>Cont\u00e1ctenos por los entrenamientos aprobados por Ekman<\/h2>\n\n<div class=\"wpcf7 no-js\" id=\"wpcf7-f1960-o1\" lang=\"en-US\" dir=\"ltr\" data-wpcf7-id=\"1960\">\n<div class=\"screen-reader-response\"><p role=\"status\" aria-live=\"polite\" aria-atomic=\"true\"><\/p> <ul><\/ul><\/div>\n<form action=\"\/es\/wp-json\/wp\/v2\/pages\/2721\/#wpcf7-f1960-o1\" method=\"post\" class=\"wpcf7-form init\" aria-label=\"Contact form\" novalidate=\"novalidate\" data-status=\"init\">\n<fieldset class=\"hidden-fields-container\"><input type=\"hidden\" name=\"_wpcf7\" value=\"1960\" \/><input type=\"hidden\" name=\"_wpcf7_version\" value=\"6.1.4\" \/><input type=\"hidden\" name=\"_wpcf7_locale\" value=\"en_US\" \/><input type=\"hidden\" name=\"_wpcf7_unit_tag\" value=\"wpcf7-f1960-o1\" \/><input type=\"hidden\" name=\"_wpcf7_container_post\" value=\"0\" \/><input type=\"hidden\" name=\"_wpcf7_posted_data_hash\" value=\"\" \/>\n<\/fieldset>\n<p>Name\n<\/p>\n<p><span class=\"wpcf7-form-control-wrap\" data-name=\"your-name\"><input size=\"20\" maxlength=\"50\" class=\"wpcf7-form-control wpcf7-text wpcf7-validates-as-required\" aria-required=\"true\" aria-invalid=\"false\" value=\"\" type=\"text\" name=\"your-name\" \/><\/span>\n<\/p>\n<p>Email\n<\/p>\n<p><span class=\"wpcf7-form-control-wrap\" data-name=\"your-email\"><input size=\"20\" maxlength=\"50\" class=\"wpcf7-form-control wpcf7-email wpcf7-validates-as-required wpcf7-text wpcf7-validates-as-email\" aria-required=\"true\" aria-invalid=\"false\" value=\"\" type=\"email\" name=\"your-email\" \/><\/span>\n<\/p>\n<p>Country<br \/>\n<span class=\"wpcf7-form-control-wrap\" data-name=\"country\"><input size=\"20\" maxlength=\"50\" class=\"wpcf7-form-control wpcf7-text wpcf7-validates-as-required\" aria-required=\"true\" aria-invalid=\"false\" value=\"\" type=\"text\" name=\"country\" \/><\/span>\n<\/p>\n<p>Contact phone<br \/>\n<span class=\"wpcf7-form-control-wrap\" data-name=\"phone\"><input size=\"20\" maxlength=\"50\" class=\"wpcf7-form-control wpcf7-text wpcf7-validates-as-required\" aria-required=\"true\" aria-invalid=\"false\" value=\"\" type=\"text\" name=\"phone\" \/><\/span>\n<\/p>\n<p>Preferred time for contact <span class=\"wpcf7-form-control-wrap\" data-name=\"timespan\"><select class=\"wpcf7-form-control wpcf7-select\" aria-invalid=\"false\" name=\"timespan\"><option value=\"8 to 13\">8 to 13<\/option><option value=\"13 to 17\">13 to 17<\/option><option value=\"17 to 21\">17 to 21<\/option><\/select><\/span>\n<\/p>\n<p>Message\n<\/p>\n<p><span class=\"wpcf7-form-control-wrap\" data-name=\"your-message\"><textarea cols=\"40\" rows=\"5\" maxlength=\"2000\" class=\"wpcf7-form-control wpcf7-textarea\" aria-invalid=\"false\" name=\"your-message\"><\/textarea><\/span>\n<\/p>\n<p>Enter the security code<br \/>\n<div id=\"cf7sr-69f4ba2450270\" class=\"cf7sr-g-recaptcha\" data-theme=\"light\" data-type=\"image\" data-size=\"normal\" data-sitekey=\"6LfND1cUAAAAAOBUxV5LrzWDemqixDx2mM9dFLiq\"><\/div><span class=\"wpcf7-form-control-wrap cf7sr-recaptcha\" data-name=\"cf7sr-recaptcha\"><input type=\"hidden\" name=\"cf7sr-recaptcha\" value=\"\" class=\"wpcf7-form-control\"><\/span>\n<\/p>\n<p><input class=\"wpcf7-form-control wpcf7-submit has-spinner\" type=\"submit\" value=\"Send\" \/>\n<\/p><p style=\"display: none !important;\" class=\"akismet-fields-container\" data-prefix=\"_wpcf7_ak_\"><label>&#916;<textarea name=\"_wpcf7_ak_hp_textarea\" cols=\"45\" rows=\"8\" maxlength=\"100\"><\/textarea><\/label><input type=\"hidden\" id=\"ak_js_1\" name=\"_wpcf7_ak_js\" value=\"22\"\/><script>document.getElementById( \"ak_js_1\" ).setAttribute( \"value\", ( new Date() ).getTime() );<\/script><\/p><div class=\"wpcf7-response-output\" aria-hidden=\"true\"><\/div>\n<\/form>\n<\/div>\n","protected":false},"excerpt":{"rendered":"<p>Paul Ekman ha investigado durante cuarenta a\u00f1os las emociones humanas y la detecci\u00f3n de la mentira. Su trabajo es crucial para entender las emociones humanas universales y el modo en que se expresan, las microexpresiones, la detecci\u00f3n de la mentira y el significado del lenguaje corporal. Estos hallazgos cient\u00edficos tambi\u00e9n se utilizaron en la serie [&hellip;]<\/p>\n","protected":false},"author":1,"featured_media":0,"parent":0,"menu_order":0,"comment_status":"closed","ping_status":"closed","template":"","meta":{"footnotes":""},"class_list":["post-2721","page","type-page","status-publish","hentry"],"yoast_head":"<!-- This site is optimized with the Yoast SEO plugin v26.8 - https:\/\/yoast.com\/product\/yoast-seo-wordpress\/ -->\n<title>Lambent - Paul Ekman Aprobado Entrenamientos<\/title>\n<meta name=\"description\" content=\"Lambent es un proveedor de formaci\u00f3n certificado por Paul Ekman Aprobado Formaciones en el Reino Unido, Espa\u00f1a y Portugal.\" \/>\n<meta name=\"robots\" content=\"index, follow, max-snippet:-1, max-image-preview:large, max-video-preview:-1\" \/>\n<link rel=\"canonical\" href=\"https:\/\/www.lambent.com\/es\/entrenamientos-de-paul-ekman\/\" \/>\n<meta property=\"og:locale\" content=\"es_ES\" \/>\n<meta property=\"og:type\" content=\"article\" \/>\n<meta property=\"og:title\" content=\"Lambent - Paul Ekman Aprobado Entrenamientos\" \/>\n<meta property=\"og:description\" content=\"Lambent es un proveedor de formaci\u00f3n certificado por Paul Ekman Aprobado Formaciones en el Reino Unido, Espa\u00f1a y Portugal.\" \/>\n<meta property=\"og:url\" content=\"https:\/\/www.lambent.com\/es\/entrenamientos-de-paul-ekman\/\" \/>\n<meta property=\"og:site_name\" content=\"Lambent\" \/>\n<meta property=\"article:modified_time\" content=\"2013-06-17T19:39:57+00:00\" \/>\n<meta property=\"og:image\" content=\"http:\/\/www.lambent.com\/wp-content\/uploads\/2012\/11\/Lambent-PEI-logo.jpg\" \/>\n<meta name=\"twitter:label1\" content=\"Tiempo de lectura\" \/>\n\t<meta name=\"twitter:data1\" content=\"2 minutos\" \/>\n<script type=\"application\/ld+json\" class=\"yoast-schema-graph\">{\"@context\":\"https:\/\/schema.org\",\"@graph\":[{\"@type\":\"WebPage\",\"@id\":\"https:\/\/www.lambent.com\/es\/entrenamientos-de-paul-ekman\/\",\"url\":\"https:\/\/www.lambent.com\/es\/entrenamientos-de-paul-ekman\/\",\"name\":\"Lambent - Paul Ekman Aprobado Entrenamientos\",\"isPartOf\":{\"@id\":\"https:\/\/www.lambent.com\/#website\"},\"primaryImageOfPage\":{\"@id\":\"https:\/\/www.lambent.com\/es\/entrenamientos-de-paul-ekman\/#primaryimage\"},\"image\":{\"@id\":\"https:\/\/www.lambent.com\/es\/entrenamientos-de-paul-ekman\/#primaryimage\"},\"thumbnailUrl\":\"http:\/\/www.lambent.com\/wp-content\/uploads\/2012\/11\/Lambent-PEI-logo.jpg\",\"datePublished\":\"2013-03-06T09:57:50+00:00\",\"dateModified\":\"2013-06-17T19:39:57+00:00\",\"description\":\"Lambent es un proveedor de formaci\u00f3n certificado por Paul Ekman Aprobado Formaciones en el Reino Unido, Espa\u00f1a y Portugal.\",\"inLanguage\":\"es\",\"potentialAction\":[{\"@type\":\"ReadAction\",\"target\":[\"https:\/\/www.lambent.com\/es\/entrenamientos-de-paul-ekman\/\"]}]},{\"@type\":\"ImageObject\",\"inLanguage\":\"es\",\"@id\":\"https:\/\/www.lambent.com\/es\/entrenamientos-de-paul-ekman\/#primaryimage\",\"url\":\"http:\/\/www.lambent.com\/wp-content\/uploads\/2012\/11\/Lambent-PEI-logo.jpg\",\"contentUrl\":\"http:\/\/www.lambent.com\/wp-content\/uploads\/2012\/11\/Lambent-PEI-logo.jpg\"},{\"@type\":\"WebSite\",\"@id\":\"https:\/\/www.lambent.com\/#website\",\"url\":\"https:\/\/www.lambent.com\/\",\"name\":\"Lambent\",\"description\":\"International Coaching Training\",\"potentialAction\":[{\"@type\":\"SearchAction\",\"target\":{\"@type\":\"EntryPoint\",\"urlTemplate\":\"https:\/\/www.lambent.com\/?s={search_term_string}\"},\"query-input\":{\"@type\":\"PropertyValueSpecification\",\"valueRequired\":true,\"valueName\":\"search_term_string\"}}],\"inLanguage\":\"es\"}]}<\/script>\n<!-- \/ Yoast SEO plugin. -->","yoast_head_json":{"title":"Lambent - Paul Ekman Aprobado Entrenamientos","description":"Lambent es un proveedor de formaci\u00f3n certificado por Paul Ekman Aprobado Formaciones en el Reino Unido, Espa\u00f1a y Portugal.","robots":{"index":"index","follow":"follow","max-snippet":"max-snippet:-1","max-image-preview":"max-image-preview:large","max-video-preview":"max-video-preview:-1"},"canonical":"https:\/\/www.lambent.com\/es\/entrenamientos-de-paul-ekman\/","og_locale":"es_ES","og_type":"article","og_title":"Lambent - Paul Ekman Aprobado Entrenamientos","og_description":"Lambent es un proveedor de formaci\u00f3n certificado por Paul Ekman Aprobado Formaciones en el Reino Unido, Espa\u00f1a y Portugal.","og_url":"https:\/\/www.lambent.com\/es\/entrenamientos-de-paul-ekman\/","og_site_name":"Lambent","article_modified_time":"2013-06-17T19:39:57+00:00","og_image":[{"url":"http:\/\/www.lambent.com\/wp-content\/uploads\/2012\/11\/Lambent-PEI-logo.jpg","type":"","width":"","height":""}],"twitter_misc":{"Tiempo de lectura":"2 minutos"},"schema":{"@context":"https:\/\/schema.org","@graph":[{"@type":"WebPage","@id":"https:\/\/www.lambent.com\/es\/entrenamientos-de-paul-ekman\/","url":"https:\/\/www.lambent.com\/es\/entrenamientos-de-paul-ekman\/","name":"Lambent - Paul Ekman Aprobado Entrenamientos","isPartOf":{"@id":"https:\/\/www.lambent.com\/#website"},"primaryImageOfPage":{"@id":"https:\/\/www.lambent.com\/es\/entrenamientos-de-paul-ekman\/#primaryimage"},"image":{"@id":"https:\/\/www.lambent.com\/es\/entrenamientos-de-paul-ekman\/#primaryimage"},"thumbnailUrl":"http:\/\/www.lambent.com\/wp-content\/uploads\/2012\/11\/Lambent-PEI-logo.jpg","datePublished":"2013-03-06T09:57:50+00:00","dateModified":"2013-06-17T19:39:57+00:00","description":"Lambent es un proveedor de formaci\u00f3n certificado por Paul Ekman Aprobado Formaciones en el Reino Unido, Espa\u00f1a y Portugal.","inLanguage":"es","potentialAction":[{"@type":"ReadAction","target":["https:\/\/www.lambent.com\/es\/entrenamientos-de-paul-ekman\/"]}]},{"@type":"ImageObject","inLanguage":"es","@id":"https:\/\/www.lambent.com\/es\/entrenamientos-de-paul-ekman\/#primaryimage","url":"http:\/\/www.lambent.com\/wp-content\/uploads\/2012\/11\/Lambent-PEI-logo.jpg","contentUrl":"http:\/\/www.lambent.com\/wp-content\/uploads\/2012\/11\/Lambent-PEI-logo.jpg"},{"@type":"WebSite","@id":"https:\/\/www.lambent.com\/#website","url":"https:\/\/www.lambent.com\/","name":"Lambent","description":"International Coaching Training","potentialAction":[{"@type":"SearchAction","target":{"@type":"EntryPoint","urlTemplate":"https:\/\/www.lambent.com\/?s={search_term_string}"},"query-input":{"@type":"PropertyValueSpecification","valueRequired":true,"valueName":"search_term_string"}}],"inLanguage":"es"}]}},"_links":{"self":[{"href":"https:\/\/www.lambent.com\/es\/wp-json\/wp\/v2\/pages\/2721\/"}],"collection":[{"href":"https:\/\/www.lambent.com\/es\/wp-json\/wp\/v2\/pages\/"}],"about":[{"href":"https:\/\/www.lambent.com\/es\/wp-json\/wp\/v2\/types\/page\/"}],"author":[{"embeddable":true,"href":"https:\/\/www.lambent.com\/es\/wp-json\/wp\/v2\/users\/1\/"}],"replies":[{"embeddable":true,"href":"https:\/\/www.lambent.com\/es\/wp-json\/wp\/v2\/comments\/?post=2721"}],"version-history":[{"count":2,"href":"https:\/\/www.lambent.com\/es\/wp-json\/wp\/v2\/pages\/2721\/revisions\/"}],"predecessor-version":[{"id":3225,"href":"https:\/\/www.lambent.com\/es\/wp-json\/wp\/v2\/pages\/2721\/revisions\/3225\/"}],"wp:attachment":[{"href":"https:\/\/www.lambent.com\/es\/wp-json\/wp\/v2\/media\/?parent=2721"}],"curies":[{"name":"wp","href":"https:\/\/api.w.org\/{rel}","templated":true}]}}