{"id":2717,"date":"2013-03-06T08:33:21","date_gmt":"2013-03-06T08:33:21","guid":{"rendered":"http:\/\/www.lambent.com\/entrenamientos\/"},"modified":"2015-12-16T00:25:13","modified_gmt":"2015-12-16T00:25:13","slug":"entrenamientos","status":"publish","type":"page","link":"https:\/\/www.lambent.com\/es\/entrenamientos\/","title":{"rendered":"Entrenamientos"},"content":{"rendered":"<h4><strong><img loading=\"lazy\" decoding=\"async\" class=\"aligncenter\" alt=\"lambent coaching entrenamiento\" src=\"http:\/\/www.lambent.com\/wp-content\/uploads\/2013\/03\/banner_trainings_esp.jpg\" width=\"605\" height=\"151\" \/><\/strong><\/h4>\n<div class=\"boxes clearfix\">\n<div class=\"box three first\">\n<h4><strong><img loading=\"lazy\" decoding=\"async\" class=\"alignleft size-full wp-image-2340\" alt=\"coaching_trainings\" src=\"http:\/\/www.lambent.com\/wp-content\/uploads\/2012\/11\/coaching_trainings.jpg\" width=\"190\" height=\"133\" \/>Coaching<\/strong><\/h4>\n<p>Los entrenamientos en coaching de Lambent se dictan en veinte pa\u00edses. M\u00e1s de 11000 personas se han entrenado con nuestra metodolog\u00eda.<\/p>\n<p>Nuestro entrenamiento ha recibido dos European Quality Awards del European Coaching and Mentoring Council (EMCC).<\/p>\n<p>Nuestros entrenamientos en coaching son certificados por la\u00a0<a title=\"International Coaching Community\" href=\"http:\/\/www.internationalcoachingcommunity.com\/\" target=\"_blank\">Comunidad Internacional de Coaching (ICC)<br \/>\n<\/a><br \/>\n<strong>M\u00c1S INFORMACI\u00d3N<br \/>\n<\/strong><\/p>\n<ul>\n<li><a title=\"Coaching Training\" href=\"http:\/\/www.lambent.com\/es\/entrenamiento-en-coaching\/\" target=\"_blank\">Entrenamientos en coaching<br \/>\n<\/a><\/li>\n<li><a title=\"Master Coach Academy\" href=\"http:\/\/www.mastercoachacademy.com\" target=\"_blank\">Master Coach Academy<\/a><\/li>\n<li><a title=\"Upcoming trainings around the world\" href=\"http:\/\/internationalcoachingcommunity.com\/en\/calendar-of-events\" target=\"_blank\">Entrenamientos programados en todo el mundo<\/a><\/li>\n<\/ul>\n<\/div>\n<div class=\"box three\">\n<h4><strong><img loading=\"lazy\" decoding=\"async\" class=\"alignleft size-full wp-image-2341\" alt=\"ekman_trainings\" src=\"http:\/\/www.lambent.com\/wp-content\/uploads\/2012\/11\/ekman_trainings.jpg\" width=\"190\" height=\"133\" \/>Entrenamientos de Paul Ekman<br \/>\n<\/strong><\/h4>\n<p>Lambent tiene el orgullo de ser un prestador autorizado de los entrenamientos aprobados por Paul Ekman en el Reino Unido, Espa\u00f1a y Portugal.<\/p>\n<p>Dictamos cursos de certificaci\u00f3n internacional sobre detecci\u00f3n de la verdad y la credibilidad y sobre competencias emocionales.<\/p>\n<p>&nbsp;<\/p>\n<p><strong><br \/>\nM\u00c1S INFORMACI\u00d3N<br \/>\n<\/strong><\/p>\n<ul>\n<li><a title=\"Paul Ekman Trainings\" href=\"http:\/\/www.lambent.com\/es\/entrenamientos-de-paul-ekman\/\">Cursos aprobados por Paul Ekman<br \/>\n<\/a><\/li>\n<li><a title=\"About Paul Ekman\" href=\"http:\/\/www.lambent.com\/es\/sobre-paul-ekman\/\">Sobre el trabajo de Paul Ekman<br \/>\n<\/a><\/li>\n<\/ul>\n<\/div>\n<div class=\"box three last\">\n<h4><strong><img loading=\"lazy\" decoding=\"async\" class=\"alignleft size-full wp-image-2342\" alt=\"nlp_trainings\" src=\"http:\/\/www.lambent.com\/wp-content\/uploads\/2012\/11\/nlp_trainings.jpg\" width=\"190\" height=\"133\" \/>Programaci\u00f3n neuroling\u00fc\u00edstica<br \/>\n<\/strong><\/h4>\n<p>Dictamos entrenamientos de PNL en varios pa\u00edses, sobre la base de la metodolog\u00eda de Joseph O\u2019Connor, director de Lambent, entrenador master de PNL y autor de Introducing NLP y el NLP Work book.<\/p>\n<p>Muchos entrenamientos se certifican a trav\u00e9s de la\u00a0<a href=\"http:\/\/www.icnlp.org\/\" target=\"_blank\">Comunidad Internacional de PNL (ICNLP)<\/a><\/p>\n<p><a href=\"http:\/\/www.icnlp.org\/\" target=\"_blank\"><br \/>\n<\/a><\/p>\n<h4><\/h4>\n<p><strong>M\u00c1S INFORMACI\u00d3N<br \/>\n<\/strong><\/p>\n<ul>\n<li><a href=\"http:\/\/www.icnlp.org\" target=\"_blank\">Sobre la ICNLP<br \/>\n<\/a><\/li>\n<li><a href=\"http:\/\/www.iluminattabrasil.com.br\/ferramentas_neuro.php\" target=\"_blank\">Entrenamientos de PNL en Brasil<\/a><\/li>\n<li><a href=\"http:\/\/www.pnl-chile.cl\/cursos\/practitioner_pnl.html\" target=\"_blank\">Entrenamientos de PNL en Chile<br \/>\n<\/a><\/li>\n<\/ul>\n<\/div>\n<\/div>\n<h4><\/h4>\n<p>&nbsp;<\/p>\n<p><img loading=\"lazy\" decoding=\"async\" class=\"aligncenter size-full wp-image-1938\" alt=\"Lambent - Paul Ekman licensed provider\" src=\"http:\/\/www.lambent.com\/wp-content\/uploads\/2012\/11\/Lambent-PEI-logo.jpg\" width=\"580\" height=\"190\" srcset=\"https:\/\/www.lambent.com\/wp-content\/uploads\/2012\/11\/Lambent-PEI-logo.jpg 580w, https:\/\/www.lambent.com\/wp-content\/uploads\/2012\/11\/Lambent-PEI-logo-300x98.jpg 300w\" sizes=\"auto, (max-width: 580px) 100vw, 580px\" \/><\/p>","protected":false},"excerpt":{"rendered":"<p>Coaching Los entrenamientos en coaching de Lambent se dictan en veinte pa\u00edses. M\u00e1s de 11000 personas se han entrenado con nuestra metodolog\u00eda. Nuestro entrenamiento ha recibido dos European Quality Awards del European Coaching and Mentoring Council (EMCC). Nuestros entrenamientos en coaching son certificados por la\u00a0Comunidad Internacional de Coaching (ICC) M\u00c1S INFORMACI\u00d3N Entrenamientos en coaching Master [&hellip;]<\/p>\n","protected":false},"author":1,"featured_media":0,"parent":0,"menu_order":0,"comment_status":"open","ping_status":"open","template":"","meta":{"footnotes":""},"class_list":["post-2717","page","type-page","status-publish","hentry"],"yoast_head":"<!-- This site is optimized with the Yoast SEO plugin v26.8 - https:\/\/yoast.com\/product\/yoast-seo-wordpress\/ -->\n<title>Entrenamientos - Lambent<\/title>\n<meta name=\"robots\" content=\"index, follow, max-snippet:-1, max-image-preview:large, max-video-preview:-1\" \/>\n<link rel=\"canonical\" href=\"https:\/\/www.lambent.com\/es\/entrenamientos\/\" \/>\n<meta property=\"og:locale\" content=\"es_ES\" \/>\n<meta property=\"og:type\" content=\"article\" \/>\n<meta property=\"og:title\" content=\"Entrenamientos - Lambent\" \/>\n<meta property=\"og:description\" content=\"Coaching Los entrenamientos en coaching de Lambent se dictan en veinte pa\u00edses. M\u00e1s de 11000 personas se han entrenado con nuestra metodolog\u00eda. Nuestro entrenamiento ha recibido dos European Quality Awards del European Coaching and Mentoring Council (EMCC). Nuestros entrenamientos en coaching son certificados por la\u00a0Comunidad Internacional de Coaching (ICC) M\u00c1S INFORMACI\u00d3N Entrenamientos en coaching Master [&hellip;]\" \/>\n<meta property=\"og:url\" content=\"https:\/\/www.lambent.com\/es\/entrenamientos\/\" \/>\n<meta property=\"og:site_name\" content=\"Lambent\" \/>\n<meta property=\"article:modified_time\" content=\"2015-12-16T00:25:13+00:00\" \/>\n<meta property=\"og:image\" content=\"http:\/\/www.lambent.com\/wp-content\/uploads\/2013\/03\/banner_trainings_esp.jpg\" \/>\n<meta name=\"twitter:label1\" content=\"Tiempo de lectura\" \/>\n\t<meta name=\"twitter:data1\" content=\"1 minuto\" \/>\n<script type=\"application\/ld+json\" class=\"yoast-schema-graph\">{\"@context\":\"https:\/\/schema.org\",\"@graph\":[{\"@type\":\"WebPage\",\"@id\":\"https:\/\/www.lambent.com\/es\/entrenamientos\/\",\"url\":\"https:\/\/www.lambent.com\/es\/entrenamientos\/\",\"name\":\"Entrenamientos - Lambent\",\"isPartOf\":{\"@id\":\"https:\/\/www.lambent.com\/#website\"},\"primaryImageOfPage\":{\"@id\":\"https:\/\/www.lambent.com\/es\/entrenamientos\/#primaryimage\"},\"image\":{\"@id\":\"https:\/\/www.lambent.com\/es\/entrenamientos\/#primaryimage\"},\"thumbnailUrl\":\"http:\/\/www.lambent.com\/wp-content\/uploads\/2013\/03\/banner_trainings_esp.jpg\",\"datePublished\":\"2013-03-06T08:33:21+00:00\",\"dateModified\":\"2015-12-16T00:25:13+00:00\",\"inLanguage\":\"es\",\"potentialAction\":[{\"@type\":\"ReadAction\",\"target\":[\"https:\/\/www.lambent.com\/es\/entrenamientos\/\"]}]},{\"@type\":\"ImageObject\",\"inLanguage\":\"es\",\"@id\":\"https:\/\/www.lambent.com\/es\/entrenamientos\/#primaryimage\",\"url\":\"http:\/\/www.lambent.com\/wp-content\/uploads\/2013\/03\/banner_trainings_esp.jpg\",\"contentUrl\":\"http:\/\/www.lambent.com\/wp-content\/uploads\/2013\/03\/banner_trainings_esp.jpg\"},{\"@type\":\"WebSite\",\"@id\":\"https:\/\/www.lambent.com\/#website\",\"url\":\"https:\/\/www.lambent.com\/\",\"name\":\"Lambent\",\"description\":\"International Coaching Training\",\"potentialAction\":[{\"@type\":\"SearchAction\",\"target\":{\"@type\":\"EntryPoint\",\"urlTemplate\":\"https:\/\/www.lambent.com\/?s={search_term_string}\"},\"query-input\":{\"@type\":\"PropertyValueSpecification\",\"valueRequired\":true,\"valueName\":\"search_term_string\"}}],\"inLanguage\":\"es\"}]}<\/script>\n<!-- \/ Yoast SEO plugin. -->","yoast_head_json":{"title":"Entrenamientos - Lambent","robots":{"index":"index","follow":"follow","max-snippet":"max-snippet:-1","max-image-preview":"max-image-preview:large","max-video-preview":"max-video-preview:-1"},"canonical":"https:\/\/www.lambent.com\/es\/entrenamientos\/","og_locale":"es_ES","og_type":"article","og_title":"Entrenamientos - Lambent","og_description":"Coaching Los entrenamientos en coaching de Lambent se dictan en veinte pa\u00edses. M\u00e1s de 11000 personas se han entrenado con nuestra metodolog\u00eda. Nuestro entrenamiento ha recibido dos European Quality Awards del European Coaching and Mentoring Council (EMCC). Nuestros entrenamientos en coaching son certificados por la\u00a0Comunidad Internacional de Coaching (ICC) M\u00c1S INFORMACI\u00d3N Entrenamientos en coaching Master [&hellip;]","og_url":"https:\/\/www.lambent.com\/es\/entrenamientos\/","og_site_name":"Lambent","article_modified_time":"2015-12-16T00:25:13+00:00","og_image":[{"url":"http:\/\/www.lambent.com\/wp-content\/uploads\/2013\/03\/banner_trainings_esp.jpg","type":"","width":"","height":""}],"twitter_misc":{"Tiempo de lectura":"1 minuto"},"schema":{"@context":"https:\/\/schema.org","@graph":[{"@type":"WebPage","@id":"https:\/\/www.lambent.com\/es\/entrenamientos\/","url":"https:\/\/www.lambent.com\/es\/entrenamientos\/","name":"Entrenamientos - Lambent","isPartOf":{"@id":"https:\/\/www.lambent.com\/#website"},"primaryImageOfPage":{"@id":"https:\/\/www.lambent.com\/es\/entrenamientos\/#primaryimage"},"image":{"@id":"https:\/\/www.lambent.com\/es\/entrenamientos\/#primaryimage"},"thumbnailUrl":"http:\/\/www.lambent.com\/wp-content\/uploads\/2013\/03\/banner_trainings_esp.jpg","datePublished":"2013-03-06T08:33:21+00:00","dateModified":"2015-12-16T00:25:13+00:00","inLanguage":"es","potentialAction":[{"@type":"ReadAction","target":["https:\/\/www.lambent.com\/es\/entrenamientos\/"]}]},{"@type":"ImageObject","inLanguage":"es","@id":"https:\/\/www.lambent.com\/es\/entrenamientos\/#primaryimage","url":"http:\/\/www.lambent.com\/wp-content\/uploads\/2013\/03\/banner_trainings_esp.jpg","contentUrl":"http:\/\/www.lambent.com\/wp-content\/uploads\/2013\/03\/banner_trainings_esp.jpg"},{"@type":"WebSite","@id":"https:\/\/www.lambent.com\/#website","url":"https:\/\/www.lambent.com\/","name":"Lambent","description":"International Coaching Training","potentialAction":[{"@type":"SearchAction","target":{"@type":"EntryPoint","urlTemplate":"https:\/\/www.lambent.com\/?s={search_term_string}"},"query-input":{"@type":"PropertyValueSpecification","valueRequired":true,"valueName":"search_term_string"}}],"inLanguage":"es"}]}},"_links":{"self":[{"href":"https:\/\/www.lambent.com\/es\/wp-json\/wp\/v2\/pages\/2717\/"}],"collection":[{"href":"https:\/\/www.lambent.com\/es\/wp-json\/wp\/v2\/pages\/"}],"about":[{"href":"https:\/\/www.lambent.com\/es\/wp-json\/wp\/v2\/types\/page\/"}],"author":[{"embeddable":true,"href":"https:\/\/www.lambent.com\/es\/wp-json\/wp\/v2\/users\/1\/"}],"replies":[{"embeddable":true,"href":"https:\/\/www.lambent.com\/es\/wp-json\/wp\/v2\/comments\/?post=2717"}],"version-history":[{"count":11,"href":"https:\/\/www.lambent.com\/es\/wp-json\/wp\/v2\/pages\/2717\/revisions\/"}],"predecessor-version":[{"id":9523,"href":"https:\/\/www.lambent.com\/es\/wp-json\/wp\/v2\/pages\/2717\/revisions\/9523\/"}],"wp:attachment":[{"href":"https:\/\/www.lambent.com\/es\/wp-json\/wp\/v2\/media\/?parent=2717"}],"curies":[{"name":"wp","href":"https:\/\/api.w.org\/{rel}","templated":true}]}}